{"id":9740,"date":"2026-04-16T10:09:11","date_gmt":"2026-04-16T08:09:11","guid":{"rendered":"https:\/\/4lo.kielce.eu\/?page_id=9740"},"modified":"2026-04-16T14:03:48","modified_gmt":"2026-04-16T12:03:48","slug":"rewalidacja","status":"publish","type":"page","link":"https:\/\/4lo.kielce.eu\/index.php\/rewalidacja\/","title":{"rendered":"Rewalidacja"},"content":{"rendered":"\n<p class=\"has-text-align-center has-text-color has-link-color wp-elements-aae58f8fa65c3ce15a2f48866f8faa22\" style=\"color:#3907e3\"><strong>\u201eKa\u017cdy ma potencja\u0142 \u2013 trzeba tylko stworzy\u0107 warunki, by m\u00f3g\u0142 go rozwin\u0105\u0107.\u201d<\/strong><br>\u2014 Temple Grandin<\/p>\n\n\n<div class=\"wp-block-image\">\n<figure class=\"aligncenter size-full is-resized\"><img loading=\"lazy\" decoding=\"async\" width=\"1024\" height=\"682\" src=\"https:\/\/4lo.kielce.eu\/wp-content\/uploads\/2026\/04\/design-2808311_1280-1024x682-1.png\" alt=\"\" class=\"wp-image-9753\" style=\"width:577px;height:auto\" srcset=\"https:\/\/4lo.kielce.eu\/wp-content\/uploads\/2026\/04\/design-2808311_1280-1024x682-1.png 1024w, https:\/\/4lo.kielce.eu\/wp-content\/uploads\/2026\/04\/design-2808311_1280-1024x682-1-300x200.png 300w, https:\/\/4lo.kielce.eu\/wp-content\/uploads\/2026\/04\/design-2808311_1280-1024x682-1-768x512.png 768w\" sizes=\"auto, (max-width: 1024px) 100vw, 1024px\" \/><\/figure><\/div>\n\n\n<p>Zaj\u0119cia rewalidacyjne w naszym liceum stanowi\u0105 form\u0119 indywidualnego wsparcia uczni\u00f3w posiadaj\u0105cych orzeczenie o potrzebie kszta\u0142cenia specjalnego. Ich celem jest wspomaganie rozwoju ucznia, wyr\u00f3wnywanie szans edukacyjnych oraz wzmacnianie jego mocnych stron<\/p>\n\n\n\n<p>Podczas zaj\u0119\u0107 realizowane s\u0105 dzia\u0142ania dostosowane do indywidualnych potrzeb ucznia, w tym m.in.:<\/p>\n\n\n\n<ul class=\"wp-block-list\">\n<li>rozwijanie funkcji poznawczych (pami\u0119\u0107, koncentracja, my\u015blenie),<\/li>\n\n\n\n<li>doskonalenie umiej\u0119tno\u015bci szkolnych i organizacji pracy,<\/li>\n\n\n\n<li>wsparcie w zakresie komunikacji i umiej\u0119tno\u015bci spo\u0142ecznych,<\/li>\n\n\n\n<li>rozwijanie samodzielno\u015bci i pewno\u015bci siebie,<\/li>\n\n\n\n<li>kompensowanie trudno\u015bci wynikaj\u0105cych z niepe\u0142nosprawno\u015bci lub zaburze\u0144 rozwojowych.<\/li>\n<\/ul>\n\n\n\n<p>Zaj\u0119cia prowadzone s\u0105 w atmosferze bezpiecze\u0144stwa, akceptacji i zrozumienia. Ka\u017cdy ucze\u0144 otrzymuje wsparcie dostosowane do swoich mo\u017cliwo\u015bci i potrzeb.<\/p>\n\n\n\n<p>Naszym celem jest nie tylko pomoc w nauce, ale przede wszystkim wspieranie m\u0142odych ludzi w ich wszechstronnym rozwoju i przygotowanie ich do samodzielnego funkcjonowania.<\/p>\n\n\n\n<p><\/p>\n\n\n\n<p>Jolanta Kundera- nauczyciel wsp\u00f3\u0142organizuj\u0105cy proces kszta\u0142cenia i rewalidacji<\/p>\n\n\n\n<p class=\"has-vivid-green-cyan-color has-text-color has-link-color wp-elements-105ee918ca8e27582854302a9aee6403\">e-mail: jolanta_palusinska@4lo.kielce.eu<\/p>\n\n\n\n<p><strong>Harmonogram zaj\u0119\u0107:<\/strong><\/p>\n\n\n\n<p><\/p>\n\n\n\n<div class=\"wp-block-group is-nowrap is-layout-flex wp-container-core-group-is-layout-ad2f72ca wp-block-group-is-layout-flex\">\n<figure class=\"wp-block-table\"><table class=\"has-black-color has-pale-cyan-blue-background-color has-text-color has-background has-link-color has-fixed-layout\"><tbody><tr><td>Poniedzia\u0142ek<\/td><td>Wtorek<\/td><td>\u015aroda<\/td><td>Czwartek<\/td><td>Pi\u0105tek<\/td><\/tr><tr><td>10.35-16.15<\/td><td>7.40-15.20<\/td><td>8.20-14.30<\/td><td>8.30-15.15<\/td><td>11.30-15.10<\/td><\/tr><\/tbody><\/table><\/figure>\n<\/div>\n\n\n\n<p class=\"has-black-color has-text-color has-link-color wp-elements-7441f4d46fa3dd062799c63b5e3d629c\">Zaj\u0119cia odbywaj\u0105 si\u0119 w sali 7b.<\/p>\n\n\n\n<p class=\"has-black-color has-text-color has-link-color wp-elements-cda225da6591b2c7c8f4cca3ebd4ad7b\"><strong>Literatura o ASD (praktyczna i edukacyjna):<\/strong><\/p>\n\n\n\n<p><\/p>\n\n\n\n<div class=\"wp-block-group\"><div class=\"wp-block-group__inner-container is-layout-constrained wp-block-group-is-layout-constrained\">\n<div class=\"wp-block-group is-layout-grid wp-container-core-group-is-layout-9649a0d9 wp-block-group-is-layout-grid\">\n<figure class=\"wp-block-image size-full\"><img loading=\"lazy\" decoding=\"async\" width=\"239\" height=\"376\" src=\"https:\/\/4lo.kielce.eu\/wp-content\/uploads\/2026\/04\/pobrane-2.jpg\" alt=\"\" class=\"wp-image-9762\" srcset=\"https:\/\/4lo.kielce.eu\/wp-content\/uploads\/2026\/04\/pobrane-2.jpg 239w, https:\/\/4lo.kielce.eu\/wp-content\/uploads\/2026\/04\/pobrane-2-191x300.jpg 191w\" sizes=\"auto, (max-width: 239px) 100vw, 239px\" \/><\/figure>\n\n\n\n<figure class=\"wp-block-image size-full is-resized wp-container-content-69bc4bdf\"><img loading=\"lazy\" decoding=\"async\" width=\"450\" height=\"670\" src=\"https:\/\/4lo.kielce.eu\/wp-content\/uploads\/2026\/04\/2653_3972f9f9176c8658f17c9722d0895009_detail-2.jpg\" alt=\"\" class=\"wp-image-9761\" style=\"width:247px;height:auto\" srcset=\"https:\/\/4lo.kielce.eu\/wp-content\/uploads\/2026\/04\/2653_3972f9f9176c8658f17c9722d0895009_detail-2.jpg 450w, https:\/\/4lo.kielce.eu\/wp-content\/uploads\/2026\/04\/2653_3972f9f9176c8658f17c9722d0895009_detail-2-201x300.jpg 201w\" sizes=\"auto, (max-width: 450px) 100vw, 450px\" \/><\/figure>\n\n\n\n<div class=\"wp-block-columns is-layout-flex wp-container-core-columns-is-layout-9d6595d7 wp-block-columns-is-layout-flex\">\n<div class=\"wp-block-column is-layout-flow wp-block-column-is-layout-flow\"><\/div>\n\n\n\n<div class=\"wp-block-column is-layout-flow wp-block-column-is-layout-flow\"><\/div>\n<\/div>\n<\/div>\n<\/div><\/div>\n\n\n\n<p><\/p>\n","protected":false},"excerpt":{"rendered":"<p>\u201eKa\u017cdy ma potencja\u0142 \u2013 trzeba tylko stworzy\u0107 warunki, by m\u00f3g\u0142 go rozwin\u0105\u0107.\u201d\u2014 Temple Grandin Zaj\u0119cia rewalidacyjne w naszym liceum stanowi\u0105 form\u0119 indywidualnego wsparcia uczni\u00f3w posiadaj\u0105cych orzeczenie o potrzebie kszta\u0142cenia specjalnego&#8230;. <\/p>\n","protected":false},"author":43,"featured_media":0,"parent":0,"menu_order":0,"comment_status":"closed","ping_status":"closed","template":"","meta":{"footnotes":""},"class_list":["post-9740","page","type-page","status-publish","hentry"],"_links":{"self":[{"href":"https:\/\/4lo.kielce.eu\/index.php\/wp-json\/wp\/v2\/pages\/9740","targetHints":{"allow":["GET"]}}],"collection":[{"href":"https:\/\/4lo.kielce.eu\/index.php\/wp-json\/wp\/v2\/pages"}],"about":[{"href":"https:\/\/4lo.kielce.eu\/index.php\/wp-json\/wp\/v2\/types\/page"}],"author":[{"embeddable":true,"href":"https:\/\/4lo.kielce.eu\/index.php\/wp-json\/wp\/v2\/users\/43"}],"replies":[{"embeddable":true,"href":"https:\/\/4lo.kielce.eu\/index.php\/wp-json\/wp\/v2\/comments?post=9740"}],"version-history":[{"count":11,"href":"https:\/\/4lo.kielce.eu\/index.php\/wp-json\/wp\/v2\/pages\/9740\/revisions"}],"predecessor-version":[{"id":9768,"href":"https:\/\/4lo.kielce.eu\/index.php\/wp-json\/wp\/v2\/pages\/9740\/revisions\/9768"}],"wp:attachment":[{"href":"https:\/\/4lo.kielce.eu\/index.php\/wp-json\/wp\/v2\/media?parent=9740"}],"curies":[{"name":"wp","href":"https:\/\/api.w.org\/{rel}","templated":true}]}}