{"id":903,"date":"2020-02-27T21:51:03","date_gmt":"2020-02-27T20:51:03","guid":{"rendered":"http:\/\/4lo.kielce.eu\/?page_id=903"},"modified":"2021-12-24T00:14:10","modified_gmt":"2021-12-23T23:14:10","slug":"teatr-groppe","status":"publish","type":"page","link":"https:\/\/4lo.kielce.eu\/index.php\/teatr-groppe\/","title":{"rendered":"Teatr GROPPE"},"content":{"rendered":"\n<p class=\"has-text-align-center has-medium-font-size\"><strong>Grupa teatralna GroPe, reprezentowana przez profesor\u00f3w i uczni\u00f3w IV Liceum Og\u00f3lnokszta\u0142c\u0105cego w Kielcach, powsta\u0142a w 2013 roku z inicjatywy prof. Jadwigi Kuchinki, kt\u00f3ra jest re\u017cyserem 3 przedstawie\u0144 teatralnych. S\u0105 to \u201eDamy i huzary\u201d, \u201eKlub kawaler\u00f3w\u201d oraz \u201eNext \u2013 ex\u201d.<\/strong><\/p>\n\n\n\n<div class=\"wp-block-image has-text-align-center\"><figure class=\"aligncenter size-full\"><img loading=\"lazy\" decoding=\"async\" width=\"467\" height=\"312\" src=\"http:\/\/4lo.kielce.eu\/wp-content\/uploads\/2021\/12\/d19.jpg\" alt=\"\" class=\"wp-image-3054\" srcset=\"https:\/\/4lo.kielce.eu\/wp-content\/uploads\/2021\/12\/d19.jpg 467w, https:\/\/4lo.kielce.eu\/wp-content\/uploads\/2021\/12\/d19-300x200.jpg 300w\" sizes=\"auto, (max-width: 467px) 100vw, 467px\" \/><\/figure><\/div>\n\n\n\n<div id=\"has-text-align-center\" class=\"wp-block-image has-text-align-center\"><figure class=\"aligncenter size-full\"><img loading=\"lazy\" decoding=\"async\" width=\"964\" height=\"212\" src=\"http:\/\/4lo.kielce.eu\/wp-content\/uploads\/2021\/12\/d1.jpg\" alt=\"\" class=\"wp-image-3055\" srcset=\"https:\/\/4lo.kielce.eu\/wp-content\/uploads\/2021\/12\/d1.jpg 964w, https:\/\/4lo.kielce.eu\/wp-content\/uploads\/2021\/12\/d1-300x66.jpg 300w, https:\/\/4lo.kielce.eu\/wp-content\/uploads\/2021\/12\/d1-768x169.jpg 768w\" sizes=\"auto, (max-width: 964px) 100vw, 964px\" \/><\/figure><\/div>\n\n\n\n<div class=\"wp-block-image has-text-align-center\"><figure class=\"aligncenter size-large is-resized\"><img loading=\"lazy\" decoding=\"async\" src=\"http:\/\/4lo.kielce.eu\/wp-content\/uploads\/2021\/12\/d4-1024x513.jpg\" alt=\"\" class=\"wp-image-3056\" width=\"589\" height=\"294\" srcset=\"https:\/\/4lo.kielce.eu\/wp-content\/uploads\/2021\/12\/d4-1024x513.jpg 1024w, https:\/\/4lo.kielce.eu\/wp-content\/uploads\/2021\/12\/d4-300x150.jpg 300w, https:\/\/4lo.kielce.eu\/wp-content\/uploads\/2021\/12\/d4-768x385.jpg 768w, https:\/\/4lo.kielce.eu\/wp-content\/uploads\/2021\/12\/d4.jpg 1032w\" sizes=\"auto, (max-width: 589px) 100vw, 589px\" \/><\/figure><\/div>\n\n\n\n<div class=\"wp-block-image has-text-align-center\"><figure class=\"aligncenter size-full is-resized\"><img loading=\"lazy\" decoding=\"async\" src=\"http:\/\/4lo.kielce.eu\/wp-content\/uploads\/2021\/12\/d8.jpg\" alt=\"\" class=\"wp-image-3057\" width=\"571\" height=\"382\" srcset=\"https:\/\/4lo.kielce.eu\/wp-content\/uploads\/2021\/12\/d8.jpg 523w, https:\/\/4lo.kielce.eu\/wp-content\/uploads\/2021\/12\/d8-300x201.jpg 300w\" sizes=\"auto, (max-width: 571px) 100vw, 571px\" \/><\/figure><\/div>\n\n\n\n<div class=\"wp-block-image has-text-align-center\"><figure class=\"aligncenter size-full is-resized\"><img loading=\"lazy\" decoding=\"async\" src=\"http:\/\/4lo.kielce.eu\/wp-content\/uploads\/2021\/12\/d7.jpg\" alt=\"\" class=\"wp-image-3058\" width=\"552\" height=\"689\" srcset=\"https:\/\/4lo.kielce.eu\/wp-content\/uploads\/2021\/12\/d7.jpg 552w, https:\/\/4lo.kielce.eu\/wp-content\/uploads\/2021\/12\/d7-240x300.jpg 240w\" sizes=\"auto, (max-width: 552px) 100vw, 552px\" \/><\/figure><\/div>\n\n\n\n<div class=\"wp-block-columns is-layout-flex wp-container-core-columns-is-layout-9d6595d7 wp-block-columns-is-layout-flex\">\n<div class=\"wp-block-column is-layout-flow wp-block-column-is-layout-flow\">\n<figure class=\"wp-block-image size-full\"><img loading=\"lazy\" decoding=\"async\" width=\"485\" height=\"324\" src=\"http:\/\/4lo.kielce.eu\/wp-content\/uploads\/2021\/12\/d16.jpg\" alt=\"\" class=\"wp-image-3080\" srcset=\"https:\/\/4lo.kielce.eu\/wp-content\/uploads\/2021\/12\/d16.jpg 485w, https:\/\/4lo.kielce.eu\/wp-content\/uploads\/2021\/12\/d16-300x200.jpg 300w\" sizes=\"auto, (max-width: 485px) 100vw, 485px\" \/><\/figure>\n\n\n\n<figure class=\"wp-block-image size-full\"><img loading=\"lazy\" decoding=\"async\" width=\"486\" height=\"325\" src=\"http:\/\/4lo.kielce.eu\/wp-content\/uploads\/2021\/12\/d12.jpg\" alt=\"\" class=\"wp-image-3084\" srcset=\"https:\/\/4lo.kielce.eu\/wp-content\/uploads\/2021\/12\/d12.jpg 486w, https:\/\/4lo.kielce.eu\/wp-content\/uploads\/2021\/12\/d12-300x201.jpg 300w\" sizes=\"auto, (max-width: 486px) 100vw, 486px\" \/><\/figure>\n<\/div>\n\n\n\n<div class=\"wp-block-column is-layout-flow wp-block-column-is-layout-flow\">\n<figure class=\"wp-block-image size-full\"><img loading=\"lazy\" decoding=\"async\" width=\"504\" height=\"337\" src=\"http:\/\/4lo.kielce.eu\/wp-content\/uploads\/2021\/12\/d15.jpg\" alt=\"\" class=\"wp-image-3081\" srcset=\"https:\/\/4lo.kielce.eu\/wp-content\/uploads\/2021\/12\/d15.jpg 504w, https:\/\/4lo.kielce.eu\/wp-content\/uploads\/2021\/12\/d15-300x201.jpg 300w\" sizes=\"auto, (max-width: 504px) 100vw, 504px\" \/><\/figure>\n\n\n\n<figure class=\"wp-block-image size-full\"><img loading=\"lazy\" decoding=\"async\" width=\"428\" height=\"286\" src=\"http:\/\/4lo.kielce.eu\/wp-content\/uploads\/2021\/12\/d21.jpg\" alt=\"\" class=\"wp-image-3085\" srcset=\"https:\/\/4lo.kielce.eu\/wp-content\/uploads\/2021\/12\/d21.jpg 428w, https:\/\/4lo.kielce.eu\/wp-content\/uploads\/2021\/12\/d21-300x200.jpg 300w\" sizes=\"auto, (max-width: 428px) 100vw, 428px\" \/><\/figure>\n<\/div>\n<\/div>\n\n\n\n<div class=\"wp-block-columns is-layout-flex wp-container-core-columns-is-layout-9d6595d7 wp-block-columns-is-layout-flex\">\n<div class=\"wp-block-column is-layout-flow wp-block-column-is-layout-flow\">\n<div class=\"wp-block-image\"><figure class=\"aligncenter size-full is-resized\"><img loading=\"lazy\" decoding=\"async\" src=\"http:\/\/4lo.kielce.eu\/wp-content\/uploads\/2021\/12\/d18.jpg\" alt=\"\" class=\"wp-image-3086\" width=\"260\" height=\"317\" srcset=\"https:\/\/4lo.kielce.eu\/wp-content\/uploads\/2021\/12\/d18.jpg 284w, https:\/\/4lo.kielce.eu\/wp-content\/uploads\/2021\/12\/d18-246x300.jpg 246w\" sizes=\"auto, (max-width: 260px) 100vw, 260px\" \/><\/figure><\/div>\n<\/div>\n\n\n\n<div class=\"wp-block-column is-layout-flow wp-block-column-is-layout-flow\">\n<figure class=\"wp-block-image size-full\"><img loading=\"lazy\" decoding=\"async\" width=\"434\" height=\"346\" src=\"http:\/\/4lo.kielce.eu\/wp-content\/uploads\/2021\/12\/d20.jpg\" alt=\"\" class=\"wp-image-3082\" srcset=\"https:\/\/4lo.kielce.eu\/wp-content\/uploads\/2021\/12\/d20.jpg 434w, https:\/\/4lo.kielce.eu\/wp-content\/uploads\/2021\/12\/d20-300x239.jpg 300w\" sizes=\"auto, (max-width: 434px) 100vw, 434px\" \/><\/figure>\n<\/div>\n<\/div>\n\n\n\n<figure class=\"wp-block-image size-large has-text-align-center\"><img loading=\"lazy\" decoding=\"async\" width=\"1024\" height=\"189\" src=\"http:\/\/4lo.kielce.eu\/wp-content\/uploads\/2021\/12\/k1-1024x189.jpg\" alt=\"\" class=\"wp-image-3065\" srcset=\"https:\/\/4lo.kielce.eu\/wp-content\/uploads\/2021\/12\/k1-1024x189.jpg 1024w, https:\/\/4lo.kielce.eu\/wp-content\/uploads\/2021\/12\/k1-300x55.jpg 300w, https:\/\/4lo.kielce.eu\/wp-content\/uploads\/2021\/12\/k1-768x141.jpg 768w, https:\/\/4lo.kielce.eu\/wp-content\/uploads\/2021\/12\/k1.jpg 1037w\" sizes=\"auto, (max-width: 1024px) 100vw, 1024px\" \/><\/figure>\n\n\n\n<figure class=\"wp-block-image size-full is-resized has-text-align-center\"><img loading=\"lazy\" decoding=\"async\" src=\"http:\/\/4lo.kielce.eu\/wp-content\/uploads\/2021\/12\/k6.jpg\" alt=\"\" class=\"wp-image-3067\" width=\"586\" height=\"352\" srcset=\"https:\/\/4lo.kielce.eu\/wp-content\/uploads\/2021\/12\/k6.jpg 821w, https:\/\/4lo.kielce.eu\/wp-content\/uploads\/2021\/12\/k6-300x180.jpg 300w, https:\/\/4lo.kielce.eu\/wp-content\/uploads\/2021\/12\/k6-768x461.jpg 768w\" sizes=\"auto, (max-width: 586px) 100vw, 586px\" \/><\/figure>\n\n\n\n<figure class=\"wp-block-image size-full is-resized has-text-align-center\"><img loading=\"lazy\" decoding=\"async\" src=\"http:\/\/4lo.kielce.eu\/wp-content\/uploads\/2021\/12\/k17.jpg\" alt=\"\" class=\"wp-image-3069\" width=\"600\" height=\"351\" srcset=\"https:\/\/4lo.kielce.eu\/wp-content\/uploads\/2021\/12\/k17.jpg 485w, https:\/\/4lo.kielce.eu\/wp-content\/uploads\/2021\/12\/k17-300x175.jpg 300w\" sizes=\"auto, (max-width: 600px) 100vw, 600px\" \/><\/figure>\n\n\n\n<figure class=\"wp-block-image size-full has-text-align-center\"><img loading=\"lazy\" decoding=\"async\" width=\"615\" height=\"730\" src=\"http:\/\/4lo.kielce.eu\/wp-content\/uploads\/2021\/12\/k7.jpg\" alt=\"\" class=\"wp-image-3071\" srcset=\"https:\/\/4lo.kielce.eu\/wp-content\/uploads\/2021\/12\/k7.jpg 615w, https:\/\/4lo.kielce.eu\/wp-content\/uploads\/2021\/12\/k7-253x300.jpg 253w\" sizes=\"auto, (max-width: 615px) 100vw, 615px\" \/><\/figure>\n\n\n\n<div class=\"wp-block-columns is-layout-flex wp-container-core-columns-is-layout-9d6595d7 wp-block-columns-is-layout-flex\">\n<div class=\"wp-block-column is-layout-flow wp-block-column-is-layout-flow\">\n<figure class=\"wp-block-image size-full\"><img loading=\"lazy\" decoding=\"async\" width=\"390\" height=\"260\" src=\"http:\/\/4lo.kielce.eu\/wp-content\/uploads\/2021\/12\/k9.jpg\" alt=\"\" class=\"wp-image-3089\" srcset=\"https:\/\/4lo.kielce.eu\/wp-content\/uploads\/2021\/12\/k9.jpg 390w, https:\/\/4lo.kielce.eu\/wp-content\/uploads\/2021\/12\/k9-300x200.jpg 300w\" sizes=\"auto, (max-width: 390px) 100vw, 390px\" \/><\/figure>\n<\/div>\n\n\n\n<div class=\"wp-block-column is-layout-flow wp-block-column-is-layout-flow\">\n<figure class=\"wp-block-image size-full\"><img loading=\"lazy\" decoding=\"async\" width=\"390\" height=\"260\" src=\"http:\/\/4lo.kielce.eu\/wp-content\/uploads\/2021\/12\/k10.jpg\" alt=\"\" class=\"wp-image-3090\" srcset=\"https:\/\/4lo.kielce.eu\/wp-content\/uploads\/2021\/12\/k10.jpg 390w, https:\/\/4lo.kielce.eu\/wp-content\/uploads\/2021\/12\/k10-300x200.jpg 300w\" sizes=\"auto, (max-width: 390px) 100vw, 390px\" \/><\/figure>\n<\/div>\n<\/div>\n\n\n\n<div class=\"wp-block-columns is-layout-flex wp-container-core-columns-is-layout-9d6595d7 wp-block-columns-is-layout-flex\">\n<div class=\"wp-block-column is-layout-flow wp-block-column-is-layout-flow\">\n<figure class=\"wp-block-image size-full\"><img loading=\"lazy\" decoding=\"async\" width=\"390\" height=\"260\" src=\"http:\/\/4lo.kielce.eu\/wp-content\/uploads\/2021\/12\/k14.jpg\" alt=\"\" class=\"wp-image-3091\" srcset=\"https:\/\/4lo.kielce.eu\/wp-content\/uploads\/2021\/12\/k14.jpg 390w, https:\/\/4lo.kielce.eu\/wp-content\/uploads\/2021\/12\/k14-300x200.jpg 300w\" sizes=\"auto, (max-width: 390px) 100vw, 390px\" \/><\/figure>\n<\/div>\n\n\n\n<div class=\"wp-block-column is-layout-flow wp-block-column-is-layout-flow\">\n<figure class=\"wp-block-image size-full\"><img loading=\"lazy\" decoding=\"async\" width=\"390\" height=\"260\" src=\"http:\/\/4lo.kielce.eu\/wp-content\/uploads\/2021\/12\/k15.jpg\" alt=\"\" class=\"wp-image-3092\" srcset=\"https:\/\/4lo.kielce.eu\/wp-content\/uploads\/2021\/12\/k15.jpg 390w, https:\/\/4lo.kielce.eu\/wp-content\/uploads\/2021\/12\/k15-300x200.jpg 300w\" sizes=\"auto, (max-width: 390px) 100vw, 390px\" \/><\/figure>\n<\/div>\n<\/div>\n\n\n\n<div class=\"wp-block-columns is-layout-flex wp-container-core-columns-is-layout-9d6595d7 wp-block-columns-is-layout-flex\">\n<div class=\"wp-block-column is-layout-flow wp-block-column-is-layout-flow\">\n<figure class=\"wp-block-image size-full\"><img loading=\"lazy\" decoding=\"async\" width=\"416\" height=\"295\" src=\"http:\/\/4lo.kielce.eu\/wp-content\/uploads\/2021\/12\/k18.jpg\" alt=\"\" class=\"wp-image-3093\" srcset=\"https:\/\/4lo.kielce.eu\/wp-content\/uploads\/2021\/12\/k18.jpg 416w, https:\/\/4lo.kielce.eu\/wp-content\/uploads\/2021\/12\/k18-300x213.jpg 300w\" sizes=\"auto, (max-width: 416px) 100vw, 416px\" \/><\/figure>\n<\/div>\n\n\n\n<div class=\"wp-block-column is-layout-flow wp-block-column-is-layout-flow\">\n<figure class=\"wp-block-image size-full\"><img loading=\"lazy\" decoding=\"async\" width=\"390\" height=\"260\" src=\"http:\/\/4lo.kielce.eu\/wp-content\/uploads\/2021\/12\/k13.jpg\" alt=\"\" class=\"wp-image-3096\" srcset=\"https:\/\/4lo.kielce.eu\/wp-content\/uploads\/2021\/12\/k13.jpg 390w, https:\/\/4lo.kielce.eu\/wp-content\/uploads\/2021\/12\/k13-300x200.jpg 300w\" sizes=\"auto, (max-width: 390px) 100vw, 390px\" \/><\/figure>\n<\/div>\n<\/div>\n\n\n\n<figure class=\"wp-block-image size-full has-text-align-center\"><img loading=\"lazy\" decoding=\"async\" width=\"623\" height=\"173\" src=\"http:\/\/4lo.kielce.eu\/wp-content\/uploads\/2021\/12\/n1.jpg\" alt=\"\" class=\"wp-image-3073\" srcset=\"https:\/\/4lo.kielce.eu\/wp-content\/uploads\/2021\/12\/n1.jpg 623w, https:\/\/4lo.kielce.eu\/wp-content\/uploads\/2021\/12\/n1-300x83.jpg 300w\" sizes=\"auto, (max-width: 623px) 100vw, 623px\" \/><\/figure>\n\n\n\n<figure class=\"wp-block-image size-full is-resized has-text-align-center\"><img loading=\"lazy\" decoding=\"async\" src=\"http:\/\/4lo.kielce.eu\/wp-content\/uploads\/2021\/12\/n2.jpg\" alt=\"\" class=\"wp-image-3074\" width=\"581\" height=\"275\" srcset=\"https:\/\/4lo.kielce.eu\/wp-content\/uploads\/2021\/12\/n2.jpg 737w, https:\/\/4lo.kielce.eu\/wp-content\/uploads\/2021\/12\/n2-300x142.jpg 300w\" sizes=\"auto, (max-width: 581px) 100vw, 581px\" \/><\/figure>\n\n\n\n<figure class=\"wp-block-image size-full is-resized has-text-align-center\"><img loading=\"lazy\" decoding=\"async\" src=\"http:\/\/4lo.kielce.eu\/wp-content\/uploads\/2021\/12\/n27.jpg\" alt=\"\" class=\"wp-image-3075\" width=\"593\" height=\"461\" srcset=\"https:\/\/4lo.kielce.eu\/wp-content\/uploads\/2021\/12\/n27.jpg 485w, https:\/\/4lo.kielce.eu\/wp-content\/uploads\/2021\/12\/n27-300x233.jpg 300w\" sizes=\"auto, (max-width: 593px) 100vw, 593px\" \/><\/figure>\n\n\n\n<figure class=\"wp-block-image size-full has-text-align-center\"><img loading=\"lazy\" decoding=\"async\" width=\"609\" height=\"443\" src=\"http:\/\/4lo.kielce.eu\/wp-content\/uploads\/2021\/12\/n21.jpg\" alt=\"\" class=\"wp-image-3076\" srcset=\"https:\/\/4lo.kielce.eu\/wp-content\/uploads\/2021\/12\/n21.jpg 609w, https:\/\/4lo.kielce.eu\/wp-content\/uploads\/2021\/12\/n21-300x218.jpg 300w\" sizes=\"auto, (max-width: 609px) 100vw, 609px\" \/><\/figure>\n\n\n\n<div class=\"wp-block-columns is-layout-flex wp-container-core-columns-is-layout-9d6595d7 wp-block-columns-is-layout-flex\">\n<div class=\"wp-block-column is-layout-flow wp-block-column-is-layout-flow\">\n<figure class=\"wp-block-image size-full\"><img loading=\"lazy\" decoding=\"async\" width=\"384\" height=\"256\" src=\"http:\/\/4lo.kielce.eu\/wp-content\/uploads\/2021\/12\/n16.jpg\" alt=\"\" class=\"wp-image-3097\" srcset=\"https:\/\/4lo.kielce.eu\/wp-content\/uploads\/2021\/12\/n16.jpg 384w, https:\/\/4lo.kielce.eu\/wp-content\/uploads\/2021\/12\/n16-300x200.jpg 300w\" sizes=\"auto, (max-width: 384px) 100vw, 384px\" \/><\/figure>\n<\/div>\n\n\n\n<div class=\"wp-block-column is-layout-flow wp-block-column-is-layout-flow\">\n<figure class=\"wp-block-image size-full\"><img loading=\"lazy\" decoding=\"async\" width=\"384\" height=\"256\" src=\"http:\/\/4lo.kielce.eu\/wp-content\/uploads\/2021\/12\/n12.jpg\" alt=\"\" class=\"wp-image-3098\" srcset=\"https:\/\/4lo.kielce.eu\/wp-content\/uploads\/2021\/12\/n12.jpg 384w, https:\/\/4lo.kielce.eu\/wp-content\/uploads\/2021\/12\/n12-300x200.jpg 300w\" sizes=\"auto, (max-width: 384px) 100vw, 384px\" \/><\/figure>\n<\/div>\n<\/div>\n\n\n\n<div class=\"wp-block-columns is-layout-flex wp-container-core-columns-is-layout-9d6595d7 wp-block-columns-is-layout-flex\">\n<div class=\"wp-block-column is-layout-flow wp-block-column-is-layout-flow\">\n<figure class=\"wp-block-image size-full\"><img loading=\"lazy\" decoding=\"async\" width=\"384\" height=\"256\" src=\"http:\/\/4lo.kielce.eu\/wp-content\/uploads\/2021\/12\/n10.jpg\" alt=\"\" class=\"wp-image-3099\" srcset=\"https:\/\/4lo.kielce.eu\/wp-content\/uploads\/2021\/12\/n10.jpg 384w, https:\/\/4lo.kielce.eu\/wp-content\/uploads\/2021\/12\/n10-300x200.jpg 300w\" sizes=\"auto, (max-width: 384px) 100vw, 384px\" \/><\/figure>\n<\/div>\n\n\n\n<div class=\"wp-block-column is-layout-flow wp-block-column-is-layout-flow\">\n<figure class=\"wp-block-image size-full\"><img loading=\"lazy\" decoding=\"async\" width=\"384\" height=\"256\" src=\"http:\/\/4lo.kielce.eu\/wp-content\/uploads\/2021\/12\/n11.jpg\" alt=\"\" class=\"wp-image-3100\" srcset=\"https:\/\/4lo.kielce.eu\/wp-content\/uploads\/2021\/12\/n11.jpg 384w, https:\/\/4lo.kielce.eu\/wp-content\/uploads\/2021\/12\/n11-300x200.jpg 300w\" sizes=\"auto, (max-width: 384px) 100vw, 384px\" \/><\/figure>\n<\/div>\n<\/div>\n\n\n\n<p><\/p>\n","protected":false},"excerpt":{"rendered":"<p>Grupa teatralna GroPe, reprezentowana przez profesor\u00f3w i uczni\u00f3w IV Liceum Og\u00f3lnokszta\u0142c\u0105cego w Kielcach, powsta\u0142a w 2013 roku z inicjatywy prof. Jadwigi Kuchinki, kt\u00f3ra jest re\u017cyserem 3 przedstawie\u0144 teatralnych. S\u0105 to&#8230; <\/p>\n","protected":false},"author":1,"featured_media":0,"parent":0,"menu_order":0,"comment_status":"closed","ping_status":"closed","template":"","meta":{"footnotes":""},"class_list":["post-903","page","type-page","status-publish","hentry"],"_links":{"self":[{"href":"https:\/\/4lo.kielce.eu\/index.php\/wp-json\/wp\/v2\/pages\/903","targetHints":{"allow":["GET"]}}],"collection":[{"href":"https:\/\/4lo.kielce.eu\/index.php\/wp-json\/wp\/v2\/pages"}],"about":[{"href":"https:\/\/4lo.kielce.eu\/index.php\/wp-json\/wp\/v2\/types\/page"}],"author":[{"embeddable":true,"href":"https:\/\/4lo.kielce.eu\/index.php\/wp-json\/wp\/v2\/users\/1"}],"replies":[{"embeddable":true,"href":"https:\/\/4lo.kielce.eu\/index.php\/wp-json\/wp\/v2\/comments?post=903"}],"version-history":[{"count":15,"href":"https:\/\/4lo.kielce.eu\/index.php\/wp-json\/wp\/v2\/pages\/903\/revisions"}],"predecessor-version":[{"id":3102,"href":"https:\/\/4lo.kielce.eu\/index.php\/wp-json\/wp\/v2\/pages\/903\/revisions\/3102"}],"wp:attachment":[{"href":"https:\/\/4lo.kielce.eu\/index.php\/wp-json\/wp\/v2\/media?parent=903"}],"curies":[{"name":"wp","href":"https:\/\/api.w.org\/{rel}","templated":true}]}}