{"id":897,"date":"2020-02-27T21:49:02","date_gmt":"2020-02-27T20:49:02","guid":{"rendered":"http:\/\/4lo.kielce.eu\/?page_id=897"},"modified":"2025-02-24T22:56:06","modified_gmt":"2025-02-24T21:56:06","slug":"wolontariat","status":"publish","type":"page","link":"https:\/\/4lo.kielce.eu\/index.php\/wolontariat\/","title":{"rendered":"Wolontariat"},"content":{"rendered":"\n<p class=\"has-text-align-center has-x-large-font-size\"><strong>WO\u015aP<\/strong><\/p>\n\n\n\n<p class=\"has-text-align-center\">Co roku w styczniu gramy z Wielk\u0105 Orkiestr\u0105 \u015awi\u0105tecznej Pomocy. Od wielu lat Szkolny Sztab WO\u015aP gromadzi ok. 100 wolontariuszy, kt\u00f3rzy do puszek WO\u015aP zbieraj\u0105 pieni\u0105dze przeznaczone m. in. na zakup nowoczesnej aparatury do polskich szpitali. W sztabie panuje zawsze radosna atmosfera, mo\u017cna rozgrza\u0107 si\u0119 gor\u0105c\u0105 herbat\u0105 i przek\u0105si\u0107 s\u0142odkie \u201cco-nieco\u201d przygotowane przez nauczycieli dla wolontariuszy.<\/p>\n\n\n\n<div class=\"wp-block-columns is-layout-flex wp-container-core-columns-is-layout-9d6595d7 wp-block-columns-is-layout-flex\">\n<div class=\"wp-block-column is-layout-flow wp-block-column-is-layout-flow\">\n<figure class=\"wp-block-image size-large\"><img loading=\"lazy\" decoding=\"async\" width=\"768\" height=\"1024\" src=\"https:\/\/4lo.kielce.eu\/wp-content\/uploads\/2025\/02\/33-Final-WOSP-3-768x1024.jpg\" alt=\"\" class=\"wp-image-7994\" srcset=\"https:\/\/4lo.kielce.eu\/wp-content\/uploads\/2025\/02\/33-Final-WOSP-3-768x1024.jpg 768w, https:\/\/4lo.kielce.eu\/wp-content\/uploads\/2025\/02\/33-Final-WOSP-3-225x300.jpg 225w, https:\/\/4lo.kielce.eu\/wp-content\/uploads\/2025\/02\/33-Final-WOSP-3-1152x1536.jpg 1152w, https:\/\/4lo.kielce.eu\/wp-content\/uploads\/2025\/02\/33-Final-WOSP-3.jpg 1536w\" sizes=\"auto, (max-width: 768px) 100vw, 768px\" \/><\/figure>\n<\/div>\n\n\n\n<div class=\"wp-block-column is-layout-flow wp-block-column-is-layout-flow\">\n<figure class=\"wp-block-image size-large\"><img loading=\"lazy\" decoding=\"async\" width=\"768\" height=\"1024\" src=\"https:\/\/4lo.kielce.eu\/wp-content\/uploads\/2025\/02\/33-Final-WOSP-1-768x1024.jpg\" alt=\"\" class=\"wp-image-7995\" srcset=\"https:\/\/4lo.kielce.eu\/wp-content\/uploads\/2025\/02\/33-Final-WOSP-1-768x1024.jpg 768w, https:\/\/4lo.kielce.eu\/wp-content\/uploads\/2025\/02\/33-Final-WOSP-1-225x300.jpg 225w, https:\/\/4lo.kielce.eu\/wp-content\/uploads\/2025\/02\/33-Final-WOSP-1-1152x1536.jpg 1152w, https:\/\/4lo.kielce.eu\/wp-content\/uploads\/2025\/02\/33-Final-WOSP-1.jpg 1536w\" sizes=\"auto, (max-width: 768px) 100vw, 768px\" \/><\/figure>\n<\/div>\n\n\n\n<div class=\"wp-block-column is-layout-flow wp-block-column-is-layout-flow\">\n<figure class=\"wp-block-image size-large\"><img loading=\"lazy\" decoding=\"async\" width=\"768\" height=\"1024\" src=\"https:\/\/4lo.kielce.eu\/wp-content\/uploads\/2025\/02\/33-Final-WOSP-2-768x1024.jpg\" alt=\"\" class=\"wp-image-7996\" srcset=\"https:\/\/4lo.kielce.eu\/wp-content\/uploads\/2025\/02\/33-Final-WOSP-2-768x1024.jpg 768w, https:\/\/4lo.kielce.eu\/wp-content\/uploads\/2025\/02\/33-Final-WOSP-2-225x300.jpg 225w, https:\/\/4lo.kielce.eu\/wp-content\/uploads\/2025\/02\/33-Final-WOSP-2-1152x1536.jpg 1152w, https:\/\/4lo.kielce.eu\/wp-content\/uploads\/2025\/02\/33-Final-WOSP-2.jpg 1536w\" sizes=\"auto, (max-width: 768px) 100vw, 768px\" \/><\/figure>\n<\/div>\n<\/div>\n\n\n\n<div class=\"wp-block-columns is-layout-flex wp-container-core-columns-is-layout-9d6595d7 wp-block-columns-is-layout-flex\">\n<div class=\"wp-block-column is-layout-flow wp-block-column-is-layout-flow\" style=\"flex-basis:100%\">\n<figure class=\"wp-block-image size-large\"><img loading=\"lazy\" decoding=\"async\" width=\"1024\" height=\"1024\" src=\"https:\/\/4lo.kielce.eu\/wp-content\/uploads\/2025\/02\/33-Final-WOSP-4-1-1024x1024.jpg\" alt=\"\" class=\"wp-image-7998\" srcset=\"https:\/\/4lo.kielce.eu\/wp-content\/uploads\/2025\/02\/33-Final-WOSP-4-1-1024x1024.jpg 1024w, https:\/\/4lo.kielce.eu\/wp-content\/uploads\/2025\/02\/33-Final-WOSP-4-1-300x300.jpg 300w, https:\/\/4lo.kielce.eu\/wp-content\/uploads\/2025\/02\/33-Final-WOSP-4-1-150x150.jpg 150w, https:\/\/4lo.kielce.eu\/wp-content\/uploads\/2025\/02\/33-Final-WOSP-4-1-768x768.jpg 768w, https:\/\/4lo.kielce.eu\/wp-content\/uploads\/2025\/02\/33-Final-WOSP-4-1.jpg 1440w\" sizes=\"auto, (max-width: 1024px) 100vw, 1024px\" \/><\/figure>\n<\/div>\n<\/div>\n\n\n\n<h1 class=\"wp-block-heading has-text-align-center has-large-font-size\">DZIE\u0143 PLUSZOWEGO MISIA <br>dla dzieci z Oddzia\u0142u Onkologicznego<\/h1>\n\n\n\n<p class=\"has-text-align-center\">Akcja&nbsp;Dzie\u0144 Pluszowego Misia jest organizowana przez Fundacj\u0119 \u201cMam Marzenie\u201d. Zebrane zabawki oraz gry, kolorowanki i puzzle zakupione dzi\u0119ki wsparciu Grona Pedagogicznego zosta\u0142y przekazane dla dzieci ze Szpitala w Kielcach. &nbsp;<\/p>\n\n\n\n<div class=\"wp-block-columns is-layout-flex wp-container-core-columns-is-layout-9d6595d7 wp-block-columns-is-layout-flex\">\n<div class=\"wp-block-column is-layout-flow wp-block-column-is-layout-flow\">\n<figure class=\"wp-block-image size-large\"><img loading=\"lazy\" decoding=\"async\" width=\"768\" height=\"1024\" src=\"https:\/\/4lo.kielce.eu\/wp-content\/uploads\/2025\/02\/Dzien-Pluszowego-Misia-1-768x1024.jpg\" alt=\"\" class=\"wp-image-7999\" srcset=\"https:\/\/4lo.kielce.eu\/wp-content\/uploads\/2025\/02\/Dzien-Pluszowego-Misia-1-768x1024.jpg 768w, https:\/\/4lo.kielce.eu\/wp-content\/uploads\/2025\/02\/Dzien-Pluszowego-Misia-1-225x300.jpg 225w, https:\/\/4lo.kielce.eu\/wp-content\/uploads\/2025\/02\/Dzien-Pluszowego-Misia-1-1152x1536.jpg 1152w, https:\/\/4lo.kielce.eu\/wp-content\/uploads\/2025\/02\/Dzien-Pluszowego-Misia-1.jpg 1536w\" sizes=\"auto, (max-width: 768px) 100vw, 768px\" \/><\/figure>\n<\/div>\n\n\n\n<div class=\"wp-block-column is-layout-flow wp-block-column-is-layout-flow\">\n<figure class=\"wp-block-image size-large\"><img loading=\"lazy\" decoding=\"async\" width=\"768\" height=\"1024\" src=\"https:\/\/4lo.kielce.eu\/wp-content\/uploads\/2025\/02\/Dzien-Pluszowego-Misia-2-768x1024.jpg\" alt=\"\" class=\"wp-image-8000\" srcset=\"https:\/\/4lo.kielce.eu\/wp-content\/uploads\/2025\/02\/Dzien-Pluszowego-Misia-2-768x1024.jpg 768w, https:\/\/4lo.kielce.eu\/wp-content\/uploads\/2025\/02\/Dzien-Pluszowego-Misia-2-225x300.jpg 225w, https:\/\/4lo.kielce.eu\/wp-content\/uploads\/2025\/02\/Dzien-Pluszowego-Misia-2-1152x1536.jpg 1152w, https:\/\/4lo.kielce.eu\/wp-content\/uploads\/2025\/02\/Dzien-Pluszowego-Misia-2.jpg 1536w\" sizes=\"auto, (max-width: 768px) 100vw, 768px\" \/><\/figure>\n<\/div>\n<\/div>\n\n\n\n<p class=\"has-text-align-center has-x-large-font-size\"><strong>Jase\u0142ka w DPS w Osinach<\/strong>\u00a0\u00a0\u00a0<\/p>\n\n\n\n<p class=\"has-text-align-center\">19.12 szkolny ch\u00f3r pod kierunkiem Weroniki Goli z klasy 4A oraz opiekunami: ksi\u0119dzem S. Sewerynem i p. prof. M. Rolska go\u015bcili po raz kolejny u pensjonariuszy DPS w Osinach. Uczniowie przygotowali tradycyjne kol\u0119dy, kt\u00f3re \u015bpiewali przy akompaniamencie gitary, skrzypiec i klarnetu.<\/p>\n\n\n\n<div class=\"wp-block-columns is-layout-flex wp-container-core-columns-is-layout-9d6595d7 wp-block-columns-is-layout-flex\">\n<div class=\"wp-block-column is-layout-flow wp-block-column-is-layout-flow\">\n<figure class=\"wp-block-image size-full\"><img loading=\"lazy\" decoding=\"async\" width=\"960\" height=\"960\" src=\"https:\/\/4lo.kielce.eu\/wp-content\/uploads\/2025\/02\/Jaselka-w-DPS-w-Osinach-1.jpg\" alt=\"\" class=\"wp-image-8001\" srcset=\"https:\/\/4lo.kielce.eu\/wp-content\/uploads\/2025\/02\/Jaselka-w-DPS-w-Osinach-1.jpg 960w, https:\/\/4lo.kielce.eu\/wp-content\/uploads\/2025\/02\/Jaselka-w-DPS-w-Osinach-1-300x300.jpg 300w, https:\/\/4lo.kielce.eu\/wp-content\/uploads\/2025\/02\/Jaselka-w-DPS-w-Osinach-1-150x150.jpg 150w, https:\/\/4lo.kielce.eu\/wp-content\/uploads\/2025\/02\/Jaselka-w-DPS-w-Osinach-1-768x768.jpg 768w\" sizes=\"auto, (max-width: 960px) 100vw, 960px\" \/><\/figure>\n<\/div>\n\n\n\n<div class=\"wp-block-column is-layout-flow wp-block-column-is-layout-flow\">\n<figure class=\"wp-block-image size-full\"><img loading=\"lazy\" decoding=\"async\" width=\"960\" height=\"960\" src=\"https:\/\/4lo.kielce.eu\/wp-content\/uploads\/2025\/02\/Jaselka-w-DPS-w-Osinach-2.jpg\" alt=\"\" class=\"wp-image-8002\" srcset=\"https:\/\/4lo.kielce.eu\/wp-content\/uploads\/2025\/02\/Jaselka-w-DPS-w-Osinach-2.jpg 960w, https:\/\/4lo.kielce.eu\/wp-content\/uploads\/2025\/02\/Jaselka-w-DPS-w-Osinach-2-300x300.jpg 300w, https:\/\/4lo.kielce.eu\/wp-content\/uploads\/2025\/02\/Jaselka-w-DPS-w-Osinach-2-150x150.jpg 150w, https:\/\/4lo.kielce.eu\/wp-content\/uploads\/2025\/02\/Jaselka-w-DPS-w-Osinach-2-768x768.jpg 768w\" sizes=\"auto, (max-width: 960px) 100vw, 960px\" \/><\/figure>\n<\/div>\n<\/div>\n\n\n\n<p class=\"has-text-align-center has-large-font-size\"><strong>Schronisko dla bezdomnych zwierz\u0105t w Dyminach<\/strong> <\/p>\n\n\n\n<p class=\"has-text-align-center\">W ramach akcji &#8222;Paka dla bezdomniaka&#8221; zgromadzili\u015bmy such\u0105 i mokr\u0105 karm\u0119 dla ps\u00f3w i kot\u00f3w, \u017cwirek, gumowe zabawki, a tak\u017ce koce i r\u0119czniki. Dary zosta\u0142y przekazane do schroniska.<\/p>\n\n\n\n<div class=\"wp-block-columns is-layout-flex wp-container-core-columns-is-layout-9d6595d7 wp-block-columns-is-layout-flex\">\n<div class=\"wp-block-column is-layout-flow wp-block-column-is-layout-flow\">\n<figure class=\"wp-block-image size-full\"><img loading=\"lazy\" decoding=\"async\" width=\"768\" height=\"960\" src=\"https:\/\/4lo.kielce.eu\/wp-content\/uploads\/2025\/02\/Paka-dla-Bezdomniaka-zbiorka-darowdla-Schroniska-dla-Bezdomnych-Zwierzat-w-Dyminach-1.jpg\" alt=\"\" class=\"wp-image-8007\" srcset=\"https:\/\/4lo.kielce.eu\/wp-content\/uploads\/2025\/02\/Paka-dla-Bezdomniaka-zbiorka-darowdla-Schroniska-dla-Bezdomnych-Zwierzat-w-Dyminach-1.jpg 768w, https:\/\/4lo.kielce.eu\/wp-content\/uploads\/2025\/02\/Paka-dla-Bezdomniaka-zbiorka-darowdla-Schroniska-dla-Bezdomnych-Zwierzat-w-Dyminach-1-240x300.jpg 240w\" sizes=\"auto, (max-width: 768px) 100vw, 768px\" \/><\/figure>\n<\/div>\n\n\n\n<div class=\"wp-block-column is-layout-flow wp-block-column-is-layout-flow\">\n<figure class=\"wp-block-image size-large\"><img loading=\"lazy\" decoding=\"async\" width=\"1024\" height=\"1024\" src=\"https:\/\/4lo.kielce.eu\/wp-content\/uploads\/2025\/02\/Paka-dla-Bezdomniaka-zbiorka-darowdla-Schroniska-dla-Bezdomnych-Zwierzat-w-Dyminach-2-1024x1024.jpg\" alt=\"\" class=\"wp-image-8008\" srcset=\"https:\/\/4lo.kielce.eu\/wp-content\/uploads\/2025\/02\/Paka-dla-Bezdomniaka-zbiorka-darowdla-Schroniska-dla-Bezdomnych-Zwierzat-w-Dyminach-2-1024x1024.jpg 1024w, https:\/\/4lo.kielce.eu\/wp-content\/uploads\/2025\/02\/Paka-dla-Bezdomniaka-zbiorka-darowdla-Schroniska-dla-Bezdomnych-Zwierzat-w-Dyminach-2-300x300.jpg 300w, https:\/\/4lo.kielce.eu\/wp-content\/uploads\/2025\/02\/Paka-dla-Bezdomniaka-zbiorka-darowdla-Schroniska-dla-Bezdomnych-Zwierzat-w-Dyminach-2-150x150.jpg 150w, https:\/\/4lo.kielce.eu\/wp-content\/uploads\/2025\/02\/Paka-dla-Bezdomniaka-zbiorka-darowdla-Schroniska-dla-Bezdomnych-Zwierzat-w-Dyminach-2-768x768.jpg 768w, https:\/\/4lo.kielce.eu\/wp-content\/uploads\/2025\/02\/Paka-dla-Bezdomniaka-zbiorka-darowdla-Schroniska-dla-Bezdomnych-Zwierzat-w-Dyminach-2.jpg 1440w\" sizes=\"auto, (max-width: 1024px) 100vw, 1024px\" \/><\/figure>\n<\/div>\n<\/div>\n\n\n\n<p class=\"has-text-align-center has-large-font-size\"><strong>Serce dla Hospicjum<\/strong> <\/p>\n\n\n\n<p class=\"has-text-align-center\">W ramach charytatywnej akcji wolontariusze zorganizowali sprzeda\u017c piernikowych serc. Doch\u00f3d z tej inicjatywy zosta\u0142 przekazany na rzecz Hospicjum im. Matki Teresy w Kielcach, kt\u00f3re niesie pomoc osobom terminalnie chorym i ich rodzinom.<\/p>\n\n\n\n<div class=\"wp-block-columns is-layout-flex wp-container-core-columns-is-layout-9d6595d7 wp-block-columns-is-layout-flex\">\n<div class=\"wp-block-column is-layout-flow wp-block-column-is-layout-flow\">\n<figure class=\"wp-block-image size-large\"><img loading=\"lazy\" decoding=\"async\" width=\"1024\" height=\"768\" src=\"https:\/\/4lo.kielce.eu\/wp-content\/uploads\/2025\/02\/Serce-dla-Hospicjum-1-1024x768.jpg\" alt=\"\" class=\"wp-image-8004\" srcset=\"https:\/\/4lo.kielce.eu\/wp-content\/uploads\/2025\/02\/Serce-dla-Hospicjum-1-1024x768.jpg 1024w, https:\/\/4lo.kielce.eu\/wp-content\/uploads\/2025\/02\/Serce-dla-Hospicjum-1-300x225.jpg 300w, https:\/\/4lo.kielce.eu\/wp-content\/uploads\/2025\/02\/Serce-dla-Hospicjum-1-768x576.jpg 768w, https:\/\/4lo.kielce.eu\/wp-content\/uploads\/2025\/02\/Serce-dla-Hospicjum-1-1536x1152.jpg 1536w, https:\/\/4lo.kielce.eu\/wp-content\/uploads\/2025\/02\/Serce-dla-Hospicjum-1-240x180.jpg 240w, https:\/\/4lo.kielce.eu\/wp-content\/uploads\/2025\/02\/Serce-dla-Hospicjum-1.jpg 2048w\" sizes=\"auto, (max-width: 1024px) 100vw, 1024px\" \/><\/figure>\n<\/div>\n\n\n\n<div class=\"wp-block-column is-layout-flow wp-block-column-is-layout-flow\">\n<figure class=\"wp-block-image size-large\"><img loading=\"lazy\" decoding=\"async\" width=\"1024\" height=\"768\" src=\"https:\/\/4lo.kielce.eu\/wp-content\/uploads\/2025\/02\/Serce-dla-Hospicjum-2-1024x768.jpg\" alt=\"\" class=\"wp-image-8005\" srcset=\"https:\/\/4lo.kielce.eu\/wp-content\/uploads\/2025\/02\/Serce-dla-Hospicjum-2-1024x768.jpg 1024w, https:\/\/4lo.kielce.eu\/wp-content\/uploads\/2025\/02\/Serce-dla-Hospicjum-2-300x225.jpg 300w, https:\/\/4lo.kielce.eu\/wp-content\/uploads\/2025\/02\/Serce-dla-Hospicjum-2-768x576.jpg 768w, https:\/\/4lo.kielce.eu\/wp-content\/uploads\/2025\/02\/Serce-dla-Hospicjum-2-1536x1152.jpg 1536w, https:\/\/4lo.kielce.eu\/wp-content\/uploads\/2025\/02\/Serce-dla-Hospicjum-2-240x180.jpg 240w, https:\/\/4lo.kielce.eu\/wp-content\/uploads\/2025\/02\/Serce-dla-Hospicjum-2.jpg 2048w\" sizes=\"auto, (max-width: 1024px) 100vw, 1024px\" \/><\/figure>\n<\/div>\n<\/div>\n\n\n\n<p class=\"has-text-align-center has-large-font-size\"><strong>Pola Nadziei<\/strong><\/p>\n\n\n\n<p class=\"has-text-align-center\">Akcja ma na celu propagowanie idei wolontariatu, bezinteresownej pomocy nieuleczalnie chorym oraz ich rodzinom. Staje si\u0119 okazj\u0105 do budzenia wra\u017cliwo\u015bci, empatii i kszta\u0142towania postaw prospo\u0142ecznych. W pi\u0105tek, 4 pa\u017adziernika, uczniowie klas 1D, 3D i 3F symbolicznie zainaugurowali swoje dzia\u0142ania, sadz\u0105c \u017conkile na naszym szkolnym polu nadziei.<\/p>\n\n\n\n<div class=\"wp-block-columns is-layout-flex wp-container-core-columns-is-layout-9d6595d7 wp-block-columns-is-layout-flex\">\n<div class=\"wp-block-column is-layout-flow wp-block-column-is-layout-flow\">\n<figure class=\"wp-block-image size-large\"><img loading=\"lazy\" decoding=\"async\" width=\"1024\" height=\"768\" src=\"https:\/\/4lo.kielce.eu\/wp-content\/uploads\/2025\/02\/Pola-Nadziei-1-1024x768.jpg\" alt=\"\" class=\"wp-image-8009\" srcset=\"https:\/\/4lo.kielce.eu\/wp-content\/uploads\/2025\/02\/Pola-Nadziei-1-1024x768.jpg 1024w, https:\/\/4lo.kielce.eu\/wp-content\/uploads\/2025\/02\/Pola-Nadziei-1-300x225.jpg 300w, https:\/\/4lo.kielce.eu\/wp-content\/uploads\/2025\/02\/Pola-Nadziei-1-768x576.jpg 768w, https:\/\/4lo.kielce.eu\/wp-content\/uploads\/2025\/02\/Pola-Nadziei-1-1536x1152.jpg 1536w, https:\/\/4lo.kielce.eu\/wp-content\/uploads\/2025\/02\/Pola-Nadziei-1-240x180.jpg 240w, https:\/\/4lo.kielce.eu\/wp-content\/uploads\/2025\/02\/Pola-Nadziei-1.jpg 2048w\" sizes=\"auto, (max-width: 1024px) 100vw, 1024px\" \/><\/figure>\n<\/div>\n\n\n\n<div class=\"wp-block-column is-layout-flow wp-block-column-is-layout-flow\">\n<figure class=\"wp-block-image size-large\"><img loading=\"lazy\" decoding=\"async\" width=\"768\" height=\"1024\" src=\"https:\/\/4lo.kielce.eu\/wp-content\/uploads\/2025\/02\/Pola-Nadziei-2-768x1024.jpg\" alt=\"\" class=\"wp-image-8010\" srcset=\"https:\/\/4lo.kielce.eu\/wp-content\/uploads\/2025\/02\/Pola-Nadziei-2-768x1024.jpg 768w, https:\/\/4lo.kielce.eu\/wp-content\/uploads\/2025\/02\/Pola-Nadziei-2-225x300.jpg 225w, https:\/\/4lo.kielce.eu\/wp-content\/uploads\/2025\/02\/Pola-Nadziei-2-1152x1536.jpg 1152w, https:\/\/4lo.kielce.eu\/wp-content\/uploads\/2025\/02\/Pola-Nadziei-2.jpg 1536w\" sizes=\"auto, (max-width: 768px) 100vw, 768px\" \/><\/figure>\n<\/div>\n<\/div>\n\n\n\n<p class=\"has-text-align-center has-large-font-size\"><strong>Wizyty w Domach Pomocy Spo\u0142ecznej<\/strong><\/p>\n\n\n\n<p class=\"has-text-align-center\">Akcje maj\u0105 na celu uwra\u017cliwi\u0107 m\u0142odzie\u017c na \u017cycie os\u00f3b starszych, chorych, niepe\u0142nosprawnych&#8230; Cz\u0119sto jeste\u015bmy w domach opieki, a spotkania zawsze przebiegaj\u0105 we wspania\u0142ej atmosferze. \u015amiech oraz rozmowy s\u0142ycha\u0107 w ka\u017cdym najmniejszym k\u0105ciku. Uczymy budowania i rozwijania w m\u0142odych ludziach empatii, \u017cyczliwo\u015bci i wsparcia.<\/p>\n\n\n\n<div class=\"wp-block-columns is-layout-flex wp-container-core-columns-is-layout-9d6595d7 wp-block-columns-is-layout-flex\">\n<div class=\"wp-block-column is-layout-flow wp-block-column-is-layout-flow\">\n<figure class=\"wp-block-image size-large\"><img loading=\"lazy\" decoding=\"async\" width=\"1024\" height=\"577\" src=\"https:\/\/4lo.kielce.eu\/wp-content\/uploads\/2025\/02\/dom-1-1024x577.jpg\" alt=\"\" class=\"wp-image-8014\" srcset=\"https:\/\/4lo.kielce.eu\/wp-content\/uploads\/2025\/02\/dom-1-1024x577.jpg 1024w, https:\/\/4lo.kielce.eu\/wp-content\/uploads\/2025\/02\/dom-1-300x169.jpg 300w, https:\/\/4lo.kielce.eu\/wp-content\/uploads\/2025\/02\/dom-1-768x432.jpg 768w, https:\/\/4lo.kielce.eu\/wp-content\/uploads\/2025\/02\/dom-1-1536x865.jpg 1536w, https:\/\/4lo.kielce.eu\/wp-content\/uploads\/2025\/02\/dom-1.jpg 2000w\" sizes=\"auto, (max-width: 1024px) 100vw, 1024px\" \/><\/figure>\n<\/div>\n\n\n\n<div class=\"wp-block-column is-layout-flow wp-block-column-is-layout-flow\">\n<figure class=\"wp-block-image size-large\"><img loading=\"lazy\" decoding=\"async\" width=\"1024\" height=\"577\" src=\"https:\/\/4lo.kielce.eu\/wp-content\/uploads\/2025\/02\/dom-3-1024x577.jpg\" alt=\"\" class=\"wp-image-8015\" srcset=\"https:\/\/4lo.kielce.eu\/wp-content\/uploads\/2025\/02\/dom-3-1024x577.jpg 1024w, https:\/\/4lo.kielce.eu\/wp-content\/uploads\/2025\/02\/dom-3-300x169.jpg 300w, https:\/\/4lo.kielce.eu\/wp-content\/uploads\/2025\/02\/dom-3-768x432.jpg 768w, https:\/\/4lo.kielce.eu\/wp-content\/uploads\/2025\/02\/dom-3-1536x865.jpg 1536w, https:\/\/4lo.kielce.eu\/wp-content\/uploads\/2025\/02\/dom-3.jpg 2000w\" sizes=\"auto, (max-width: 1024px) 100vw, 1024px\" \/><\/figure>\n<\/div>\n\n\n\n<div class=\"wp-block-column is-layout-flow wp-block-column-is-layout-flow\">\n<figure class=\"wp-block-image size-large\"><img loading=\"lazy\" decoding=\"async\" width=\"1024\" height=\"577\" src=\"https:\/\/4lo.kielce.eu\/wp-content\/uploads\/2025\/02\/dom-4-1024x577.jpg\" alt=\"\" class=\"wp-image-8016\" srcset=\"https:\/\/4lo.kielce.eu\/wp-content\/uploads\/2025\/02\/dom-4-1024x577.jpg 1024w, https:\/\/4lo.kielce.eu\/wp-content\/uploads\/2025\/02\/dom-4-300x169.jpg 300w, https:\/\/4lo.kielce.eu\/wp-content\/uploads\/2025\/02\/dom-4-768x432.jpg 768w, https:\/\/4lo.kielce.eu\/wp-content\/uploads\/2025\/02\/dom-4-1536x865.jpg 1536w, https:\/\/4lo.kielce.eu\/wp-content\/uploads\/2025\/02\/dom-4.jpg 2000w\" sizes=\"auto, (max-width: 1024px) 100vw, 1024px\" \/><\/figure>\n<\/div>\n<\/div>\n\n\n\n<div class=\"wp-block-columns is-layout-flex wp-container-core-columns-is-layout-9d6595d7 wp-block-columns-is-layout-flex\">\n<div class=\"wp-block-column is-layout-flow wp-block-column-is-layout-flow\">\n<figure class=\"wp-block-image size-large\"><img loading=\"lazy\" decoding=\"async\" width=\"1024\" height=\"577\" src=\"https:\/\/4lo.kielce.eu\/wp-content\/uploads\/2025\/02\/dom-ja-1024x577.jpg\" alt=\"\" class=\"wp-image-8018\" srcset=\"https:\/\/4lo.kielce.eu\/wp-content\/uploads\/2025\/02\/dom-ja-1024x577.jpg 1024w, https:\/\/4lo.kielce.eu\/wp-content\/uploads\/2025\/02\/dom-ja-300x169.jpg 300w, https:\/\/4lo.kielce.eu\/wp-content\/uploads\/2025\/02\/dom-ja-768x432.jpg 768w, https:\/\/4lo.kielce.eu\/wp-content\/uploads\/2025\/02\/dom-ja-1536x865.jpg 1536w, https:\/\/4lo.kielce.eu\/wp-content\/uploads\/2025\/02\/dom-ja.jpg 2000w\" sizes=\"auto, (max-width: 1024px) 100vw, 1024px\" \/><\/figure>\n<\/div>\n\n\n\n<div class=\"wp-block-column is-layout-flow wp-block-column-is-layout-flow\">\n<figure class=\"wp-block-image size-large\"><img loading=\"lazy\" decoding=\"async\" width=\"1024\" height=\"577\" src=\"https:\/\/4lo.kielce.eu\/wp-content\/uploads\/2025\/02\/dom-6-1024x577.jpg\" alt=\"\" class=\"wp-image-8019\" srcset=\"https:\/\/4lo.kielce.eu\/wp-content\/uploads\/2025\/02\/dom-6-1024x577.jpg 1024w, https:\/\/4lo.kielce.eu\/wp-content\/uploads\/2025\/02\/dom-6-300x169.jpg 300w, https:\/\/4lo.kielce.eu\/wp-content\/uploads\/2025\/02\/dom-6-768x432.jpg 768w, https:\/\/4lo.kielce.eu\/wp-content\/uploads\/2025\/02\/dom-6-1536x865.jpg 1536w, https:\/\/4lo.kielce.eu\/wp-content\/uploads\/2025\/02\/dom-6.jpg 2000w\" sizes=\"auto, (max-width: 1024px) 100vw, 1024px\" \/><\/figure>\n<\/div>\n<\/div>\n","protected":false},"excerpt":{"rendered":"<p>WO\u015aP Co roku w styczniu gramy z Wielk\u0105 Orkiestr\u0105 \u015awi\u0105tecznej Pomocy. Od wielu lat Szkolny Sztab WO\u015aP gromadzi ok. 100 wolontariuszy, kt\u00f3rzy do puszek WO\u015aP zbieraj\u0105 pieni\u0105dze przeznaczone m. in&#8230;. <\/p>\n","protected":false},"author":1,"featured_media":0,"parent":0,"menu_order":0,"comment_status":"closed","ping_status":"closed","template":"","meta":{"footnotes":""},"class_list":["post-897","page","type-page","status-publish","hentry"],"_links":{"self":[{"href":"https:\/\/4lo.kielce.eu\/index.php\/wp-json\/wp\/v2\/pages\/897","targetHints":{"allow":["GET"]}}],"collection":[{"href":"https:\/\/4lo.kielce.eu\/index.php\/wp-json\/wp\/v2\/pages"}],"about":[{"href":"https:\/\/4lo.kielce.eu\/index.php\/wp-json\/wp\/v2\/types\/page"}],"author":[{"embeddable":true,"href":"https:\/\/4lo.kielce.eu\/index.php\/wp-json\/wp\/v2\/users\/1"}],"replies":[{"embeddable":true,"href":"https:\/\/4lo.kielce.eu\/index.php\/wp-json\/wp\/v2\/comments?post=897"}],"version-history":[{"count":9,"href":"https:\/\/4lo.kielce.eu\/index.php\/wp-json\/wp\/v2\/pages\/897\/revisions"}],"predecessor-version":[{"id":8020,"href":"https:\/\/4lo.kielce.eu\/index.php\/wp-json\/wp\/v2\/pages\/897\/revisions\/8020"}],"wp:attachment":[{"href":"https:\/\/4lo.kielce.eu\/index.php\/wp-json\/wp\/v2\/media?parent=897"}],"curies":[{"name":"wp","href":"https:\/\/api.w.org\/{rel}","templated":true}]}}