{"id":895,"date":"2020-02-27T21:48:36","date_gmt":"2020-02-27T20:48:36","guid":{"rendered":"http:\/\/4lo.kielce.eu\/?page_id=895"},"modified":"2025-02-24T23:03:35","modified_gmt":"2025-02-24T22:03:35","slug":"wosp","status":"publish","type":"page","link":"https:\/\/4lo.kielce.eu\/index.php\/wosp\/","title":{"rendered":"WO\u015aP"},"content":{"rendered":"\n<p>Co roku w styczniu gramy z Wielk\u0105 Orkiestr\u0105 \u015awi\u0105tecznej Pomocy. Od wielu lat Szkolny Sztab WO\u015aP gromadzi ok. 100 wolontariuszy, kt\u00f3rzy do puszek WO\u015aP zbieraj\u0105 pieni\u0105dze przeznaczone m. in. na zakup nowoczesnej aparatury do polskich szpitali. W sztabie panuje zawsze radosna atmosfera, mo\u017cna rozgrza\u0107 si\u0119 gor\u0105c\u0105 herbat\u0105 i przek\u0105si\u0107 s\u0142odkie \u201cco-nieco\u201d przygotowane przez nauczycieli dla wolontariuszy.<\/p>\n\n\n\n<div class=\"wp-block-columns is-layout-flex wp-container-core-columns-is-layout-9d6595d7 wp-block-columns-is-layout-flex\">\n<div class=\"wp-block-column is-layout-flow wp-block-column-is-layout-flow\">\n<figure class=\"wp-block-image size-large is-resized\"><img loading=\"lazy\" decoding=\"async\" width=\"768\" height=\"1024\" src=\"https:\/\/4lo.kielce.eu\/wp-content\/uploads\/2025\/02\/33-Final-WOSP-3-1-768x1024.jpg\" alt=\"\" class=\"wp-image-8023\" style=\"width:308px;height:auto\" srcset=\"https:\/\/4lo.kielce.eu\/wp-content\/uploads\/2025\/02\/33-Final-WOSP-3-1-768x1024.jpg 768w, https:\/\/4lo.kielce.eu\/wp-content\/uploads\/2025\/02\/33-Final-WOSP-3-1-225x300.jpg 225w, https:\/\/4lo.kielce.eu\/wp-content\/uploads\/2025\/02\/33-Final-WOSP-3-1-1152x1536.jpg 1152w, https:\/\/4lo.kielce.eu\/wp-content\/uploads\/2025\/02\/33-Final-WOSP-3-1.jpg 1536w\" sizes=\"auto, (max-width: 768px) 100vw, 768px\" \/><\/figure>\n<\/div>\n\n\n\n<div class=\"wp-block-column is-layout-flow wp-block-column-is-layout-flow\">\n<figure class=\"wp-block-image size-large\"><img loading=\"lazy\" decoding=\"async\" width=\"1024\" height=\"1024\" src=\"https:\/\/4lo.kielce.eu\/wp-content\/uploads\/2025\/02\/33-Final-WOSP-4-2-1024x1024.jpg\" alt=\"\" class=\"wp-image-8022\" srcset=\"https:\/\/4lo.kielce.eu\/wp-content\/uploads\/2025\/02\/33-Final-WOSP-4-2-1024x1024.jpg 1024w, https:\/\/4lo.kielce.eu\/wp-content\/uploads\/2025\/02\/33-Final-WOSP-4-2-300x300.jpg 300w, https:\/\/4lo.kielce.eu\/wp-content\/uploads\/2025\/02\/33-Final-WOSP-4-2-150x150.jpg 150w, https:\/\/4lo.kielce.eu\/wp-content\/uploads\/2025\/02\/33-Final-WOSP-4-2-768x768.jpg 768w, https:\/\/4lo.kielce.eu\/wp-content\/uploads\/2025\/02\/33-Final-WOSP-4-2.jpg 1440w\" sizes=\"auto, (max-width: 1024px) 100vw, 1024px\" \/><\/figure>\n<\/div>\n<\/div>\n\n\n\n<div class=\"wp-block-columns is-layout-flex wp-container-core-columns-is-layout-9d6595d7 wp-block-columns-is-layout-flex\">\n<div class=\"wp-block-column is-layout-flow wp-block-column-is-layout-flow\">\n<figure class=\"wp-block-image size-large is-resized\"><img loading=\"lazy\" decoding=\"async\" width=\"768\" height=\"1024\" src=\"https:\/\/4lo.kielce.eu\/wp-content\/uploads\/2025\/02\/33-Final-WOSP-2-2-768x1024.jpg\" alt=\"\" class=\"wp-image-8025\" style=\"width:416px;height:auto\" srcset=\"https:\/\/4lo.kielce.eu\/wp-content\/uploads\/2025\/02\/33-Final-WOSP-2-2-768x1024.jpg 768w, https:\/\/4lo.kielce.eu\/wp-content\/uploads\/2025\/02\/33-Final-WOSP-2-2-225x300.jpg 225w, https:\/\/4lo.kielce.eu\/wp-content\/uploads\/2025\/02\/33-Final-WOSP-2-2-1152x1536.jpg 1152w, https:\/\/4lo.kielce.eu\/wp-content\/uploads\/2025\/02\/33-Final-WOSP-2-2.jpg 1536w\" sizes=\"auto, (max-width: 768px) 100vw, 768px\" \/><\/figure>\n<\/div>\n\n\n\n<div class=\"wp-block-column is-layout-flow wp-block-column-is-layout-flow\">\n<figure class=\"wp-block-image size-large is-resized\"><img loading=\"lazy\" decoding=\"async\" width=\"768\" height=\"1024\" src=\"https:\/\/4lo.kielce.eu\/wp-content\/uploads\/2025\/02\/33-Final-WOSP-1-1-768x1024.jpg\" alt=\"\" class=\"wp-image-8026\" style=\"width:416px;height:auto\" srcset=\"https:\/\/4lo.kielce.eu\/wp-content\/uploads\/2025\/02\/33-Final-WOSP-1-1-768x1024.jpg 768w, https:\/\/4lo.kielce.eu\/wp-content\/uploads\/2025\/02\/33-Final-WOSP-1-1-225x300.jpg 225w, https:\/\/4lo.kielce.eu\/wp-content\/uploads\/2025\/02\/33-Final-WOSP-1-1-1152x1536.jpg 1152w, https:\/\/4lo.kielce.eu\/wp-content\/uploads\/2025\/02\/33-Final-WOSP-1-1.jpg 1536w\" sizes=\"auto, (max-width: 768px) 100vw, 768px\" \/><\/figure>\n<\/div>\n<\/div>\n\n\n\n<p>j<\/p>\n\n\n\n<p class=\"has-text-align-center has-x-large-font-size\"><strong>Jeste\u015bmy tam, gdzie jeste\u015bmy potrzebni <\/strong>\ud83d\ude42 <\/p>\n\n\n\n<p class=\"has-text-align-center\"><strong>45 280, 21 z\u0142<\/strong> \u2013 tak\u0105 kwot\u0119 zebrali wolontariusze szkolnego Sztabu WO\u015aP podczas jubileuszowego 30. Fina\u0142u, kt\u00f3ry mia\u0142 miejsce 30 stycznia 2022 roku.&nbsp;<\/p>\n\n\n\n<p class=\"has-text-align-center\">Tradycyjnie w IV LO utworzony zosta\u0142 sztab, do kt\u00f3rego w tym roku zg\u0142osi\u0142o si\u0119 155 uczni\u00f3w. Nasi wolontariusze od rana do p\u00f3\u017anych godzin popo\u0142udniowych zbierali fundusze na wsparcie okulistyki dzieci\u0119cej. W szkole na zmarzni\u0119tych i przemoczonych wolontariuszy czeka\u0142y gor\u0105ca herbata oraz p\u0105czki i pyszne czekoladowe babeczki upieczone przez p. prof. M. Sak\u0142awsk\u0105.&nbsp;<\/p>\n\n\n\n<p>Serdecznie dzi\u0119kujemy wszystkim wolontariuszom za zaanga\u017cowanie \ud83d\ude42<\/p>\n\n\n\n<p>Autor materia\u0142u: p.prof. Magdalena Rolska<\/p>\n\n\n\n<figure class=\"wp-block-image size-large\"><img loading=\"lazy\" decoding=\"async\" width=\"1024\" height=\"768\" src=\"http:\/\/4lo.kielce.eu\/wp-content\/uploads\/2022\/02\/273004911_10229310127206734_2469751577060449325_n-1024x768.jpg\" alt=\"\" class=\"wp-image-3243\" srcset=\"https:\/\/4lo.kielce.eu\/wp-content\/uploads\/2022\/02\/273004911_10229310127206734_2469751577060449325_n-1024x768.jpg 1024w, https:\/\/4lo.kielce.eu\/wp-content\/uploads\/2022\/02\/273004911_10229310127206734_2469751577060449325_n-300x225.jpg 300w, https:\/\/4lo.kielce.eu\/wp-content\/uploads\/2022\/02\/273004911_10229310127206734_2469751577060449325_n-768x576.jpg 768w, https:\/\/4lo.kielce.eu\/wp-content\/uploads\/2022\/02\/273004911_10229310127206734_2469751577060449325_n-1536x1152.jpg 1536w, https:\/\/4lo.kielce.eu\/wp-content\/uploads\/2022\/02\/273004911_10229310127206734_2469751577060449325_n-240x180.jpg 240w, https:\/\/4lo.kielce.eu\/wp-content\/uploads\/2022\/02\/273004911_10229310127206734_2469751577060449325_n.jpg 2048w\" sizes=\"auto, (max-width: 1024px) 100vw, 1024px\" \/><\/figure>\n\n\n\n<figure class=\"wp-block-image size-large\"><img loading=\"lazy\" decoding=\"async\" width=\"762\" height=\"1024\" src=\"http:\/\/4lo.kielce.eu\/wp-content\/uploads\/2022\/02\/272883656_3830387123853125_4979004764333742009_n-1-762x1024.jpg\" alt=\"\" class=\"wp-image-3250\" srcset=\"https:\/\/4lo.kielce.eu\/wp-content\/uploads\/2022\/02\/272883656_3830387123853125_4979004764333742009_n-1-762x1024.jpg 762w, https:\/\/4lo.kielce.eu\/wp-content\/uploads\/2022\/02\/272883656_3830387123853125_4979004764333742009_n-1-223x300.jpg 223w, https:\/\/4lo.kielce.eu\/wp-content\/uploads\/2022\/02\/272883656_3830387123853125_4979004764333742009_n-1-768x1032.jpg 768w, https:\/\/4lo.kielce.eu\/wp-content\/uploads\/2022\/02\/272883656_3830387123853125_4979004764333742009_n-1-1143x1536.jpg 1143w, https:\/\/4lo.kielce.eu\/wp-content\/uploads\/2022\/02\/272883656_3830387123853125_4979004764333742009_n-1.jpg 1488w\" sizes=\"auto, (max-width: 762px) 100vw, 762px\" \/><\/figure>\n\n\n\n<figure class=\"wp-block-image size-large\"><img loading=\"lazy\" decoding=\"async\" width=\"1024\" height=\"768\" src=\"http:\/\/4lo.kielce.eu\/wp-content\/uploads\/2022\/02\/272793310_3830386407186530_5552839316892672749_n-1024x768.jpg\" alt=\"\" class=\"wp-image-3249\" srcset=\"https:\/\/4lo.kielce.eu\/wp-content\/uploads\/2022\/02\/272793310_3830386407186530_5552839316892672749_n-1024x768.jpg 1024w, https:\/\/4lo.kielce.eu\/wp-content\/uploads\/2022\/02\/272793310_3830386407186530_5552839316892672749_n-300x225.jpg 300w, https:\/\/4lo.kielce.eu\/wp-content\/uploads\/2022\/02\/272793310_3830386407186530_5552839316892672749_n-768x576.jpg 768w, https:\/\/4lo.kielce.eu\/wp-content\/uploads\/2022\/02\/272793310_3830386407186530_5552839316892672749_n-1536x1152.jpg 1536w, https:\/\/4lo.kielce.eu\/wp-content\/uploads\/2022\/02\/272793310_3830386407186530_5552839316892672749_n-240x180.jpg 240w, https:\/\/4lo.kielce.eu\/wp-content\/uploads\/2022\/02\/272793310_3830386407186530_5552839316892672749_n.jpg 2000w\" sizes=\"auto, (max-width: 1024px) 100vw, 1024px\" \/><\/figure>\n\n\n\n<figure class=\"wp-block-image size-full\"><img loading=\"lazy\" decoding=\"async\" width=\"720\" height=\"960\" src=\"http:\/\/4lo.kielce.eu\/wp-content\/uploads\/2022\/02\/272899494_3830389247186246_4120523220268198271_n.jpg\" alt=\"\" class=\"wp-image-3245\" srcset=\"https:\/\/4lo.kielce.eu\/wp-content\/uploads\/2022\/02\/272899494_3830389247186246_4120523220268198271_n.jpg 720w, https:\/\/4lo.kielce.eu\/wp-content\/uploads\/2022\/02\/272899494_3830389247186246_4120523220268198271_n-225x300.jpg 225w\" sizes=\"auto, (max-width: 720px) 100vw, 720px\" \/><\/figure>\n\n\n\n<figure class=\"wp-block-image size-large\"><img loading=\"lazy\" decoding=\"async\" width=\"1024\" height=\"768\" src=\"http:\/\/4lo.kielce.eu\/wp-content\/uploads\/2022\/02\/272899287_3830386743853163_4103464587776464230_n-1024x768.jpg\" alt=\"\" class=\"wp-image-3246\" srcset=\"https:\/\/4lo.kielce.eu\/wp-content\/uploads\/2022\/02\/272899287_3830386743853163_4103464587776464230_n-1024x768.jpg 1024w, https:\/\/4lo.kielce.eu\/wp-content\/uploads\/2022\/02\/272899287_3830386743853163_4103464587776464230_n-300x225.jpg 300w, https:\/\/4lo.kielce.eu\/wp-content\/uploads\/2022\/02\/272899287_3830386743853163_4103464587776464230_n-768x576.jpg 768w, https:\/\/4lo.kielce.eu\/wp-content\/uploads\/2022\/02\/272899287_3830386743853163_4103464587776464230_n-1536x1152.jpg 1536w, https:\/\/4lo.kielce.eu\/wp-content\/uploads\/2022\/02\/272899287_3830386743853163_4103464587776464230_n-240x180.jpg 240w, https:\/\/4lo.kielce.eu\/wp-content\/uploads\/2022\/02\/272899287_3830386743853163_4103464587776464230_n.jpg 2000w\" sizes=\"auto, (max-width: 1024px) 100vw, 1024px\" \/><\/figure>\n\n\n\n<figure class=\"wp-block-image size-large\"><img loading=\"lazy\" decoding=\"async\" width=\"762\" height=\"1024\" src=\"http:\/\/4lo.kielce.eu\/wp-content\/uploads\/2022\/02\/272908165_3830387693853068_2033373438829435319_n-762x1024.jpg\" alt=\"\" class=\"wp-image-3244\" srcset=\"https:\/\/4lo.kielce.eu\/wp-content\/uploads\/2022\/02\/272908165_3830387693853068_2033373438829435319_n-762x1024.jpg 762w, https:\/\/4lo.kielce.eu\/wp-content\/uploads\/2022\/02\/272908165_3830387693853068_2033373438829435319_n-223x300.jpg 223w, https:\/\/4lo.kielce.eu\/wp-content\/uploads\/2022\/02\/272908165_3830387693853068_2033373438829435319_n-768x1032.jpg 768w, https:\/\/4lo.kielce.eu\/wp-content\/uploads\/2022\/02\/272908165_3830387693853068_2033373438829435319_n-1143x1536.jpg 1143w, https:\/\/4lo.kielce.eu\/wp-content\/uploads\/2022\/02\/272908165_3830387693853068_2033373438829435319_n.jpg 1488w\" sizes=\"auto, (max-width: 762px) 100vw, 762px\" \/><\/figure>\n\n\n\n<figure class=\"wp-block-image size-large\"><img loading=\"lazy\" decoding=\"async\" width=\"1024\" height=\"768\" src=\"http:\/\/4lo.kielce.eu\/wp-content\/uploads\/2022\/02\/273010302_3830386970519807_6603306190020450842_n-1024x768.jpg\" alt=\"\" class=\"wp-image-3242\" srcset=\"https:\/\/4lo.kielce.eu\/wp-content\/uploads\/2022\/02\/273010302_3830386970519807_6603306190020450842_n-1024x768.jpg 1024w, https:\/\/4lo.kielce.eu\/wp-content\/uploads\/2022\/02\/273010302_3830386970519807_6603306190020450842_n-300x225.jpg 300w, https:\/\/4lo.kielce.eu\/wp-content\/uploads\/2022\/02\/273010302_3830386970519807_6603306190020450842_n-768x576.jpg 768w, https:\/\/4lo.kielce.eu\/wp-content\/uploads\/2022\/02\/273010302_3830386970519807_6603306190020450842_n-1536x1152.jpg 1536w, https:\/\/4lo.kielce.eu\/wp-content\/uploads\/2022\/02\/273010302_3830386970519807_6603306190020450842_n-240x180.jpg 240w, https:\/\/4lo.kielce.eu\/wp-content\/uploads\/2022\/02\/273010302_3830386970519807_6603306190020450842_n.jpg 2000w\" sizes=\"auto, (max-width: 1024px) 100vw, 1024px\" \/><\/figure>\n\n\n\n<figure class=\"wp-block-image size-large\"><img loading=\"lazy\" decoding=\"async\" width=\"1024\" height=\"768\" src=\"http:\/\/4lo.kielce.eu\/wp-content\/uploads\/2022\/02\/272842816_3830388803852957_2647100271256491972_n-1-1024x768.jpg\" alt=\"\" class=\"wp-image-3253\" srcset=\"https:\/\/4lo.kielce.eu\/wp-content\/uploads\/2022\/02\/272842816_3830388803852957_2647100271256491972_n-1-1024x768.jpg 1024w, https:\/\/4lo.kielce.eu\/wp-content\/uploads\/2022\/02\/272842816_3830388803852957_2647100271256491972_n-1-300x225.jpg 300w, https:\/\/4lo.kielce.eu\/wp-content\/uploads\/2022\/02\/272842816_3830388803852957_2647100271256491972_n-1-768x576.jpg 768w, https:\/\/4lo.kielce.eu\/wp-content\/uploads\/2022\/02\/272842816_3830388803852957_2647100271256491972_n-1-1536x1152.jpg 1536w, https:\/\/4lo.kielce.eu\/wp-content\/uploads\/2022\/02\/272842816_3830388803852957_2647100271256491972_n-1-240x180.jpg 240w, https:\/\/4lo.kielce.eu\/wp-content\/uploads\/2022\/02\/272842816_3830388803852957_2647100271256491972_n-1.jpg 2000w\" sizes=\"auto, (max-width: 1024px) 100vw, 1024px\" \/><\/figure>\n\n\n\n<figure class=\"wp-block-image size-large\"><img loading=\"lazy\" decoding=\"async\" width=\"1024\" height=\"768\" src=\"http:\/\/4lo.kielce.eu\/wp-content\/uploads\/2022\/02\/272827572_3830385603853277_2518762543963186942_n-1-1024x768.jpg\" alt=\"\" class=\"wp-image-3247\" srcset=\"https:\/\/4lo.kielce.eu\/wp-content\/uploads\/2022\/02\/272827572_3830385603853277_2518762543963186942_n-1-1024x768.jpg 1024w, https:\/\/4lo.kielce.eu\/wp-content\/uploads\/2022\/02\/272827572_3830385603853277_2518762543963186942_n-1-300x225.jpg 300w, https:\/\/4lo.kielce.eu\/wp-content\/uploads\/2022\/02\/272827572_3830385603853277_2518762543963186942_n-1-768x576.jpg 768w, https:\/\/4lo.kielce.eu\/wp-content\/uploads\/2022\/02\/272827572_3830385603853277_2518762543963186942_n-1-1536x1152.jpg 1536w, https:\/\/4lo.kielce.eu\/wp-content\/uploads\/2022\/02\/272827572_3830385603853277_2518762543963186942_n-1-240x180.jpg 240w, https:\/\/4lo.kielce.eu\/wp-content\/uploads\/2022\/02\/272827572_3830385603853277_2518762543963186942_n-1.jpg 2000w\" sizes=\"auto, (max-width: 1024px) 100vw, 1024px\" \/><\/figure>\n","protected":false},"excerpt":{"rendered":"<p>Co roku w styczniu gramy z Wielk\u0105 Orkiestr\u0105 \u015awi\u0105tecznej Pomocy. Od wielu lat Szkolny Sztab WO\u015aP gromadzi ok. 100 wolontariuszy, kt\u00f3rzy do puszek WO\u015aP zbieraj\u0105 pieni\u0105dze przeznaczone m. in. na&#8230; <\/p>\n","protected":false},"author":1,"featured_media":0,"parent":0,"menu_order":0,"comment_status":"closed","ping_status":"closed","template":"","meta":{"footnotes":""},"class_list":["post-895","page","type-page","status-publish","hentry"],"_links":{"self":[{"href":"https:\/\/4lo.kielce.eu\/index.php\/wp-json\/wp\/v2\/pages\/895","targetHints":{"allow":["GET"]}}],"collection":[{"href":"https:\/\/4lo.kielce.eu\/index.php\/wp-json\/wp\/v2\/pages"}],"about":[{"href":"https:\/\/4lo.kielce.eu\/index.php\/wp-json\/wp\/v2\/types\/page"}],"author":[{"embeddable":true,"href":"https:\/\/4lo.kielce.eu\/index.php\/wp-json\/wp\/v2\/users\/1"}],"replies":[{"embeddable":true,"href":"https:\/\/4lo.kielce.eu\/index.php\/wp-json\/wp\/v2\/comments?post=895"}],"version-history":[{"count":6,"href":"https:\/\/4lo.kielce.eu\/index.php\/wp-json\/wp\/v2\/pages\/895\/revisions"}],"predecessor-version":[{"id":8028,"href":"https:\/\/4lo.kielce.eu\/index.php\/wp-json\/wp\/v2\/pages\/895\/revisions\/8028"}],"wp:attachment":[{"href":"https:\/\/4lo.kielce.eu\/index.php\/wp-json\/wp\/v2\/media?parent=895"}],"curies":[{"name":"wp","href":"https:\/\/api.w.org\/{rel}","templated":true}]}}