{"id":882,"date":"2020-02-27T21:35:25","date_gmt":"2020-02-27T20:35:25","guid":{"rendered":"http:\/\/4lo.kielce.eu\/?page_id=882"},"modified":"2020-11-05T19:53:25","modified_gmt":"2020-11-05T18:53:25","slug":"filharmonia","status":"publish","type":"page","link":"https:\/\/4lo.kielce.eu\/index.php\/filharmonia\/","title":{"rendered":"Filharmonia"},"content":{"rendered":"\n<figure class=\"wp-block-image size-large\"><img loading=\"lazy\" decoding=\"async\" width=\"1024\" height=\"225\" src=\"http:\/\/4lo.kielce.eu\/wp-content\/uploads\/2020\/11\/logof-1024x225.jpg\" alt=\"\" class=\"wp-image-1939\" srcset=\"https:\/\/4lo.kielce.eu\/wp-content\/uploads\/2020\/11\/logof-1024x225.jpg 1024w, https:\/\/4lo.kielce.eu\/wp-content\/uploads\/2020\/11\/logof-300x66.jpg 300w, https:\/\/4lo.kielce.eu\/wp-content\/uploads\/2020\/11\/logof-768x169.jpg 768w, https:\/\/4lo.kielce.eu\/wp-content\/uploads\/2020\/11\/logof-1536x338.jpg 1536w, https:\/\/4lo.kielce.eu\/wp-content\/uploads\/2020\/11\/logof-2048x450.jpg 2048w\" sizes=\"auto, (max-width: 1024px) 100vw, 1024px\" \/><\/figure>\n\n\n\n<p>Mamy dla Was kolejn\u0105 dawk\u0119 muzyki <img loading=\"lazy\" decoding=\"async\" width=\"16\" height=\"16\" alt=\"&#x1f609;\" src=\"https:\/\/poczta.wp.pl\/api\/v1\/emls\/2f95dd869468bf967f2820b0\/bcid\/cGFydDIuRjRBMEREQzkuQzA3RTY5MjZAZmlsaGFybW9uaWEua2llbGNlLnBs\">\u00a0Trzecia ods\u0142ona zadania w ramach programu MKiDN<em> <\/em><a href=\"https:\/\/www.youtube.com\/channel\/UCSB9oRemRmBgaJfU9tNGeDw\" target=\"_blank\" rel=\"noreferrer noopener\"><em>\u201eKultura w sieci\u201d &#8211; &#8222;Nowa muzyka polska \u2013 koncerty na solist\u00f3w i orkiestr\u0119&#8221;, <\/em>ju\u017c dzisiaj wieczorem na naszym kanale na YouTube <\/a><a rel=\"noreferrer noopener\" href=\"https:\/\/www.youtube.com\/channel\/UCSB9oRemRmBgaJfU9tNGeDw\" target=\"_blank\">>>><\/a>. <\/p>\n\n\n\n<p>Tym razem perkusja w roli g\u0142\u00f3wnej!<\/p>\n\n\n\n<p><em>Symfonia koncertuj\u0105ca na perkusj\u0119 i orkiestr\u0119<\/em> Ignacego Zalewskiego jest dedykowana Leszkowi Lorentowi, znakomitemu polskiemu perkusi\u015bcie. Kompozytor wykorzysta\u0142 rzadko dzi\u015b wyst\u0119puj\u0105c\u0105 form\u0119 symfonii koncertuj\u0105cej z udzia\u0142em multiperkusji jako instrumentu koncertuj\u0105cego. W utworze s\u0142yszymy m.in. instrument wzorowany na Yaybaharze, kt\u00f3ry zosta\u0142 zbudowany przez Leszka Lorenta specjalnie na potrzeby tego dzie\u0142a.<\/p>\n\n\n\n<p>Mi\u0142ego odbioru!<\/p>\n\n\n\n<p>Felieton z realizacji zadania pn.&#8221;Nowa muzyka polska \u2013 koncerty na solist\u00f3w i orkiestr\u0119&#8221; ju\u017c na naszym kanale YouTube.<\/p>\n\n\n\n<p><a href=\"https:\/\/youtu.be\/apG9sOdqKo4\" target=\"_blank\" rel=\"noreferrer noopener\">zobacz &gt;&gt;&gt;<\/a><\/p>\n\n\n\n<p>Wspaniali &nbsp;arty\u015bci opowiedz\u0105 o projekcie,<\/p>\n\n\n\n<p>kt\u00f3ry powsta\u0142 w ramach programu MKiDN \u2013 \u201eKultura w sieci\u201d!<\/p>\n\n\n\n<p>Niebawem pierwszy z nagranych koncert\u00f3w.<\/p>\n\n\n\n<p>B\u0105d\u017acie czujni!<\/p>\n\n\n\n<figure class=\"wp-block-image size-large\"><img loading=\"lazy\" decoding=\"async\" width=\"944\" height=\"236\" src=\"http:\/\/4lo.kielce.eu\/wp-content\/uploads\/2020\/11\/attachment1.2.21.jpg\" alt=\"\" class=\"wp-image-1940\" srcset=\"https:\/\/4lo.kielce.eu\/wp-content\/uploads\/2020\/11\/attachment1.2.21.jpg 944w, https:\/\/4lo.kielce.eu\/wp-content\/uploads\/2020\/11\/attachment1.2.21-300x75.jpg 300w, https:\/\/4lo.kielce.eu\/wp-content\/uploads\/2020\/11\/attachment1.2.21-768x192.jpg 768w\" sizes=\"auto, (max-width: 944px) 100vw, 944px\" \/><\/figure>\n","protected":false},"excerpt":{"rendered":"<p>Mamy dla Was kolejn\u0105 dawk\u0119 muzyki \u00a0Trzecia ods\u0142ona zadania w ramach programu MKiDN \u201eKultura w sieci\u201d &#8211; &#8222;Nowa muzyka polska \u2013 koncerty na solist\u00f3w i orkiestr\u0119&#8221;, ju\u017c dzisiaj wieczorem na&#8230; <\/p>\n","protected":false},"author":1,"featured_media":1942,"parent":0,"menu_order":0,"comment_status":"closed","ping_status":"closed","template":"","meta":{"footnotes":""},"class_list":["post-882","page","type-page","status-publish","has-post-thumbnail","hentry"],"_links":{"self":[{"href":"https:\/\/4lo.kielce.eu\/index.php\/wp-json\/wp\/v2\/pages\/882","targetHints":{"allow":["GET"]}}],"collection":[{"href":"https:\/\/4lo.kielce.eu\/index.php\/wp-json\/wp\/v2\/pages"}],"about":[{"href":"https:\/\/4lo.kielce.eu\/index.php\/wp-json\/wp\/v2\/types\/page"}],"author":[{"embeddable":true,"href":"https:\/\/4lo.kielce.eu\/index.php\/wp-json\/wp\/v2\/users\/1"}],"replies":[{"embeddable":true,"href":"https:\/\/4lo.kielce.eu\/index.php\/wp-json\/wp\/v2\/comments?post=882"}],"version-history":[{"count":5,"href":"https:\/\/4lo.kielce.eu\/index.php\/wp-json\/wp\/v2\/pages\/882\/revisions"}],"predecessor-version":[{"id":1945,"href":"https:\/\/4lo.kielce.eu\/index.php\/wp-json\/wp\/v2\/pages\/882\/revisions\/1945"}],"wp:featuredmedia":[{"embeddable":true,"href":"https:\/\/4lo.kielce.eu\/index.php\/wp-json\/wp\/v2\/media\/1942"}],"wp:attachment":[{"href":"https:\/\/4lo.kielce.eu\/index.php\/wp-json\/wp\/v2\/media?parent=882"}],"curies":[{"name":"wp","href":"https:\/\/api.w.org\/{rel}","templated":true}]}}