{"id":7804,"date":"2024-12-19T09:55:36","date_gmt":"2024-12-19T08:55:36","guid":{"rendered":"http:\/\/4lo.kielce.eu\/?page_id=7804"},"modified":"2025-01-03T11:40:03","modified_gmt":"2025-01-03T10:40:03","slug":"procedura-zgloszen-wewnetrznych","status":"publish","type":"page","link":"https:\/\/4lo.kielce.eu\/index.php\/procedura-zgloszen-wewnetrznych\/","title":{"rendered":"PROCEDURA ZG\u0141OSZE\u0143 WEWN\u0118TRZNYCH"},"content":{"rendered":"\n<figure class=\"wp-block-image size-full\"><img loading=\"lazy\" decoding=\"async\" width=\"789\" height=\"589\" src=\"http:\/\/4lo.kielce.eu\/wp-content\/uploads\/2024\/12\/heading.png\" alt=\"\" class=\"wp-image-7810\" srcset=\"https:\/\/4lo.kielce.eu\/wp-content\/uploads\/2024\/12\/heading.png 789w, https:\/\/4lo.kielce.eu\/wp-content\/uploads\/2024\/12\/heading-300x224.png 300w, https:\/\/4lo.kielce.eu\/wp-content\/uploads\/2024\/12\/heading-768x573.png 768w, https:\/\/4lo.kielce.eu\/wp-content\/uploads\/2024\/12\/heading-240x180.png 240w\" sizes=\"auto, (max-width: 789px) 100vw, 789px\" \/><\/figure>\n\n\n\n<p><a href=\"http:\/\/4lo.kielce.eu\/wp-content\/uploads\/2024\/12\/IV-LO-procedura-zgloszen-wewnetrznych-z-zalacznikami.pdf\"><strong>PROCEDURA ZG\u0141OSZE\u0143 WEWN\u0118TRZNYCH<\/strong><\/a><\/p>\n\n\n\n<p><strong><a href=\"http:\/\/4lo.kielce.eu\/wp-content\/uploads\/2024\/12\/Komisja-Wyjasniajaca-2.pdf\">KOMISJA WYJA\u015aNIAJ\u0104CA<\/a><\/strong><\/p>\n\n\n\n<p><strong><a href=\"http:\/\/4lo.kielce.eu\/wp-content\/uploads\/2024\/12\/formularz-zgloszenia-1.pdf\">FORMULARZ ZG\u0141OSZE\u0143<\/a><\/strong><\/p>\n\n\n\n<p><a href=\"https:\/\/4lo.kielce.eu\/wp-content\/uploads\/2025\/01\/klauzula-informacyjna-sygnalista.pdf\"><strong>KLAUZULA INFORMACYJNA<\/strong><\/a><\/p>\n\n\n\n<p><strong><a href=\"http:\/\/4lo.kielce.eu\/wp-content\/uploads\/2024\/12\/Ustawa-o-Sygnalistach-1.pdf\">USTAWA O OCHRONIE SYGNALIST\u00d3W<\/a><\/strong><\/p>\n\n\n\n<p><\/p>\n","protected":false},"excerpt":{"rendered":"<p>PROCEDURA ZG\u0141OSZE\u0143 WEWN\u0118TRZNYCH KOMISJA WYJA\u015aNIAJ\u0104CA FORMULARZ ZG\u0141OSZE\u0143 KLAUZULA INFORMACYJNA USTAWA O OCHRONIE SYGNALIST\u00d3W<\/p>\n","protected":false},"author":34,"featured_media":0,"parent":0,"menu_order":0,"comment_status":"closed","ping_status":"closed","template":"","meta":{"footnotes":""},"class_list":["post-7804","page","type-page","status-publish","hentry"],"_links":{"self":[{"href":"https:\/\/4lo.kielce.eu\/index.php\/wp-json\/wp\/v2\/pages\/7804","targetHints":{"allow":["GET"]}}],"collection":[{"href":"https:\/\/4lo.kielce.eu\/index.php\/wp-json\/wp\/v2\/pages"}],"about":[{"href":"https:\/\/4lo.kielce.eu\/index.php\/wp-json\/wp\/v2\/types\/page"}],"author":[{"embeddable":true,"href":"https:\/\/4lo.kielce.eu\/index.php\/wp-json\/wp\/v2\/users\/34"}],"replies":[{"embeddable":true,"href":"https:\/\/4lo.kielce.eu\/index.php\/wp-json\/wp\/v2\/comments?post=7804"}],"version-history":[{"count":7,"href":"https:\/\/4lo.kielce.eu\/index.php\/wp-json\/wp\/v2\/pages\/7804\/revisions"}],"predecessor-version":[{"id":7852,"href":"https:\/\/4lo.kielce.eu\/index.php\/wp-json\/wp\/v2\/pages\/7804\/revisions\/7852"}],"wp:attachment":[{"href":"https:\/\/4lo.kielce.eu\/index.php\/wp-json\/wp\/v2\/media?parent=7804"}],"curies":[{"name":"wp","href":"https:\/\/api.w.org\/{rel}","templated":true}]}}