{"id":7410,"date":"2024-10-24T18:16:52","date_gmt":"2024-10-24T16:16:52","guid":{"rendered":"http:\/\/4lo.kielce.eu\/?page_id=7410"},"modified":"2024-10-24T18:25:17","modified_gmt":"2024-10-24T16:25:17","slug":"iv-edycja-szkolnego-budzetu-obywatelskiego-2024-2025","status":"publish","type":"page","link":"https:\/\/4lo.kielce.eu\/index.php\/iv-edycja-szkolnego-budzetu-obywatelskiego-2024-2025\/","title":{"rendered":"IV Edycja Szkolnego Bud\u017cetu Obywatelskiego 2024\/2025"},"content":{"rendered":"\n<p>Zapraszamy wszystkich ch\u0119tnych do udzia\u0142u w IV edycji Szkolnego Bud\u017cetu Obywatelskiego 2024\/2025.<\/p>\n\n\n\n<p>Masz ciekawy pomys\u0142 do zrealizowania? Chcesz poprawi\u0107 komfort przebywania w szkole? A mo\u017ce zorganizowa\u0107 ciekawe wydarzenie? Mamy na to kas\u0119! &#8211; co prawda niewiele, ale jednak&#8230;<\/p>\n\n\n\n<p>Zapoznaj si\u0119 z regulaminem i za\u0142\u00f3\u017c grup\u0119 projektow\u0105, wype\u0142nij wniosek, a mo\u017ce wygrasz i zrealizujesz sw\u00f3j plan?<\/p>\n\n\n\n<p>08.11.24. &#8211; termin sk\u0142adania wniosk\u00f3w<\/p>\n\n\n\n<p>14.11. &#8211; ostateczny termin na wprowadzenie poprawek<\/p>\n\n\n\n<p>19.11. &#8211; og\u0142oszenie listy zatwierdzonych wniosk\u00f3w &#8211; po konsultacji z Dyrekcj\u0105<\/p>\n\n\n\n<p>26.11 &#8211; 10.12. &#8211; kampania promocyjna w szkole i mediach spo\u0142eczno\u015bciowych<\/p>\n\n\n\n<p>11.12. &#8211; g\u0142osowanie<\/p>\n\n\n\n<p>12.12 &#8211; wyniki<\/p>\n\n\n\n<p>01.01.25 &#8211; 27.06.25 &#8211; realizacja projekt\u00f3w<\/p>\n\n\n\n<p><strong>Wniosek<\/strong> &#8211; <a href=\"http:\/\/4lo.kielce.eu\/wp-content\/uploads\/2024\/10\/WNIOSEK-SZKOLNY-BUDZET-OBYWATELSKI-2024_2025.pdf\"><strong>pobierz!<\/strong><\/a><\/p>\n\n\n\n<p><strong>Regulamin<\/strong> &#8211; <a href=\"http:\/\/4lo.kielce.eu\/wp-content\/uploads\/2024\/10\/szkolny-budzet-obywatelski-2024_25-w-IV-LO-regulamin.pdf\"><strong>pobierz!<\/strong><\/a><\/p>\n\n\n\n<p><\/p>\n","protected":false},"excerpt":{"rendered":"<p>Zapraszamy wszystkich ch\u0119tnych do udzia\u0142u w IV edycji Szkolnego Bud\u017cetu Obywatelskiego 2024\/2025. Masz ciekawy pomys\u0142 do zrealizowania? Chcesz poprawi\u0107 komfort przebywania w szkole? A mo\u017ce zorganizowa\u0107 ciekawe wydarzenie? Mamy na&#8230; <\/p>\n","protected":false},"author":1,"featured_media":0,"parent":0,"menu_order":0,"comment_status":"closed","ping_status":"closed","template":"","meta":{"footnotes":""},"class_list":["post-7410","page","type-page","status-publish","hentry"],"_links":{"self":[{"href":"https:\/\/4lo.kielce.eu\/index.php\/wp-json\/wp\/v2\/pages\/7410","targetHints":{"allow":["GET"]}}],"collection":[{"href":"https:\/\/4lo.kielce.eu\/index.php\/wp-json\/wp\/v2\/pages"}],"about":[{"href":"https:\/\/4lo.kielce.eu\/index.php\/wp-json\/wp\/v2\/types\/page"}],"author":[{"embeddable":true,"href":"https:\/\/4lo.kielce.eu\/index.php\/wp-json\/wp\/v2\/users\/1"}],"replies":[{"embeddable":true,"href":"https:\/\/4lo.kielce.eu\/index.php\/wp-json\/wp\/v2\/comments?post=7410"}],"version-history":[{"count":6,"href":"https:\/\/4lo.kielce.eu\/index.php\/wp-json\/wp\/v2\/pages\/7410\/revisions"}],"predecessor-version":[{"id":7422,"href":"https:\/\/4lo.kielce.eu\/index.php\/wp-json\/wp\/v2\/pages\/7410\/revisions\/7422"}],"wp:attachment":[{"href":"https:\/\/4lo.kielce.eu\/index.php\/wp-json\/wp\/v2\/media?parent=7410"}],"curies":[{"name":"wp","href":"https:\/\/api.w.org\/{rel}","templated":true}]}}