{"id":7317,"date":"2024-10-03T08:04:27","date_gmt":"2024-10-03T06:04:27","guid":{"rendered":"http:\/\/4lo.kielce.eu\/?page_id=7317"},"modified":"2024-10-03T08:10:41","modified_gmt":"2024-10-03T06:10:41","slug":"zasady-usprawiedliwiania-i-zwalniania","status":"publish","type":"page","link":"https:\/\/4lo.kielce.eu\/index.php\/zasady-usprawiedliwiania-i-zwalniania\/","title":{"rendered":"Zasady usprawiedliwiania i zwalniania"},"content":{"rendered":"\n<ul class=\"wp-block-list\">\n<li><mark style=\"background-color:rgba(0, 0, 0, 0)\" class=\"has-inline-color has-luminous-vivid-orange-color\"><a href=\"http:\/\/4lo.kielce.eu\/wp-content\/uploads\/2024\/10\/IV-LO-ZASADY-ZWOLNIEN-Z-WF.pdf\" data-type=\"URL\" target=\"_blank\" rel=\"noreferrer noopener\">Zasady zwolnie\u0144 z W-F<\/a><\/mark><\/li>\n\n\n\n<li><a rel=\"noreferrer noopener\" href=\"http:\/\/4lo.kielce.eu\/wp-content\/uploads\/2024\/10\/Zal.-1-opinia-lekarska-wf-ograniczenia.pdf\" target=\"_blank\">Za\u0142. 1-opinia lekarska &#8211; wf &#8211; ograniczenia<\/a><\/li>\n\n\n\n<li><a href=\"http:\/\/4lo.kielce.eu\/wp-content\/uploads\/2024\/10\/Zal.-2-opinia-lekarska-wf-niezdolny-do-uczestnictwa.pdf\" data-type=\"URL\" data-id=\"http:\/\/4lo.kielce.eu\/wp-content\/uploads\/2024\/10\/Zal.-2-opinia-lekarska-wf-niezdolny-do-uczestnictwa.pdf\" target=\"_blank\" rel=\"noreferrer noopener\">Za\u0142. 2-opinia lekarska &#8211; wf &#8211; niezdolny do uczestnictwa<\/a><\/li>\n\n\n\n<li><a href=\"http:\/\/4lo.kielce.eu\/wp-content\/uploads\/2020\/12\/Deklaracja-religia-etyka.docx\" target=\"_blank\" rel=\"noreferrer noopener\">O\u015aWIADCZENIE (DEKLARACJA) O UCZ\u0118SZCZANIU NA LEKCJE RELIGII \/ ETYKI<\/a><\/li>\n\n\n\n<li><a href=\"http:\/\/4lo.kielce.eu\/wp-content\/uploads\/2020\/09\/zasady.pdf\">ZASADY USPRAWIEDLIWIANIA NIEOBECNO\u015aCI I ZWALNIANIA Z ZAJ\u0118\u0106LEKCYJNYCH W IV LICEUM OG\u00d3LNOKSZTA\u0141C\u0104CYM W KIELCACH<\/a><\/li>\n\n\n\n<li><a href=\"http:\/\/4lo.kielce.eu\/wp-content\/uploads\/2020\/02\/wz%C3%B3r-usprawiedliwienia.pdf\" target=\"_blank\" rel=\"noreferrer noopener\">Wz\u00f3r usprawiedliwienia nieobecno\u015bci<\/a><\/li>\n\n\n\n<li><a href=\"http:\/\/4lo.kielce.eu\/wp-content\/uploads\/2020\/02\/wz%C3%B3r-zwolnienia-z-lekcji.pdf\" target=\"_blank\" rel=\"noreferrer noopener\">Wz\u00f3r zwolnienia z lekcji<\/a><\/li>\n<\/ul>\n\n\n\n<p><\/p>\n","protected":false},"excerpt":{"rendered":"","protected":false},"author":34,"featured_media":0,"parent":0,"menu_order":0,"comment_status":"closed","ping_status":"closed","template":"","meta":{"footnotes":""},"class_list":["post-7317","page","type-page","status-publish","hentry"],"_links":{"self":[{"href":"https:\/\/4lo.kielce.eu\/index.php\/wp-json\/wp\/v2\/pages\/7317","targetHints":{"allow":["GET"]}}],"collection":[{"href":"https:\/\/4lo.kielce.eu\/index.php\/wp-json\/wp\/v2\/pages"}],"about":[{"href":"https:\/\/4lo.kielce.eu\/index.php\/wp-json\/wp\/v2\/types\/page"}],"author":[{"embeddable":true,"href":"https:\/\/4lo.kielce.eu\/index.php\/wp-json\/wp\/v2\/users\/34"}],"replies":[{"embeddable":true,"href":"https:\/\/4lo.kielce.eu\/index.php\/wp-json\/wp\/v2\/comments?post=7317"}],"version-history":[{"count":4,"href":"https:\/\/4lo.kielce.eu\/index.php\/wp-json\/wp\/v2\/pages\/7317\/revisions"}],"predecessor-version":[{"id":7323,"href":"https:\/\/4lo.kielce.eu\/index.php\/wp-json\/wp\/v2\/pages\/7317\/revisions\/7323"}],"wp:attachment":[{"href":"https:\/\/4lo.kielce.eu\/index.php\/wp-json\/wp\/v2\/media?parent=7317"}],"curies":[{"name":"wp","href":"https:\/\/api.w.org\/{rel}","templated":true}]}}