{"id":7139,"date":"2024-09-18T11:52:00","date_gmt":"2024-09-18T09:52:00","guid":{"rendered":"http:\/\/4lo.kielce.eu\/?page_id=7139"},"modified":"2026-02-27T14:33:43","modified_gmt":"2026-02-27T13:33:43","slug":"pedagog-szkolny","status":"publish","type":"page","link":"https:\/\/4lo.kielce.eu\/index.php\/pedagog-szkolny\/","title":{"rendered":"Pedagog szkolny"},"content":{"rendered":"\n<p><strong><em>Monika Jakubowska<\/em><\/strong><\/p>\n\n\n\n<p>Tel. 41 367 65 05 wew. 33<\/p>\n\n\n\n<p>e-mail: monika_jakubowska@4lo. kielce.eu<\/p>\n\n\n\n<p>Gabinet Pedagoga szkolnego na II pi\u0119trze<\/p>\n\n\n\n<p><strong><em>Harmonogram pracy<\/em><\/strong><\/p>\n\n\n\n<div class=\"wp-block-buttons is-layout-flex wp-block-buttons-is-layout-flex\">\n<div class=\"wp-block-button\"><a class=\"wp-block-button__link has-vivid-green-cyan-color has-text-color wp-element-button\">Poniedzia\u0142ek &#8211; 7:30- 11:30<\/a><\/div>\n\n\n\n<div class=\"wp-block-button\"><a class=\"wp-block-button__link has-vivid-green-cyan-color has-text-color wp-element-button\">Wtorek- 12:00- 16:00<\/a><\/div>\n\n\n\n<div class=\"wp-block-button\"><a class=\"wp-block-button__link has-vivid-green-cyan-color has-text-color wp-element-button\">\u015aroda &#8211; 12:00- 16:00<\/a><\/div>\n\n\n\n<div class=\"wp-block-button\"><a class=\"wp-block-button__link has-vivid-green-cyan-color has-text-color wp-element-button\">Czwartek &#8211; 7:30- 12:30<\/a><\/div>\n\n\n\n<div class=\"wp-block-button\"><a class=\"wp-block-button__link has-vivid-green-cyan-color has-text-color wp-element-button\">Pi\u0105tek :6.03, 27.03, 10.04-7:30- 12:30<\/a><\/div>\n\n\n\n<div class=\"wp-block-button\"><a class=\"wp-block-button__link wp-element-button\">Pi\u0105tek: 13.03, 20.03- 10:00- 15:00<\/a><\/div>\n\n\n\n<div class=\"wp-block-button\"><a class=\"wp-block-button__link wp-element-button\">Pi\u0105tek: 17.04, 24.04- 9:00- 14:00<\/a><\/div>\n<\/div>\n\n\n\n<figure class=\"wp-block-image size-full\"><img loading=\"lazy\" decoding=\"async\" width=\"1009\" height=\"564\" src=\"http:\/\/4lo.kielce.eu\/wp-content\/uploads\/2024\/09\/image.png\" alt=\"\" class=\"wp-image-7147\" srcset=\"https:\/\/4lo.kielce.eu\/wp-content\/uploads\/2024\/09\/image.png 1009w, https:\/\/4lo.kielce.eu\/wp-content\/uploads\/2024\/09\/image-300x168.png 300w, https:\/\/4lo.kielce.eu\/wp-content\/uploads\/2024\/09\/image-768x429.png 768w\" sizes=\"auto, (max-width: 1009px) 100vw, 1009px\" \/><\/figure>\n\n\n\n<p><strong><em>&#8221; Nie b\u00f3j si\u0119 zadawa\u0107 pyta\u0144. Nie b\u00f3j si\u0119 prosi\u0107 o pomoc, kiedy jej potrzebujesz. Proszenie o pomoc nie jest oznak\u0105 s\u0142abo\u015bci , jest oznak\u0105 si\u0142y. Pokazuje , \u017ce masz odwag\u0119 przyzna\u0107 si\u0119 gdy czego\u015b nie wiesz i nauczy\u0107 czego\u015b nowego.&#8221; B. Obama<\/em><\/strong><\/p>\n\n\n\n<figure class=\"wp-block-image size-full is-resized\"><img loading=\"lazy\" decoding=\"async\" width=\"191\" height=\"262\" src=\"http:\/\/4lo.kielce.eu\/wp-content\/uploads\/2024\/09\/image-1.png\" alt=\"\" class=\"wp-image-7149\" style=\"width:285px;height:391px\"\/><\/figure>\n\n\n\n<p class=\"has-text-align-center has-vivid-cyan-blue-color has-text-color\"><em><strong>Drogi Rodzicu , b\u0105d\u017a zawsze przy swoim dziecku<\/strong><\/em><\/p>\n\n\n\n<figure class=\"wp-block-image size-full\"><img loading=\"lazy\" decoding=\"async\" width=\"474\" height=\"397\" src=\"http:\/\/4lo.kielce.eu\/wp-content\/uploads\/2024\/09\/image-4.png\" alt=\"\" class=\"wp-image-7153\" srcset=\"https:\/\/4lo.kielce.eu\/wp-content\/uploads\/2024\/09\/image-4.png 474w, https:\/\/4lo.kielce.eu\/wp-content\/uploads\/2024\/09\/image-4-300x251.png 300w\" sizes=\"auto, (max-width: 474px) 100vw, 474px\" \/><\/figure>\n\n\n\n<p class=\"has-text-align-center has-vivid-cyan-blue-color has-text-color\">Jak rozmawia\u0107 z nastolatkiem <\/p>\n\n\n\n<figure class=\"wp-block-image size-large is-resized\"><img loading=\"lazy\" decoding=\"async\" width=\"861\" height=\"1024\" src=\"http:\/\/4lo.kielce.eu\/wp-content\/uploads\/2024\/09\/image-3-861x1024.png\" alt=\"\" class=\"wp-image-7152\" style=\"width:331px;height:394px\" srcset=\"https:\/\/4lo.kielce.eu\/wp-content\/uploads\/2024\/09\/image-3-861x1024.png 861w, https:\/\/4lo.kielce.eu\/wp-content\/uploads\/2024\/09\/image-3-252x300.png 252w, https:\/\/4lo.kielce.eu\/wp-content\/uploads\/2024\/09\/image-3-768x913.png 768w, https:\/\/4lo.kielce.eu\/wp-content\/uploads\/2024\/09\/image-3.png 879w\" sizes=\"auto, (max-width: 861px) 100vw, 861px\" \/><\/figure>\n\n\n\n<p class=\"has-vivid-green-cyan-color has-text-color\"><strong><em>BEZPIECZE\u0143STWO W SIECI<\/em><\/strong><\/p>\n\n\n\n<p><a href=\"https:\/\/ore.edu.pl\/2015\/03\/bezpieczenstwo-w-sieci-2\/\">Bezpiecze\u0144stwo w sieci \u2013 O\u015brodek Rozwoju Edukacji<\/a><\/p>\n\n\n\n<p class=\"has-text-align-center\"><strong><br>MEDIACJE SZKOLNE<\/strong><br>Podstawowymi zasadami mediacji s\u0105:<\/p>\n\n\n\n<ol class=\"wp-block-list\">\n<li><strong>DOBRWOLNO\u015a\u0106<\/strong><br>\u2192 strony do mediacji przyst\u0119puj\u0105 ca\u0142kowicie<br>dobrowolnie.<br>\u2192Nikt nie mo\u017ce ich do tej decyzji przymusi\u0107.<br>\u2192 Ca\u0142kowita dobrowolno\u015b\u0107 udzia\u0142u, wyboru<br>kwestii, kt\u00f3re strony podejm\u0105 si\u0119 omawia\u0107<br>oraz rozwi\u0105za\u0144, kt\u00f3re uzgodni\u0105, wp\u0142ywa na<br>zwi\u0119kszenie ich odpowiedzialno\u015bci za proces<br>mediacji oraz na wywi\u0105zanie si\u0119 z podj\u0119tych<br>decyzji.<br>\u2192 strony dobrowolnie mog\u0105 wybra\u0107 r\u00f3wnie\u017c<br>osob\u0119 mediatora.<\/li>\n\n\n\n<li><strong>BEZSTRONNO\u015a\u0106 MEDIATORA<\/strong><br>\u2192 Mediator nie opowiada si\u0119 po \u017cadnej ze stron,<br>w r\u00f3wny spos\u00f3b anga\u017cuje si\u0119 w pomoc obu<br>stronom konfliktu.<br>\u2192Nie ocenia ani stron, ani ich zachowa\u0144.<br>\u2192Nie wskazuje winnego.<\/li>\n\n\n\n<li><strong>NEUTRALNO\u015a\u0106<\/strong><br>\u2192 Mediator nie podpowiada, ani nie narzuca<br>\u017cadnych rozwi\u0105za\u0144.<br>\u2192 akceptuje propozycje, kt\u00f3re strony wypracuj\u0105<br>i postanowi\u0105 podj\u0105\u0107 decyzj\u0119 o ich wprowadzeniu w \u017cycie.<br>\u2192 rol\u0105 mediatora jest tylko pomoc w rozwi\u0105zaniu<br>konfliktu, a nie doradza\u0107 i wskazywa\u0107 \u201edobre\u201d<br>rozwi\u0105zania.<\/li>\n\n\n\n<li><strong>SAMODZIELNO\u015a\u0106 W PODEJMOWANIU DECYZJI<\/strong><br>\u2192 mediator nie podejmuje za strony konfliktu<br>\u017cadnych decyzji, a jedynie zach\u0119ca do przej\u0119cia<br>sprawy w swoje r\u0119ce.<\/li>\n\n\n\n<li><strong>POUFNO\u015a\u0106<\/strong><br>\u2192mediacja jest procesem ca\u0142kowicie poufnym.<br>\u2192Ca\u0142y przebieg mediacji oraz tre\u015b\u0107 rozm\u00f3w nie<br>mog\u0105 by\u0107 nikomu ujawnione.<br>Utw\u00f3r udost\u0119pniony na warunkach licencji Creative commons <br>Tre\u015b\u0107 licencji pobrana ze strony: https:\/\/creativecommons.pl\/wybierz-licencje<\/li>\n<\/ol>\n\n\n\n<p class=\"has-vivid-red-color has-vivid-green-cyan-background-color has-text-color has-background has-link-color wp-elements-e2f365cbc4d99c99223eae97cea02de0\">8.10.2024 roku &#8211; \u015aWIATOWY DZIE\u0143 \u015aWIADOMO\u015aCI DYSLEKSJI <\/p>\n\n\n\n<figure class=\"wp-block-image size-full is-resized\"><img loading=\"lazy\" decoding=\"async\" width=\"831\" height=\"679\" src=\"http:\/\/4lo.kielce.eu\/wp-content\/uploads\/2024\/10\/image-1.png\" alt=\"\" class=\"wp-image-7306\" style=\"width:202px;height:auto\" srcset=\"https:\/\/4lo.kielce.eu\/wp-content\/uploads\/2024\/10\/image-1.png 831w, https:\/\/4lo.kielce.eu\/wp-content\/uploads\/2024\/10\/image-1-300x245.png 300w, https:\/\/4lo.kielce.eu\/wp-content\/uploads\/2024\/10\/image-1-768x628.png 768w\" sizes=\"auto, (max-width: 831px) 100vw, 831px\" \/><\/figure>\n\n\n\n<p class=\"has-small-font-size\">Marta Bogdanowicz ur. 1943 roku. Profesor zwyczajny nauk humanistycznych z zakresu<br>psychologii, nauczyciel akademicki, wyk\u0142adowca&nbsp;Uniwersytetu Gda\u0144skiego&nbsp; i<br>Uniwersytetu SWPS.&nbsp; Psycholog kliniczny dziecka, wieloletni dyrektor Instytutu Psychologii Uniwersytetu Gda\u0144skiego. Za\u0142o\u017cycielka Polskiego Towarzystwa Dysleksji. Polskiego Towarzystw Dysleksji. W latach 1999\u20132008 wiceprzewodnicz\u0105ca Europejskiego Towarzystwa Dysleksji,&nbsp; oraz cz\u0142onkini mi\u0119dzynarodowych towarzystw<br>naukowych.<br><br><\/p>\n\n\n\n<figure class=\"wp-block-image size-full is-resized\"><img loading=\"lazy\" decoding=\"async\" width=\"945\" height=\"709\" src=\"http:\/\/4lo.kielce.eu\/wp-content\/uploads\/2024\/10\/image-2.png\" alt=\"\" class=\"wp-image-7307\" style=\"width:828px;height:auto\" srcset=\"https:\/\/4lo.kielce.eu\/wp-content\/uploads\/2024\/10\/image-2.png 945w, https:\/\/4lo.kielce.eu\/wp-content\/uploads\/2024\/10\/image-2-300x225.png 300w, https:\/\/4lo.kielce.eu\/wp-content\/uploads\/2024\/10\/image-2-768x576.png 768w, https:\/\/4lo.kielce.eu\/wp-content\/uploads\/2024\/10\/image-2-240x180.png 240w\" sizes=\"auto, (max-width: 945px) 100vw, 945px\" \/><\/figure>\n\n\n\n<p class=\"has-black-color has-vivid-red-background-color has-text-color has-background has-link-color wp-elements-5cd2b19eae70773b96b77af3a9436eb2\">\u015aWIATOWY DZIE\u0143 \u015aWIADOMO\u015aCI DYSLEKSJI &#8211; TRENING CZYNI MISTRZA<\/p>\n\n\n\n<p><a href=\"https:\/\/wordwall.net\/pl\/resource\/1930554\/terapia\">Terapia &#8211; Ko\u0142o fortuny (wordwall.net)<\/a><\/p>\n\n\n\n<p><a href=\"https:\/\/wordwall.net\/pl\/resource\/11010529\/terapia-pedagogiczna\/%c4%87wiczenie-s%c5%82uchowe\">\u0106wiczenie s\u0142uchowe &#8211; Ko\u0142o fortuny (wordwall.net)<\/a><\/p>\n\n\n\n<p><a href=\"https:\/\/wordwall.net\/pl\/resource\/1993941\/ortografia\/wybierz-ortogram\">Wybierz ortogram &#8211; Znajd\u017a par\u0119 (wordwall.net)<\/a><\/p>\n\n\n\n<p><a href=\"https:\/\/wordwall.net\/pl\/resource\/12342668\/terapia-pedagogiczna\/czytanie-ze-zrozumieniem-rz-%c5%bc\">Czytanie ze zrozumieniem rz-\u017c &#8211; Test (wordwall.net)<\/a><\/p>\n\n\n\n<p><a href=\"https:\/\/wordwall.net\/pl\/resource\/935636\/ortografia-na-weso%C5%82o\">Ortografia na weso\u0142o &#8211; Ko\u0142o fortuny (wordwall.net)<\/a><\/p>\n\n\n\n<p><a href=\"https:\/\/wordwall.net\/pl\/resource\/10993549\/terapia-pedagogiczna-kl-starsze\/pisownia-wyraz%c3%b3w-z-h\">Pisownia wyraz\u00f3w z &#8222;h&#8221; &#8211; Posortuj (wordwall.net)<\/a><\/p>\n\n\n\n<p><\/p>\n\n\n\n<p class=\"has-black-color has-vivid-green-cyan-background-color has-text-color has-background has-link-color wp-elements-038e2fc9e880b69dc60f06438c02ddfd\"><strong>\u0106WICZENIA DLA DYSGRAFIK\u00d3W<\/strong><\/p>\n\n\n\n<p>Propozycja \u0107wicze\u0144.<br>I. \u0106wiczenia grafomotoryczne:<br>A \u2013 \u0106wiczenia rozmachowe mi\u0119\u015bni r\u0105k:<\/p>\n\n\n\n<ol class=\"wp-block-list\">\n<li>Kre\u015blenie w powietrzu du\u017cych, p\u0142ynnych, swobodnych ruch\u00f3w r\u0105k w kszta\u0142cie fal, k\u00f3\u0142,<br>\u00f3semek (\u201eleniwe \u00f3semki\u201d).<\/li>\n\n\n\n<li>Kre\u015blenie kred\u0105 na tablicy, p\u0119dzlem, w\u0119glem na du\u017cych arkuszach, palcem lub patykiem na<br>tackach z materia\u0142em sypkim, piaskiem, kredkami na kartkach \u2013 obszernych swobodnych<br>ruch\u00f3w.<\/li>\n\n\n\n<li>Pogrubianie kontur\u00f3w, czyli obwodzenie po \u015bladzie linii pojedynczych szlak\u00f3w, obrazk\u00f3w<br>konturowych przy zastosowaniu szerokiego p\u0119dzla, mazak\u00f3w, kredy kolorowej.<\/li>\n\n\n\n<li>Zamalowywanie dowolnej przestrzeni du\u017cych p\u0142aszczyzn(kartony, arkusze szarego<br>papieru, gazety) farbami, kred\u0105, w\u0119glem, tworzenie kolorowych krat, pask\u00f3w\u2026<\/li>\n\n\n\n<li>Zamalowywanie okre\u015blonej przestrzeni, np.: p\u00f3l kwadrat\u00f3w, k\u00f3\u0142, prostok\u0105t\u00f3w, du\u017cych<br>obrazk\u00f3w konturowych konturowych.w sposobami.<\/li>\n\n\n\n<li>Zgadywanie kre\u015blonych r\u0119k\u0105 dziecka w powietrzu r\u00f3\u017cnych kszta\u0142t\u00f3w przy zas\u0142oni\u0119tych<br>oczach.<br>B \u2013 \u0106wiczenia usprawniaj\u0105ce mi\u0119\u015bnie d\u0142oni i drobne mi\u0119\u015bnie palc\u00f3w:<\/li>\n\n\n\n<li>Zamalowywanie ma\u0142ych przestrzeni kredkami.<\/li>\n\n\n\n<li>Kreskowanie \u2013 wype\u0142nianie rozmaitych kontur\u00f3w ma\u0142ymi kreseczkami stawianymi<br>pionowo, poziomo, uko\u015bnie, zawsze jednak przy zachowaniu kierunku OD STRONY LEWEJ<br>DO PRAWEJ.<\/li>\n\n\n\n<li>Wype\u0142nianie r\u00f3\u017cnych kontur\u00f3w lini\u0105 ci\u0105g\u0142\u0105 w kszta\u0142cie spirali, k\u0142\u0119buszk\u00f3w.<\/li>\n\n\n\n<li>Kopiowanie rysunk\u00f3w \u2013 wodzenie o\u0142\u00f3wkiem po wzorze przez kalk\u0119 techniczn\u0105, p\u00f3\u017aniej<br>malowanie kredkami w obr\u0119bie konturu.<\/li>\n\n\n\n<li>Pogrubianie konturu, czyli wodzenie po wzorze.<\/li>\n\n\n\n<li>Prowadzenie linii mi\u0119dzy dwiema liniami szerzej rozstawionymi w stosunku do siebie, np.:<br>w\u0119dr\u00f3wka w labiryncie, podzia\u0142 na zbiory.<\/li>\n\n\n\n<li>Zamalowywanie ma\u0142ych p\u00f3l wg. oznakowania.<\/li>\n\n\n\n<li>Kre\u015blenie form kolistych, falistych prostych wg. wzoru.<br>C \u2013 \u0106wiczenia p\u0142ynnych, rytmicznych, ci\u0105g\u0142ych pulsuj\u0105cych ruch\u00f3w pisarskich.<\/li>\n\n\n\n<li>Obrysowywanie szablon\u00f3w.<\/li>\n\n\n\n<li>Rysowanie szlaczk\u00f3w w liniaturze szerszej, a potem odpowiadaj\u0105cej liniaturze zeszytu:<br>a) pog\u0142\u0119bianie konturu \u2013 czyli wodzenie mazakami po wzorze<br>b) doko\u0144czenie zacz\u0119tego wzoru<br>c) odwzorowywanie szlaczk\u00f3w wg. demonstrowanych wzor\u00f3w<br>d) pr\u00f3by odtwarzania eksponowanych wzor\u00f3w z pami\u0119ci<br>e) samodzielne rysowanie r\u00f3\u017cnorodnych wzor\u00f3w<\/li>\n\n\n\n<li>\u0141\u0105czenie wyznaczonych punkt\u00f3w lini\u0105 ci\u0105g\u0142\u0105. Podczas \u0142\u0105czenia punkt\u00f3w powinien<br>powstawa\u0107 kontur zaplanowanego wzoru.<\/li>\n<\/ol>\n\n\n\n<p><\/p>\n\n\n\n<p> <strong>Specyficzne trudno\u015bci w uczeniu si\u0119.<\/strong><br> https:\/\/enel.pl\/enelzdrowie\/psychologia\/co-to-jest-dysleksja<br> https:\/\/psychologia.edu.pl\/czytelnia\/50-artykuly\/699-dysleksja-82 1<br> charakterystyka-zjawiska.html<br> G\u0142uszkowska V., Og\u00f3lna charakterystyka trudno\u015bci w nauce czytania i pisania.<br> Strzykowska E., Dysleksja, dysgrafia, dysortografia.<br> https:\/\/ppptm.pl\/strona\/dysleksja-dysgrafia-dysortografia-dyskalkulia<br> http:\/\/www.szkolawspierania.edu.pl\/dysleksja-dysgrafia-dysortografia<\/p>\n\n\n\n<p><\/p>\n\n\n\n<p><strong>Dla Rodzica<\/strong>:<\/p>\n\n\n\n<p><a href=\"https:\/\/www.ptd.edu.pl\/Jak%20rozwija%C4%87%20w%20dziecku%20pasj%C4%99%20do%20czytania.pdf\">Jak rozwija\u0107 w dziecku pasj\u0119 do czytania.pdf (ptd.edu.pl)<\/a>  &#8211; \u015awiatowy Dzie\u0144 \u015awiadomo\u015bci Dysleksji<\/p>\n\n\n\n<p><a href=\"https:\/\/radiogdansk.pl\/audycje\/radiowo-naukowo\/2022\/10\/19\/prof-dr-hab-marta-bogdanowicz-psycholog-ktora-zauwazyla-dysleksje-u-polskich-dzieci\/\">Prof. dr hab. Marta Bogdanowicz, psycholog kt\u00f3ra &#8222;zauwa\u017cy\u0142a&#8221; dysleksj\u0119 u polskich dzieci (radiogdansk.pl)<\/a><\/p>\n\n\n\n<p><a href=\"https:\/\/portal.librus.pl\/szkola\/artykuly\/wzmacnianie-odpornosci-psychicznej-dziecka-o-czym-pamietac\">Wzmacnianie odporno\u015bci psychicznej dziecka \u2013 o czym pami\u0119ta\u0107? &#8211; LIBRUS Szko\u0142a<\/a><\/p>\n\n\n\n<p><a href=\"https:\/\/www.youtube.com\/watch?v=84PPeJmHo34\">WspieraMY relacje &#8211; Rodzice &#8211; Dom jako bezpieczna przysta\u0144 wspieraj\u0105ca rozw\u00f3j dziecka &#8211; YouTube<\/a><\/p>\n\n\n\n<p><a href=\"https:\/\/niewidacpomnie.org\/2023\/07\/12\/14-wskazowek-jak-rozmawiac-z-nastolatkiem\/\">14 wskaz\u00f3wek, jak rozmawia\u0107 z nastolatkiem &#8211; Fundacja Nie Wida\u0107 Po Mnie (niewidacpomnie.org)<\/a><\/p>\n\n\n\n<p><a href=\"https:\/\/dysleksjarozwojowa.pl\/czym-sa-trudnosci-w-uczeniu-sie\/\">Czym s\u0105 trudno\u015bci w uczeniu si\u0119 &#8211; dysleksjarozwojowa.pl<\/a><\/p>\n\n\n\n<p><\/p>\n\n\n\n<p class=\"has-vivid-green-cyan-color has-text-color\"><strong>Dla ucznia <\/strong>:<\/p>\n\n\n\n<figure class=\"wp-block-image size-full\"><img loading=\"lazy\" decoding=\"async\" width=\"676\" height=\"909\" src=\"http:\/\/4lo.kielce.eu\/wp-content\/uploads\/2024\/09\/image-5.png\" alt=\"\" class=\"wp-image-7254\" srcset=\"https:\/\/4lo.kielce.eu\/wp-content\/uploads\/2024\/09\/image-5.png 676w, https:\/\/4lo.kielce.eu\/wp-content\/uploads\/2024\/09\/image-5-223x300.png 223w\" sizes=\"auto, (max-width: 676px) 100vw, 676px\" \/><\/figure>\n\n\n\n<p><\/p>\n\n\n\n<p><a href=\"https:\/\/jaksieuczyc.pl\/jak-czytac-ze-zrozumieniem\/\">Jak czyta\u0107 ze zrozumieniem? 5 sprawdzonych technik<\/a><\/p>\n\n\n\n<p><a href=\"https:\/\/takzdam.pl\/jak-sie-uczyc\/jak-sie-uczyc-efektywnie\/\">Jak si\u0119 uczy\u0107 efektywnie &#8211; TAK, ZDAM! (takzdam.pl)<\/a><\/p>\n\n\n\n<p><a href=\"https:\/\/takzdam.pl\/jak-sie-uczyc\/techniki-zapamietywania\/\">Techniki zapami\u0119tywania &#8211; TAK, ZDAM! (takzdam.pl)<\/a><\/p>\n","protected":false},"excerpt":{"rendered":"<p>Monika Jakubowska Tel. 41 367 65 05 wew. 33 e-mail: monika_jakubowska@4lo. kielce.eu Gabinet Pedagoga szkolnego na II pi\u0119trze Harmonogram pracy &#8221; Nie b\u00f3j si\u0119 zadawa\u0107 pyta\u0144. Nie b\u00f3j si\u0119 prosi\u0107&#8230; <\/p>\n","protected":false},"author":41,"featured_media":0,"parent":0,"menu_order":0,"comment_status":"closed","ping_status":"closed","template":"","meta":{"footnotes":""},"class_list":["post-7139","page","type-page","status-publish","hentry"],"_links":{"self":[{"href":"https:\/\/4lo.kielce.eu\/index.php\/wp-json\/wp\/v2\/pages\/7139","targetHints":{"allow":["GET"]}}],"collection":[{"href":"https:\/\/4lo.kielce.eu\/index.php\/wp-json\/wp\/v2\/pages"}],"about":[{"href":"https:\/\/4lo.kielce.eu\/index.php\/wp-json\/wp\/v2\/types\/page"}],"author":[{"embeddable":true,"href":"https:\/\/4lo.kielce.eu\/index.php\/wp-json\/wp\/v2\/users\/41"}],"replies":[{"embeddable":true,"href":"https:\/\/4lo.kielce.eu\/index.php\/wp-json\/wp\/v2\/comments?post=7139"}],"version-history":[{"count":24,"href":"https:\/\/4lo.kielce.eu\/index.php\/wp-json\/wp\/v2\/pages\/7139\/revisions"}],"predecessor-version":[{"id":9710,"href":"https:\/\/4lo.kielce.eu\/index.php\/wp-json\/wp\/v2\/pages\/7139\/revisions\/9710"}],"wp:attachment":[{"href":"https:\/\/4lo.kielce.eu\/index.php\/wp-json\/wp\/v2\/media?parent=7139"}],"curies":[{"name":"wp","href":"https:\/\/api.w.org\/{rel}","templated":true}]}}