{"id":69,"date":"2020-01-04T21:30:38","date_gmt":"2020-01-04T20:30:38","guid":{"rendered":"http:\/\/4lo.kielce.eu\/?page_id=69"},"modified":"2020-01-04T21:30:38","modified_gmt":"2020-01-04T20:30:38","slug":"nauczyciele","status":"publish","type":"page","link":"https:\/\/4lo.kielce.eu\/index.php\/nauczyciele\/","title":{"rendered":"Nauczyciele"},"content":{"rendered":"\n<table class=\"wp-block-table\"><tbody><tr><td>Lp.<\/td><td>Imi\u0119<\/td><td>Nazwisko<\/td><td>Inicja\u0142y<\/td><td>Przedmioty<\/td><\/tr><tr><td>1<\/td><td>Anna<\/td><td>Koz\u0142owska<\/td><td>AK<\/td><td>chemia<br><\/td><\/tr><tr><td>2<\/td><td><a href=\"http:\/\/4lo.edu.pl\/..\/nauczyciel\/43\">Stanis\u0142aw<\/a><\/td><td><a href=\"http:\/\/4lo.edu.pl\/..\/nauczyciel\/43\">Bzymek<\/a><\/td><td><a href=\"http:\/\/4lo.edu.pl\/..\/nauczyciel\/43\">SB<\/a><\/td><td>j\u0119zyk niemiecki<\/td><\/tr><tr><td>3<\/td><td><a href=\"http:\/\/4lo.edu.pl\/..\/nauczyciel\/6\">Krzysztof<\/a><\/td><td><a href=\"http:\/\/4lo.edu.pl\/..\/nauczyciel\/6\">Cebula<\/a><\/td><td><a href=\"http:\/\/4lo.edu.pl\/..\/nauczyciel\/6\">KC<\/a><\/td><td>religia<\/td><\/tr><tr><td>4<\/td><td><a href=\"http:\/\/4lo.edu.pl\/..\/nauczyciel\/14\">Ma\u0142gorzata<\/a><\/td><td><a href=\"http:\/\/4lo.edu.pl\/..\/nauczyciel\/14\">Cedro<\/a><\/td><td><a href=\"http:\/\/4lo.edu.pl\/..\/nauczyciel\/14\">MC<\/a><\/td><td>WF<\/td><\/tr><tr><td>5<\/td><td><a href=\"http:\/\/4lo.edu.pl\/..\/nauczyciel\/21\">Milena<\/a><\/td><td><a href=\"http:\/\/4lo.edu.pl\/..\/nauczyciel\/21\">Chabros-Kowalik<\/a><\/td><td><a href=\"http:\/\/4lo.edu.pl\/..\/nauczyciel\/21\">CM<\/a><\/td><td>chemia<\/td><\/tr><tr><td>6<\/td><td><a href=\"http:\/\/4lo.edu.pl\/..\/tekst\/nauczyciele\">El\u017cbieta<\/a><\/td><td><a href=\"http:\/\/4lo.edu.pl\/..\/tekst\/nauczyciele\">Cichy<\/a><\/td><td><a href=\"http:\/\/4lo.edu.pl\/..\/nauczyciel\/24\">HC<\/a><\/td><td>biologia<\/td><\/tr><tr><td>7<\/td><td><a href=\"http:\/\/4lo.edu.pl\/..\/nauczyciel\/8\">Micha\u0142<\/a><\/td><td><a href=\"http:\/\/4lo.edu.pl\/..\/nauczyciel\/8\">\u0106wierz<\/a><\/td><td><a href=\"http:\/\/4lo.edu.pl\/..\/nauczyciel\/8\">M\u0106<\/a><\/td><td>religia<\/td><\/tr><tr><td>8<\/td><td><a href=\"http:\/\/4lo.edu.pl\/..\/nauczyciel\/13\">Grzegorz<\/a><\/td><td><a href=\"http:\/\/4lo.edu.pl\/..\/nauczyciel\/13\">Durlej<\/a><\/td><td><a href=\"http:\/\/4lo.edu.pl\/..\/nauczyciel\/13\">GD<\/a><\/td><td>WF<\/td><\/tr><tr><td>9<\/td><td><a href=\"http:\/\/4lo.edu.pl\/..\/nauczyciel\/32\">Anna<\/a><\/td><td><a href=\"http:\/\/4lo.edu.pl\/..\/nauczyciel\/32\">Dygas<\/a><\/td><td><a href=\"http:\/\/4lo.edu.pl\/..\/nauczyciel\/32\">Ay<\/a><\/td><td>matematyka<\/td><\/tr><tr><td>10<\/td><td><a href=\"http:\/\/4lo.edu.pl\/..\/nauczyciel\/50\">Agnieszka<\/a><\/td><td><a href=\"http:\/\/4lo.edu.pl\/..\/nauczyciel\/50\">Dytkowska<\/a><\/td><td><a href=\"http:\/\/4lo.edu.pl\/..\/nauczyciel\/50\">DA<\/a><\/td><td>j\u0119zyk angielski<\/td><\/tr><tr><td>11<\/td><td><a href=\"http:\/\/4lo.edu.pl\/..\/nauczyciel\/10\">Agnieszka<\/a><\/td><td><a href=\"http:\/\/4lo.edu.pl\/..\/nauczyciel\/10\">Fiuk<\/a><\/td><td><a href=\"http:\/\/4lo.edu.pl\/..\/nauczyciel\/10\">AF<\/a><\/td><td>WF<\/td><\/tr><tr><td>12<\/td><td><a href=\"http:\/\/4lo.edu.pl\/..\/nauczyciel\/12\">Marta<\/a><\/td><td><a href=\"http:\/\/4lo.edu.pl\/..\/nauczyciel\/12\">Gaj<\/a><\/td><td><a href=\"http:\/\/4lo.edu.pl\/..\/nauczyciel\/12\">GM<\/a><\/td><td>WF<\/td><\/tr><tr><td>13<\/td><td><a href=\"http:\/\/4lo.edu.pl\/..\/nauczyciel\/20\">Ewa<\/a><\/td><td><a href=\"http:\/\/4lo.edu.pl\/..\/nauczyciel\/20\">Giemza-G\u0142odkowska<\/a><\/td><td><a href=\"http:\/\/4lo.edu.pl\/..\/nauczyciel\/20\">EG<\/a><\/td><td>chemia<\/td><\/tr><tr><td>14<\/td><td><a href=\"http:\/\/4lo.edu.pl\/..\/nauczyciel\/49\">Agnieszka<\/a><\/td><td><a href=\"http:\/\/4lo.edu.pl\/..\/nauczyciel\/49\">Guzikowska<\/a><\/td><td><a href=\"http:\/\/4lo.edu.pl\/..\/nauczyciel\/49\">AG<\/a><\/td><td>j\u0119zyk angielski<\/td><\/tr><tr><td>15<\/td><td><a href=\"http:\/\/4lo.edu.pl\/..\/nauczyciel\/38\">Jolanta<\/a><\/td><td><a href=\"http:\/\/4lo.edu.pl\/..\/nauczyciel\/38\">Gw\u00f3\u017ad\u017a<\/a><\/td><td><a href=\"http:\/\/4lo.edu.pl\/..\/nauczyciel\/38\">JG<\/a><\/td><td>historia, historia i spo\u0142ecze\u0144stwo<\/td><\/tr><tr><td>16<\/td><td><a href=\"http:\/\/4lo.edu.pl\/..\/nauczyciel\/26\">Witold<\/a><\/td><td><a href=\"http:\/\/4lo.edu.pl\/..\/nauczyciel\/26\">Jachowicz<\/a><\/td><td><a href=\"http:\/\/4lo.edu.pl\/..\/nauczyciel\/26\">WJ<\/a><\/td><td>fizyka, fizyka w medycynie<\/td><\/tr><tr><td>17<\/td><td><a href=\"http:\/\/4lo.edu.pl\/..\/nauczyciel\/51\">Joanna<\/a><\/td><td><a href=\"http:\/\/4lo.edu.pl\/..\/nauczyciel\/51\">Jaworska<\/a><\/td><td><a href=\"http:\/\/4lo.edu.pl\/..\/nauczyciel\/51\">Jj<\/a><\/td><td>j\u0119zyk angielski<\/td><\/tr><tr><td>18<\/td><td><a href=\"http:\/\/4lo.edu.pl\/..\/nauczyciel\/31\">Petronela<\/a><\/td><td><a href=\"http:\/\/4lo.edu.pl\/..\/nauczyciel\/31\">Karczewska<\/a><\/td><td><a href=\"http:\/\/4lo.edu.pl\/..\/nauczyciel\/31\">PK<\/a><\/td><td>matematyka<\/td><\/tr><tr><td>19<\/td><td><a href=\"http:\/\/4lo.edu.pl\/..\/nauczyciel\/57\">Ma\u0142gorzata<\/a><\/td><td><a href=\"http:\/\/4lo.edu.pl\/..\/nauczyciel\/57\">Kaszuba<\/a><\/td><td><a href=\"http:\/\/4lo.edu.pl\/..\/nauczyciel\/57\">Ka<\/a><\/td><td>j\u0119zyk polski<\/td><\/tr><tr><td>20<\/td><td><a href=\"http:\/\/4lo.edu.pl\/..\/nauczyciel\/68\">Monika<\/a><\/td><td><a href=\"http:\/\/4lo.edu.pl\/..\/nauczyciel\/68\">Klim<\/a><\/td><td><a href=\"http:\/\/4lo.edu.pl\/..\/nauczyciel\/68\">MK<\/a><\/td><td>j\u0119zyk niemiecki<\/td><\/tr><tr><td>21<\/td><td><a href=\"http:\/\/4lo.edu.pl\/..\/nauczyciel\/15\">Robert<\/a><\/td><td><a href=\"http:\/\/4lo.edu.pl\/..\/nauczyciel\/15\">Kozie\u0142<\/a><\/td><td><a href=\"http:\/\/4lo.edu.pl\/..\/nauczyciel\/15\">KR<\/a><\/td><td>edukacja dla bezpiecze\u0144stwa, WOS<\/td><\/tr><tr><td>22<\/td><td><a href=\"http:\/\/4lo.edu.pl\/..\/nauczyciel\/48\">Monika<\/a><\/td><td><a href=\"http:\/\/4lo.edu.pl\/..\/nauczyciel\/48\">Kozubek<\/a><\/td><td><a href=\"http:\/\/4lo.edu.pl\/..\/nauczyciel\/48\">KM<\/a><\/td><td>j\u0119zyk angielski<\/td><\/tr><tr><td>23<\/td><td><a href=\"http:\/\/4lo.edu.pl\/..\/nauczyciel\/56\">Jadwiga<\/a><\/td><td><a href=\"http:\/\/4lo.edu.pl\/..\/nauczyciel\/56\">Kuchinka<\/a><\/td><td><a href=\"http:\/\/4lo.edu.pl\/..\/nauczyciel\/56\">JK<\/a><\/td><td>j\u0119zyk polski<\/td><\/tr><tr><td>24<\/td><td><a href=\"http:\/\/4lo.edu.pl\/..\/nauczyciel\/16\">Piotr<\/a><\/td><td><a href=\"http:\/\/4lo.edu.pl\/..\/nauczyciel\/16\">Burys<\/a><\/td><td><a href=\"http:\/\/4lo.edu.pl\/..\/nauczyciel\/16\">PB<\/a><\/td><td>informatyka<\/td><\/tr><tr><td>25<\/td><td><a href=\"http:\/\/4lo.edu.pl\/..\/nauczyciel\/17\">Lidia <\/a><\/td><td><a href=\"http:\/\/4lo.edu.pl\/..\/nauczyciel\/17\">Laskowska<\/a><\/td><td><a href=\"http:\/\/4lo.edu.pl\/..\/nauczyciel\/17\">LL<\/a><\/td><td>przedsi\u0119biorczo\u015b\u0107, WD\u017b<\/td><\/tr><tr><td>26<\/td><td><a href=\"http:\/\/4lo.edu.pl\/..\/nauczyciel\/34\">Bogus\u0142awa<\/a><\/td><td><a href=\"http:\/\/4lo.edu.pl\/..\/nauczyciel\/34\">Marczewska<\/a><\/td><td><a href=\"http:\/\/4lo.edu.pl\/..\/nauczyciel\/34\">BM<\/a><\/td><td>geografia<\/td><\/tr><tr><td>27<\/td><td><a href=\"http:\/\/4lo.edu.pl\/..\/nauczyciel\/23\">Jolanta<\/a><\/td><td><a href=\"http:\/\/4lo.edu.pl\/..\/nauczyciel\/23\">Nowak<\/a><\/td><td><a href=\"http:\/\/4lo.edu.pl\/..\/nauczyciel\/23\">JN<\/a><\/td><td>biologia, przyroda<\/td><\/tr><tr><td>28<\/td><td><a href=\"http:\/\/4lo.edu.pl\/..\/nauczyciel\/11\">Barbara<\/a><\/td><td><a href=\"http:\/\/4lo.edu.pl\/..\/nauczyciel\/11\">Okrzeja<\/a><\/td><td><a href=\"http:\/\/4lo.edu.pl\/..\/nauczyciel\/11\">BO<\/a><\/td><td>WF<\/td><\/tr><tr><td>29<\/td><td><a href=\"http:\/\/4lo.edu.pl\/..\/nauczyciel\/54\">Joanna<\/a><\/td><td><a href=\"http:\/\/4lo.edu.pl\/..\/nauczyciel\/54\">Pacak<\/a><\/td><td><a href=\"http:\/\/4lo.edu.pl\/..\/nauczyciel\/54\">JP<\/a><\/td><td>j\u0119zyk polski, WOK<\/td><\/tr><tr><td>30<\/td><td><a href=\"http:\/\/4lo.edu.pl\/..\/nauczyciel\/5\">Marek<\/a><\/td><td><a href=\"http:\/\/4lo.edu.pl\/..\/nauczyciel\/5\">Pa\u017a<\/a><\/td><td><a href=\"http:\/\/4lo.edu.pl\/..\/nauczyciel\/5\">MP<\/a><\/td><td>informatyka, przedsi\u0119biorczo\u015b\u0107<\/td><\/tr><tr><td>31<\/td><td><a href=\"http:\/\/4lo.edu.pl\/..\/nauczyciel\/46\">Katarzyna<\/a><\/td><td><a href=\"http:\/\/4lo.edu.pl\/..\/nauczyciel\/46\">Pelc<\/a><\/td><td><a href=\"http:\/\/4lo.edu.pl\/..\/nauczyciel\/46\">Pe<\/a><\/td><td>j\u0119zyk angielski<\/td><\/tr><tr><td>32<br><\/td><td><a href=\"http:\/\/4lo.edu.pl\/..\/nauczyciel\/29\">Jolanta<\/a><\/td><td><a href=\"http:\/\/4lo.edu.pl\/..\/nauczyciel\/29\">Pa\u017a<\/a><\/td><td><a href=\"http:\/\/4lo.edu.pl\/..\/nauczyciel\/29\">PJ<\/a><\/td><td>matematyka<\/td><\/tr><tr><td>34<\/td><td><a href=\"http:\/\/4lo.edu.pl\/..\/nauczyciel\/58\">Magdalena<\/a><\/td><td><a href=\"http:\/\/4lo.edu.pl\/..\/nauczyciel\/58\">Rolska<\/a><\/td><td><a href=\"http:\/\/4lo.edu.pl\/..\/nauczyciel\/58\">MR<\/a><\/td><td>j\u0119zyk angielski<\/td><\/tr><tr><td>35<\/td><td><a href=\"http:\/\/4lo.edu.pl\/..\/nauczyciel\/41\">Monika<\/a><\/td><td><a href=\"http:\/\/4lo.edu.pl\/..\/nauczyciel\/41\">Sak\u0142awska<\/a><\/td><td><a href=\"http:\/\/4lo.edu.pl\/..\/nauczyciel\/41\">Sa<\/a><\/td><td>j\u0119zyk niemiecki<\/td><\/tr><tr><td>36<\/td><td><a href=\"http:\/\/4lo.edu.pl\/..\/nauczyciel\/53\">Marzena<\/a><\/td><td><a href=\"http:\/\/4lo.edu.pl\/..\/nauczyciel\/53\">Samojlik<\/a><\/td><td><a href=\"http:\/\/4lo.edu.pl\/..\/nauczyciel\/53\">MS<\/a><\/td><td>j\u0119zyk polski<\/td><\/tr><tr><td>37<\/td><td><a href=\"http:\/\/4lo.edu.pl\/..\/nauczyciel\/28\">Ma\u0142gorzata<\/a><\/td><td><a href=\"http:\/\/4lo.edu.pl\/..\/nauczyciel\/28\">Skrzypek<\/a><\/td><td><a href=\"http:\/\/4lo.edu.pl\/..\/nauczyciel\/28\">SM<\/a><\/td><td>matematyka<\/td><\/tr><tr><td>38<\/td><td><a href=\"http:\/\/4lo.edu.pl\/..\/nauczyciel\/59\">Krystyna<\/a><\/td><td><a href=\"http:\/\/4lo.edu.pl\/..\/nauczyciel\/59\">Smolarczyk<\/a><\/td><td><a href=\"http:\/\/4lo.edu.pl\/..\/nauczyciel\/59\">KS<\/a><\/td><td>WF<\/td><\/tr><tr><td>39<\/td><td><a href=\"http:\/\/4lo.edu.pl\/..\/tekst\/nauczyciele\">Jolanta<\/a><\/td><td><a href=\"http:\/\/4lo.edu.pl\/..\/tekst\/nauczyciele\">Pa\u017c<\/a><\/td><td><a href=\"http:\/\/4lo.edu.pl\/..\/nauczyciel\/19\">JP<\/a><\/td><td>matamatyka<br><\/td><\/tr><tr><td>40<\/td><td><a href=\"http:\/\/4lo.edu.pl\/..\/nauczyciel\/37\">Sylwia<\/a><\/td><td><a href=\"http:\/\/4lo.edu.pl\/..\/nauczyciel\/37\">Szyma\u0144ska<\/a><\/td><td><a href=\"http:\/\/4lo.edu.pl\/..\/nauczyciel\/37\">SS<\/a><\/td><td>historia, WOS, historia i spo\u0142ecze\u0144stwo<\/td><\/tr><tr><td>41<\/td><td><a href=\"http:\/\/4lo.edu.pl\/..\/nauczyciel\/35\">Rafa\u0142<\/a><\/td><td><a href=\"http:\/\/4lo.edu.pl\/..\/nauczyciel\/35\">\u015awieczko<\/a><\/td><td><a href=\"http:\/\/4lo.edu.pl\/..\/nauczyciel\/35\">R\u015a<\/a><\/td><td>historia, WOS, historia i spo\u0142ecze\u0144stwo<\/td><\/tr><tr><td>42<\/td><td><a href=\"http:\/\/4lo.edu.pl\/..\/nauczyciel\/52\">Agnieszka<\/a><\/td><td><a href=\"http:\/\/4lo.edu.pl\/..\/nauczyciel\/52\">Urba\u0144czyk<\/a><\/td><td><a href=\"http:\/\/4lo.edu.pl\/..\/nauczyciel\/52\">AU<\/a><\/td><td>j\u0119zyk polski, WOK<\/td><\/tr><tr><td>43<\/td><td><a href=\"http:\/\/4lo.edu.pl\/..\/nauczyciel\/7\">Andrzej<\/a><\/td><td><a href=\"http:\/\/4lo.edu.pl\/..\/nauczyciel\/7\">Wojarski<\/a><\/td><td><a href=\"http:\/\/4lo.edu.pl\/..\/nauczyciel\/7\">AW<\/a><\/td><td>religia<\/td><\/tr><tr><td>44<\/td><td><a href=\"http:\/\/4lo.edu.pl\/..\/nauczyciel\/45\">Miros\u0142awa<\/a><\/td><td><a href=\"http:\/\/4lo.edu.pl\/..\/nauczyciel\/45\">Wojciechowska<\/a><\/td><td><a href=\"http:\/\/4lo.edu.pl\/..\/nauczyciel\/45\">MW<\/a><\/td><td>j\u0119zyk angielski<\/td><\/tr><tr><td>45<\/td><td><a href=\"http:\/\/4lo.edu.pl\/..\/nauczyciel\/40\">Beata<\/a><\/td><td><a href=\"http:\/\/4lo.edu.pl\/..\/nauczyciel\/40\">Zasempa<\/a><\/td><td><a href=\"http:\/\/4lo.edu.pl\/..\/nauczyciel\/40\">ZB<\/a><\/td><td>j\u0119zyk francuski<\/td><\/tr><tr><td>46<\/td><td><a href=\"http:\/\/4lo.edu.pl\/..\/nauczyciel\/33\">Agnieszka<\/a><\/td><td><a href=\"http:\/\/4lo.edu.pl\/..\/nauczyciel\/33\">Zieli\u0144ska<\/a><\/td><td><a href=\"http:\/\/4lo.edu.pl\/..\/nauczyciel\/33\">AZ<\/a><\/td><td>geografia<\/td><\/tr><tr><td>47<\/td><td><a href=\"http:\/\/4lo.edu.pl\/..\/nauczyciel\/9\">Krzysztof<\/a><\/td><td><a href=\"http:\/\/4lo.edu.pl\/..\/nauczyciel\/9\">Zieli\u0144ski<\/a><\/td><td><a href=\"http:\/\/4lo.edu.pl\/..\/nauczyciel\/9\">KZ<\/a><\/td><td>WF<\/td><\/tr><\/tbody><\/table>\n","protected":false},"excerpt":{"rendered":"<p>Lp. Imi\u0119 Nazwisko Inicja\u0142y Przedmioty 1 Anna Koz\u0142owska AK chemia 2 Stanis\u0142aw Bzymek SB j\u0119zyk niemiecki 3 Krzysztof Cebula KC religia 4 Ma\u0142gorzata Cedro MC WF 5 Milena Chabros-Kowalik CM&#8230; <\/p>\n","protected":false},"author":1,"featured_media":0,"parent":0,"menu_order":0,"comment_status":"closed","ping_status":"closed","template":"","meta":{"footnotes":""},"class_list":["post-69","page","type-page","status-publish","hentry"],"_links":{"self":[{"href":"https:\/\/4lo.kielce.eu\/index.php\/wp-json\/wp\/v2\/pages\/69","targetHints":{"allow":["GET"]}}],"collection":[{"href":"https:\/\/4lo.kielce.eu\/index.php\/wp-json\/wp\/v2\/pages"}],"about":[{"href":"https:\/\/4lo.kielce.eu\/index.php\/wp-json\/wp\/v2\/types\/page"}],"author":[{"embeddable":true,"href":"https:\/\/4lo.kielce.eu\/index.php\/wp-json\/wp\/v2\/users\/1"}],"replies":[{"embeddable":true,"href":"https:\/\/4lo.kielce.eu\/index.php\/wp-json\/wp\/v2\/comments?post=69"}],"version-history":[{"count":1,"href":"https:\/\/4lo.kielce.eu\/index.php\/wp-json\/wp\/v2\/pages\/69\/revisions"}],"predecessor-version":[{"id":70,"href":"https:\/\/4lo.kielce.eu\/index.php\/wp-json\/wp\/v2\/pages\/69\/revisions\/70"}],"wp:attachment":[{"href":"https:\/\/4lo.kielce.eu\/index.php\/wp-json\/wp\/v2\/media?parent=69"}],"curies":[{"name":"wp","href":"https:\/\/api.w.org\/{rel}","templated":true}]}}