{"id":6534,"date":"2024-03-25T14:30:32","date_gmt":"2024-03-25T13:30:32","guid":{"rendered":"http:\/\/4lo.kielce.eu\/?page_id=6534"},"modified":"2026-03-16T11:05:00","modified_gmt":"2026-03-16T10:05:00","slug":"deklaracja-dostepnosci","status":"publish","type":"page","link":"https:\/\/4lo.kielce.eu\/index.php\/deklaracja-dostepnosci\/","title":{"rendered":"Deklaracja dost\u0119pno\u015bci"},"content":{"rendered":"<section id=\"a11y-wstep\">\n<p><span id=\"a11y-podmiot\">IV Liceum Og\u00f3lnokszta\u0142c\u0105ce w Kielcach<\/span> zobowi\u0105zuje si\u0119 zapewni\u0107 dost\u0119pno\u015b\u0107 swojej <span id=\"a11y-zakres\">strony internetowej<\/span> zgodnie z ustaw\u0105 z dnia 4 kwietnia 2019 r. o dost\u0119pno\u015bci cyfrowej stron internetowych i aplikacji mobilnych podmiot\u00f3w publicznych.<\/p>\n<p>Deklaracja dost\u0119pno\u015bci dotyczy strony <a href=\"https:\/\/4lo.kielce.eu\" id=\"a11y-url\"> 4lo.kielce.eu<\/a>.<\/p>\n<\/section>\n<p>Data publikacji strony internetowej: <time id=\"a11y-data-publikacja\" datetime=\"2019-03-05\">5 marca 2019 r.<\/time><br \/>\nData ostatniej istotnej aktualizacji: <time id=\"a11y-data-aktualizacja\" datetime=\"2019-03-05\">5 marca 2019 r.<\/time><\/p>\n<h2>Stan dost\u0119pno\u015bci cyfrowej<\/h2>\n<p id=\"a11y-status\">Ta strona internetowa jest cz\u0119\u015bciowo zgodna z za\u0142\u0105cznikiem do ustawy o dost\u0119pno\u015bci cyfrowej z dnia 4 kwietnia 2019 r. o dost\u0119pno\u015bci cyfrowej stron internetowych i aplikacji mobilnych podmiot\u00f3w publicznych z powodu [niezgodno\u015bci i wy\u0142\u0105cze\u0144] wymienionych poni\u017cej.<\/p>\n<h2>Niedost\u0119pne tre\u015bci<\/h2>\n<h3>Niezgodno\u015b\u0107 z za\u0142\u0105cznikiem <\/h3>\n<ul>\n<li>wyst\u0119puj\u0105 elementy nie spe\u0142niaj\u0105ce wymog\u00f3w kontrastu;<\/li>\n<li>istniej\u0105 osadzone lub podlinkowane filmy YouTube, kt\u00f3re nie posiadaj\u0105 napis\u00f3w dla os\u00f3b g\u0142uchych;<\/li>\n<li>niekt\u00f3re zdj\u0119cia i obrazy graficzne, r\u00f3wnie\u017c te b\u0119d\u0105ce odno\u015bnikami, nie posiadaj\u0105 opis\u00f3w alternatywnych w znaczniku ALT;<\/li>\n<li>nie wszystkie dokumenty pdf, doc, docx, s\u0105 dost\u0119pne cyfrowo (np. dokumenty utworzone zosta\u0142y poprzez skan dokumentu papierowego, wyst\u0119puj\u0105 b\u0142\u0119dy w formatowaniu, brakuje tekst\u00f3w alternatywnych);<\/li>\n<li>istniej\u0105 odno\u015bniki, kt\u00f3rych tre\u015bci\u0105 jest adres URL;<\/li>\n<li>wyst\u0119puj\u0105 odno\u015bniki, kt\u00f3re nie zawieraj\u0105 \u017cadnego tekstu;<\/li>\n<li>w niekt\u00f3rych przypadkach s\u0105siaduj\u0105ce ze sob\u0105 odno\u015bniki prowadz\u0105 do tego samego adresu URL;<\/li>\n<li>istniej\u0105 b\u0142\u0119dy w definicji hierarchii nag\u0142\u00f3wk\u00f3w &#8211; w niekt\u00f3rych przypadkach brakuje nag\u0142\u00f3wka H1, a w innych zosta\u0142 pomini\u0119ty jeden z poziom\u00f3w nag\u0142\u00f3wka;<\/li>\n<li>wyst\u0119puj\u0105 nag\u0142\u00f3wki, kt\u00f3re nie zawieraj\u0105 tekstu<\/li>\n<li>nag\u0142\u00f3wek przegl\u0105darki zawiera jedynie informacje o podstronie bez nazwy serwisu;<\/li>\n<li>wyst\u0119puj\u0105 fragmenty tekstu o strukturze listy, kt\u00f3re nie s\u0105 zdefiniowane jako lista;<\/li>\n<li>odno\u015bniki nie posiadaj\u0105 ostrze\u017cenia przed otwarciem nowego okna\/zak\u0142adki w przegl\u0105darce;<\/li>\n<li>nawigacja za pomoc\u0105 klawiatury nie jest logiczna i zgodna z wygl\u0105dem strony;<\/li>\n<\/ul>\n<h2>Przygotowanie deklaracji dost\u0119pno\u015bci<\/h2>\n<ul>\n<li>Data sporz\u0105dzenia deklaracji: <time id=\"a11y-data-sporzadzenie\" datetime=\"2024-03-25\">25 marca 2024 r.<\/time><\/li>\n<li>Data ostatniego przegl\u0105du deklaracji: <time id=\"a11y-data-przeglad\" datetime=\"2026-03-16\">16 marca 2026 r.<\/time><\/li>\n<\/ul>\n<p>Deklaracj\u0119 sporz\u0105dzili\u015bmy na podstawie samooceny w oparciu o <a href=\"https:\/\/www.gov.pl\/attachment\/1a3e2bb5-6d60-4897-ac2f-07a8e91e70ed\">List\u0119 kontroln\u0105 do badania dost\u0119pno\u015bci cyfrowej strony internetowej v. 2.2 (docx, 0,12MB)<\/a>.<\/p>\n<h2>Udogodnienia, ograniczenia i inne informacje<\/h2>\n<p>Strona posiada nast\u0119puj\u0105ce u\u0142atwienia dla os\u00f3b z niepe\u0142nosprawno\u015bciami:<\/p>\n<ul>\n<li>strona zosta\u0142a zbudowana&nbsp;w oparciu o metod\u0119 \u201eResponsive Web Design\u201d, w skr\u00f3cie RWD. Metoda ta sprawia, \u017ce serwis automatycznie dostosowuje wy\u015bwietlanie do rozdzielczo\u015bci oraz wielko\u015bci ekranu. Nie wymaga powi\u0119kszania, ani przewijania w kierunku poziomym. W urz\u0105dzeniach takich jak tablety, smartfony, telefony kom\u00f3rkowe serwis jest znacznie bardziej czytelny i przyjazny w obs\u0142udze.<\/li>\n<li>strona nie zawiera skr\u00f3t\u00f3w klawiaturowych, kt\u00f3re mog\u0142y by wchodzi\u0107 w konflikt z technologiami asystuj\u0105cymi (np. programy czytaj\u0105ce), systemem lub aplikacjami u\u017cytkownik\u00f3w.<\/li>\n<\/ul>\n<h2>Informacje zwrotne i dane kontaktowe<\/h2>\n<p>Wszystkie problemy z dost\u0119pno\u015bci\u0105 cyfrow\u0105 tej strony internetowej mo\u017cesz zg\u0142osi\u0107 do <span id=\"a11y-kontakt\">Katarzyny Miodek<\/span> \u2014 mejlowo <a id=\"a11y-email\" href=\"mailto:sekretariat@4lo.kielce.eu\">sekretariat@4lo.kielce.eu<\/a> lub telefonicznie <a href=\"tel:+413676505\" id=\"a11y-telefon\">41 3676505<\/a>.<\/p>\n<p>Ka\u017cdy ma prawo wyst\u0105pi\u0107 z \u017c\u0105daniem zapewnienia dost\u0119pno\u015bci cyfrowej tej strony internetowej lub jej element\u00f3w.<\/p>\n<p>Zg\u0142aszaj\u0105c takie \u017c\u0105danie podaj:<\/p>\n<ul>\n<li>swoje imi\u0119 i nazwisko,<\/li>\n<li>swoje dane kontaktowe (np. numer telefonu, e-mail),<\/li>\n<li>dok\u0142adny adres strony internetowej, na kt\u00f3rej jest niedost\u0119pny cyfrowo element lub tre\u015b\u0107,<\/li>\n<li>opis na czym polega problem i jaki spos\u00f3b jego rozwi\u0105zania by\u0142by dla Ciebie najwygodniejszy.<\/li>\n<\/ul>\n<p>Na Twoje zg\u0142oszenie odpowiemy najszybciej jak to mo\u017cliwe, nie p\u00f3\u017aniej ni\u017c w ci\u0105gu 7 dni od jego otrzymania.<\/p>\n<p>Je\u017celi ten termin b\u0119dzie dla nas zbyt kr\u00f3tki poinformujemy Ci\u0119 o tym. W tej informacji podamy nowy termin, do kt\u00f3rego poprawimy zg\u0142oszone przez Ciebie b\u0142\u0119dy lub przygotujemy informacje w alternatywny spos\u00f3b. Ten nowy termin nie b\u0119dzie d\u0142u\u017cszy ni\u017c 2 miesi\u0105ce.<\/p>\n<p>Je\u017celi nie b\u0119dziemy w stanie zapewni\u0107 dost\u0119pno\u015bci cyfrowej strony internetowej lub tre\u015bci, wskazanej w Twoim \u017c\u0105daniu, zaproponujemy Ci dost\u0119p do nich w alternatywny spos\u00f3b.<\/p>\n<section id=\"a11y-procedura\">\n<h2>Obs\u0142uga wniosk\u00f3w i skarg zwi\u0105zanych z dost\u0119pno\u015bci\u0105<\/h2>\n<p>Je\u017celi w odpowiedzi na Tw\u00f3j wniosek o zapewnienie dost\u0119pno\u015bci cyfrowej, odm\u00f3wimy zapewnienia \u017c\u0105danej przez Ciebie dost\u0119pno\u015bci cyfrowej, a Ty nie zgadzasz si\u0119 z t\u0105 odmow\u0105, masz prawo z\u0142o\u017cy\u0107 skarg\u0119.<\/p>\n<p>Skarg\u0119 masz prawo z\u0142o\u017cy\u0107 tak\u017ce, je\u015bli nie zgadzasz si\u0119 na skorzystanie z alternatywnego sposobu dost\u0119pu, kt\u00f3ry zaproponowali\u015bmy Ci w odpowiedzi na Tw\u00f3j wniosek o zapewnienie dost\u0119pno\u015bci cyfrowej.<\/p>\n<p>Ewentualn\u0105 skarg\u0119 z\u0142\u00f3\u017c listownie lub mailem do kierownictwa naszego urz\u0119du:<\/p>\n<ul>\n<li>Edyta Lato \u2014 Dyrektor IV Liceum Og\u00f3lnokszta\u0142c\u0105cego w Kielcach,<\/li>\n<li>Adres: ul. Radiowa 1, 25-317 Kielce,<\/li>\n<li>mejl: <a href=\"mailto:sekretariat@4lo.kielce.eu\"> sekretariat@4lo.kielce.eu<\/a>.<\/li>\n<\/ul>\n<p><a href=\"https:\/\/www.gov.pl\/web\/gov\/zloz-wniosek-o-zapewnienie-dostepnosci-cyfrowej-strony-internetowej-lub-aplikacji-mobilnej\">Pomocne mog\u0105 by\u0107 informacje, kt\u00f3re mo\u017cna znale\u017a\u0107 na rz\u0105dowym portalu gov.pl<\/a>.<\/p>\n<p>Mo\u017cesz tak\u017ce poinformowa\u0107 o tej sytuacji <a href=\"https:\/\/bip.brpo.gov.pl\/\"> Rzecznika Praw Obywatelskich<\/a> i poprosi\u0107 o interwencj\u0119 w Twojej sprawie.<\/p>\n<\/section>\n<h2>Pozosta\u0142e informacje<\/h2>\n<section id=\"a11y-architektura\">\n<h3>Dost\u0119pno\u015b\u0107 architektoniczna<\/h3>\n<h4>IV Liceum Og\u00f3lnokszta\u0142c\u0105ce w Kielcach \u2014 ul. Radiowa 1, 25-317 Kielce<\/h4>\n<ul>\n<li>Do budynku prowadz\u0105 dwa wej\u015bcia \u2013 wej\u015bcie g\u0142\u00f3wne i wej\u015bcie boczne od ul. Radiowej. Wej\u015bcia posiadaj\u0105 schody, przy wej\u015bciu g\u0142\u00f3wnym jest &nbsp;podjazd dla w\u00f3zk\u00f3w inwalidzkich.<\/li>\n<li>Nad wej\u015bciami brak jest g\u0142o\u015bnik\u00f3w systemu naprowadzaj\u0105cego d\u017awi\u0119kowo osoby niewidome i s\u0142abo widz\u0105ce. Wej\u015bcia nie s\u0105 zabezpieczone bramkami.<\/li>\n<li>W budynku nie ma windy.<\/li>\n<li>Schody w budynku nie posiadaj\u0105 podjazd\u00f3w dla w\u00f3zk\u00f3w inwalidzkich.<\/li>\n<li>W budynku szko\u0142y korytarze, schody i balustrady schod\u00f3w s\u0105 zgodne z prawem budowlanym.<\/li>\n<li>W szkole nie ma toalety przystosowanej dla os\u00f3b niepe\u0142nosprawnych.<\/li>\n<li>Na parkingu przed budynkiem szko\u0142y wyznaczono miejsce parkingowe dla os\u00f3b niepe\u0142nosprawnych.<\/li>\n<li>Do budynku szko\u0142y mo\u017cna wej\u015b\u0107 z psem asystuj\u0105cym i psem przewodnikiem.<\/li>\n<li>W budynku nie ma p\u0119tli indukcyjnych.<\/li>\n<li>W budynku nie ma oznacze\u0144 w alfabecie Braille\u2019a ani oznacze\u0144 kontrastowych oraz w druku powi\u0119kszonym dla os\u00f3b niewidomych i s\u0142abo widz\u0105cych.<\/li>\n<li>Nie istnieje mo\u017cliwo\u015b\u0107 skorzystania z us\u0142ug t\u0142umacza migowego.<\/p>\n<\/ul>\n<\/section>\n<section id=\"a11y-komunikacja\">\n<h3>Dost\u0119pno\u015b\u0107 komunikacyjno-informacyjna<\/h3>\n<p>Obecnie nie ma mo\u017cliwo\u015bci skorzystania z t\u0142umacza polskiego j\u0119zyka migowego (PJM) online.<\/p>\n<\/section>\n","protected":false},"excerpt":{"rendered":"<p>IV Liceum Og\u00f3lnokszta\u0142c\u0105ce w Kielcach zobowi\u0105zuje si\u0119 zapewni\u0107 dost\u0119pno\u015b\u0107 swojej strony internetowej zgodnie z ustaw\u0105 z dnia 4 kwietnia 2019 r. o dost\u0119pno\u015bci cyfrowej stron internetowych i aplikacji mobilnych podmiot\u00f3w&#8230; <\/p>\n","protected":false},"author":34,"featured_media":0,"parent":0,"menu_order":0,"comment_status":"closed","ping_status":"closed","template":"","meta":{"footnotes":""},"class_list":["post-6534","page","type-page","status-publish","hentry"],"_links":{"self":[{"href":"https:\/\/4lo.kielce.eu\/index.php\/wp-json\/wp\/v2\/pages\/6534","targetHints":{"allow":["GET"]}}],"collection":[{"href":"https:\/\/4lo.kielce.eu\/index.php\/wp-json\/wp\/v2\/pages"}],"about":[{"href":"https:\/\/4lo.kielce.eu\/index.php\/wp-json\/wp\/v2\/types\/page"}],"author":[{"embeddable":true,"href":"https:\/\/4lo.kielce.eu\/index.php\/wp-json\/wp\/v2\/users\/34"}],"replies":[{"embeddable":true,"href":"https:\/\/4lo.kielce.eu\/index.php\/wp-json\/wp\/v2\/comments?post=6534"}],"version-history":[{"count":4,"href":"https:\/\/4lo.kielce.eu\/index.php\/wp-json\/wp\/v2\/pages\/6534\/revisions"}],"predecessor-version":[{"id":9569,"href":"https:\/\/4lo.kielce.eu\/index.php\/wp-json\/wp\/v2\/pages\/6534\/revisions\/9569"}],"wp:attachment":[{"href":"https:\/\/4lo.kielce.eu\/index.php\/wp-json\/wp\/v2\/media?parent=6534"}],"curies":[{"name":"wp","href":"https:\/\/api.w.org\/{rel}","templated":true}]}}