{"id":65,"date":"2020-01-04T20:58:31","date_gmt":"2020-01-04T19:58:31","guid":{"rendered":"http:\/\/4lo.kielce.eu\/?page_id=65"},"modified":"2020-02-27T20:55:43","modified_gmt":"2020-02-27T19:55:43","slug":"iv-lo-tu-wszystko-moze-sie-zdarzyc","status":"publish","type":"page","link":"https:\/\/4lo.kielce.eu\/index.php\/iv-lo-tu-wszystko-moze-sie-zdarzyc\/","title":{"rendered":"IV LO&#8230;tu wszystko &#8230;"},"content":{"rendered":"\n<p><strong><em>Zapraszamy na&nbsp;Dzie\u0144 otwarty w IV LO<br>5 kwietnia 2019r.&nbsp;<\/em><\/strong><\/p>\n\n\n\n<div class=\"wp-block-image\"><figure class=\"aligncenter\"><img decoding=\"async\" src=\"http:\/\/4lo.edu.pl\/Ajaw\/LOGO_male2.png\" alt=\"\"\/><\/figure><\/div>\n\n\n\n<p><strong><em>IV &nbsp;Liceum Og\u00f3lnokszta\u0142c\u0105ce\u2026<\/em><\/strong><\/p>\n\n\n\n<p class=\"has-text-align-center\"><strong><em> <strong>tu wszystko mo\u017ce si\u0119 zdarzy\u0107.<\/strong><\/em><\/strong><\/p>\n\n\n\n<p><em>W tych s\u0142owach zawarta jest ca\u0142a tajemnica jedynej<\/em><\/p>\n\n\n\n<p><em>i niepowtarzalnej atmosfery jaka panuje w naszej szkole &nbsp;<\/em><\/p>\n\n\n\n<p><em>&nbsp;IV Liceum Og\u00f3lnokszta\u0142c\u0105ce to szko\u0142a z bogatymi tradycjami i sukcesami.<\/em><\/p>\n\n\n\n<p><em>Szko\u0142\u0119 tworzymy my, uczniowie, wzajemnie si\u0119 inspiruj\u0105cy i inspirowani przez <\/em><\/p>\n\n\n\n<p><em>dyrekcj\u0119<\/em><em>i nauczycieli. &nbsp; &nbsp; &nbsp; &nbsp; &nbsp; &nbsp; &nbsp; &nbsp; &nbsp; &nbsp; &nbsp; &nbsp; &nbsp; &nbsp; &nbsp; &nbsp; &nbsp; &nbsp; &nbsp; &nbsp; &nbsp; &nbsp; &nbsp; &nbsp; &nbsp; &nbsp; &nbsp; &nbsp; &nbsp; &nbsp;<\/em><\/p>\n\n\n\n<p><strong><em>W IV LO ka\u017cdy dzie\u0144 jest wydarzeniem.<\/em><\/strong><\/p>\n\n\n\n<p><em><strong>&nbsp; &nbsp;Rok szkolny w IV Liceum Og\u00f3lnokszta\u0142c\u0105cym w pigu\u0142ce<\/strong>&nbsp;<\/em><\/p>\n\n\n\n<p>Na pocz\u0105tek, we <strong>wrze\u015bniu<\/strong>,\n organizujemy Rajd Integracyjny dla pierwszoklasist\u00f3w \u015bwi\u0119tokrzyskimi \nszlakami \u201eniskopiennymi\u201d. Po marszu strudzeni w\u0119drowcy odzyskuj\u0105 si\u0142y, \ndelektuj\u0105c si\u0119 pysznym bigosem, pieczonymi ziemniakami i&nbsp;kie\u0142baskami \nPrzyst\u0119puj\u0105 te\u017c do rywalizacji, na weso\u0142o prezentuj\u0105c profile klas i \nucz\u0105c si\u0119 szkolnych ta\u0144c\u00f3w.<\/p>\n\n\n\n<p>Kolejny\n sezon otwiera tak\u017ce Klub Turystyki G\u00f3rskiej, z kt\u00f3rym zwiedzamy polskie\n g\u00f3ry. G\u00f3ry \u015awi\u0119tokrzyskie, Bieszczady, Tatry, Polska czy S\u0142owacja s\u0105 \nnam dobrze znane. Poznawanie \u015bwiata to jedna z naszych pasji. \nOdwiedzili\u015bmy dotychczas m.in. Wielk\u0105 Brytani\u0119, Austri\u0119, Czechy, Niemcy,\n Belgi\u0119. Zwiedzili\u015bmy Parlament Europejski, oceanarium, Pa\u0142ac \nBuckingham. A to nie wszystko. J\u0119zyki obce to nasza pasja. Klasy z \nrozszerzonym programem nauczania j. angielskiego to nie tylko mo\u017cliwo\u015b\u0107 \nrozwijania swoich zainteresowa\u0144, poznawania s\u0142ownictwa bran\u017cowego, np. \nmedycznego, przydatnego w wykonywaniu przysz\u0142ego zawodu. To tak\u017ce \npewno\u015b\u0107 osi\u0105gni\u0119cia dobrego wyniku na maturze.<\/p>\n\n\n\n<p>Ostatni\n dzie\u0144 wrze\u015bnia to tradycyjnie dzie\u0144 wybor\u00f3w do Samorz\u0105du Uczniowskiego.\n Co roku wybory organizowane s\u0105 w ramach og\u00f3lnopolskiej akcji \u201eSamorz\u0105dy\n maj\u0105 g\u0142os\u201d, dzi\u0119ki kt\u00f3rej uczniowie ucz\u0105 si\u0119 nie tylko, jak zgodnie z \nprawem zorganizowa\u0107 wybory, ale tak\u017ce poznaj\u0105 praktyczne znaczenie \ndokonywanych przez siebie wybor\u00f3w.<\/p>\n\n\n\n<p>Wrzesie\u0144 i <strong>pa\u017adziernik<\/strong>\n to pocz\u0105tek udzia\u0142u w r\u00f3\u017cnych konkursach. Nasi uczniowie s\u0105 \nwszechstronni i bior\u0105 w nich udzia\u0142 indywidualnie i w grupach a nawet \nca\u0142ymi klasami. S\u0105 w\u015br\u00f3d nas re\u017cyserzy i aktorzy, pisarze i poeci, \nekolodzy-wygrali\u015bmy konkurs na ekologiczne graffiti i stworzyli\u015bmy \nartystyczn\u0105 hodowl\u0119 mchu. Chemia to dla nas chleb powszedni \u2013 jeste\u015bmy \nzwyci\u0119zcami konkursu, dzi\u0119ki kt\u00f3remu mogli\u015bmy unowocze\u015bni\u0107 szkolne \npracownie biologii i chemii. Co roku nasi uczniowie bior\u0105 udzia\u0142 i \nodnosz\u0105 sukcesy w \u015awi\u0119tokrzyskim Maratonie Matematycznym, kt\u00f3ry \norganizowany jest we wsp\u00f3\u0142pracy z Politechnik\u0105 \u015awi\u0119tokrzysk\u0105. Klasy z \nrozszerzonym programem nauczania matematyki to gwarancja osi\u0105gni\u0119cia \njednych z najwy\u017cszych wynik\u00f3w na maturze i dostania si\u0119 na studia \npolitechniczne czy ekonomiczne.<\/p>\n\n\n\n<p>Szkolny\n radiow\u0119ze\u0142 \u201eCzw\u00f3rka\u201d to wa\u017cny element szkolnej codzienno\u015bci. Ka\u017cdy mo\u017ce\n zg\u0142osi\u0107 muzyczne propozycje i stworzy\u0107 swoj\u0105 list\u0119 przeboj\u00f3w.<\/p>\n\n\n\n<p>Muzyka\n towarzyszy nam na co dzie\u0144. \u015apiewamy z okazji uroczysto\u015bci szkolnych i \nnarodowych, aby si\u0119 radowa\u0107, ale i wyciszy\u0107 i wspomina\u0107 wielkich \nartyst\u00f3w, jak Leonard Cohen, oraz aby pokaza\u0107, jacy jeste\u015bmy na co \ndzie\u0144. Nie tylko \u015bpiewamy, ale tak\u017ce ogl\u0105damy wyst\u0119py artyst\u00f3w \nKieleckiego Teatru Ta\u0144ca, Teatru Roma i Buffo w Warszawie.<\/p>\n\n\n\n<p>Teatr\n to nasza wielka tradycja. W szkole dzia\u0142aj\u0105 dwa zespo\u0142y teatralne: \nlegendarna PANIKA i wsp\u00f3\u0142czesny GroPe 423. Nasi uczniowie, absolwenci i \nnauczyciele wsp\u00f3lnie oddaj\u0105 si\u0119 pasji aktorskiej.To \njedyna taka inicjatywa w szko\u0142ach kieleckich, dzi\u0119ki kt\u00f3rej m\u0142odzie\u017c \nwsp\u00f3lnie z nauczycielami przygotowuje spektakle wystawiane na deskach \nTeatru im. Stefana \u017beromskiego czy Kieleckiego Centrum Kultury. Wierzcie\n nam \u2013 tego si\u0119 nie zapomina. &nbsp;Do historii przesz\u0142y ju\u017c przedstawienia \nspektaklu \u201eShrek\u201d, \u201eDamy i huzary\u201d czy tegoroczny \u201eNext ex\u201d. S\u0105 w\u015br\u00f3d \nnas przyszli aktorzy, j\u0119zykoznawcy czy prawnicy, dla kt\u00f3rych sprawne \npos\u0142ugiwanie si\u0119 poprawn\u0105 polszczyzn\u0105 jest jednym z g\u0142\u00f3wnych cel\u00f3w, \ndlatego wyb\u00f3r klasy z rozszerzonym programem nauczania j. polskiego i \nhistorii wydaje si\u0119 oczywisty.<\/p>\n\n\n\n<p><strong>Listopad<\/strong>\n stoi pod znakiem obchod\u00f3w \u015awi\u0119ta Niepodleg\u0142o\u015bci oraz przygotowa\u0144 do \ncorocznej wizyty m\u0142odzie\u017cy z Izraela w ramach wymiany kulturalnej mi\u0119dzy\n IV LO i Maccabim Reut Mor High School.&nbsp; Mamy mo\u017cliwo\u015b\u0107 pozna\u0107 si\u0119 \nbli\u017cej, porozmawia\u0107 o kwestiach wa\u017cnych dla nas i sposobach \nrozwi\u0105zywania problem\u00f3w w ka\u017cdej z naszych ojczyzn. To czas na \nnawi\u0105zanie nowych znajomo\u015bci, a nawet przyja\u017ani.<\/p>\n\n\n\n<p>W\n IV Liceum Og\u00f3lnokszta\u0142c\u0105cym dzia\u0142a Szkolny Klub Historyczny im. Armii \nKrajowej, kt\u00f3ry inspiruje dzia\u0142ania krzewi\u0105ce patriotyzm poprzez \nspotkania z uczestnikami walk o niepodleg\u0142o\u015b\u0107, lekcje po\u015bwi\u0119cone m.in. \npowstaniu Polskiego Pa\u0144stwa Podziemnego i Armii Krajowej.<\/p>\n\n\n\n<p>Dzie\u0144\n \u017byczliwo\u015bci to tak\u017ce tradycja naszej szko\u0142y. Odwiedzamy wielu bliskich \nnam ludzi i instytucje, sk\u0142adaj\u0105c \u017cyczenia w tym szczeg\u00f3lnym dniu.<\/p>\n\n\n\n<p>Wolontariat\n to niezwykle wa\u017cny element naszego szkolnego \u017cycia. Bierzemy udzia\u0142 w \nkwestach na kieleckich cmentarzach w czasie \u015awi\u0119ta Zmar\u0142ych, akcji G\u00f3ra \nGrosza, a&nbsp; nasi uczniowie pomagaj\u0105 w Hospicjum Stacjonarnym Caritas w \nKielcach. Mo\u017cliwo\u015b\u0107 wp\u0142ywania na otaczaj\u0105c\u0105 nas rzeczywisto\u015b\u0107 w ramach \npracy w organach pa\u0144stwowych jak i organizacjach pozarz\u0105dowych to wa\u017cny \nelement dla tych, kt\u00f3rzy wybior\u0105 klas\u0119 z rozszerzonym programem \nnauczania wiedzy o spo\u0142ecze\u0144stwie i geografii. Poznajemy prac\u0119 s\u0105d\u00f3w, \nbierzemy udzia\u0142 w Debacie M\u0142odych organizowanej przez Dom Kultury \n\u201eZameczek\u201d<\/p>\n\n\n\n<p>A poniewa\u017c zima tu\u017c, tu\u017c to coraz cz\u0119\u015bciej my\u015blimy o zimowych atrakcjach. <strong>Grudniowe<\/strong> Miko\u0142ajki to dobra okazja do zorganizowania wyj\u015b\u0107 na \u0142y\u017cwy a dla zmarzluch\u00f3w na kr\u0119gle.<\/p>\n\n\n\n<p>Czas\n \u015bwi\u0105teczny zbli\u017ca si\u0119 du\u017cymi krokami. Coraz cz\u0119\u015bciej s\u0142ycha\u0107 na \nkorytarzach kol\u0119dy \u015bpiewane przez klasy przygotowuj\u0105ce si\u0119 do szkolnych \njase\u0142ek i wigilii. Na korytarzach pojawiaj\u0105 si\u0119 choinki, wystawy kartek i\n ozd\u00f3b \u015bwi\u0105tecznych wykonanych przez uczni\u00f3w. Odwiedzamy te\u017c wiele \ninstytucji w Kielcach, z kt\u00f3rymi wsp\u00f3\u0142pracujemy ka\u017cdego dnia, \u017ceby \nz\u0142o\u017cy\u0107 \u017cyczenia \u015bwi\u0105teczne i noworoczne. Sw\u00f3j fina\u0142 znajduje akcja \nSzlachetna Paczka, kt\u00f3r\u0105 kierujemy przede wszystkim do uczni\u00f3w IV LO, \nkt\u00f3rzy potrzebuj\u0105 naszego wsparcia.<\/p>\n\n\n\n<p><strong>Stycze\u0144<\/strong>\n zdominowany jest przez dwie wielkie imprezy. Zaczynamy od udzia\u0142u w \nWielkiej Orkiestrze \u015awi\u0105tecznej Pomocy. Corocznie ogromna grupa \nwolontariuszy z naszej szko\u0142y zbiera \u015brodki na wsparcie dla \npotrzebuj\u0105cych a ka\u017cdy rok przynosi kolejny rekord&nbsp; finansowy. Stycze\u0144 \nto tradycyjnie czas na Studni\u00f3wk\u0119, do kt\u00f3rej przygotowania trwaj\u0105 od \npocz\u0105tku roku &#8211; to czas sukni balowych, garnitur\u00f3w, poloneza, ta\u0144ca i \nrado\u015bci przed jednym z najwa\u017cniejszych wydarze\u0144 w \u017cyciu \u2013 matur\u0105.<\/p>\n\n\n\n<p>W <strong>lutym<\/strong>\n odpoczywamy od ci\u0119\u017ckiej pracy w I semestrze. Ferie to czas na nabranie \nsi\u0142 do dalszej pracy. Nie tracimy kontaktu ze szko\u0142\u0105, poniewa\u017c na \nszkolnym Facebooku trwaj\u0105 konkursy i akcje zwi\u0105zane z zimowym \nodpoczynkiem. Otworem stoi dla nas tak\u017ce biblioteka szkolna, kt\u00f3ra w \ntrakcie roku szkolnego organizuje konkursy i akcje, dzi\u0119ki kt\u00f3rym \nczytanie nie jest takie straszne. Wygrywamy konkursy zwi\u0105zane nie tylko z\n czytelnictwem ale tak\u017ce promuj\u0105ce ksi\u0105\u017cki jak \u017ar\u00f3d\u0142o wiedzy wszelakiej,\n a ferie to najlepszy czas na nadrobienie czytelniczych zaleg\u0142o\u015bci.<\/p>\n\n\n\n<p>W <strong>marcu<\/strong>\n przygotowani jeste\u015bmy na przyj\u0119cie wiosny. Spragnieni s\u0142o\u0144ca, kolor\u00f3w i\n ciep\u0142a nabieramy si\u0142 inspirowani przygotowaniami do odbywaj\u0105cego si\u0119 co\n roku Tygodnia Promocji Zdrowia, kt\u00f3rego nieod\u0142\u0105cznym elementem s\u0105 takie\n akcje jak \u201eJab\u0142ka w szkole\u201d, spotkania z lekarzami i specjalistami \nzajmuj\u0105cymi si\u0119 zdrowiem. Zdrowie to tak\u017ce w\u0142a\u015bciwa dieta. Co roku \nodbywa si\u0119 Konkurs Kulinarny, dzi\u0119ki kt\u00f3remu poznajemy tradycyjne dania i\n potrawy z r\u00f3\u017cnych zak\u0105tk\u00f3w \u015bwiata.<\/p>\n\n\n\n<p>Sport\n to istotny element naszego szkolnego \u017cycia. Bierzemy udzia\u0142 i odnosimy \nsukcesy w wielu dyscyplinach sportowych anga\u017cuj\u0105cych zespo\u0142y jak i \nsportowc\u00f3w indywidualnych. Od 2015r. wysi\u0142kiem ca\u0142ej spo\u0142eczno\u015bci \nszkolnej, w&nbsp; ramach Bud\u017cetu Obywatelskiego, mo\u017cemy cieszy\u0107 si\u0119 nowym \nkompleksem boisk sportowych a sala gimnastyczna nabra\u0142a nowego blasku.<\/p>\n\n\n\n<p><strong>Kwiecie\u0144<\/strong> to okres przygotowa\u0144 do dw\u00f3ch wielkich wydarze\u0144 w IV LO \u2013 Dnia Otwartego i matury.<\/p>\n\n\n\n<p>Koszulka\n IV LO to nieod\u0142\u0105czny element naszego szkolnego \u017cycia. Bierzemy w niej \nudzia\u0142 w zawodach sportowych, reprezentujemy szko\u0142\u0119 na mniej oficjalnych\n uroczysto\u015bciach i spotkaniach. Dzi\u0119ki niej mo\u017cna nas wyr\u00f3\u017cni\u0107 spo\u015br\u00f3d \ninnych licealist\u00f3w na Targach Edukacyjnych i w trakcie Dnia \nOtwartego-Maj\u00f3wki z IV LO<\/p>\n\n\n\n<p><strong>Maj\u00f3wka<\/strong>\n z IV LO to dzie\u0144, w kt\u00f3rym wszystkie sale, korytarze, tudzie\u017c inne \nzakamarki szko\u0142y, s\u0105 otwarte dla odwiedzaj\u0105cych nas go\u015bci. Przyszli \nliceali\u015bci maj\u0105 mo\u017cliwo\u015b\u0107 pozna\u0107 naszych uczni\u00f3w, nauczycieli i dyrekcj\u0119\n szko\u0142y. Has\u0142o dnia to : \u201eWejdziecie na chwil\u0119, a obiecujemy, \u017ce \nzostaniecie na d\u0142u\u017cej.\u201d Corocznie czekamy na ten dzie\u0144 z \nniecierpliwo\u015bci\u0105 i nie jeste\u015bmy zawiedzeni \u2013 Maj\u00f3wka z IV LO cieszy si\u0119 \nogromn\u0105 popularno\u015bci\u0105.<\/p>\n\n\n\n<p>Matura\n to dla naszych absolwent\u00f3w niezwyk\u0142e wydarzenie \u2013 niemal miesi\u0105c zmaga\u0144\n z testami i egzaminami ustnymi. Trzymamy za nich kciuki i wierzymy, \u017ce \ntak jak w ubieg\u0142ych latach, osi\u0105gn\u0105 bardzo dobre wyniki.<\/p>\n\n\n\n<p>Ale\n maj to tak\u017ce czas, kiedy uczniowie wyje\u017cd\u017caj\u0105 na wycieczki szkolne. \nZwiedzili\u015bmy ju\u017c niemal ca\u0142\u0105 Polsk\u0119, nasi uczniowie byli prawie \nwsz\u0119dzie, a wspomnienia ze wsp\u00f3lnie sp\u0119dzonych chwil s\u0105 niezapomniane.<\/p>\n\n\n\n<p><strong>Czerwiec <\/strong>to\n ostatni miesi\u0105c roku szkolnego i wszyscy s\u0105 ju\u017c gotowi rozpocz\u0105\u0107 \nwakacje. Ale w naszej szkole wci\u0105\u017c wiele si\u0119 dzieje. 1 czerwca to \ntradycyjnie Dzie\u0144 Sportu, w trakcie kt\u00f3rego odbywa si\u0119 niezliczona \nliczba konkurs\u00f3w i zawod\u00f3w sportowych. Bo jak lepiej mo\u017cna obchodzi\u0107 \nDzie\u0144 Dziecka ni\u017c na sportowo?<\/p>\n\n\n\n<p>Tradycj\u0105\n IV LO jest tak\u017ce organizowanie Gry Miejskiej, w kt\u00f3rej uczestnicz\u0105 \ndru\u017cyny sk\u0142adaj\u0105ce si\u0119 zar\u00f3wno z uczni\u00f3w jak i nauczycieli. Kilkuosobowe\n zespo\u0142y wykonuj\u0105 zadania w r\u00f3\u017cnych punktach miasta, min. w Kieleckim \nTeatrze Ta\u0144ca, Teatrze im. S. \u017beromskiego, redakcji \u201eEcha Dnia\u201d, Radiu \nKielce, Muzeum Dialogu Kultur, Muzeum Zabawek i Zabawy. Uczestnicy musz\u0105\n wykaza\u0107 si\u0119 znajomo\u015bci\u0105 miasta oraz umiej\u0119tno\u015bciami j\u0119zykowymi. Nale\u017cy \nnp. przet\u0142umaczy\u0107 instrukcj\u0119 dotycz\u0105c\u0105 krok\u00f3w tanecznych i wykona\u0107 je. \nGra ko\u0144czy si\u0119 na Rynku, gdzie wszyscy uczestnicy ta\u0144cz\u0105 belgijskiego.<\/p>\n\n\n\n<p>IV\n Liceum Og\u00f3lnokszta\u0142c\u0105ce to nie tylko fantastyczna atmosfera, to przede \nwszystkim gwarancja wysokiego poziomu nauczania. To lekcje, kt\u00f3re \nodbywaj\u0105 si\u0119 nie tylko w budynku szkolnym. Systematycznie bierzemy \nudzia\u0142 w rozprawach s\u0105dowych, debatach i spotkaniach z wa\u017cnymi lud\u017ami. \nPoznajemy prac\u0119 lekarzy w \u015awi\u0119tokrzyskim Centrum Onkologii czy jedziemy z\n wizyt\u0105 na warsztaty do jednego z najnowocze\u015bniejszych szpitali w \nStarachowicach. Przyszli lekarze maj\u0105 mo\u017cliwo\u015b\u0107 wykonywa\u0107 do\u015bwiadczenia w\n laboratoriach Instytutu Chemii UJK pod okiem pracownik\u00f3w wydzia\u0142u. \nHumani\u015bci maj\u0105 okazj\u0119 wzi\u0105\u0107 udzia\u0142 w zaj\u0119ciach w Muzeum Dialogu Kultur i\n O\u015brodku My\u015bli Patriotycznej. Nie tylko odwiedzamy radio i telewizj\u0119, \naby przyjrze\u0107 si\u0119 pracy medi\u00f3w, ale tak\u017ce jeste\u015bmy gospodarzami \nodwiedzaj\u0105cych nas stacji. Wielk\u0105 popularno\u015bci\u0105 cieszy\u0142a si\u0119 wizyta \nradiowej Czw\u00f3rki w naszej szkole, kt\u00f3ra po\u015bwi\u0119ci\u0142a nam niemal jeden \ndzie\u0144 antenowy.<\/p>\n\n\n\n<p>IV\n Liceum Og\u00f3lnokszta\u0142c\u0105ce to nie tylko tradycja, ale i nowoczesno\u015b\u0107. \nOdnowiony budynek, kompleks rekreacyjno-sportowy oraz sale lekcyjne, \nwszystkie wyposa\u017cone w komputery i rzutniki multimedialne. Szko\u0142a \nkorzysta z dziennika elektronicznego Librus dost\u0119pnego dla uczni\u00f3w i \nrodzic\u00f3w. Znajdujemy si\u0119 w centrum miasta, dlatego dojazd do naszej \nszko\u0142y nie stanowi problemu.<\/p>\n\n\n\n<p><strong><em>Ka\u017cdy ucze\u0144 posiada wiele talent\u00f3w,<\/em><\/strong><br><strong><em> ta szko\u0142a potrafi je odkry\u0107<\/em><\/strong><\/p>\n","protected":false},"excerpt":{"rendered":"<p>Zapraszamy na&nbsp;Dzie\u0144 otwarty w IV LO5 kwietnia 2019r.&nbsp; IV &nbsp;Liceum Og\u00f3lnokszta\u0142c\u0105ce\u2026 tu wszystko mo\u017ce si\u0119 zdarzy\u0107. W tych s\u0142owach zawarta jest ca\u0142a tajemnica jedynej i niepowtarzalnej atmosfery jaka panuje w&#8230; <\/p>\n","protected":false},"author":1,"featured_media":0,"parent":0,"menu_order":0,"comment_status":"closed","ping_status":"closed","template":"","meta":{"footnotes":""},"class_list":["post-65","page","type-page","status-publish","hentry"],"_links":{"self":[{"href":"https:\/\/4lo.kielce.eu\/index.php\/wp-json\/wp\/v2\/pages\/65","targetHints":{"allow":["GET"]}}],"collection":[{"href":"https:\/\/4lo.kielce.eu\/index.php\/wp-json\/wp\/v2\/pages"}],"about":[{"href":"https:\/\/4lo.kielce.eu\/index.php\/wp-json\/wp\/v2\/types\/page"}],"author":[{"embeddable":true,"href":"https:\/\/4lo.kielce.eu\/index.php\/wp-json\/wp\/v2\/users\/1"}],"replies":[{"embeddable":true,"href":"https:\/\/4lo.kielce.eu\/index.php\/wp-json\/wp\/v2\/comments?post=65"}],"version-history":[{"count":2,"href":"https:\/\/4lo.kielce.eu\/index.php\/wp-json\/wp\/v2\/pages\/65\/revisions"}],"predecessor-version":[{"id":864,"href":"https:\/\/4lo.kielce.eu\/index.php\/wp-json\/wp\/v2\/pages\/65\/revisions\/864"}],"wp:attachment":[{"href":"https:\/\/4lo.kielce.eu\/index.php\/wp-json\/wp\/v2\/media?parent=65"}],"curies":[{"name":"wp","href":"https:\/\/api.w.org\/{rel}","templated":true}]}}