{"id":628,"date":"2020-01-16T20:56:45","date_gmt":"2020-01-16T19:56:45","guid":{"rendered":"http:\/\/4lo.kielce.eu\/?page_id=628"},"modified":"2025-09-03T13:15:27","modified_gmt":"2025-09-03T11:15:27","slug":"ogloszenia","status":"publish","type":"page","link":"https:\/\/4lo.kielce.eu\/index.php\/ogloszenia\/","title":{"rendered":"Dyrekcja i pracownicy"},"content":{"rendered":"\n<p>Dyrektor IV LO:        <strong>Edyta Lato<\/strong><br>Wicedyrektor IV LO:    <strong>Joanna Jaworska<\/strong><br>Wicedyrektor IV LO:    <strong>Lidia Laskowska<\/strong><\/p>\n\n\n\n<hr class=\"wp-block-separator has-css-opacity\"\/>\n\n\n\n<p><mark style=\"background-color:rgba(0, 0, 0, 0)\" class=\"has-inline-color has-vivid-cyan-blue-color\">  <strong>Nauczyciele:<\/strong><\/mark><\/p>\n\n\n\n<p><strong>biologia<\/strong><br> El\u017cbieta Cichy <br> Jolanta Nowak <br> Oliwia Sabat <br><br><strong>chemia <\/strong><br> Ewa Giemza-G\u0142odkowska <br> Danuta Grabka<br> <br><strong>fizyka<\/strong><br>Piotr Burys<br>Jolanta Gajdek <br>Katarzyna Janowska-Pytel <br> <br><strong>geografia<\/strong><br> Bogus\u0142awa Marczewska <br> Agnieszka Zieli\u0144ska <br><br><strong>informatyka <\/strong><br> Piotr Burys<br> Rados\u0142aw Kowaluk<br> Przemys\u0142aw Wnorowski<\/p>\n\n\n\n<p><br><strong>j\u0119zyk polski<\/strong> <br> Joanna Pacak &#8211; Chrzan <br> El\u017cbieta Pawelec-Jarz\u0105bek <br> Marzena Samojlik-Podolska <br> Agnieszka \u015awiercz <br> Agnieszka Urba\u0144czyk<br> <br><strong>j\u0119zyk angielski<\/strong><br> Agnieszka Dytkowska <br> Dorota Jamska<br> Joanna Jaworska<br> Monika Kozubek <br> Irina Kosmala <br> Magdalena Rolska <br> Monika Sokalska <br> Ewa Wojciechowska <br> Miros\u0142awa Wojciechowska <br><br><strong>j\u0119zyk niemiecki<\/strong> <br> El\u017cbieta Grzegolec <br> Monika Klim <br> Monika Sak\u0142awska<br><br><strong>j\u0119zyk hiszpa\u0144ski<\/strong><br> Marzena Angielska <br><\/p>\n\n\n\n<div class=\"wp-block-group\"><div class=\"wp-block-group__inner-container is-layout-constrained wp-block-group-is-layout-constrained\">\n<div class=\"wp-block-group is-vertical is-layout-flex wp-container-core-group-is-layout-8cf370e7 wp-block-group-is-layout-flex\">\n<p><strong>historia<\/strong>, <strong>historia i tera\u017aniejszo\u015b\u0107<\/strong>, <strong>wiedza o spo\u0142ecze\u0144stwie<\/strong><br>  \u0141ukasz Jaszczyk<br>  Kinga Kal-Kasprzyk<\/p>\n\n\n\n<p>  Robert Kozie\u0142 <br>  Lech \u0141oboda<br>  Rafa\u0142 \u015awieczko <\/p>\n\n\n\n<p><\/p>\n<\/div>\n<\/div><\/div>\n\n\n\n<p><strong>matematyka <\/strong><br> Petronela Karczewska<br> Ma\u0142gorzata Maj <br> Edyta Lato <br> Paulina Pi\u00f3ro-Patynowska<br> Ma\u0142gorzata Skrzypek                                                                                                                                                                      Maciej Sorbian<\/p>\n\n\n\n<div class=\"wp-block-group\"><div class=\"wp-block-group__inner-container is-layout-constrained wp-block-group-is-layout-constrained\">\n<div class=\"wp-block-group\"><div class=\"wp-block-group__inner-container is-layout-constrained wp-block-group-is-layout-constrained\">\n<div class=\"wp-block-group\"><div class=\"wp-block-group__inner-container is-layout-constrained wp-block-group-is-layout-constrained\">\n<div class=\"wp-block-group\"><div class=\"wp-block-group__inner-container is-layout-constrained wp-block-group-is-layout-constrained\">\n<p><strong>przedsi\u0119biorczo\u015b\u0107, biznes i zarz\u0105dzanie<br><\/strong> \u0141ukasz Jaszczyk<br> Lidia Laskowska<br> <br><strong>edukacja dla bezpiecze\u0144stwa<\/strong><br> Robert Kozie\u0142 <br><br><strong>muzyka<\/strong><br>Lidia Laskowska<br><br><strong>religia<\/strong><br>Micha\u0142 \u0106wierz<\/p>\n<\/div><\/div>\n<\/div><\/div>\n<\/div><\/div>\n<\/div><\/div>\n\n\n\n<p><strong>wychowanie fizyczne<\/strong><br> Maciej Barabach<br> Ma\u0142gorzata Cedro <br> Grzegorz Durlej<br> Agnieszka Fiuk <br> Krzysztof Zieli\u0144ski <br> <br><strong>nauczyciel bibliotekarz<\/strong><br> Magdalena Mularczyk<br> Magdalena Piwko<br><br><strong>psycholog<\/strong><br>Magdalena Rak<br><br><strong>pedagog<\/strong><\/p>\n\n\n\n<p>Monika Jakubowska<br>Ewa Nogaj<\/p>\n\n\n\n<p><\/p>\n","protected":false},"excerpt":{"rendered":"<p>Dyrektor IV LO: Edyta LatoWicedyrektor IV LO: Joanna JaworskaWicedyrektor IV LO: Lidia Laskowska Nauczyciele: biologia El\u017cbieta Cichy Jolanta Nowak Oliwia Sabat chemia Ewa Giemza-G\u0142odkowska Danuta Grabka fizykaPiotr BurysJolanta Gajdek Katarzyna&#8230; <\/p>\n","protected":false},"author":1,"featured_media":0,"parent":0,"menu_order":0,"comment_status":"closed","ping_status":"closed","template":"","meta":{"footnotes":""},"class_list":["post-628","page","type-page","status-publish","hentry"],"_links":{"self":[{"href":"https:\/\/4lo.kielce.eu\/index.php\/wp-json\/wp\/v2\/pages\/628","targetHints":{"allow":["GET"]}}],"collection":[{"href":"https:\/\/4lo.kielce.eu\/index.php\/wp-json\/wp\/v2\/pages"}],"about":[{"href":"https:\/\/4lo.kielce.eu\/index.php\/wp-json\/wp\/v2\/types\/page"}],"author":[{"embeddable":true,"href":"https:\/\/4lo.kielce.eu\/index.php\/wp-json\/wp\/v2\/users\/1"}],"replies":[{"embeddable":true,"href":"https:\/\/4lo.kielce.eu\/index.php\/wp-json\/wp\/v2\/comments?post=628"}],"version-history":[{"count":36,"href":"https:\/\/4lo.kielce.eu\/index.php\/wp-json\/wp\/v2\/pages\/628\/revisions"}],"predecessor-version":[{"id":8993,"href":"https:\/\/4lo.kielce.eu\/index.php\/wp-json\/wp\/v2\/pages\/628\/revisions\/8993"}],"wp:attachment":[{"href":"https:\/\/4lo.kielce.eu\/index.php\/wp-json\/wp\/v2\/media?parent=628"}],"curies":[{"name":"wp","href":"https:\/\/api.w.org\/{rel}","templated":true}]}}