{"id":6245,"date":"2024-02-28T14:31:44","date_gmt":"2024-02-28T13:31:44","guid":{"rendered":"http:\/\/4lo.kielce.eu\/?page_id=6245"},"modified":"2024-02-28T19:09:44","modified_gmt":"2024-02-28T18:09:44","slug":"erasmus-projekt-aktywni-i-odpowiedzialni","status":"publish","type":"page","link":"https:\/\/4lo.kielce.eu\/index.php\/erasmus-projekt-aktywni-i-odpowiedzialni\/","title":{"rendered":"Erasmus+ &#8211; projekt AKTYWNI I ODPOWIEDZIALNI"},"content":{"rendered":"\n<p>W roku szkolnym 2023\/2024 i 2024\/2025 nasza szko\u0142a bierze udzia\u0142 w lokalnym projekcie Erasmus +<br> &#8222;Aktywni i Odpowiedzialni&#8221;, w kt\u00f3rym wsp\u00f3\u0142pracujemy ze Stowarzyszeniem &#8222;Edukacja przez Internet&#8221; i Liceum Og\u00f3lnokszta\u0142c\u0105cym Nr 1 z Ostrowca \u015awi\u0119tokrzyskiego. Projekt ten jest kontynuacj\u0105 naszego mi\u0119dzynarodowego projektu &#8222;Deepening Democracy&#8221;, kt\u00f3ry zako\u0144czy\u0142 si\u0119 w ubieg\u0142ym roku szkolnym. Skupiamy si\u0119 w nim na Celach Zr\u00f3wnowa\u017conego Rozwoju (SDG) oraz rozwijaniu postaw ekologicznych w lokalnych spo\u0142eczno\u015bciach. Promujemy r\u00f3wnie\u017c rozw\u00f3j demokracji lokalnej poprzez kontynuowanie Szkolnego Bud\u017cetu Obywatelskiego.<\/p>\n\n\n\n<p><strong>Masz pomys\u0142 jak usprawni\u0107 co\u015b w naszej szkole? Chcesz poprawi\u0107 wystr\u00f3j jakiej\u015b klasy? A mo\u017ce naprawi\u0107 drobne usterki czy niedogodno\u015bci? Je\u015bli tak, to mamy dobre wiadomo\u015bci!<\/strong><\/p>\n\n\n\n<p><strong>Rusza III edycja Szkolnego Bud\u017cetu Obywatelskiego!!!<\/strong><\/p>\n\n\n\n<p><strong>Zapraszamy wszystkich ch\u0119tnych do napisania projektu do Szkolnego Bud\u017cetu Obywatelskiego.<\/strong><\/p>\n\n\n\n<p>Tutaj znajdziesz Regulamin: (<a href=\"http:\/\/4lo.kielce.eu\/wp-content\/uploads\/2024\/02\/szkolny-budzet-obywatelski-2024-w-IV-LO-regulamin.pdf\" data-type=\"URL\" data-id=\"http:\/\/4lo.kielce.eu\/wp-content\/uploads\/2024\/02\/szkolny-budzet-obywatelski-2024-w-IV-LO-regulamin.pdf\">pdf<\/a>)<\/p>\n\n\n\n<p>A tutaj mo\u017cesz pobra\u0107 Wniosek: (<a href=\"https:\/\/docs.google.com\/document\/d\/1csOQYpg3TVUsSZ_BElpcdBFOYbw8pNDzubw4sSsl7IM\/edit?pli=1\" data-type=\"URL\" data-id=\"https:\/\/docs.google.com\/document\/d\/1csOQYpg3TVUsSZ_BElpcdBFOYbw8pNDzubw4sSsl7IM\/edit?pli=1\" target=\"_blank\" rel=\"noreferrer noopener\">link<\/a>)<\/p>\n\n\n\n<p><a><\/a>Wi\u0119cej szczeg\u00f3\u0142\u00f3w u p. Mirki Wojciechowskiej i p. Moniki Sokalskiej.<\/p>\n","protected":false},"excerpt":{"rendered":"<p>W roku szkolnym 2023\/2024 i 2024\/2025 nasza szko\u0142a bierze udzia\u0142 w lokalnym projekcie Erasmus + &#8222;Aktywni i Odpowiedzialni&#8221;, w kt\u00f3rym wsp\u00f3\u0142pracujemy ze Stowarzyszeniem &#8222;Edukacja przez Internet&#8221; i Liceum Og\u00f3lnokszta\u0142c\u0105cym Nr&#8230; <\/p>\n","protected":false},"author":1,"featured_media":0,"parent":0,"menu_order":0,"comment_status":"closed","ping_status":"closed","template":"","meta":{"footnotes":""},"class_list":["post-6245","page","type-page","status-publish","hentry"],"_links":{"self":[{"href":"https:\/\/4lo.kielce.eu\/index.php\/wp-json\/wp\/v2\/pages\/6245","targetHints":{"allow":["GET"]}}],"collection":[{"href":"https:\/\/4lo.kielce.eu\/index.php\/wp-json\/wp\/v2\/pages"}],"about":[{"href":"https:\/\/4lo.kielce.eu\/index.php\/wp-json\/wp\/v2\/types\/page"}],"author":[{"embeddable":true,"href":"https:\/\/4lo.kielce.eu\/index.php\/wp-json\/wp\/v2\/users\/1"}],"replies":[{"embeddable":true,"href":"https:\/\/4lo.kielce.eu\/index.php\/wp-json\/wp\/v2\/comments?post=6245"}],"version-history":[{"count":4,"href":"https:\/\/4lo.kielce.eu\/index.php\/wp-json\/wp\/v2\/pages\/6245\/revisions"}],"predecessor-version":[{"id":6254,"href":"https:\/\/4lo.kielce.eu\/index.php\/wp-json\/wp\/v2\/pages\/6245\/revisions\/6254"}],"wp:attachment":[{"href":"https:\/\/4lo.kielce.eu\/index.php\/wp-json\/wp\/v2\/media?parent=6245"}],"curies":[{"name":"wp","href":"https:\/\/api.w.org\/{rel}","templated":true}]}}