{"id":4529,"date":"2022-11-14T09:09:04","date_gmt":"2022-11-14T08:09:04","guid":{"rendered":"http:\/\/4lo.kielce.eu\/?page_id=4529"},"modified":"2022-11-14T09:16:55","modified_gmt":"2022-11-14T08:16:55","slug":"ii-mikolajkowy-turniej-szachowy-o-mistrzostwo-iv-liceum-ogolnoksztalcacego","status":"publish","type":"page","link":"https:\/\/4lo.kielce.eu\/index.php\/ii-mikolajkowy-turniej-szachowy-o-mistrzostwo-iv-liceum-ogolnoksztalcacego\/","title":{"rendered":"II Miko\u0142ajkowy Turniej Szachowy o Mistrzostwo IV Liceum Og\u00f3lnokszta\u0142c\u0105cego"},"content":{"rendered":"\n<p>W dniu 07.12.2022 r. ( \u015broda ) w godzinach 08.50.-13.00. odb\u0119dzie si\u0119 w Naszej Szkole II Miko\u0142ajkowy Turniej Szachowy o Mistrzostwo IV Liceum Og\u00f3lnokszta\u0142c\u0105cego. Do udzia\u0142u w turnieju zg\u0142asza\u0107 si\u0119 mog\u0105 wszyscy ch\u0119tni , kt\u00f3rzy cho\u0107 troch\u0119 poznali zasady gry i czuj\u0105 si\u0119 na si\u0142ach aby w nim uczestniczy\u0107 . Tempo gry i ilo\u015b\u0107 rund uzale\u017cniona jest od ilo\u015bci zg\u0142oszonych zawodnik\u00f3w. Zg\u0142oszenia do turnieju prosz\u0119 sk\u0142ada\u0107 osobi\u015bcie w pokoju nauczycieli wychowania fizycznego do dnia 02.12.2022 r . Dla wszystkich uczestnik\u00f3w Turnieju przewidziane s\u0105 pami\u0105tkowe dyplomy.<\/p>\n","protected":false},"excerpt":{"rendered":"<p>W dniu 07.12.2022 r. ( \u015broda ) w godzinach 08.50.-13.00. odb\u0119dzie si\u0119 w Naszej Szkole II Miko\u0142ajkowy Turniej Szachowy o Mistrzostwo IV Liceum Og\u00f3lnokszta\u0142c\u0105cego. Do udzia\u0142u w turnieju zg\u0142asza\u0107 si\u0119&#8230; <\/p>\n","protected":false},"author":1,"featured_media":4525,"parent":0,"menu_order":0,"comment_status":"closed","ping_status":"closed","template":"","meta":{"footnotes":""},"class_list":["post-4529","page","type-page","status-publish","has-post-thumbnail","hentry"],"_links":{"self":[{"href":"https:\/\/4lo.kielce.eu\/index.php\/wp-json\/wp\/v2\/pages\/4529","targetHints":{"allow":["GET"]}}],"collection":[{"href":"https:\/\/4lo.kielce.eu\/index.php\/wp-json\/wp\/v2\/pages"}],"about":[{"href":"https:\/\/4lo.kielce.eu\/index.php\/wp-json\/wp\/v2\/types\/page"}],"author":[{"embeddable":true,"href":"https:\/\/4lo.kielce.eu\/index.php\/wp-json\/wp\/v2\/users\/1"}],"replies":[{"embeddable":true,"href":"https:\/\/4lo.kielce.eu\/index.php\/wp-json\/wp\/v2\/comments?post=4529"}],"version-history":[{"count":1,"href":"https:\/\/4lo.kielce.eu\/index.php\/wp-json\/wp\/v2\/pages\/4529\/revisions"}],"predecessor-version":[{"id":4530,"href":"https:\/\/4lo.kielce.eu\/index.php\/wp-json\/wp\/v2\/pages\/4529\/revisions\/4530"}],"wp:featuredmedia":[{"embeddable":true,"href":"https:\/\/4lo.kielce.eu\/index.php\/wp-json\/wp\/v2\/media\/4525"}],"wp:attachment":[{"href":"https:\/\/4lo.kielce.eu\/index.php\/wp-json\/wp\/v2\/media?parent=4529"}],"curies":[{"name":"wp","href":"https:\/\/api.w.org\/{rel}","templated":true}]}}