{"id":4321,"date":"2022-10-20T10:08:17","date_gmt":"2022-10-20T08:08:17","guid":{"rendered":"http:\/\/4lo.kielce.eu\/?page_id=4321"},"modified":"2023-11-08T09:23:56","modified_gmt":"2023-11-08T08:23:56","slug":"klub-turystyki-gorskiej","status":"publish","type":"page","link":"https:\/\/4lo.kielce.eu\/index.php\/klub-turystyki-gorskiej\/","title":{"rendered":"Szkolne Ko\u0142o Turystyczne"},"content":{"rendered":"\n<figure class=\"wp-block-gallery has-nested-images columns-default is-cropped wp-block-gallery-1 is-layout-flex wp-block-gallery-is-layout-flex\">\n<figure class=\"wp-block-image size-large is-resized is-style-rounded\"><img decoding=\"async\" data-id=\"4381\" src=\"http:\/\/4lo.kielce.eu\/wp-content\/uploads\/2022\/10\/20221022_105541-edited-scaled.jpg\" alt=\"\" class=\"wp-image-4381\" width=\"511\" srcset=\"https:\/\/4lo.kielce.eu\/wp-content\/uploads\/2022\/10\/20221022_105541-edited-scaled.jpg 2560w, https:\/\/4lo.kielce.eu\/wp-content\/uploads\/2022\/10\/20221022_105541-edited-300x225.jpg 300w, https:\/\/4lo.kielce.eu\/wp-content\/uploads\/2022\/10\/20221022_105541-edited-1024x766.jpg 1024w, https:\/\/4lo.kielce.eu\/wp-content\/uploads\/2022\/10\/20221022_105541-edited-768x575.jpg 768w, https:\/\/4lo.kielce.eu\/wp-content\/uploads\/2022\/10\/20221022_105541-edited-1536x1150.jpg 1536w, https:\/\/4lo.kielce.eu\/wp-content\/uploads\/2022\/10\/20221022_105541-edited-2048x1533.jpg 2048w, https:\/\/4lo.kielce.eu\/wp-content\/uploads\/2022\/10\/20221022_105541-edited-240x180.jpg 240w\" sizes=\"(max-width: 2560px) 100vw, 2560px\" \/><figcaption class=\"wp-element-caption\"> <strong>Tak zaczyna si\u0119 nasza przygoda \ud83d\ude42 &#8230;. cdn.<\/strong><\/figcaption><\/figure>\n<\/figure>\n\n\n<div class=\"wp-block-image\">\n<figure class=\"alignright size-large is-resized\"><img loading=\"lazy\" decoding=\"async\" src=\"http:\/\/4lo.kielce.eu\/wp-content\/uploads\/2022\/10\/20221022_1109210-768x1024.jpg\" alt=\"\" class=\"wp-image-4354\" width=\"496\" height=\"661\" srcset=\"https:\/\/4lo.kielce.eu\/wp-content\/uploads\/2022\/10\/20221022_1109210-768x1024.jpg 768w, https:\/\/4lo.kielce.eu\/wp-content\/uploads\/2022\/10\/20221022_1109210-225x300.jpg 225w, https:\/\/4lo.kielce.eu\/wp-content\/uploads\/2022\/10\/20221022_1109210-1152x1536.jpg 1152w, https:\/\/4lo.kielce.eu\/wp-content\/uploads\/2022\/10\/20221022_1109210-1536x2048.jpg 1536w, https:\/\/4lo.kielce.eu\/wp-content\/uploads\/2022\/10\/20221022_1109210-scaled.jpg 1920w\" sizes=\"auto, (max-width: 496px) 100vw, 496px\" \/><\/figure><\/div>\n\n\n<p><\/p>\n\n\n\n<p><\/p>\n\n\n\n<p><\/p>\n\n\n\n<p><\/p>\n\n\n\n<p><strong>Opiekunowie: <\/strong><\/p>\n\n\n\n<p>Bogus\u0142awa Marczewska,<br>Agnieszka Zieli\u0144ska,<br>Micha\u0142 \u0106wierz<\/p>\n\n\n\n<p><\/p>\n\n\n\n<p><\/p>\n\n\n\n<p><\/p>\n\n\n\n<p><\/p>\n\n\n\n<p><\/p>\n\n\n<div class=\"wp-block-image\">\n<figure class=\"aligncenter size-large is-resized\"><img loading=\"lazy\" decoding=\"async\" src=\"http:\/\/4lo.kielce.eu\/wp-content\/uploads\/2022\/10\/20221022_110623-1024x768.jpg\" alt=\"\" class=\"wp-image-4355\" width=\"486\" height=\"364\" srcset=\"https:\/\/4lo.kielce.eu\/wp-content\/uploads\/2022\/10\/20221022_110623-1024x768.jpg 1024w, https:\/\/4lo.kielce.eu\/wp-content\/uploads\/2022\/10\/20221022_110623-300x225.jpg 300w, https:\/\/4lo.kielce.eu\/wp-content\/uploads\/2022\/10\/20221022_110623-768x576.jpg 768w, https:\/\/4lo.kielce.eu\/wp-content\/uploads\/2022\/10\/20221022_110623-1536x1152.jpg 1536w, https:\/\/4lo.kielce.eu\/wp-content\/uploads\/2022\/10\/20221022_110623-2048x1536.jpg 2048w, https:\/\/4lo.kielce.eu\/wp-content\/uploads\/2022\/10\/20221022_110623-240x180.jpg 240w\" sizes=\"auto, (max-width: 486px) 100vw, 486px\" \/><\/figure><\/div>\n\n\n<p><\/p>\n\n\n\n<p><strong>Zarz\u0105d SKT:<\/strong><\/p>\n\n\n\n<p><strong>Prezes:<\/strong> Szymon Skuza 2E<\/p>\n\n\n\n<p><strong>V-ce Prezes:<\/strong> Dominika Bielecka 3D<\/p>\n\n\n\n<p><strong>Skarbniczki:<\/strong> Wiktoria Kopacz i Karolina Cedro 1B<\/p>\n\n\n\n<p><\/p>\n\n\n\n<p><\/p>\n\n\n\n<p><strong>Jesienny rajd 2023 <\/strong>&#8211; <a href=\"http:\/\/4lo.kielce.eu\/index.php\/2023\/09\/27\/jesienny-rajd-w-bieszczady\/\" data-type=\"URL\" data-id=\"http:\/\/4lo.kielce.eu\/index.php\/2023\/09\/27\/jesienny-rajd-w-bieszczady\/\" target=\"_blank\" rel=\"noreferrer noopener\">zobacz!<\/a><\/p>\n\n\n\n<p>                  <\/p>\n\n\n\n<p>Wszystkich, kt\u00f3rzy lubi\u0105 wycieczki i piesze w\u0119dr\u00f3wki, poznawanie ludzi i miejsc oraz zwi\u0105zanych z nimi historii, kt\u00f3rzy lubi\u0105 przygody i aktywne sp\u0119dzanie wolnego czasu zapraszamy do Szkolnego Ko\u0142a Turystycznego. Jeste\u015bmy grup\u0105, kt\u00f3ra lubi sp\u0119dza\u0107 czas&nbsp; ze sob\u0105 i poznawa\u0107 miejsca, kt\u00f3re cz\u0119sto po\u0142o\u017cone s\u0105 poza najpopularniejszymi szlakami. Je\u015bli lubisz g\u00f3ry, w\u0119dr\u00f3wki z plecakiem i nieoczywist\u0105 przygod\u0119 to ko\u0142o jest zdecydowanie miejscem dla ciebie. Zapraszamy wszystkich ch\u0119tnych. W ramach dzia\u0142alno\u015bci ko\u0142a nie ma spotka\u0144 cyklicznych. Ch\u0119tni na konkretne dzia\u0142ania, a wi\u0119c rajdy weekendowe, wycieczki wielodniowe, zdobywanie \u201eKorony G\u00f3r Polskich\u201d, spotkania z ciekawymi lud\u017ami mog\u0105 si\u0119 zg\u0142asza\u0107 do opiekun\u00f3w i zarz\u0105du. Udzia\u0142 w nich b\u0119dzie z pewno\u015bci\u0105 \u017ar\u00f3d\u0142em niezapomnianych chwil.<\/p>\n\n\n\n<p>&nbsp;&nbsp;&nbsp;&nbsp;&nbsp;&nbsp;&nbsp;&nbsp; Ko\u0142o powsta\u0142o w&nbsp;2001 roku z&nbsp;inicjatywy uczni\u00f3w i nauczycieli \u00f3wczesnej \u201eSawickiej\u201d Opiekunami w\u00f3wczas byli: profesorowie: Bogus\u0142awa Marczewska,&nbsp; Magdalena Rolska i Micha\u0142 \u0106wierz. W p\u00f3\u017aniejszym okresie do\u0142\u0105czy\u0142a do nas prof. Agnieszka Zieli\u0144ska. Uda\u0142o si\u0119 nam odby\u0107 wiele rajd\u00f3w i wycieczek zar\u00f3wno w regionie \u015bwi\u0119tokrzyskim jak i poza nim. Szczeg\u00f3lne znaczenie maj\u0105 dla nas jesienne wycieczki w Bieszczady i Tatry oraz zimowe wyj\u015bcia w G\u00f3ry \u015awi\u0119tokrzyskie. &nbsp;Organizujemy rajdy integracyjne dla uczni\u00f3w klas pierwszych, bierzemy udzia\u0142 w spotkaniach z podr\u00f3\u017cnikami oraz akcjach charytatywnych.&nbsp;<\/p>\n\n\n\n<p>Tak zacz\u0119\u0142a si\u0119 nasza przygoda&#8230; Za\u0142o\u017cyli\u015bmy buty kieruj\u0105c je prosto na szlak. By\u0142o nas wielu &#8211; ciekawych i spragnionych przygody ! <\/p>\n\n\n<div class=\"wp-block-image\">\n<figure class=\"aligncenter size-large is-resized\"><img loading=\"lazy\" decoding=\"async\" src=\"http:\/\/4lo.kielce.eu\/wp-content\/uploads\/2022\/10\/20221021_144035-1024x768.jpg\" alt=\"\" class=\"wp-image-4358\" width=\"608\" height=\"456\" srcset=\"https:\/\/4lo.kielce.eu\/wp-content\/uploads\/2022\/10\/20221021_144035-1024x768.jpg 1024w, https:\/\/4lo.kielce.eu\/wp-content\/uploads\/2022\/10\/20221021_144035-300x225.jpg 300w, https:\/\/4lo.kielce.eu\/wp-content\/uploads\/2022\/10\/20221021_144035-768x576.jpg 768w, https:\/\/4lo.kielce.eu\/wp-content\/uploads\/2022\/10\/20221021_144035-1536x1152.jpg 1536w, https:\/\/4lo.kielce.eu\/wp-content\/uploads\/2022\/10\/20221021_144035-2048x1536.jpg 2048w, https:\/\/4lo.kielce.eu\/wp-content\/uploads\/2022\/10\/20221021_144035-240x180.jpg 240w\" sizes=\"auto, (max-width: 608px) 100vw, 608px\" \/><\/figure><\/div>\n\n\n<p><strong>21.10.2022 &#8211; 22.10.2022 Jesienny Rajd w G\u00f3ry \u015bwi\u0119tokrzyskie<\/strong>.                                                                 W\u015br\u00f3d nas by\u0142a mi\u0119dzy innymi Weronika, kt\u00f3ra swym czarodziejskim pi\u00f3rem tworzy\u0142a kronik\u0119 rajdu.  <\/p>\n\n\n\n<p> O trasie napisa\u0142a tak: <\/p>\n\n\n\n<p>           &#8222;W pi\u0105tek ruszyli\u015bmy w tras\u0119 w G\u00f3ry \u015awi\u0119tokrzyskie &#8211;  by\u0142o wspaniale!!!  Mogli\u015bmy pozna\u0107 nowe osoby z naszej szko\u0142y i zobaczy\u0107 pi\u0119kne widoki z naszych g\u00f3r. Rozpocz\u0119li\u015bmy nasz rajd w Hucie Szklanej  id\u0105c czerwonym szlakiem przez \u015awi\u0119tokrzyski Park Narodowy, podziwiali\u015bmy pi\u0119kne krajobrazy. Wzd\u0142u\u017c czerwonego szlaku byli\u015bmy w stanie ujrze\u0107 pola truskawek oraz bor\u00f3wek w Bielinach. Nast\u0119pnie dotarli\u015bmy do Kakonina gdzie mogli\u015bmy skosztowa\u0107 wy\u015bmienitych lod\u00f3w regionalnych. Po wypoczynku obrali\u015bmy kierunek &#8211; \u0141ysica 612 m n.p.m.  mijaj\u0105c miejsce znalezienia magicznego kija, prze\u0142\u0119cz \u015bw. Miko\u0142aja oraz ska\u0142\u0119 Agaty. Kiedy schodzili\u015bmy ze wzniesienia widzieli\u015bmy pi\u0119kny zach\u00f3d s\u0142o\u0144ca :)).      Wieczorn\u0105 por\u0105 rozpalili\u015bmy ognisko, jedli\u015bmy kie\u0142baski i \u015bpiewali\u015bmy piosenki&#8230;.. no i by\u0142y t\u0119\u017c hulanki i swawole. Drugiego dnia po \u015bniadaniu wyruszyli\u015bmy dalej Prze\u0142\u0119cz Kraje\u0144ska &#8211; Wymy\u015blona &#8211; Radostowa a\u017c do Ameli\u00f3wki. Na pocz\u0105tku trasa zdawa\u0142a si\u0119 \u0142agodna dop\u00f3ki nie dotarli\u015bmy do zbocza D\u0105br\u00f3wki, gdzie zbocze by\u0142o strome, ale na szcz\u0119\u015bcie wszyscy dali rad\u0119 wej\u015b\u0107. Potem id\u0105c ju\u017c prost\u0105 drog\u0105 do Diabelskiego Kamienia widzieli\u015bmy pi\u0119kne widoki na g\u00f3ry z cudownie kolorow\u0105 jesieni\u0105. Nasza podr\u00f3\u017c sko\u0144czy\u0142a si\u0119 w Mas\u0142owie gdzie musieli\u015bmy si\u0119 niestety rozsta\u0107 z cudown\u0105 grup\u0105 jak\u0105 stworzyli\u015bmy&#8221;.<\/p>\n\n\n\n<p>Popatrzcie sami \ud83d\ude42<\/p>\n\n\n\n<figure class=\"wp-block-image size-large is-resized\"><img loading=\"lazy\" decoding=\"async\" src=\"http:\/\/4lo.kielce.eu\/wp-content\/uploads\/2022\/10\/20221021_133333-1024x768.jpg\" alt=\"\" class=\"wp-image-4374\" width=\"452\" height=\"339\" srcset=\"https:\/\/4lo.kielce.eu\/wp-content\/uploads\/2022\/10\/20221021_133333-1024x768.jpg 1024w, https:\/\/4lo.kielce.eu\/wp-content\/uploads\/2022\/10\/20221021_133333-300x225.jpg 300w, https:\/\/4lo.kielce.eu\/wp-content\/uploads\/2022\/10\/20221021_133333-768x576.jpg 768w, https:\/\/4lo.kielce.eu\/wp-content\/uploads\/2022\/10\/20221021_133333-1536x1152.jpg 1536w, https:\/\/4lo.kielce.eu\/wp-content\/uploads\/2022\/10\/20221021_133333-2048x1536.jpg 2048w, https:\/\/4lo.kielce.eu\/wp-content\/uploads\/2022\/10\/20221021_133333-240x180.jpg 240w\" sizes=\"auto, (max-width: 452px) 100vw, 452px\" \/><\/figure>\n\n\n<div class=\"wp-block-image\">\n<figure class=\"alignright size-large is-resized\"><img loading=\"lazy\" decoding=\"async\" src=\"http:\/\/4lo.kielce.eu\/wp-content\/uploads\/2022\/10\/20221021_140330-768x1024.jpg\" alt=\"\" class=\"wp-image-4376\" width=\"555\" height=\"740\" srcset=\"https:\/\/4lo.kielce.eu\/wp-content\/uploads\/2022\/10\/20221021_140330-768x1024.jpg 768w, https:\/\/4lo.kielce.eu\/wp-content\/uploads\/2022\/10\/20221021_140330-225x300.jpg 225w, https:\/\/4lo.kielce.eu\/wp-content\/uploads\/2022\/10\/20221021_140330-1152x1536.jpg 1152w, https:\/\/4lo.kielce.eu\/wp-content\/uploads\/2022\/10\/20221021_140330-1536x2048.jpg 1536w, https:\/\/4lo.kielce.eu\/wp-content\/uploads\/2022\/10\/20221021_140330-scaled.jpg 1920w\" sizes=\"auto, (max-width: 555px) 100vw, 555px\" \/><\/figure><\/div>\n\n<div class=\"wp-block-image\">\n<figure class=\"aligncenter size-large is-resized\"><img loading=\"lazy\" decoding=\"async\" src=\"http:\/\/4lo.kielce.eu\/wp-content\/uploads\/2022\/10\/20221021_144407-1024x768.jpg\" alt=\"\" class=\"wp-image-4377\" width=\"530\" height=\"397\" srcset=\"https:\/\/4lo.kielce.eu\/wp-content\/uploads\/2022\/10\/20221021_144407-1024x768.jpg 1024w, https:\/\/4lo.kielce.eu\/wp-content\/uploads\/2022\/10\/20221021_144407-300x225.jpg 300w, https:\/\/4lo.kielce.eu\/wp-content\/uploads\/2022\/10\/20221021_144407-768x576.jpg 768w, https:\/\/4lo.kielce.eu\/wp-content\/uploads\/2022\/10\/20221021_144407-1536x1152.jpg 1536w, https:\/\/4lo.kielce.eu\/wp-content\/uploads\/2022\/10\/20221021_144407-2048x1536.jpg 2048w, https:\/\/4lo.kielce.eu\/wp-content\/uploads\/2022\/10\/20221021_144407-240x180.jpg 240w\" sizes=\"auto, (max-width: 530px) 100vw, 530px\" \/><\/figure><\/div>\n\n<div class=\"wp-block-image\">\n<figure class=\"alignright size-large is-resized\"><img loading=\"lazy\" decoding=\"async\" src=\"http:\/\/4lo.kielce.eu\/wp-content\/uploads\/2022\/10\/20221021_144148-1024x768.jpg\" alt=\"\" class=\"wp-image-4378\" width=\"521\" height=\"391\" srcset=\"https:\/\/4lo.kielce.eu\/wp-content\/uploads\/2022\/10\/20221021_144148-1024x768.jpg 1024w, https:\/\/4lo.kielce.eu\/wp-content\/uploads\/2022\/10\/20221021_144148-300x225.jpg 300w, https:\/\/4lo.kielce.eu\/wp-content\/uploads\/2022\/10\/20221021_144148-768x576.jpg 768w, https:\/\/4lo.kielce.eu\/wp-content\/uploads\/2022\/10\/20221021_144148-1536x1152.jpg 1536w, https:\/\/4lo.kielce.eu\/wp-content\/uploads\/2022\/10\/20221021_144148-2048x1536.jpg 2048w, https:\/\/4lo.kielce.eu\/wp-content\/uploads\/2022\/10\/20221021_144148-240x180.jpg 240w\" sizes=\"auto, (max-width: 521px) 100vw, 521px\" \/><\/figure><\/div>\n\n<div class=\"wp-block-image\">\n<figure class=\"alignleft size-large is-resized\"><img loading=\"lazy\" decoding=\"async\" src=\"http:\/\/4lo.kielce.eu\/wp-content\/uploads\/2022\/10\/20221021_193246-768x1024.jpg\" alt=\"\" class=\"wp-image-4379\" width=\"464\" height=\"617\"\/><\/figure><\/div>\n\n<div class=\"wp-block-image\">\n<figure class=\"alignright size-large is-resized\"><img loading=\"lazy\" decoding=\"async\" src=\"http:\/\/4lo.kielce.eu\/wp-content\/uploads\/2022\/10\/20221021_195507-1024x768.jpg\" alt=\"\" class=\"wp-image-4380\" width=\"574\" height=\"430\" srcset=\"https:\/\/4lo.kielce.eu\/wp-content\/uploads\/2022\/10\/20221021_195507-1024x768.jpg 1024w, https:\/\/4lo.kielce.eu\/wp-content\/uploads\/2022\/10\/20221021_195507-300x225.jpg 300w, https:\/\/4lo.kielce.eu\/wp-content\/uploads\/2022\/10\/20221021_195507-768x576.jpg 768w, https:\/\/4lo.kielce.eu\/wp-content\/uploads\/2022\/10\/20221021_195507-1536x1152.jpg 1536w, https:\/\/4lo.kielce.eu\/wp-content\/uploads\/2022\/10\/20221021_195507-2048x1536.jpg 2048w, https:\/\/4lo.kielce.eu\/wp-content\/uploads\/2022\/10\/20221021_195507-240x180.jpg 240w\" sizes=\"auto, (max-width: 574px) 100vw, 574px\" \/><figcaption class=\"wp-element-caption\">Ognisko &#8211; obowi\u0105zkowo z kie\u0142baskami i \u015bpiewem.<\/figcaption><\/figure><\/div>\n\n\n<figure class=\"wp-block-image size-large is-resized\"><img loading=\"lazy\" decoding=\"async\" src=\"http:\/\/4lo.kielce.eu\/wp-content\/uploads\/2022\/10\/20221021_224502-768x1024.jpg\" alt=\"\" class=\"wp-image-4382\" width=\"593\" height=\"791\" srcset=\"https:\/\/4lo.kielce.eu\/wp-content\/uploads\/2022\/10\/20221021_224502-768x1024.jpg 768w, https:\/\/4lo.kielce.eu\/wp-content\/uploads\/2022\/10\/20221021_224502-225x300.jpg 225w, https:\/\/4lo.kielce.eu\/wp-content\/uploads\/2022\/10\/20221021_224502-1152x1536.jpg 1152w, https:\/\/4lo.kielce.eu\/wp-content\/uploads\/2022\/10\/20221021_224502-1536x2048.jpg 1536w, https:\/\/4lo.kielce.eu\/wp-content\/uploads\/2022\/10\/20221021_224502-scaled.jpg 1920w\" sizes=\"auto, (max-width: 593px) 100vw, 593px\" \/><figcaption class=\"wp-element-caption\">Przed snem legendy i bajania &#8230;<\/figcaption><\/figure>\n\n\n<div class=\"wp-block-image\">\n<figure class=\"alignright size-large is-resized\"><img loading=\"lazy\" decoding=\"async\" src=\"http:\/\/4lo.kielce.eu\/wp-content\/uploads\/2022\/10\/20221021_225302-1024x768.jpg\" alt=\"\" class=\"wp-image-4398\" width=\"515\" height=\"386\" srcset=\"https:\/\/4lo.kielce.eu\/wp-content\/uploads\/2022\/10\/20221021_225302-1024x768.jpg 1024w, https:\/\/4lo.kielce.eu\/wp-content\/uploads\/2022\/10\/20221021_225302-300x225.jpg 300w, https:\/\/4lo.kielce.eu\/wp-content\/uploads\/2022\/10\/20221021_225302-768x576.jpg 768w, https:\/\/4lo.kielce.eu\/wp-content\/uploads\/2022\/10\/20221021_225302-1536x1152.jpg 1536w, https:\/\/4lo.kielce.eu\/wp-content\/uploads\/2022\/10\/20221021_225302-2048x1536.jpg 2048w, https:\/\/4lo.kielce.eu\/wp-content\/uploads\/2022\/10\/20221021_225302-240x180.jpg 240w\" sizes=\"auto, (max-width: 515px) 100vw, 515px\" \/><\/figure><\/div>\n\n<div class=\"wp-block-image\">\n<figure class=\"alignleft size-large is-resized\"><img loading=\"lazy\" decoding=\"async\" src=\"http:\/\/4lo.kielce.eu\/wp-content\/uploads\/2022\/10\/20221021_163152-768x1024.jpg\" alt=\"\" class=\"wp-image-4383\" width=\"513\" height=\"683\" srcset=\"https:\/\/4lo.kielce.eu\/wp-content\/uploads\/2022\/10\/20221021_163152-768x1024.jpg 768w, https:\/\/4lo.kielce.eu\/wp-content\/uploads\/2022\/10\/20221021_163152-225x300.jpg 225w, https:\/\/4lo.kielce.eu\/wp-content\/uploads\/2022\/10\/20221021_163152-1152x1536.jpg 1152w, https:\/\/4lo.kielce.eu\/wp-content\/uploads\/2022\/10\/20221021_163152-1536x2048.jpg 1536w, https:\/\/4lo.kielce.eu\/wp-content\/uploads\/2022\/10\/20221021_163152-scaled.jpg 1920w\" sizes=\"auto, (max-width: 513px) 100vw, 513px\" \/><\/figure><\/div>\n\n\n<figure class=\"wp-block-image size-large\"><img loading=\"lazy\" decoding=\"async\" width=\"1024\" height=\"768\" src=\"http:\/\/4lo.kielce.eu\/wp-content\/uploads\/2022\/10\/20221022_132005-1024x768.jpg\" alt=\"\" class=\"wp-image-4384\" srcset=\"https:\/\/4lo.kielce.eu\/wp-content\/uploads\/2022\/10\/20221022_132005-1024x768.jpg 1024w, https:\/\/4lo.kielce.eu\/wp-content\/uploads\/2022\/10\/20221022_132005-300x225.jpg 300w, https:\/\/4lo.kielce.eu\/wp-content\/uploads\/2022\/10\/20221022_132005-768x576.jpg 768w, https:\/\/4lo.kielce.eu\/wp-content\/uploads\/2022\/10\/20221022_132005-1536x1152.jpg 1536w, https:\/\/4lo.kielce.eu\/wp-content\/uploads\/2022\/10\/20221022_132005-2048x1536.jpg 2048w, https:\/\/4lo.kielce.eu\/wp-content\/uploads\/2022\/10\/20221022_132005-240x180.jpg 240w\" sizes=\"auto, (max-width: 1024px) 100vw, 1024px\" \/><figcaption class=\"wp-element-caption\">Diabelski Kamie\u0144 <\/figcaption><\/figure>\n\n\n<div class=\"wp-block-image\">\n<figure class=\"alignright size-large is-resized\"><img loading=\"lazy\" decoding=\"async\" src=\"http:\/\/4lo.kielce.eu\/wp-content\/uploads\/2022\/10\/20221022_105718-1024x768.jpg\" alt=\"\" class=\"wp-image-4385\" width=\"715\" height=\"536\" srcset=\"https:\/\/4lo.kielce.eu\/wp-content\/uploads\/2022\/10\/20221022_105718-1024x768.jpg 1024w, https:\/\/4lo.kielce.eu\/wp-content\/uploads\/2022\/10\/20221022_105718-300x225.jpg 300w, https:\/\/4lo.kielce.eu\/wp-content\/uploads\/2022\/10\/20221022_105718-768x576.jpg 768w, https:\/\/4lo.kielce.eu\/wp-content\/uploads\/2022\/10\/20221022_105718-1536x1152.jpg 1536w, https:\/\/4lo.kielce.eu\/wp-content\/uploads\/2022\/10\/20221022_105718-2048x1536.jpg 2048w, https:\/\/4lo.kielce.eu\/wp-content\/uploads\/2022\/10\/20221022_105718-240x180.jpg 240w\" sizes=\"auto, (max-width: 715px) 100vw, 715px\" \/><\/figure><\/div>\n\n\n<figure class=\"wp-block-image size-large is-resized\"><img loading=\"lazy\" decoding=\"async\" src=\"http:\/\/4lo.kielce.eu\/wp-content\/uploads\/2022\/10\/20221022_120718-1024x768.jpg\" alt=\"\" class=\"wp-image-4387\" width=\"706\" height=\"530\" srcset=\"https:\/\/4lo.kielce.eu\/wp-content\/uploads\/2022\/10\/20221022_120718-1024x768.jpg 1024w, https:\/\/4lo.kielce.eu\/wp-content\/uploads\/2022\/10\/20221022_120718-300x225.jpg 300w, https:\/\/4lo.kielce.eu\/wp-content\/uploads\/2022\/10\/20221022_120718-768x576.jpg 768w, https:\/\/4lo.kielce.eu\/wp-content\/uploads\/2022\/10\/20221022_120718-1536x1152.jpg 1536w, https:\/\/4lo.kielce.eu\/wp-content\/uploads\/2022\/10\/20221022_120718-2048x1536.jpg 2048w, https:\/\/4lo.kielce.eu\/wp-content\/uploads\/2022\/10\/20221022_120718-240x180.jpg 240w\" sizes=\"auto, (max-width: 706px) 100vw, 706px\" \/><figcaption class=\"wp-element-caption\">Prze\u0142om Lubrzanki<\/figcaption><\/figure>\n\n\n<div class=\"wp-block-image\">\n<figure class=\"alignright size-large is-resized\"><img loading=\"lazy\" decoding=\"async\" src=\"http:\/\/4lo.kielce.eu\/wp-content\/uploads\/2022\/10\/312152643_5737730169624725_6059036956737712488_n-1024x768.jpg\" alt=\"\" class=\"wp-image-4388\" width=\"696\" height=\"522\" srcset=\"https:\/\/4lo.kielce.eu\/wp-content\/uploads\/2022\/10\/312152643_5737730169624725_6059036956737712488_n-1024x768.jpg 1024w, https:\/\/4lo.kielce.eu\/wp-content\/uploads\/2022\/10\/312152643_5737730169624725_6059036956737712488_n-300x225.jpg 300w, https:\/\/4lo.kielce.eu\/wp-content\/uploads\/2022\/10\/312152643_5737730169624725_6059036956737712488_n-768x576.jpg 768w, https:\/\/4lo.kielce.eu\/wp-content\/uploads\/2022\/10\/312152643_5737730169624725_6059036956737712488_n-1536x1152.jpg 1536w, https:\/\/4lo.kielce.eu\/wp-content\/uploads\/2022\/10\/312152643_5737730169624725_6059036956737712488_n-240x180.jpg 240w, https:\/\/4lo.kielce.eu\/wp-content\/uploads\/2022\/10\/312152643_5737730169624725_6059036956737712488_n.jpg 2048w\" sizes=\"auto, (max-width: 696px) 100vw, 696px\" \/><\/figure><\/div>\n\n\n<figure class=\"wp-block-image size-large is-resized\"><img loading=\"lazy\" decoding=\"async\" src=\"http:\/\/4lo.kielce.eu\/wp-content\/uploads\/2022\/10\/20221022_105816-768x1024.jpg\" alt=\"\" class=\"wp-image-4397\" width=\"525\" height=\"700\" srcset=\"https:\/\/4lo.kielce.eu\/wp-content\/uploads\/2022\/10\/20221022_105816-768x1024.jpg 768w, https:\/\/4lo.kielce.eu\/wp-content\/uploads\/2022\/10\/20221022_105816-225x300.jpg 225w, https:\/\/4lo.kielce.eu\/wp-content\/uploads\/2022\/10\/20221022_105816-1152x1536.jpg 1152w, https:\/\/4lo.kielce.eu\/wp-content\/uploads\/2022\/10\/20221022_105816-1536x2048.jpg 1536w, https:\/\/4lo.kielce.eu\/wp-content\/uploads\/2022\/10\/20221022_105816-scaled.jpg 1920w\" sizes=\"auto, (max-width: 525px) 100vw, 525px\" \/><\/figure>\n\n\n\n<p>Dawali\u015bmy rad\u0119 w najci\u0119\u017cszych chwilach \ud83d\ude09<\/p>\n\n\n\n<p>Nast\u0119pnym razem zabieraj plecak, zak\u0142adaj buty i w\u0119druj razem z nami!!!<\/p>\n\n\n\n<figure class=\"wp-block-image size-large\"><img loading=\"lazy\" decoding=\"async\" width=\"1024\" height=\"768\" src=\"http:\/\/4lo.kielce.eu\/wp-content\/uploads\/2022\/10\/20221021_172503-1024x768.jpg\" alt=\"\" class=\"wp-image-4389\" srcset=\"https:\/\/4lo.kielce.eu\/wp-content\/uploads\/2022\/10\/20221021_172503-1024x768.jpg 1024w, https:\/\/4lo.kielce.eu\/wp-content\/uploads\/2022\/10\/20221021_172503-300x225.jpg 300w, https:\/\/4lo.kielce.eu\/wp-content\/uploads\/2022\/10\/20221021_172503-768x576.jpg 768w, https:\/\/4lo.kielce.eu\/wp-content\/uploads\/2022\/10\/20221021_172503-1536x1152.jpg 1536w, https:\/\/4lo.kielce.eu\/wp-content\/uploads\/2022\/10\/20221021_172503-2048x1536.jpg 2048w, https:\/\/4lo.kielce.eu\/wp-content\/uploads\/2022\/10\/20221021_172503-240x180.jpg 240w\" sizes=\"auto, (max-width: 1024px) 100vw, 1024px\" \/><\/figure>\n\n\n\n<p>A gdyby kto\u015b chcia\u0142 podejrze\u0107 i pod\u0105\u017ca\u0107 nasz\u0105 tras\u0105 &#8211; czerwonym szlakiem &#8211; to poni\u017cej fragment mapy naszego regionu \ud83d\ude42<\/p>\n\n\n\n<figure class=\"wp-block-image size-large\"><img loading=\"lazy\" decoding=\"async\" width=\"1024\" height=\"453\" src=\"http:\/\/4lo.kielce.eu\/wp-content\/uploads\/2022\/10\/312339842_442244638043293_1905674618853744654_n-1-1024x453.jpg\" alt=\"\" class=\"wp-image-4400\" srcset=\"https:\/\/4lo.kielce.eu\/wp-content\/uploads\/2022\/10\/312339842_442244638043293_1905674618853744654_n-1-1024x453.jpg 1024w, https:\/\/4lo.kielce.eu\/wp-content\/uploads\/2022\/10\/312339842_442244638043293_1905674618853744654_n-1-300x133.jpg 300w, https:\/\/4lo.kielce.eu\/wp-content\/uploads\/2022\/10\/312339842_442244638043293_1905674618853744654_n-1-768x340.jpg 768w, https:\/\/4lo.kielce.eu\/wp-content\/uploads\/2022\/10\/312339842_442244638043293_1905674618853744654_n-1-1536x680.jpg 1536w, https:\/\/4lo.kielce.eu\/wp-content\/uploads\/2022\/10\/312339842_442244638043293_1905674618853744654_n-1.jpg 1678w\" sizes=\"auto, (max-width: 1024px) 100vw, 1024px\" \/><\/figure>\n","protected":false},"excerpt":{"rendered":"<p>Opiekunowie: Bogus\u0142awa Marczewska,Agnieszka Zieli\u0144ska,Micha\u0142 \u0106wierz Zarz\u0105d SKT: Prezes: Szymon Skuza 2E V-ce Prezes: Dominika Bielecka 3D Skarbniczki: Wiktoria Kopacz i Karolina Cedro 1B Jesienny rajd 2023 &#8211; zobacz! Wszystkich, kt\u00f3rzy&#8230; <\/p>\n","protected":false},"author":1,"featured_media":0,"parent":0,"menu_order":0,"comment_status":"closed","ping_status":"closed","template":"","meta":{"footnotes":""},"class_list":["post-4321","page","type-page","status-publish","hentry"],"_links":{"self":[{"href":"https:\/\/4lo.kielce.eu\/index.php\/wp-json\/wp\/v2\/pages\/4321","targetHints":{"allow":["GET"]}}],"collection":[{"href":"https:\/\/4lo.kielce.eu\/index.php\/wp-json\/wp\/v2\/pages"}],"about":[{"href":"https:\/\/4lo.kielce.eu\/index.php\/wp-json\/wp\/v2\/types\/page"}],"author":[{"embeddable":true,"href":"https:\/\/4lo.kielce.eu\/index.php\/wp-json\/wp\/v2\/users\/1"}],"replies":[{"embeddable":true,"href":"https:\/\/4lo.kielce.eu\/index.php\/wp-json\/wp\/v2\/comments?post=4321"}],"version-history":[{"count":19,"href":"https:\/\/4lo.kielce.eu\/index.php\/wp-json\/wp\/v2\/pages\/4321\/revisions"}],"predecessor-version":[{"id":5792,"href":"https:\/\/4lo.kielce.eu\/index.php\/wp-json\/wp\/v2\/pages\/4321\/revisions\/5792"}],"wp:attachment":[{"href":"https:\/\/4lo.kielce.eu\/index.php\/wp-json\/wp\/v2\/media?parent=4321"}],"curies":[{"name":"wp","href":"https:\/\/api.w.org\/{rel}","templated":true}]}}