{"id":42,"date":"2020-01-04T15:08:19","date_gmt":"2020-01-04T14:08:19","guid":{"rendered":"http:\/\/4lo.kielce.eu\/?page_id=42"},"modified":"2024-04-04T11:38:10","modified_gmt":"2024-04-04T09:38:10","slug":"kontakt-i-lokalizacja","status":"publish","type":"page","link":"https:\/\/4lo.kielce.eu\/index.php\/kontakt-i-lokalizacja\/","title":{"rendered":"Kontakt i lokalizacja"},"content":{"rendered":"\n<p><strong>Adres szko\u0142y:<\/strong><strong> <br><\/strong><\/p>\n\n\n\n<p>IV Liceum Og\u00f3lnokszta\u0142c\u0105ce<br>ul. Radiowa 1<br>25-317 Kielce<br> <\/p>\n\n\n\n<p><\/p>\n\n\n<div class=\"wp-block-image\">\n<figure class=\"alignleft size-large is-resized\"><img loading=\"lazy\" decoding=\"async\" src=\"http:\/\/4lo.kielce.eu\/wp-content\/uploads\/2020\/03\/message.jpg\" alt=\"\" class=\"wp-image-1222\" width=\"69\" height=\"66\"\/><\/figure><\/div>\n\n\n<p>   SEKRETARIAT:  <a href=\"mailto:sekretariat@4lo.kielce.eu\"><strong>sekretariat@4lo.kielce.eu<\/strong><\/a><\/p>\n\n\n\n<p>   <\/p>\n\n\n\n<p>tel. 41 36 76 505<br><\/p>\n\n\n\n<p><iframe src=\"https:\/\/www.google.com\/maps\/embed?pb=!4v1636189497623!6m8!1m7!1s20nVFv4xSpHRsNda53-Z9Q!2m2!1d50.87788378961575!2d20.6386867109647!3f151.22632912702662!4f-3.237617569309691!5f0.7820865974627469\" style=\"border:0;\" allowfullscreen=\"\" loading=\"lazy\" width=\"100%\" height=\"500\"><\/iframe><\/p>\n","protected":false},"excerpt":{"rendered":"<p>Adres szko\u0142y: IV Liceum Og\u00f3lnokszta\u0142c\u0105ceul. Radiowa 125-317 Kielce SEKRETARIAT: sekretariat@4lo.kielce.eu tel. 41 36 76 505<\/p>\n","protected":false},"author":1,"featured_media":0,"parent":0,"menu_order":0,"comment_status":"closed","ping_status":"closed","template":"","meta":{"footnotes":""},"class_list":["post-42","page","type-page","status-publish","hentry"],"_links":{"self":[{"href":"https:\/\/4lo.kielce.eu\/index.php\/wp-json\/wp\/v2\/pages\/42","targetHints":{"allow":["GET"]}}],"collection":[{"href":"https:\/\/4lo.kielce.eu\/index.php\/wp-json\/wp\/v2\/pages"}],"about":[{"href":"https:\/\/4lo.kielce.eu\/index.php\/wp-json\/wp\/v2\/types\/page"}],"author":[{"embeddable":true,"href":"https:\/\/4lo.kielce.eu\/index.php\/wp-json\/wp\/v2\/users\/1"}],"replies":[{"embeddable":true,"href":"https:\/\/4lo.kielce.eu\/index.php\/wp-json\/wp\/v2\/comments?post=42"}],"version-history":[{"count":5,"href":"https:\/\/4lo.kielce.eu\/index.php\/wp-json\/wp\/v2\/pages\/42\/revisions"}],"predecessor-version":[{"id":6565,"href":"https:\/\/4lo.kielce.eu\/index.php\/wp-json\/wp\/v2\/pages\/42\/revisions\/6565"}],"wp:attachment":[{"href":"https:\/\/4lo.kielce.eu\/index.php\/wp-json\/wp\/v2\/media?parent=42"}],"curies":[{"name":"wp","href":"https:\/\/api.w.org\/{rel}","templated":true}]}}