{"id":32,"date":"2020-01-04T14:09:14","date_gmt":"2020-01-04T13:09:14","guid":{"rendered":"http:\/\/4lo.kielce.eu\/?page_id=32"},"modified":"2020-01-06T14:09:39","modified_gmt":"2020-01-06T13:09:39","slug":"historia-szkoly","status":"publish","type":"page","link":"https:\/\/4lo.kielce.eu\/index.php\/historia-szkoly\/","title":{"rendered":"Historia szko\u0142y"},"content":{"rendered":"\n<div class=\"wp-block-image\"><figure class=\"alignleft is-resized\"><img loading=\"lazy\" decoding=\"async\" src=\"http:\/\/4lo.kielce.eu\/wp-content\/uploads\/2020\/01\/his1.jpg\" alt=\"\" class=\"wp-image-158\" width=\"301\" height=\"214\"\/><\/figure><\/div>\n\n\n\n<p>    IV Liceum w Kielcach  bierze swe  pocz\u0105tki z \u201eSi\u00f3demki\u201d. Pierwotnie obydwie  plac\u00f3wki funkcjonowa\u0142y razem  pod nazw\u0105 Szko\u0142y Og\u00f3lnokszta\u0142c\u0105cej  Stopnia Podstawowego <br>i Licealnego  TPD im. Hanki Sawickiej. Ich  siedzib\u0105 by\u0142y drewniane baraki oraz jeden  murowany budynek przy<br>ul. Ch\u0119ci\u0144skiej.    <\/p>\n\n\n\n<p>   Ze wspomnie\u0144 Maryli  Ba\u0142uki- Horeckiej: \u201eBy\u0142a to plac\u00f3wka  usytuowana  najbli\u017cej  naszego domu. Do niej ucz\u0119szcza\u0142 Igor  Zinkowski, syn  przyjaci\u00f3\u0142 moich  rodzic\u00f3w. Wp\u0142yw na podj\u0119cie  nauki w tej szkole mia\u0142a  te\u017c opinia, \u017ce  pracuj\u0105 tam bardzo  dobrzy nauczyciele. Szko\u0142a mie\u015bci\u0142a  si\u0119 w dwu  budynkach:  dwupi\u0119trowy i obiekcie pi\u0119trowym po szkole nr 7.  Teren by\u0142  ogrodzony i \u0142adnie zagospodarowany. Klasa XI do kt\u00f3rej  chodzi\u0142am  znajdowa\u0142a si\u0119 na II \u2013 gim pi\u0119trze. Siedzieli\u015bmy przy   stolikach z  ka\u0142amarzami, cho\u0107 cz\u0119\u015b\u0107 z nas mia\u0142o tzw. wieczne  pi\u00f3ra.  Nie by\u0142o zbyt  wiele pomocy naukowych, pami\u0119tam, \u017ce mapy i  globus na  lekcj\u0119 przynosi\u0142  dy\u017curny ucze\u0144 z pokoju  nauczycielskiego. Dyrektorem  szko\u0142y by\u0142a Natalia  J\u0119drzejczyk.  By\u0142a te\u017c prawdziwa wo\u017ana w fartuchu, z  du\u017cym r\u0119cznym  dzwonkiem.  Kt\u00f3rym obwieszcza\u0142a pocz\u0105tek i koniec  lekcji.\u201d       <\/p>\n\n\n\n<p>               <\/p>\n\n\n\n<div class=\"wp-block-image\"><figure class=\"alignright is-resized\"><img loading=\"lazy\" decoding=\"async\" src=\"http:\/\/4lo.kielce.eu\/wp-content\/uploads\/2020\/01\/his2.jpg\" alt=\"\" class=\"wp-image-159\" width=\"368\" height=\"262\"\/><\/figure><\/div>\n\n\n\n<p>            W 1972 roku  przyst\u0105piono do budowy obecnej siedziby, kt\u00f3ra mie\u015bci si\u0119 przy  ul. Radiowej 1<\/p>\n\n\n\n<p>    <\/p>\n\n\n\n<div class=\"wp-block-image\"><figure class=\"alignleft is-resized\"><img loading=\"lazy\" decoding=\"async\" src=\"http:\/\/4lo.kielce.eu\/wp-content\/uploads\/2020\/01\/his3.jpg\" alt=\"\" class=\"wp-image-160\" width=\"252\" height=\"296\"\/><\/figure><\/div>\n\n\n\n<p>    <\/p>\n\n\n\n<p> Rok 1975 by\u0142 rokiem  wa\u017cnym dla IV LO,  bowiem wtedy to w\u0142a\u015bnie szko\u0142a obchodzi\u0142a 25  rocznic\u0119 istnienia oraz  otrzyma\u0142a sw\u00f3j w\u0142asny sztandar.    <\/p>\n\n\n\n<div class=\"wp-block-image\"><figure class=\"alignright is-resized\"><img loading=\"lazy\" decoding=\"async\" src=\"http:\/\/4lo.kielce.eu\/wp-content\/uploads\/2020\/01\/his6.jpg\" alt=\"\" class=\"wp-image-163\" width=\"270\" height=\"407\"\/><\/figure><\/div>\n\n\n\n<div class=\"wp-block-image\"><figure class=\"alignleft is-resized\"><img loading=\"lazy\" decoding=\"async\" src=\"http:\/\/4lo.kielce.eu\/wp-content\/uploads\/2020\/01\/his4.jpg\" alt=\"\" class=\"wp-image-161\" width=\"291\" height=\"214\"\/><\/figure><\/div>\n\n\n\n<p> <\/p>\n\n\n\n<p>   <br><\/p>\n\n\n\n<p>Ze wspomnie\u0144 mgr  Urszuli Jo\u0144czyk:<br> \u201eW klasie maturalnej \u2013  czyli IX-ej  istnia\u0142 \u201eKlub Palacza\u201d, a jego prezesem by\u0142 \u015bp.  Waldek Stasza\u0142ek.   <\/p>\n\n\n\n<p><br><\/p>\n\n\n\n<p>Wiedzia\u0142o o nim grono pedagogiczne i godzi\u0142o  si\u0119 na jego istnienie. To  by\u0142 w zasadzie jedyny przywilej.  Uprawnie\u0144 innych nie mieli\u015bmy wiele.  Wolno nam by\u0142o \u0142azi\u0107 do  20:00, a po tej godzinie policyjnej na widok  nauczyciela zapada\u0142o  si\u0119 pod ziemi\u0119. Z\u0142apanego spisywano, a potem na  apelu przest\u0119pca  otrzymywa\u0142 kar\u0119 \u2013 nagan\u0119. <\/p>\n\n\n\n<div class=\"wp-block-image\"><figure class=\"alignright is-resized\"><img loading=\"lazy\" decoding=\"async\" src=\"http:\/\/4lo.kielce.eu\/wp-content\/uploads\/2020\/01\/his5.jpg\" alt=\"\" class=\"wp-image-162\" width=\"272\" height=\"233\" srcset=\"https:\/\/4lo.kielce.eu\/wp-content\/uploads\/2020\/01\/his5.jpg 780w, https:\/\/4lo.kielce.eu\/wp-content\/uploads\/2020\/01\/his5-300x257.jpg 300w, https:\/\/4lo.kielce.eu\/wp-content\/uploads\/2020\/01\/his5-768x659.jpg 768w\" sizes=\"auto, (max-width: 272px) 100vw, 272px\" \/><\/figure><\/div>\n\n\n\n<p> <\/p>\n\n\n\n<p>  Trzeba by\u0142o bra\u0107 udzia\u0142 w  ka\u017cdej  1 \u2013 majowej defiladzie, sprawdzano przecie\u017c list\u0119 obecno\u015bci.  Ka\u017cdy wi\u0119c z nas przychodzi\u0142 w tym dniu; ch\u0142opcy w bia\u0142ych  koszulach i  granatowych spodniach, a dziewcz\u0119ta w bia\u0142ych bluzkach  i w granatowych  sp\u00f3dnicach. <\/p>\n\n\n\n<p>Musieli\u015bmy taszczy\u0107 szturm\u00f3wki, portrety Marksa i Engelsa,  Lenina. Chruszczowa i Gomu\u0142ki. Biada  temu osobnikowi, co nie  przestrzega\u0142 tych kanon\u00f3w.\u201d    <\/p>\n\n\n\n<div class=\"wp-block-image\"><figure class=\"alignright is-resized\"><img loading=\"lazy\" decoding=\"async\" src=\"http:\/\/4lo.kielce.eu\/wp-content\/uploads\/2020\/01\/his7.jpg\" alt=\"\" class=\"wp-image-164\" width=\"270\" height=\"215\"\/><\/figure><\/div>\n\n\n\n<p>    Ze wspomnie\u0144 Andrzeja  G\u0119bskiego:<br> \u201eSzko\u0142a dla wi\u0119kszo\u015bci  uczni\u00f3w by\u0142a  drugim domem, tu w \u015bwietlicy szkolnej uczyli si\u0119,  odrabiali lekcji. W  sto\u0142\u00f3wce, co bogatsi, jedli skromne jak na  tamte czasy obiady i  wieczorem jechali do domu, aby si\u0119 w nim  przespa\u0107 i wcze\u015bnie rano  przyje\u017cd\u017cali do szko\u0142y. Uczyli si\u0119  r\u00f3wnie\u017c bardzo biedni uczniowie,  kt\u00f3rzy przez ca\u0142y dzie\u0144  zjadali jedn\u0105 such\u0105 bu\u0142k\u0119, bo na tyle ich by\u0142o  sta\u0107<br> i dopiero  w domu \u2013 wieczorem jedli (je\u015bli m\u0142odsze rodze\u0144stwo co\u015b  im  jeszcze zostawi\u0142o). Nieraz \u0142za si\u0119 cz\u0142owiekowi w oku kr\u0119ci\u0142a,  jak  ci doje\u017cd\u017caj\u0105cy ze wsi przygl\u0105dali si\u0119 na jedzenie, jak  konsumowa\u0142o si\u0119  \u015bniadanie na du\u017cej przerwie w klasie i niejeden   raz trzeba by\u0142o  podzieli\u0107 si\u0119 swoj\u0105 kanapk\u0105 ze zg\u0142odnia\u0142ym  koleg\u0105, a takich by\u0142o bardzo  du\u017co.\u201d   <\/p>\n\n\n\n<blockquote class=\"wp-block-quote is-layout-flow wp-block-quote-is-layout-flow\"><p><em> Opracowano  przy pomocy ksi\u0105\u017cki pt. \u201eSzko\u0142a olimpijczyk\u00f3w\u201d (E. Kosik, J. Pytel, P.  Olszewski) wydanej z okazji 50 \u2013 lecia istnienia IV Liceum  Og\u00f3lnokszta\u0142c\u0105cego.<\/em><\/p><\/blockquote>\n","protected":false},"excerpt":{"rendered":"<p>IV Liceum w Kielcach bierze swe pocz\u0105tki z \u201eSi\u00f3demki\u201d. Pierwotnie obydwie plac\u00f3wki funkcjonowa\u0142y razem pod nazw\u0105 Szko\u0142y Og\u00f3lnokszta\u0142c\u0105cej Stopnia Podstawowego i Licealnego TPD im. Hanki Sawickiej. Ich siedzib\u0105 by\u0142y drewniane&#8230; <\/p>\n","protected":false},"author":1,"featured_media":0,"parent":0,"menu_order":0,"comment_status":"closed","ping_status":"closed","template":"","meta":{"footnotes":""},"class_list":["post-32","page","type-page","status-publish","hentry"],"_links":{"self":[{"href":"https:\/\/4lo.kielce.eu\/index.php\/wp-json\/wp\/v2\/pages\/32","targetHints":{"allow":["GET"]}}],"collection":[{"href":"https:\/\/4lo.kielce.eu\/index.php\/wp-json\/wp\/v2\/pages"}],"about":[{"href":"https:\/\/4lo.kielce.eu\/index.php\/wp-json\/wp\/v2\/types\/page"}],"author":[{"embeddable":true,"href":"https:\/\/4lo.kielce.eu\/index.php\/wp-json\/wp\/v2\/users\/1"}],"replies":[{"embeddable":true,"href":"https:\/\/4lo.kielce.eu\/index.php\/wp-json\/wp\/v2\/comments?post=32"}],"version-history":[{"count":15,"href":"https:\/\/4lo.kielce.eu\/index.php\/wp-json\/wp\/v2\/pages\/32\/revisions"}],"predecessor-version":[{"id":179,"href":"https:\/\/4lo.kielce.eu\/index.php\/wp-json\/wp\/v2\/pages\/32\/revisions\/179"}],"wp:attachment":[{"href":"https:\/\/4lo.kielce.eu\/index.php\/wp-json\/wp\/v2\/media?parent=32"}],"curies":[{"name":"wp","href":"https:\/\/api.w.org\/{rel}","templated":true}]}}