{"id":30,"date":"2020-01-04T14:07:09","date_gmt":"2020-01-04T13:07:09","guid":{"rendered":"http:\/\/4lo.kielce.eu\/?page_id=30"},"modified":"2021-02-16T16:43:09","modified_gmt":"2021-02-16T15:43:09","slug":"wspolpraca-z-politechnika-swietokrzyska","status":"publish","type":"page","link":"https:\/\/4lo.kielce.eu\/index.php\/wspolpraca-z-politechnika-swietokrzyska\/","title":{"rendered":"Wsp\u00f3\u0142praca z Politechnik\u0105 \u015awi\u0119tokrzysk\u0105"},"content":{"rendered":"\n<figure class=\"wp-block-image is-resized\"><img loading=\"lazy\" decoding=\"async\" src=\"http:\/\/4lo.kielce.eu\/wp-content\/uploads\/2020\/01\/politechnikan.jpg\" alt=\"\" class=\"wp-image-183\" width=\"585\" height=\"585\" srcset=\"https:\/\/4lo.kielce.eu\/wp-content\/uploads\/2020\/01\/politechnikan.jpg 200w, https:\/\/4lo.kielce.eu\/wp-content\/uploads\/2020\/01\/politechnikan-150x150.jpg 150w\" sizes=\"auto, (max-width: 585px) 100vw, 585px\" \/><\/figure>\n\n\n\n<p>&nbsp;&nbsp;\n W dniu 2 wrze\u015bnia 2019 roku pani dyrektor Edyta Lato podpisa\u0142a umow\u0119 \nmi\u0119dzy Politechnik\u0105 \u015awi\u0119tokrzysk\u0105 a IV LO o obj\u0119cie patronatem naukowym \nnaszej szko\u0142y. <\/p>\n\n\n\n<figure class=\"wp-block-image\"><img loading=\"lazy\" decoding=\"async\" width=\"960\" height=\"640\" src=\"http:\/\/4lo.kielce.eu\/wp-content\/uploads\/2020\/01\/politechnika3.jpg\" alt=\"\" class=\"wp-image-185\" srcset=\"https:\/\/4lo.kielce.eu\/wp-content\/uploads\/2020\/01\/politechnika3.jpg 960w, https:\/\/4lo.kielce.eu\/wp-content\/uploads\/2020\/01\/politechnika3-300x200.jpg 300w, https:\/\/4lo.kielce.eu\/wp-content\/uploads\/2020\/01\/politechnika3-768x512.jpg 768w\" sizes=\"auto, (max-width: 960px) 100vw, 960px\" \/><\/figure>\n\n\n\n<figure class=\"wp-block-image\"><img decoding=\"async\" src=\"blob:http:\/\/4lo.kielce.eu\/d8f83d91-3d1f-4273-aff1-eac06db9f326\" alt=\"\"\/><\/figure>\n\n\n\n<p>&nbsp;&nbsp;&nbsp;&nbsp; Z ramienia Politechniki go\u015bcili\u015bmy pana&nbsp;Prorektora ds. Bada\u0144 Naukowych i\n Wsp\u00f3\u0142pracy z Przemys\u0142em&nbsp;prof. dr hab. in\u017c. Zbigniewa&nbsp; Korub\u0119 i&nbsp;pani\u0105 \nmgr in\u017c. Agnieszk\u0119 Dud\u0119 dyrektor Dzieci\u0119cej Politechniki \n\u015awi\u0119tokrzyskiej.<\/p>\n\n\n\n<hr class=\"wp-block-separator\"\/>\n\n\n\n<p><strong>Zaj\u0119cia na Wydziale Elektrotechniki, Automatyki i Informatyki<\/strong><\/p>\n\n\n\n<figure class=\"wp-block-image\"><img loading=\"lazy\" decoding=\"async\" width=\"768\" height=\"1024\" src=\"http:\/\/4lo.kielce.eu\/wp-content\/uploads\/2020\/01\/polit-1-768x1024.jpg\" alt=\"\" class=\"wp-image-188\" srcset=\"https:\/\/4lo.kielce.eu\/wp-content\/uploads\/2020\/01\/polit-1-768x1024.jpg 768w, https:\/\/4lo.kielce.eu\/wp-content\/uploads\/2020\/01\/polit-1-225x300.jpg 225w, https:\/\/4lo.kielce.eu\/wp-content\/uploads\/2020\/01\/polit-1.jpg 1024w\" sizes=\"auto, (max-width: 768px) 100vw, 768px\" \/><\/figure>\n\n\n\n<figure class=\"wp-block-image\"><img loading=\"lazy\" decoding=\"async\" width=\"1024\" height=\"768\" src=\"http:\/\/4lo.kielce.eu\/wp-content\/uploads\/2020\/01\/polit-2-1-1024x768.jpg\" alt=\"\" class=\"wp-image-191\" srcset=\"https:\/\/4lo.kielce.eu\/wp-content\/uploads\/2020\/01\/polit-2-1-1024x768.jpg 1024w, https:\/\/4lo.kielce.eu\/wp-content\/uploads\/2020\/01\/polit-2-1-300x225.jpg 300w, https:\/\/4lo.kielce.eu\/wp-content\/uploads\/2020\/01\/polit-2-1-768x576.jpg 768w, https:\/\/4lo.kielce.eu\/wp-content\/uploads\/2020\/01\/polit-2-1-240x180.jpg 240w, https:\/\/4lo.kielce.eu\/wp-content\/uploads\/2020\/01\/polit-2-1.jpg 1365w\" sizes=\"auto, (max-width: 1024px) 100vw, 1024px\" \/><\/figure>\n\n\n\n<p>&nbsp;&nbsp;\n W dniu 23 i 24 wrze\u015bnia 2019 roku uczniowie klasy III A liceum pod \nopiek\u0105 pani Katarzyny Janowskiej-Pytel uczestniczyli w zaj\u0119ciach&nbsp; na \nWydziale&nbsp;Elektrotechniki, Automatyki i&nbsp;Informatyki Politechniki \n\u015awi\u0119tokrzyskiej.<\/p>\n\n\n\n<figure class=\"wp-block-image\"><img loading=\"lazy\" decoding=\"async\" width=\"768\" height=\"1024\" src=\"http:\/\/4lo.kielce.eu\/wp-content\/uploads\/2020\/01\/polit-3-768x1024.jpg\" alt=\"\" class=\"wp-image-193\" srcset=\"https:\/\/4lo.kielce.eu\/wp-content\/uploads\/2020\/01\/polit-3-768x1024.jpg 768w, https:\/\/4lo.kielce.eu\/wp-content\/uploads\/2020\/01\/polit-3-225x300.jpg 225w, https:\/\/4lo.kielce.eu\/wp-content\/uploads\/2020\/01\/polit-3.jpg 1024w\" sizes=\"auto, (max-width: 768px) 100vw, 768px\" \/><\/figure>\n\n\n\n<figure class=\"wp-block-image\"><img loading=\"lazy\" decoding=\"async\" width=\"1024\" height=\"768\" src=\"http:\/\/4lo.kielce.eu\/wp-content\/uploads\/2020\/01\/polit-4-1024x768.jpg\" alt=\"\" class=\"wp-image-194\" srcset=\"https:\/\/4lo.kielce.eu\/wp-content\/uploads\/2020\/01\/polit-4-1024x768.jpg 1024w, https:\/\/4lo.kielce.eu\/wp-content\/uploads\/2020\/01\/polit-4-300x225.jpg 300w, https:\/\/4lo.kielce.eu\/wp-content\/uploads\/2020\/01\/polit-4-768x576.jpg 768w, https:\/\/4lo.kielce.eu\/wp-content\/uploads\/2020\/01\/polit-4-240x180.jpg 240w, https:\/\/4lo.kielce.eu\/wp-content\/uploads\/2020\/01\/polit-4.jpg 1365w\" sizes=\"auto, (max-width: 1024px) 100vw, 1024px\" \/><\/figure>\n\n\n\n<p>&nbsp;W\n pracowni informatycznej tworzyli na komputerach filmy dzi\u0119ki animacji \nszkieletowej pod kierunkiem pani dr. in\u017c. Barbary \u0141ukawskiej oraz&nbsp; \nbrali&nbsp; udzia\u0142 w zaj\u0119ciach z wykorzystaniem drukarki 3D, prowadzonych \nprzez pana dr. in\u017c. J\u00f3zefa Ciosmaka. <br>&nbsp;&nbsp;&nbsp;&nbsp; <\/p>\n\n\n\n<p>&nbsp; Uczniowie byli bardzo zadowoleni-zdobyli now\u0105 wiedz\u0119 i poszerzyli swoje horyzonty.<\/p>\n\n\n\n<hr class=\"wp-block-separator\"\/>\n\n\n\n<figure class=\"wp-block-image\"><img loading=\"lazy\" decoding=\"async\" width=\"767\" height=\"1024\" src=\"http:\/\/4lo.kielce.eu\/wp-content\/uploads\/2020\/01\/hvihfCU-767x1024.jpg\" alt=\"\" class=\"wp-image-195\" srcset=\"https:\/\/4lo.kielce.eu\/wp-content\/uploads\/2020\/01\/hvihfCU-767x1024.jpg 767w, https:\/\/4lo.kielce.eu\/wp-content\/uploads\/2020\/01\/hvihfCU-225x300.jpg 225w, https:\/\/4lo.kielce.eu\/wp-content\/uploads\/2020\/01\/hvihfCU-768x1026.jpg 768w, https:\/\/4lo.kielce.eu\/wp-content\/uploads\/2020\/01\/hvihfCU.jpg 1168w\" sizes=\"auto, (max-width: 767px) 100vw, 767px\" \/><\/figure>\n\n\n\n<figure class=\"wp-block-image\"><img loading=\"lazy\" decoding=\"async\" width=\"767\" height=\"1024\" src=\"http:\/\/4lo.kielce.eu\/wp-content\/uploads\/2020\/01\/biGBScI-767x1024.jpg\" alt=\"\" class=\"wp-image-196\" srcset=\"https:\/\/4lo.kielce.eu\/wp-content\/uploads\/2020\/01\/biGBScI-767x1024.jpg 767w, https:\/\/4lo.kielce.eu\/wp-content\/uploads\/2020\/01\/biGBScI-225x300.jpg 225w, https:\/\/4lo.kielce.eu\/wp-content\/uploads\/2020\/01\/biGBScI-768x1026.jpg 768w, https:\/\/4lo.kielce.eu\/wp-content\/uploads\/2020\/01\/biGBScI.jpg 1168w\" sizes=\"auto, (max-width: 767px) 100vw, 767px\" \/><\/figure>\n\n\n\n<p>W dniu 26 listopada 2019r. Klasa IIIA wraz z p. prof. Katarzyn\u0105 Janowsk\u0105-Pytel wzi\u0119\u0142a udzia\u0142 w zaj\u0119ciach praktycznych <br>w Laboratorium Teorii Obwod\u00f3w oraz <br>Pracowni\n Metrologii na Wydziale Elektrotechniki, Automatyki i Informatyki \nPolitechniki \u015awi\u0119tokrzyskiej. Uczniowie mieli okazj\u0119 zapozna\u0107 si\u0119 z \npomiarami dotycz\u0105cymi pr\u0105du sta\u0142ego i zmiennego.<\/p>\n\n\n\n<figure class=\"wp-block-image\"><img loading=\"lazy\" decoding=\"async\" width=\"767\" height=\"1024\" src=\"http:\/\/4lo.kielce.eu\/wp-content\/uploads\/2020\/01\/IzOEuUe111-767x1024.jpg\" alt=\"\" class=\"wp-image-197\" srcset=\"https:\/\/4lo.kielce.eu\/wp-content\/uploads\/2020\/01\/IzOEuUe111-767x1024.jpg 767w, https:\/\/4lo.kielce.eu\/wp-content\/uploads\/2020\/01\/IzOEuUe111-225x300.jpg 225w, https:\/\/4lo.kielce.eu\/wp-content\/uploads\/2020\/01\/IzOEuUe111-768x1026.jpg 768w, https:\/\/4lo.kielce.eu\/wp-content\/uploads\/2020\/01\/IzOEuUe111.jpg 1168w\" sizes=\"auto, (max-width: 767px) 100vw, 767px\" \/><\/figure>\n\n\n\n<figure class=\"wp-block-image\"><img loading=\"lazy\" decoding=\"async\" width=\"767\" height=\"1024\" src=\"http:\/\/4lo.kielce.eu\/wp-content\/uploads\/2020\/01\/nrM69g7111-767x1024.jpg\" alt=\"\" class=\"wp-image-198\" srcset=\"https:\/\/4lo.kielce.eu\/wp-content\/uploads\/2020\/01\/nrM69g7111-767x1024.jpg 767w, https:\/\/4lo.kielce.eu\/wp-content\/uploads\/2020\/01\/nrM69g7111-225x300.jpg 225w, https:\/\/4lo.kielce.eu\/wp-content\/uploads\/2020\/01\/nrM69g7111-768x1026.jpg 768w, https:\/\/4lo.kielce.eu\/wp-content\/uploads\/2020\/01\/nrM69g7111.jpg 1168w\" sizes=\"auto, (max-width: 767px) 100vw, 767px\" \/><\/figure>\n\n\n\n<figure class=\"wp-block-image\"><img loading=\"lazy\" decoding=\"async\" width=\"767\" height=\"1024\" src=\"http:\/\/4lo.kielce.eu\/wp-content\/uploads\/2020\/01\/rVdhoeV-767x1024.jpg\" alt=\"\" class=\"wp-image-200\" srcset=\"https:\/\/4lo.kielce.eu\/wp-content\/uploads\/2020\/01\/rVdhoeV-767x1024.jpg 767w, https:\/\/4lo.kielce.eu\/wp-content\/uploads\/2020\/01\/rVdhoeV-225x300.jpg 225w, https:\/\/4lo.kielce.eu\/wp-content\/uploads\/2020\/01\/rVdhoeV-768x1026.jpg 768w, https:\/\/4lo.kielce.eu\/wp-content\/uploads\/2020\/01\/rVdhoeV.jpg 1168w\" sizes=\"auto, (max-width: 767px) 100vw, 767px\" \/><\/figure>\n\n\n\n<figure class=\"wp-block-image\"><img loading=\"lazy\" decoding=\"async\" width=\"767\" height=\"1024\" src=\"http:\/\/4lo.kielce.eu\/wp-content\/uploads\/2020\/01\/1icCVVl77-767x1024.jpg\" alt=\"\" class=\"wp-image-201\" srcset=\"https:\/\/4lo.kielce.eu\/wp-content\/uploads\/2020\/01\/1icCVVl77-767x1024.jpg 767w, https:\/\/4lo.kielce.eu\/wp-content\/uploads\/2020\/01\/1icCVVl77-225x300.jpg 225w, https:\/\/4lo.kielce.eu\/wp-content\/uploads\/2020\/01\/1icCVVl77-768x1026.jpg 768w, https:\/\/4lo.kielce.eu\/wp-content\/uploads\/2020\/01\/1icCVVl77.jpg 1168w\" sizes=\"auto, (max-width: 767px) 100vw, 767px\" \/><\/figure>\n\n\n\n<hr class=\"wp-block-separator\"\/>\n\n\n\n<div class=\"wp-block-image\"><figure class=\"aligncenter is-resized\"><img loading=\"lazy\" decoding=\"async\" src=\"http:\/\/4lo.kielce.eu\/wp-content\/uploads\/2020\/01\/Kursrobotyki1.jpg\" alt=\"\" class=\"wp-image-202\" width=\"556\" height=\"806\"\/><\/figure><\/div>\n\n\n\n<p><strong><br>&nbsp; W dniu 19 listopada 2019 w ramach wsp\u00f3\u0142pracy z&nbsp;Politechnik\u0105 \u015awi\u0119tokrzysk\u0105 rozpocz\u0105\u0142 si\u0119:<\/strong><\/p>\n\n\n\n<p><strong>Kurs podstaw robotyki i programowania<\/strong><br><strong>mikrokontroler\u00f3w<\/strong><\/p>\n\n\n\n<p>Zaj\u0119cia&nbsp;prowadzone s\u0105 od podstaw<strong>&nbsp;<br>w ka\u017cdy wtorek w godzinach 16.00 &#8211; 17.30<br><\/strong><\/p>\n\n\n\n<p><strong>Jaki jest plan zaj\u0119\u0107?<\/strong><br><br>Uczestnicy kursu bez lutowania, na specjalnych p\u0142ytkach stykowych buduj\u0105 uk\u0142ady elektroniczne,&nbsp;zaczynaj\u0105 od prostych po nieco bardziej skomplikowane.&nbsp;<\/p>\n\n\n\n<figure class=\"wp-block-image is-resized\"><img loading=\"lazy\" decoding=\"async\" src=\"http:\/\/4lo.kielce.eu\/wp-content\/uploads\/2020\/01\/Kursrobotyki3.jpg\" alt=\"\" class=\"wp-image-203\" width=\"584\" height=\"746\"\/><\/figure>\n\n\n\n<p>Przy okazji uk\u0142ad\u00f3w omawiana s\u0105 zastosowane podzespo\u0142y, prawa i&nbsp;zjawiska.&nbsp;Uk\u0142ady dobierane s\u0105 tak aby by\u0142 jak najbardziej atrakcyjne dla m\u0142odych adept\u00f3w elektroniki.<\/p>\n\n\n\n<p>&nbsp;<br>Po  opanowaniu podstaw elektroniki ucz\u0105 si\u0119 budowy uk\u0142ad z&nbsp;wykorzystaniem  mikrokontrolera, dla kt\u00f3rego pisz\u0105 programy a&nbsp;nast\u0119pnie buduj\u0105 roboty&nbsp;wykorzystuj\u0105c poznane podzespo\u0142y i&nbsp;dodatkowe czujniki.<br><\/p>\n\n\n\n<figure class=\"wp-block-image size-large is-resized\"><img loading=\"lazy\" decoding=\"async\" src=\"http:\/\/4lo.kielce.eu\/wp-content\/uploads\/2020\/12\/IMG-0931-710x1024.jpg\" alt=\"\" class=\"wp-image-1997\" width=\"319\" height=\"459\" srcset=\"https:\/\/4lo.kielce.eu\/wp-content\/uploads\/2020\/12\/IMG-0931-710x1024.jpg 710w, https:\/\/4lo.kielce.eu\/wp-content\/uploads\/2020\/12\/IMG-0931-208x300.jpg 208w, https:\/\/4lo.kielce.eu\/wp-content\/uploads\/2020\/12\/IMG-0931.jpg 749w\" sizes=\"auto, (max-width: 319px) 100vw, 319px\" \/><\/figure>\n\n\n\n<hr class=\"wp-block-separator\"\/>\n\n\n\n<p>Rusza kampania promocyjna on-line Politechniki \u015awi\u0119tokrzyskiej skierowana do nauczycieli i uczni\u00f3w szk\u00f3\u0142 \u015brednich<\/p>\n\n\n\n<p>Politechniki \u015awi\u0119tokrzyskiej zaprasza do udzia\u0142u w akcji online maj\u0105cej na celu nawi\u0105zanie wsp\u00f3\u0142pracy mi\u0119dzy Szko\u0142\u0105 a Politechnik\u0105 \u015awi\u0119tokrzysk\u0105 oraz zapoznanie m\u0142odzie\u017cy z ofert\u0105 edukacyjn\u0105 Uczelni.<\/p>\n\n\n\n<p>Lista dost\u0119pnych temat\u00f3w spotka\u0144 on-line (b\u0119dzie systematycznie rozszerzana) jest na stronie:<br><a rel=\"noreferrer noopener\" href=\"https:\/\/tu.kielce.pl\/start\/uczelnia\/promocja-psk\/polibus\/\" target=\"_blank\">https:\/\/tu.kielce.pl\/start\/uczelnia\/promocja-psk\/polibus\/<\/a><\/p>\n\n\n\n<p>_________________________________________________________________________<\/p>\n\n\n\n<p class=\"has-black-color has-vivid-cyan-blue-background-color has-text-color has-background\"><a href=\"http:\/\/4lo.kielce.eu\/index.php\/2021\/02\/16\/program-daj-wlos-fundacji-raknroll\/\">W zwi\u0105zku z Programem \u201eDaj W\u0142os!&#8221; Fundacji Rak&#8217;n&#8217;Roll. Wygraj \u017bycie! organizujemy wydarzenie, w ramach kt\u00f3rego b\u0119dzie mo\u017cna obci\u0105\u0107 w\u0142osy u profesjonalnych Fryzjer\u00f3w i przekaza\u0107je Fundacji.<\/a><\/p>\n\n\n\n<p class=\"has-vivid-red-color has-white-background-color has-text-color has-background\"><a href=\"http:\/\/4lo.kielce.eu\/wp-content\/uploads\/2021\/02\/zaproszenie.pdf\" target=\"_blank\" rel=\"noreferrer noopener\">Zaproszenie >>><\/a><\/p>\n","protected":false},"excerpt":{"rendered":"<p>&nbsp;&nbsp; W dniu 2 wrze\u015bnia 2019 roku pani dyrektor Edyta Lato podpisa\u0142a umow\u0119 mi\u0119dzy Politechnik\u0105 \u015awi\u0119tokrzysk\u0105 a IV LO o obj\u0119cie patronatem naukowym naszej szko\u0142y. &nbsp;&nbsp;&nbsp;&nbsp; Z ramienia Politechniki go\u015bcili\u015bmy&#8230; <\/p>\n","protected":false},"author":1,"featured_media":183,"parent":0,"menu_order":0,"comment_status":"closed","ping_status":"closed","template":"","meta":{"footnotes":""},"class_list":["post-30","page","type-page","status-publish","has-post-thumbnail","hentry"],"_links":{"self":[{"href":"https:\/\/4lo.kielce.eu\/index.php\/wp-json\/wp\/v2\/pages\/30","targetHints":{"allow":["GET"]}}],"collection":[{"href":"https:\/\/4lo.kielce.eu\/index.php\/wp-json\/wp\/v2\/pages"}],"about":[{"href":"https:\/\/4lo.kielce.eu\/index.php\/wp-json\/wp\/v2\/types\/page"}],"author":[{"embeddable":true,"href":"https:\/\/4lo.kielce.eu\/index.php\/wp-json\/wp\/v2\/users\/1"}],"replies":[{"embeddable":true,"href":"https:\/\/4lo.kielce.eu\/index.php\/wp-json\/wp\/v2\/comments?post=30"}],"version-history":[{"count":12,"href":"https:\/\/4lo.kielce.eu\/index.php\/wp-json\/wp\/v2\/pages\/30\/revisions"}],"predecessor-version":[{"id":2043,"href":"https:\/\/4lo.kielce.eu\/index.php\/wp-json\/wp\/v2\/pages\/30\/revisions\/2043"}],"wp:featuredmedia":[{"embeddable":true,"href":"https:\/\/4lo.kielce.eu\/index.php\/wp-json\/wp\/v2\/media\/183"}],"wp:attachment":[{"href":"https:\/\/4lo.kielce.eu\/index.php\/wp-json\/wp\/v2\/media?parent=30"}],"curies":[{"name":"wp","href":"https:\/\/api.w.org\/{rel}","templated":true}]}}