{"id":2891,"date":"2021-12-09T22:30:16","date_gmt":"2021-12-09T21:30:16","guid":{"rendered":"http:\/\/4lo.kielce.eu\/?page_id=2891"},"modified":"2023-03-04T14:13:05","modified_gmt":"2023-03-04T13:13:05","slug":"jezyk-polski","status":"publish","type":"page","link":"https:\/\/4lo.kielce.eu\/index.php\/jezyk-polski\/","title":{"rendered":"J\u0119zyk polski"},"content":{"rendered":"\n<figure class=\"wp-block-image size-full\"><img loading=\"lazy\" decoding=\"async\" width=\"960\" height=\"550\" src=\"http:\/\/4lo.kielce.eu\/wp-content\/uploads\/2021\/12\/book-1840910_960_720.jpg\" alt=\"\" class=\"wp-image-2902\" srcset=\"https:\/\/4lo.kielce.eu\/wp-content\/uploads\/2021\/12\/book-1840910_960_720.jpg 960w, https:\/\/4lo.kielce.eu\/wp-content\/uploads\/2021\/12\/book-1840910_960_720-300x172.jpg 300w, https:\/\/4lo.kielce.eu\/wp-content\/uploads\/2021\/12\/book-1840910_960_720-768x440.jpg 768w\" sizes=\"auto, (max-width: 960px) 100vw, 960px\" \/><\/figure>\n\n\n\n<p class=\"has-text-align-center has-vivid-red-color has-text-color has-large-font-size\"><strong>XIII edycja Og\u00f3lnopolskiego Konkursu Literackiego <em>P\u0142yn\u0105\u0107 pod pr\u0105d<\/em><\/strong><\/p>\n\n\n\n<p class=\"has-text-align-center\">Konkurs jest organizowany w ramach Og\u00f3lnopolskiego Zjazdu Klubu Herbertowskich Szk\u00f3\u0142. Uroczyste wr\u0119czenie nagr\u00f3d nast\u0105pi 19 pa\u017adziernika 2023 roku we Wroc\u0142awiu.<\/p>\n\n\n\n<p class=\"has-text-align-center\">Konkursowi patronuje siostrzeniec poety Zbigniewa Herberta &#8211; <strong>dr hab. Rafa\u0142 \u017bebrowski<\/strong>. Honorowym Przewodnicz\u0105cym Jury jest <strong>prof. Jan Miodek<\/strong>. <\/p>\n\n\n\n<p class=\"has-text-align-center\"><strong>Celem konkursu &#8222;P\u0142yn\u0105\u0107 pod pr\u0105d&#8221; jest ocali\u0107 od zapomnienia historie ludzi nieznanych, zapomnianych bohater\u00f3w. Dzi\u0119ki temu konkursowi uczniowie maj\u0105 mo\u017cliwo\u015b\u0107 i motywacj\u0119 do udokumentowania \u017cycia przodk\u00f3w, a tak\u017ce przyjrzenia si\u0119 swoim warto\u015bciom.<\/strong><\/p>\n\n\n\n<p class=\"has-text-align-center\">Temat pracy konkursowej jest nast\u0119puj\u0105cy: <em>Zbigniew Herbert w Przes\u0142aniu Pana Cogito napisa\u0142 o tych, kt\u00f3rzy (&#8230;) p\u0142yn\u0105 pod pr\u0105d (&#8230;) &#8221;, \u017ce s\u0105 spadkobiercami (&#8230;) Gilgamesza, Hektora, Rolanda obro\u0144c\u00f3w kr\u00f3lestwa bez kresu i miasta popio\u0142\u00f3w (&#8230;). Przedstaw w dowolnej formie wypowiedzi pisemnej lub wiersza histori\u0119 bohatera nieznanego szerokiemu gremium, osadzonego w konkretnej rzeczywisto\u015bci historycznej, spo\u0142ecznej, kt\u00f3ry by\u0142 wierny, podobnie jak Zbigniew Herbert, warto\u015bciom takim jak Honor, Ojczyzna, Prawda nawet za cen\u0119 utraty \u017cycia.<\/em><\/p>\n\n\n\n<p class=\"has-text-align-center\">Termin zg\u0142oszenia i nades\u0142ania pracy konkursowej mija <strong>15 kwietnia 2023 roku<\/strong>. Zg\u0142oszenie udzia\u0142u i przesy\u0142anie prac dokonywane jest wy\u0142\u0105cznie za pomoc\u0105 strony konkursowej podanej poni\u017cej. Na stronie znajduje si\u0119 regulamin oraz kryteria oceniania prac. Po zarejestrowaniu si\u0119 uczestnik otrzyma na podany adres poczty elektronicznej instrukcj\u0119, jak nale\u017cy przes\u0142a\u0107 prac\u0119. Wyniki zostan\u0105 opublikowane na stronie konkursowej do 7 maja 2023 roku.<\/p>\n\n\n\n<p>mgr Ma\u0142gorzata Kr\u00f3l Przewodnicz\u0105ca i Koordynator Og\u00f3lnopolskiego Konkursu Literackiego &#8222;P\u0142yn\u0105\u0107 pod pr\u0105d&#8221;<\/p>\n\n\n\n<p>Szko\u0142a Podstawowa nr 66 im. Zbigniewa Herberta, ul. Dembowskiego 39, 51-670 Wroc\u0142aw tel. 71-798-67-10, fax. 71-798-42-10 e-mail:&nbsp;<a rel=\"noreferrer noopener\" href=\"mailto:MalgosKrol@op.pl\" target=\"_blank\"><\/a><a href=\"mailto:MalgosKrol@op.pl\" target=\"_blank\" rel=\"noreferrer noopener\">MalgosKrol@op.pl<\/a><\/p>\n\n\n\n<p>Strona konkursowa: &lt;<a rel=\"noreferrer noopener\" href=\"http:\/\/javatech.zsi.pwr.wroc.pl\/konkurs\/\" target=\"_blank\">http:\/\/javatech.zsi.pwr.wroc.pl\/konkurs\/<\/a>&gt;<\/p>\n\n\n\n<p class=\"has-text-align-center has-large-font-size\"><strong>************************************* <\/strong><\/p>\n\n\n\n<p class=\"has-text-align-center has-vivid-cyan-blue-color has-text-color has-large-font-size\"><strong>Polubi\u0107 romantyzm<\/strong><\/p>\n\n\n\n<p class=\"has-text-align-center\">Rok 2022 zosta\u0142 uznany przez Senat i Sejm RP Rokiem Romantyzmu Polskiego. <br>W tym roku przypada m.in.<br>200 rocznica wydania <strong><em>Ballad i romans\u00f3w<\/em> Adama Mickiewicza<\/strong>.<\/p>\n\n\n\n<p class=\"has-text-align-center\">Zatem og\u0142aszamy konkurs dla wszystkich uczni\u00f3w naszej Szko\u0142y<br>pod has\u0142em <strong>&#8222;Polubi\u0107 romantyzm&#8221;.<\/strong><\/p>\n\n\n\n<p class=\"has-text-align-center\">Mo\u017ce w nim wzi\u0105\u0107 udzia\u0142 ka\u017cdy,<br><strong>kto lubi \u015bpiewa\u0107 i kto przygotuje w\u0142asn\u0105 wokaln\u0105 interpretacj\u0119 wybranej ballady Mickiewicza.<\/strong><\/p>\n\n\n\n<p class=\"has-text-align-center\">Konwencja wykonania dowolna<br>&#8211; mo\u017ce by\u0107 klasycznie, powa\u017cnie, ale te\u017c z humorem, rapowo &#8230;<br>&#8211; przy wt\u00f3rze instrumentu\/-\u00f3w lub a capella<br>&#8211; solo lub w zespole<br>JAK CHCESZ!<\/p>\n\n\n\n<p class=\"has-text-align-center\">Zg\u0142oszenia przyjmuj\u0105 nauczyciele poloni\u015bci do ko\u0144ca lutego.<br>Rywalizacja odb\u0119dzie si\u0119 w Tygodniu Kultury J\u0119zyka w dniach 14-19 marca 2022.<br><strong>G\u0142\u00f3wna nagroda w konkursie &#8211; sesja nagraniowa w profesjonalnym studiu.<\/strong><br><strong>Nagranie w Studiu Koliber. <\/strong><\/p>\n\n\n\n<p class=\"has-text-align-center has-white-background-color has-background\">ORGANIZATOR: ZESP\u00d3\u0141 POLONISTYCZNY<\/p>\n\n\n\n<p class=\"has-text-align-center has-cyan-bluish-gray-background-color has-background\">Pomys\u0142odawca konkursu: nauczyciel j\u0119zyka polskiego <strong>pani Agnieszka \u015awiercz<\/strong><\/p>\n\n\n\n<p class=\"has-text-align-center has-large-font-size\">***********<strong>************************** <\/strong><\/p>\n\n\n\n<p class=\"has-text-align-center has-vivid-green-cyan-color has-text-color has-large-font-size\"><strong> XVI Og\u00f3lnopolski Przegl\u0105d Tw\u00f3rczo\u015bci <\/strong><\/p>\n\n\n\n<p class=\"has-text-align-center has-vivid-green-cyan-color has-text-color has-large-font-size\"><strong>Poetyckiej imienia Jacka Kaczmarskiego <\/strong><\/p>\n\n\n\n<p class=\"has-text-align-center has-vivid-green-cyan-color has-text-color has-large-font-size\"><strong>&#8222;Rytmy niesko\u0144czono\u015bci&#8221;<\/strong><\/p>\n\n\n\n<ol class=\"wp-block-list\" type=\"1\">\n<li>Organizatorem konkursu jest L Liceum Og\u00f3lnokszta\u0142c\u0105ce z Oddzia\u0142ami Integracyjnymi im. Ruy Barbosy w Warszawie.<\/li>\n\n\n\n<li>Ka\u017cdy uczestnik w terminie do 15 marca 2015r. przesy\u0142a poczt\u0105 elektroniczn\u0105 na adres <strong><a href=\"mailto:rytmynieskonczonosci@lo50.edu.pl\">rytmynieskonczonosci@lo50.edu.pl<\/a>&nbsp;&nbsp; <\/strong>3 utwory poetyckie, do kt\u00f3rych nale\u017cy do\u0142\u0105czy\u0107 dane osobowe autora (imi\u0119 i nazwisko, adres domowy, telefon kontaktowy, adres e-mail, nazwa i adres szko\u0142y \u015bredniej, klasa). Utwory prosimy zapisa\u0107 czcionk\u0105 10. Laureaci, kt\u00f3rych wiersze zostan\u0105 opublikowane w antologii, wyra\u017caj\u0105 zgod\u0119 na zamieszczenie ich danych osobowych (imi\u0119 i nazwisko, nazwa szko\u0142y) w publikacji oraz w materia\u0142ach, zwi\u0105zanych z konkursem.<\/li>\n\n\n\n<li>Jury ocenia utwory anonimowe: organizatorzy przygotuj\u0105 dla juror\u00f3w teksty bez danych osobowych autor\u00f3w.<\/li>\n\n\n\n<li>Nadsy\u0142aj\u0105c prace, autorzy wyra\u017caj\u0105 zgod\u0119 na przetwarzanie danych osobowych do cel\u00f3w niniejszego konkursu (publikacja imienia i nazwiska autora oraz nazwy szko\u0142y, z kt\u00f3rej pochodzi). Fina\u0142 konkursu odb\u0119dzie si\u0119 w czerwcu 2022r. w L LO im. Ruy Barbosy w Warszawie. Uczestnicy wyr\u00f3\u017cnieni w Og\u00f3lnopolskim Przegl\u0105dzie Tw\u00f3rczo\u015bci Poetyckiej im. Jacka Kaczmarskiego \u201eRytmy niesko\u0144czono\u015bci\u201d zostan\u0105 poinformowani o dok\u0142adnym terminie og\u0142oszenia wynik\u00f3w. Podczas fina\u0142u konkursu odbywaj\u0105 si\u0119 poetyckie warsztaty dla laureat\u00f3w, mo\u017cna naby\u0107 tomik wierszy laureat\u00f3w konkursu oraz spotka\u0107 si\u0119 z lud\u017ami zwi\u0105zanymi z tw\u00f3rczo\u015bci\u0105 Jacka Kaczmarskiego.<\/li>\n\n\n\n<li>Konkurs kierowany jest do m\u0142odzie\u017cy szk\u00f3\u0142 \u015brednich.<\/li>\n\n\n\n<li>Cele konkursu:<br>&#8211; zach\u0119cenie m\u0142odzie\u017cy do rozwijania pasji poetyckich i kszta\u0142towania w\u0142asnego indywidualnego warsztatu pisania poprzez obcowanie z kunsztem s\u0142owa i oryginalno\u015bci\u0105 tw\u00f3rczo\u015bci poetyckiej Jacka Kaczmarskiego;<br>&#8211; umo\u017cliwienie m\u0142odzie\u017cy wyra\u017cenia \u201erytm\u00f3w\u201d m\u0142odzie\u0144czej wra\u017cliwo\u015bci;<br>&#8211; u\u0142atwienie m\u0142odzie\u017cy kontaktu z autorytetami w dziedzinie poezji podczas warsztat\u00f3w zorganizowanych dla laureat\u00f3w konkursu:<br>&#8211; rozwijanie pasji poetyckich w uczniach szk\u00f3\u0142 polonijnych poza granicami naszego kraju.<\/li>\n\n\n\n<li>Laureatem konkursu jest osoba, kt\u00f3rej cho\u0107by jeden utw\u00f3r zostanie opublikowany w antologii wierszy, podsumowuj\u0105cej zmagania konkursowe uczestnik\u00f3w.<\/li>\n\n\n\n<li>Nagrod\u0105 g\u0142\u00f3wn\u0105 jest publikacja wierszy laureat\u00f3w w pokonkursowej antologii.<\/li>\n\n\n\n<li>Jury pod przewodnictwem o. Wac\u0142awa Oszajcy spo\u015br\u00f3d laureat\u00f3w konkursu wy\u0142oni osoby do nagr\u00f3d i wyr\u00f3\u017cnie\u0144.<\/li>\n\n\n\n<li>Uczestnicy mog\u0105 przes\u0142a\u0107 na konkurs tylko te utwory, kt\u00f3re nie zosta\u0142y wyr\u00f3\u017cnione wcze\u015bniej w innych konkursach poetyckich oraz nie zosta\u0142y opublikowane w \u017cadnej formie (tak\u017ce w Internecie).<\/li>\n<\/ol>\n\n\n\n<ul class=\"wp-block-list\">\n<li>Wszelkich informacji dotycz\u0105cych konkursu udziela polonistka Katarzyna Walentynowicz (rytmynieskonczonosci@lo50.edu.pl). Informacje dotycz\u0105ce organizacji konkursu, fina\u0142owej gali oraz lista laureat\u00f3w b\u0119d\u0105 zamieszczane na stronie konkursu na Facebooku.<\/li>\n<\/ul>\n\n\n\n<p class=\"has-text-align-center has-large-font-size\">POWODZENIA<\/p>\n\n\n\n<p class=\"has-text-align-center has-large-font-size\">************************************* <\/p>\n\n\n\n<p class=\"has-text-align-center has-luminous-vivid-orange-color has-text-color has-large-font-size\"><strong>LEMowisko <\/strong><\/p>\n\n\n\n<p class=\"has-text-align-center has-luminous-vivid-orange-color has-text-color has-large-font-size\"><strong>100. ROCZNICA URODZIN MISTRZA<\/strong><\/p>\n\n\n\n<p class=\"has-text-align-center has-normal-font-size\"><strong>Projekt&nbsp;<em>LEMowisko<\/em>&nbsp;powsta\u0142 w ramach obchod\u00f3w 100. urodzin Stanis\u0142awa Lema. Jego celem jest Og\u00f3lnopolski konkurs dla m\u0142odzie\u017cy ze szk\u00f3\u0142 \u015brednich (klasy 1-2), w ramach kt\u00f3rego nale\u017cy zaprezentowa\u0107 swoj\u0105 wizj\u0119 przysz\u0142o\u015bci Polski.<\/strong><\/p>\n\n\n\n<p>I<strong><a href=\"https:\/\/www.lemowisko.pl\/\" data-type=\"URL\" data-id=\"https:\/\/www.lemowisko.pl\/\" target=\"_blank\" rel=\"noreferrer noopener\">NFORMACJE O KONKURSIE<\/a><\/strong><\/p>\n\n\n\n<p>Aby wzi\u0105\u0107 udzia\u0142 w KONKURSIE nale\u017cy za\u0142\u0105czy\u0107 plik zawieraj\u0105cy:<\/p>\n\n\n\n<ul class=\"wp-block-list\">\n<li>prac\u0119 konkursow\u0105 w formacie doc lub docx;<\/li>\n\n\n\n<li>wype\u0142niony i podpisany formularz O\u015bwiadczenie opiekuna prawnego autora pracy (zgodnie z za\u0142\u0105cznikiem nr 1 do Regulaminu);<\/li>\n\n\n\n<li>r\u00f3wnie\u017c wype\u0142niony i podpisany formularz &#8222;Zgody opiekuna prawnego autora pracy na przetwarzanie i publikacj\u0119 danych osobowych&#8221;, kt\u00f3ry stanowi Za\u0142\u0105cznik nr 2 do Regulaminu;<\/li>\n<\/ul>\n\n\n\n<p><strong>Za\u0142\u0105czniki do pobrania:<\/strong><\/p>\n\n\n\n<p><a href=\"https:\/\/www.lemowisko.pl\/zalaczniki\/zalacznik-nr-1.pdf\" data-type=\"URL\" data-id=\"https:\/\/www.lemowisko.pl\/zalaczniki\/zalacznik-nr-1.pdf\" target=\"_blank\" rel=\"noreferrer noopener\">Za<strong>\u0142\u0105cznik nr 1<\/strong><\/a><\/p>\n\n\n\n<p><a href=\"https:\/\/www.lemowisko.pl\/zalaczniki\/zalacznik-nr-2.pdf\" data-type=\"URL\" data-id=\"https:\/\/www.lemowisko.pl\/zalaczniki\/zalacznik-nr-2.pdf\" target=\"_blank\" rel=\"noreferrer noopener\"><strong>Za\u0142\u0105cznik nr 2<\/strong><\/a><\/p>\n\n\n\n<p class=\"has-text-align-center has-large-font-size\">POWODZENIA<\/p>\n\n\n\n<p class=\"has-text-align-center has-black-color has-text-color has-large-font-size\">*************************************<\/p>\n\n\n\n<p class=\"has-text-align-center has-vivid-red-color has-text-color has-large-font-size\"><strong>Olimpiada Literatury i J\u0119zyka Polskiego<\/strong> <\/p>\n\n\n\n<p class=\"has-text-align-center has-vivid-red-color has-text-color has-large-font-size\"><strong>w roku szkolnym 2021\/2022<\/strong><\/p>\n\n\n\n<p><a rel=\"noreferrer noopener\" href=\"https:\/\/www.olijp.pl\/?q=node\/4310\" data-type=\"URL\" data-id=\"https:\/\/www.olijp.pl\/?q=node\/4310\" target=\"_blank\"><strong>TEMATY ETAPU SZKOLNEGO<\/strong><\/a><\/p>\n\n\n\n<p><a rel=\"noreferrer noopener\" href=\"https:\/\/www.olijp.pl\/?q=node\/7\" data-type=\"URL\" data-id=\"https:\/\/www.olijp.pl\/?q=node\/7\" target=\"_blank\"><strong>TERMINY<\/strong><\/a><\/p>\n\n\n\n<p><a href=\"https:\/\/www.olijp.pl\/?q=node\/52\" data-type=\"URL\" data-id=\"https:\/\/www.olijp.pl\/?q=node\/52\" target=\"_blank\" rel=\"noreferrer noopener\"><strong>STUDIA OLIMPIJCZYKA<\/strong><\/a><\/p>\n\n\n\n<p><strong><a href=\"https:\/\/www.olijp.pl\/?q=node\/22\" data-type=\"URL\" data-id=\"https:\/\/www.olijp.pl\/?q=node\/22\" target=\"_blank\" rel=\"noreferrer noopener\">PRZEWODNIK PO TEMATACH<\/a><\/strong><\/p>\n\n\n\n<p><strong><a href=\"https:\/\/www.olijp.pl\/?q=node\/4326\" data-type=\"URL\" data-id=\"https:\/\/www.olijp.pl\/?q=node\/4326\">WA\u017bNE<\/a><\/strong><\/p>\n\n\n\n<p class=\"has-text-align-center has-large-font-size\"><strong>POWODZENIA<\/strong><\/p>\n","protected":false},"excerpt":{"rendered":"<p>XIII edycja Og\u00f3lnopolskiego Konkursu Literackiego P\u0142yn\u0105\u0107 pod pr\u0105d Konkurs jest organizowany w ramach Og\u00f3lnopolskiego Zjazdu Klubu Herbertowskich Szk\u00f3\u0142. Uroczyste wr\u0119czenie nagr\u00f3d nast\u0105pi 19 pa\u017adziernika 2023 roku we Wroc\u0142awiu. Konkursowi patronuje&#8230; <\/p>\n","protected":false},"author":27,"featured_media":0,"parent":0,"menu_order":0,"comment_status":"closed","ping_status":"closed","template":"","meta":{"footnotes":""},"class_list":["post-2891","page","type-page","status-publish","hentry"],"_links":{"self":[{"href":"https:\/\/4lo.kielce.eu\/index.php\/wp-json\/wp\/v2\/pages\/2891","targetHints":{"allow":["GET"]}}],"collection":[{"href":"https:\/\/4lo.kielce.eu\/index.php\/wp-json\/wp\/v2\/pages"}],"about":[{"href":"https:\/\/4lo.kielce.eu\/index.php\/wp-json\/wp\/v2\/types\/page"}],"author":[{"embeddable":true,"href":"https:\/\/4lo.kielce.eu\/index.php\/wp-json\/wp\/v2\/users\/27"}],"replies":[{"embeddable":true,"href":"https:\/\/4lo.kielce.eu\/index.php\/wp-json\/wp\/v2\/comments?post=2891"}],"version-history":[{"count":30,"href":"https:\/\/4lo.kielce.eu\/index.php\/wp-json\/wp\/v2\/pages\/2891\/revisions"}],"predecessor-version":[{"id":4995,"href":"https:\/\/4lo.kielce.eu\/index.php\/wp-json\/wp\/v2\/pages\/2891\/revisions\/4995"}],"wp:attachment":[{"href":"https:\/\/4lo.kielce.eu\/index.php\/wp-json\/wp\/v2\/media?parent=2891"}],"curies":[{"name":"wp","href":"https:\/\/api.w.org\/{rel}","templated":true}]}}