{"id":28,"date":"2020-01-04T14:06:00","date_gmt":"2020-01-04T13:06:00","guid":{"rendered":"http:\/\/4lo.kielce.eu\/?page_id=28"},"modified":"2020-02-24T20:26:16","modified_gmt":"2020-02-24T19:26:16","slug":"erazmus-plus","status":"publish","type":"page","link":"https:\/\/4lo.kielce.eu\/index.php\/erazmus-plus\/","title":{"rendered":"Erasmus Plus"},"content":{"rendered":"\n<figure class=\"wp-block-image\"><img decoding=\"async\" src=\"http:\/\/4lo.edu.pl\/..\/images\/erazmus_logo.png\" alt=\"\"\/><\/figure>\n\n\n\n<p><\/p>\n\n\n\n<h2 class=\"wp-block-heading\">O programie Erasmus+<\/h2>\n\n\n\n<p>Erasmus+ to program Unii \nEuropejskiej w dziedzinie edukacji, szkole\u0144, m\u0142odzie\u017cy i sportu na lata \n2014-2020. Jego ca\u0142kowity bud\u017cet wynosi 14,7 mld euro. Erasmus+ opiera \nsi\u0119 na osi\u0105gni\u0119ciach europejskich program\u00f3w edukacyjnych, kt\u00f3re \nfunkcjonowa\u0142y przez 25 lat, i jest wynikiem po\u0142\u0105czenia nast\u0119puj\u0105cych \neuropejskich inicjatyw realizowanych przez Komisj\u0119 Europejsk\u0105 w latach \n2007-2013: programu \u201eUczenie si\u0119 przez ca\u0142e \u017cycie\u201d, programu \u201eM\u0142odzie\u017c w\n dzia\u0142aniu\u201d, Erasmus Mundus, Tempus, Alfa, Edulink, oraz program\u00f3w \nwsp\u00f3\u0142pracy z krajami uprzemys\u0142owionymi w dziedzinie szkolnictwa \nwy\u017cszego.<\/p>\n\n\n\n<h3 class=\"wp-block-heading\"><strong>Podstawowe dane liczbowe:<\/strong><\/h3>\n\n\n\n<ul class=\"wp-block-list\"><li>4 mln os\u00f3b skorzysta z programu;<\/li><li>2 mln student\u00f3w skorzysta z programu;<\/li><li>800  tys. wyk\u0142adowc\u00f3w, nauczycieli, szkoleniowc\u00f3w, przedstawicieli kadry  edukacyjnej i os\u00f3b pracuj\u0105cych z m\u0142odzie\u017c\u0105 b\u0119dzie uczestniczy\u0107 w  projektach mobilno\u015bci pracownik\u00f3w;<\/li><li>25 tys. partnerstw  strategicznych po\u0142\u0105czy 125 tys. szk\u00f3\u0142, instytucji kszta\u0142cenia i  szkolenia zawodowego, instytucji szkolnictwa wy\u017cszego i kszta\u0142cenia  doros\u0142ych, organizacji m\u0142odzie\u017cowych i przedsi\u0119biorstw;<\/li><li>150  sojuszy na rzecz umiej\u0119tno\u015bci sektorowych zostanie ustanowionych przez 2  tys. organizator\u00f3w kszta\u0142cenia i szkolenia zawodowego oraz  przedsi\u0119biorc\u00f3w;<\/li><li>150 sojuszy na rzecz wiedzy zostanie ustanowionych przez 1,5 tys. instytucji szkolnictwa wy\u017cszego i przedsi\u0119biorstw.<\/li><\/ul>\n\n\n\n<p class=\"has-text-align-center\"><strong><a rel=\"noreferrer noopener\" aria-label=\" (otwiera si\u0119 na nowej zak\u0142adce)\" href=\"https:\/\/erasmusplus.org.pl\/strony-informacyjne\/informacje-o-programie\/\" target=\"_blank\">WI\u0118CEJ o Erasmus Plus <\/a><\/strong><\/p>\n","protected":false},"excerpt":{"rendered":"<p>O programie Erasmus+ Erasmus+ to program Unii Europejskiej w dziedzinie edukacji, szkole\u0144, m\u0142odzie\u017cy i sportu na lata 2014-2020. Jego ca\u0142kowity bud\u017cet wynosi 14,7 mld euro. Erasmus+ opiera si\u0119 na osi\u0105gni\u0119ciach&#8230; <\/p>\n","protected":false},"author":1,"featured_media":0,"parent":0,"menu_order":0,"comment_status":"closed","ping_status":"closed","template":"","meta":{"footnotes":""},"class_list":["post-28","page","type-page","status-publish","hentry"],"_links":{"self":[{"href":"https:\/\/4lo.kielce.eu\/index.php\/wp-json\/wp\/v2\/pages\/28","targetHints":{"allow":["GET"]}}],"collection":[{"href":"https:\/\/4lo.kielce.eu\/index.php\/wp-json\/wp\/v2\/pages"}],"about":[{"href":"https:\/\/4lo.kielce.eu\/index.php\/wp-json\/wp\/v2\/types\/page"}],"author":[{"embeddable":true,"href":"https:\/\/4lo.kielce.eu\/index.php\/wp-json\/wp\/v2\/users\/1"}],"replies":[{"embeddable":true,"href":"https:\/\/4lo.kielce.eu\/index.php\/wp-json\/wp\/v2\/comments?post=28"}],"version-history":[{"count":4,"href":"https:\/\/4lo.kielce.eu\/index.php\/wp-json\/wp\/v2\/pages\/28\/revisions"}],"predecessor-version":[{"id":832,"href":"https:\/\/4lo.kielce.eu\/index.php\/wp-json\/wp\/v2\/pages\/28\/revisions\/832"}],"wp:attachment":[{"href":"https:\/\/4lo.kielce.eu\/index.php\/wp-json\/wp\/v2\/media?parent=28"}],"curies":[{"name":"wp","href":"https:\/\/api.w.org\/{rel}","templated":true}]}}