{"id":2795,"date":"2021-12-01T15:26:01","date_gmt":"2021-12-01T14:26:01","guid":{"rendered":"http:\/\/4lo.kielce.eu\/?page_id=2795"},"modified":"2023-08-27T09:27:18","modified_gmt":"2023-08-27T07:27:18","slug":"erasmus-projekt-deepening-democracy","status":"publish","type":"page","link":"https:\/\/4lo.kielce.eu\/index.php\/erasmus-projekt-deepening-democracy\/","title":{"rendered":"Erasmus + &#8211; projekt Deepening Democracy"},"content":{"rendered":"\n<p>The publication &#8222;All voices matter!&#8221;&nbsp;describes the&nbsp;<strong>main results of the research in each school on how decision-making is happening<\/strong>&nbsp;and what can be done for improving the quality of democracy using the&nbsp;innovative method of SOCIOCRACY.&nbsp;The readers can find&nbsp;<strong>testimonies of some schools<\/strong>&nbsp;and a well-known organization in this field of practice (the Wondering School) that implement this method, the&nbsp;<strong>step-by-step for beginners<\/strong>&nbsp;in this method and&nbsp;<strong>some theoretical background<\/strong>&nbsp;as well as some inspiration for next steps.<\/p>\n\n\n\n<p>This publication is an Intellectual Output from the project&nbsp;<strong>\u201cDeepening Democracy! \u2013 a strategy for improving the quality of democracy in the school context<\/strong>\u201d coordinated by&nbsp;<strong>YUPI (Youth Union of People with Initiative)<\/strong>, Portugal in collaboration with&nbsp;<strong>Agrupamento de Escolas Camilo Castelo Branco<\/strong>&nbsp;(Portugal),&nbsp;Poland (<strong>EPI&nbsp;<\/strong>and&nbsp;<strong>Liceum Ogolnoksztalcace w Kielcach<\/strong>) and Romania (<strong>Asociatia Feedback PM-Brasov&nbsp;<\/strong>and&nbsp;<strong>Colegiul Na\u00adtional de Informatica Grigore Moisil<\/strong>), and funded by the&nbsp;<strong>Erasmus + Education and Training program<\/strong>, through the Portuguese National Agency (2020-1-PT01-KA201-078829).the link to the publication:&nbsp; <a href=\"https:\/\/shorturl.at\/rsCFZ\" target=\"_blank\" rel=\"noreferrer noopener\">https:\/\/shorturl.at\/rsCFZ<\/a><\/p>\n\n\n\n<p><strong>Deepening Democracy:<\/strong><\/p>\n\n\n\n<p>&#8222;Deepening democracy! is a strategy for improving the quality of democracy in school context&#8221; is a project of 24 months duration coordinated by YUPI organization in Famalic\u00e3o, Portugal, in close partnership with other portuguese partners (Agrupamento de Escolas Camilo Castelo Branco), Poland (EPI and IV Liceum Kielcach) and Romania (Asociatia feedback PM-Brasov and Colegiul National de Informatica Grigore Moisil), for a total number of 1700 young pupils and more then 140 youth workers and teachers in the 3 European countries involved (140 teachers and youth workers and over 60 students will have the chance to engage in international learning experiences). The partners are schools and non governmental organizations already experienced in working in close cooperation for a better integrated system of education for young people, combining formal and non formal learning.&nbsp;<\/p>\n\n\n\n<figure class=\"wp-block-image size-full\"><img loading=\"lazy\" decoding=\"async\" width=\"1000\" height=\"354\" src=\"http:\/\/4lo.kielce.eu\/wp-content\/uploads\/2023\/05\/ANEEF__logo__v02_cor2.jpg\" alt=\"\" class=\"wp-image-5305\" srcset=\"https:\/\/4lo.kielce.eu\/wp-content\/uploads\/2023\/05\/ANEEF__logo__v02_cor2.jpg 1000w, https:\/\/4lo.kielce.eu\/wp-content\/uploads\/2023\/05\/ANEEF__logo__v02_cor2-300x106.jpg 300w, https:\/\/4lo.kielce.eu\/wp-content\/uploads\/2023\/05\/ANEEF__logo__v02_cor2-768x272.jpg 768w\" sizes=\"auto, (max-width: 1000px) 100vw, 1000px\" \/><\/figure>\n\n\n\n<p><strong>&#8222;Deepening democracy!&#8221;<\/strong>&nbsp;aims at contributing to the recognition of the importance of cooperation between non formal and formal education with focus on 2 topics: 1) method of sociocracy for a more engaged decision-making in schools; 2) Sustainable development goals for a more sustainable strategy of the school.&nbsp;<\/p>\n\n\n\n<p>These topics are channels on how to involve young pupils in activities supported by youth workers and teachers inside classrooms and schools, supported by exchanges, training courses and the development of 2 Intellectual Outputs to foster dissemination.<\/p>\n\n\n\n<p><strong>&#8222;Deepening Democracy&#8221;&nbsp;<\/strong>is co-funded by Erasmus&nbsp;+ Education and Training by the Portuguese National Agency.<\/p>\n\n\n\n<p><strong>EDYCJA II<\/strong><\/p>\n\n\n\n<figure class=\"wp-block-image size-large\"><img loading=\"lazy\" decoding=\"async\" width=\"1024\" height=\"379\" src=\"http:\/\/4lo.kielce.eu\/wp-content\/uploads\/2023\/01\/logodeepeningdemokracy-1024x379.jpg\" alt=\"\" class=\"wp-image-4874\" srcset=\"https:\/\/4lo.kielce.eu\/wp-content\/uploads\/2023\/01\/logodeepeningdemokracy-1024x379.jpg 1024w, https:\/\/4lo.kielce.eu\/wp-content\/uploads\/2023\/01\/logodeepeningdemokracy-300x111.jpg 300w, https:\/\/4lo.kielce.eu\/wp-content\/uploads\/2023\/01\/logodeepeningdemokracy-768x284.jpg 768w, https:\/\/4lo.kielce.eu\/wp-content\/uploads\/2023\/01\/logodeepeningdemokracy.jpg 1073w\" sizes=\"auto, (max-width: 1024px) 100vw, 1024px\" \/><\/figure>\n\n\n\n<p>Celem projektu &#8222;Deepening democracy!&#8221; jest przyczynienie si\u0119 do uznania znaczenia wsp\u00f3\u0142pracy mi\u0119dzy systemami edukacji nieformalnej i formalnej, w celu oferowania uczniom bardziej zintegrowanej edukacji <br>i umo\u017cliwienie lepszej integracji m\u0142odych ludzi w spo\u0142ecze\u0144stwie. Projekt realizowany jest przez sze\u015b\u0107 instytucji partnerskich: Youth Union of People with Initiative (Portugalia), Agrupamento de Escolas Camilo Castelo Branco (Portugalia), Association for Social Integration and Environmantal Protection &#8222;Feed-Back&#8221; (Rumunia), Colegiul National de Informatica Grigore Moisil (Rumunia), IV Liceum Og\u00f3lnokszta\u0142c\u0105ce w Kielcach (Polska) i Stowarzyszenie Edukacja przez Internet (\u017ar\u00f3d\u0142o &#8211; <a rel=\"noreferrer noopener\" href=\"https:\/\/www.epi.org.pl\/projekty\/realizowane\/deepening-democracy\" data-type=\"URL\" data-id=\"https:\/\/www.epi.org.pl\/projekty\/realizowane\/deepening-democracy\" target=\"_blank\">kliknij!<\/a>).<\/p>\n\n\n\n<p>Regulamin konkursu na najciekawsze inicjatywy bud\u017cetu partycypacyjnego w ramach projektu \u201eDeepening Democracy! &#8211; a strategy for improving the quality of democracy in school context\u201d Edycja II &#8211; rok szkolny 2022\/2023 <a href=\"http:\/\/4lo.kielce.eu\/wp-content\/uploads\/2023\/01\/szkolny-budzet-obywatelski-2023-w-IV-LO-regulamin.docx.pdf\" data-type=\"URL\" data-id=\"http:\/\/4lo.kielce.eu\/wp-content\/uploads\/2023\/01\/szkolny-budzet-obywatelski-2023-w-IV-LO-regulamin.docx.pdf\" target=\"_blank\" rel=\"noreferrer noopener\">Zobacz\/Pobierz<\/a><\/p>\n\n\n\n<p>WNIOSEK DO KONKURSU NA NAJCIEKAWSZE INICJATYWY W RAMACH BUD\u017bETU PARTYCYPACYJNEGO PROJEKTU Erasmus + \u201eDeepening Democracy\u201d Edycja II &#8211; rok szkolny 2022\/2023  <a href=\"http:\/\/4lo.kielce.eu\/wp-content\/uploads\/2023\/01\/WNIOSEK-BUDZET-PARTYCYPACYJNY-IV-LO-w-Kielcach.pdf\" data-type=\"URL\" data-id=\"http:\/\/4lo.kielce.eu\/wp-content\/uploads\/2023\/01\/WNIOSEK-BUDZET-PARTYCYPACYJNY-IV-LO-w-Kielcach.pdf\" target=\"_blank\" rel=\"noreferrer noopener\">Zobacz\/Pobierz -PDF<\/a>   <a href=\"http:\/\/4lo.kielce.eu\/wp-content\/uploads\/2023\/01\/WNIOSEK-BUDZET-PARTYCYPACYJNY-IV-LO-w-Kielcach.docx\" data-type=\"URL\" data-id=\"http:\/\/4lo.kielce.eu\/wp-content\/uploads\/2023\/01\/WNIOSEK-BUDZET-PARTYCYPACYJNY-IV-LO-w-Kielcach.docx\" target=\"_blank\" rel=\"noreferrer noopener\">Zobacz\/Pobierz &#8211; DOCX-WORD<\/a><\/p>\n\n\n\n<p><strong>EDYCJA I<\/strong><\/p>\n\n\n\n<figure class=\"wp-block-image size-full\"><a href=\"https:\/\/4lokielce.pl\/documents\/Deepening%20democracy%20Logo%20Design%20Competition%20Creative%20Brief%20.pdf\" target=\"_blank\" rel=\"noopener\"><img loading=\"lazy\" decoding=\"async\" width=\"940\" height=\"788\" src=\"http:\/\/4lo.kielce.eu\/wp-content\/uploads\/2021\/12\/Deepening-Democracy-FB-post.png\" alt=\"\" class=\"wp-image-2881\" srcset=\"https:\/\/4lo.kielce.eu\/wp-content\/uploads\/2021\/12\/Deepening-Democracy-FB-post.png 940w, https:\/\/4lo.kielce.eu\/wp-content\/uploads\/2021\/12\/Deepening-Democracy-FB-post-300x251.png 300w, https:\/\/4lo.kielce.eu\/wp-content\/uploads\/2021\/12\/Deepening-Democracy-FB-post-768x644.png 768w\" sizes=\"auto, (max-width: 940px) 100vw, 940px\" \/><\/a><figcaption class=\"wp-element-caption\"><strong><span class=\"has-inline-color has-black-color\">Zobacz wi\u0119cej &#8211; kliknij w obrazek!<\/span><\/strong><\/figcaption><\/figure>\n\n\n\n<p><strong>Regulamin<\/strong> konkursu na najciekawsze inicjatywy bud\u017cetu partycypacyjnego w ramach projektu <br>\u201eDeepening Democracy! &#8211; a strategy for improving the quality of democracy in school context&#8221;<br><a href=\"https:\/\/4lokielce.pl\/documents\/Regulamin.pdf\" data-type=\"URL\" data-id=\"https:\/\/4lokielce.pl\/documents\/Regulamin.pdf\" target=\"_blank\" rel=\"noreferrer noopener\">Zobacz\/Pobierz<\/a><\/p>\n\n\n\n<p><strong>Ankieta<\/strong> dla kandydat\u00f3w do projektu<br>\u201eDeepening democracy!- a strategy for improving the quality of democracy in school context\u201d<br><a href=\"https:\/\/4lokielce.pl\/documents\/Ankieta.pdf\" data-type=\"URL\" data-id=\"https:\/\/4lokielce.pl\/documents\/Ankieta.pdf\" target=\"_blank\" rel=\"noreferrer noopener\">Zobacz\/Pobierz<\/a><\/p>\n\n\n\n<p><strong>Wniosek<\/strong> do konkursu na najciekawsze inicjatywy w ramach bud\u017cetu partypacyjnego projektu Erasmus + \u201eDeepening Democracy! &#8211; a strategy for improving the quality of democracy in school context&#8221; <br><a href=\"https:\/\/4lokielce.pl\/documents\/formularz.xls\" data-type=\"URL\" data-id=\"https:\/\/4lokielce.pl\/documents\/formularz.xls\" target=\"_blank\" rel=\"noreferrer noopener\">Pobierz<\/a><\/p>\n\n\n\n<p><strong>Regulamin Erasmus +<\/strong> &#8211; <a href=\"http:\/\/4lo.kielce.eu\/wp-content\/uploads\/2022\/02\/Regulamin-Erasmus.docx\" data-type=\"URL\" data-id=\"http:\/\/4lo.kielce.eu\/wp-content\/uploads\/2022\/02\/Regulamin-Erasmus.docx\" target=\"_blank\" rel=\"noreferrer noopener\">Zobacz\/Pobierz<\/a><\/p>\n\n\n\n<p><\/p>\n\n\n\n<p>Za\u0142\u0105czniki do regulaminu:<\/p>\n\n\n\n<p><a href=\"http:\/\/4lo.kielce.eu\/wp-content\/uploads\/2022\/02\/zalacznik-1.docx\" data-type=\"URL\" data-id=\"http:\/\/4lo.kielce.eu\/wp-content\/uploads\/2022\/02\/zalacznik-1.docx\" target=\"_blank\" rel=\"noreferrer noopener\">Za\u0142\u0105cznik 1<\/a><\/p>\n\n\n\n<p><a href=\"http:\/\/4lo.kielce.eu\/wp-content\/uploads\/2022\/02\/zalacznik-2.docx\" data-type=\"URL\" data-id=\"http:\/\/4lo.kielce.eu\/wp-content\/uploads\/2022\/02\/zalacznik-2.docx\" target=\"_blank\" rel=\"noreferrer noopener\">Za\u0142\u0105cznik 2<\/a><\/p>\n\n\n\n<p><a href=\"http:\/\/4lo.kielce.eu\/wp-content\/uploads\/2022\/02\/zalacznik-3.docx\" data-type=\"URL\" data-id=\"http:\/\/4lo.kielce.eu\/wp-content\/uploads\/2022\/02\/zalacznik-3.docx\" target=\"_blank\" rel=\"noreferrer noopener\">Za\u0142\u0105cznik 3<\/a><\/p>\n\n\n\n<p><a href=\"http:\/\/4lo.kielce.eu\/wp-content\/uploads\/2022\/02\/zalacznik-4.docx\" data-type=\"URL\" data-id=\"http:\/\/4lo.kielce.eu\/wp-content\/uploads\/2022\/02\/zalacznik-4.docx\" target=\"_blank\" rel=\"noreferrer noopener\">Za\u0142\u0105cznik 4<\/a><\/p>\n\n\n\n<p><a href=\"http:\/\/4lo.kielce.eu\/wp-content\/uploads\/2022\/02\/zalacznik-6.docx\" data-type=\"URL\" data-id=\"http:\/\/4lo.kielce.eu\/wp-content\/uploads\/2022\/02\/zalacznik-6.docx\" target=\"_blank\" rel=\"noreferrer noopener\">Za\u0142\u0105cznik 5<\/a><\/p>\n\n\n\n<p><\/p>\n\n\n\n<p><\/p>\n","protected":false},"excerpt":{"rendered":"<p>The publication &#8222;All voices matter!&#8221;&nbsp;describes the&nbsp;main results of the research in each school on how decision-making is happening&nbsp;and what can be done for improving the quality of democracy using the&nbsp;innovative&#8230; <\/p>\n","protected":false},"author":1,"featured_media":5303,"parent":0,"menu_order":0,"comment_status":"closed","ping_status":"closed","template":"","meta":{"footnotes":""},"class_list":["post-2795","page","type-page","status-publish","has-post-thumbnail","hentry"],"_links":{"self":[{"href":"https:\/\/4lo.kielce.eu\/index.php\/wp-json\/wp\/v2\/pages\/2795","targetHints":{"allow":["GET"]}}],"collection":[{"href":"https:\/\/4lo.kielce.eu\/index.php\/wp-json\/wp\/v2\/pages"}],"about":[{"href":"https:\/\/4lo.kielce.eu\/index.php\/wp-json\/wp\/v2\/types\/page"}],"author":[{"embeddable":true,"href":"https:\/\/4lo.kielce.eu\/index.php\/wp-json\/wp\/v2\/users\/1"}],"replies":[{"embeddable":true,"href":"https:\/\/4lo.kielce.eu\/index.php\/wp-json\/wp\/v2\/comments?post=2795"}],"version-history":[{"count":11,"href":"https:\/\/4lo.kielce.eu\/index.php\/wp-json\/wp\/v2\/pages\/2795\/revisions"}],"predecessor-version":[{"id":5406,"href":"https:\/\/4lo.kielce.eu\/index.php\/wp-json\/wp\/v2\/pages\/2795\/revisions\/5406"}],"wp:featuredmedia":[{"embeddable":true,"href":"https:\/\/4lo.kielce.eu\/index.php\/wp-json\/wp\/v2\/media\/5303"}],"wp:attachment":[{"href":"https:\/\/4lo.kielce.eu\/index.php\/wp-json\/wp\/v2\/media?parent=2795"}],"curies":[{"name":"wp","href":"https:\/\/api.w.org\/{rel}","templated":true}]}}