{"id":2609,"date":"2021-11-01T20:57:28","date_gmt":"2021-11-01T19:57:28","guid":{"rendered":"http:\/\/4lo.kielce.eu\/?page_id=2609"},"modified":"2022-02-13T04:57:33","modified_gmt":"2022-02-13T03:57:33","slug":"informatyka","status":"publish","type":"page","link":"https:\/\/4lo.kielce.eu\/index.php\/informatyka\/","title":{"rendered":"Informatyka"},"content":{"rendered":"\n<h2 class=\"wp-block-heading\">Olimpiada informatyczna<\/h2>\n\n\n\n<div class=\"wp-block-media-text alignwide is-stacked-on-mobile\"><figure class=\"wp-block-media-text__media\"><img loading=\"lazy\" decoding=\"async\" width=\"564\" height=\"800\" src=\"http:\/\/4lo.kielce.eu\/wp-content\/uploads\/2021\/11\/plakat_29olimpiada_informatyczna_ver3.jpg\" alt=\"\" class=\"wp-image-2630 size-full\" srcset=\"https:\/\/4lo.kielce.eu\/wp-content\/uploads\/2021\/11\/plakat_29olimpiada_informatyczna_ver3.jpg 564w, https:\/\/4lo.kielce.eu\/wp-content\/uploads\/2021\/11\/plakat_29olimpiada_informatyczna_ver3-212x300.jpg 212w\" sizes=\"auto, (max-width: 564px) 100vw, 564px\" \/><\/figure><div class=\"wp-block-media-text__content\">\n<div class=\"wp-block-group\"><div class=\"wp-block-group__inner-container is-layout-flow wp-block-group-is-layout-flow\">\n<p class=\"has-small-font-size\">Zach\u0119cam do&nbsp;<strong>udzia\u0142u w Olimpiadzie Informatycznej<\/strong>&nbsp;Szk\u00f3\u0142 \u015arednich<br><a rel=\"noreferrer noopener\" href=\"https:\/\/link.freshmail.direct\/c\/omxe4zxcxl\/vpoj28b7vd\" target=\"_blank\">https:\/\/youtu.be\/ZkewY7oUw0Y?t=181<\/a><br>Jak wystartowa\u0107?<br><a rel=\"noreferrer noopener\" href=\"https:\/\/link.freshmail.direct\/c\/8vhikzhj8v\/vpoj28b7vd\" target=\"_blank\">https:\/\/oki.org.pl\/olimpiada-informatyczna-21-22\/<\/a><\/p>\n<\/div><\/div>\n\n\n\n<p class=\"has-small-font-size\">Jak si\u0119&nbsp;<strong>przygotowa\u0107?<\/strong> <\/p>\n\n\n\n<p class=\"has-small-font-size\"><strong>Zdalnie, online, OD ZERA<\/strong><br><a rel=\"noreferrer noopener\" href=\"https:\/\/link.freshmail.direct\/c\/4nfwpysum5\/vpoj28b7vd\" target=\"_blank\">https:\/\/youtu.be\/fk2wGqeiVBY<\/a><br>Zaj\u0119cia s\u0105&nbsp;<strong>ca\u0142kowicie bezp\u0142atne<\/strong>:<br><a rel=\"noreferrer noopener\" href=\"https:\/\/link.freshmail.direct\/c\/krpij1lboc\/vpoj28b7vd\" target=\"_blank\">https:\/\/youtu.be\/fk2wGqeiVBY<\/a><\/p>\n\n\n\n<p class=\"has-small-font-size\">Kt\u00f3rzy&nbsp;<strong>potrafi\u0105 programowa\u0107<\/strong><br><a rel=\"noreferrer noopener\" href=\"https:\/\/link.freshmail.direct\/c\/epsrtxxwe5\/vpoj28b7vd\" target=\"_blank\">https:\/\/youtu.be\/8AyJSrpz7SE<\/a><br>Rozwi\u0105zujemy&nbsp;<strong>zadania z Olimpiad<\/strong><br><a rel=\"noreferrer noopener\" href=\"https:\/\/link.freshmail.direct\/c\/hiuxadtzbc\/vpoj28b7vd\" target=\"_blank\">https:\/\/youtu.be\/xZCGtGh2he0?t=5584<\/a><br>Zaj\u0119cia s\u0105&nbsp;<strong>ca\u0142kowicie bezp\u0142atne<\/strong><br><a rel=\"noreferrer noopener\" href=\"https:\/\/link.freshmail.direct\/c\/nrvga3ckng\/vpoj28b7vd\" target=\"_blank\">https:\/\/youtu.be\/8AyJSrpz7SE<\/a><\/p>\n\n\n\n<p class=\"has-small-font-size\"><\/p>\n\n\n\n<p><\/p>\n<\/div><\/div>\n\n\n\n<h3 class=\"wp-block-heading\"><strong>Co to jest OKI?<\/strong><\/h3>\n\n\n\n<p> <a rel=\"noreferrer noopener\" href=\"https:\/\/link.freshmail.direct\/c\/vz2q4oboq9\/vpoj28b7vd\" target=\"_blank\">https:\/\/youtu.be\/su8Lxldt7AM<\/a><\/p>\n\n\n\n<div class=\"wp-block-columns is-layout-flex wp-container-core-columns-is-layout-9d6595d7 wp-block-columns-is-layout-flex\">\n<div class=\"wp-block-column is-layout-flow wp-block-column-is-layout-flow\" style=\"flex-basis:100%\">\n<div class=\"wp-block-columns is-layout-flex wp-container-core-columns-is-layout-9d6595d7 wp-block-columns-is-layout-flex\">\n<div class=\"wp-block-column is-layout-flow wp-block-column-is-layout-flow\" style=\"flex-basis:100%\">\n<div class=\"wp-block-group alignwide\"><div class=\"wp-block-group__inner-container is-layout-flow wp-block-group-is-layout-flow\">\n<figure class=\"wp-block-gallery columns-3 is-cropped wp-block-gallery-1 is-layout-flex wp-block-gallery-is-layout-flex\"><ul class=\"blocks-gallery-grid\"><li class=\"blocks-gallery-item\"><figure><img loading=\"lazy\" decoding=\"async\" width=\"212\" height=\"300\" src=\"http:\/\/4lo.kielce.eu\/wp-content\/uploads\/2021\/11\/Plakat-OlimpijskieKoloInformatyczne_1_miniatorka-212x300-1.webp\" alt=\"\" data-id=\"2632\" class=\"wp-image-2632\"\/><\/figure><\/li><li class=\"blocks-gallery-item\"><figure><img loading=\"lazy\" decoding=\"async\" width=\"213\" height=\"300\" src=\"http:\/\/4lo.kielce.eu\/wp-content\/uploads\/2021\/11\/Plakat-OlimpijskieKoloInformatyczne_2_miniatorka-213x300-1.webp\" alt=\"\" data-id=\"2633\" data-link=\"http:\/\/4lo.kielce.eu\/index.php\/informatyka\/plakat-olimpijskiekoloinformatyczne_2_miniatorka-213x300-1\/\" class=\"wp-image-2633\"\/><\/figure><\/li><li class=\"blocks-gallery-item\"><figure><img loading=\"lazy\" decoding=\"async\" width=\"212\" height=\"300\" src=\"http:\/\/4lo.kielce.eu\/wp-content\/uploads\/2021\/11\/Plakat-OlimpijskieKoloInformatyczne_3-212x300-1.webp\" alt=\"\" data-id=\"2634\" data-full-url=\"http:\/\/4lo.kielce.eu\/wp-content\/uploads\/2021\/11\/Plakat-OlimpijskieKoloInformatyczne_3-212x300-1.webp\" data-link=\"http:\/\/4lo.kielce.eu\/index.php\/informatyka\/plakat-olimpijskiekoloinformatyczne_3-212x300-1\/\" class=\"wp-image-2634\"\/><\/figure><\/li><\/ul><\/figure>\n<\/div><\/div>\n<\/div>\n<\/div>\n<\/div>\n<\/div>\n\n\n\n<h2 class=\"wp-block-heading\">Ko\u0142o naukowe<\/h2>\n\n\n\n<iframe loading=\"lazy\" allowfullscreen=\"\" style=\"border-style:none;\" src=\"https:\/\/cdn.pannellum.org\/2.5\/pannellum.htm#panorama=http:\/\/4lo.kielce.eu\/wp-content\/uploads\/2022\/02\/wosp2022_4-scaled.jpg\" width=\"600\" height=\"400\"><\/iframe>\n\n\n\n<p><\/p>\n","protected":false},"excerpt":{"rendered":"<p>Olimpiada informatyczna Co to jest OKI? https:\/\/youtu.be\/su8Lxldt7AM Ko\u0142o naukowe<\/p>\n","protected":false},"author":34,"featured_media":2610,"parent":0,"menu_order":0,"comment_status":"closed","ping_status":"closed","template":"","meta":{"footnotes":""},"class_list":["post-2609","page","type-page","status-publish","has-post-thumbnail","hentry"],"_links":{"self":[{"href":"https:\/\/4lo.kielce.eu\/index.php\/wp-json\/wp\/v2\/pages\/2609","targetHints":{"allow":["GET"]}}],"collection":[{"href":"https:\/\/4lo.kielce.eu\/index.php\/wp-json\/wp\/v2\/pages"}],"about":[{"href":"https:\/\/4lo.kielce.eu\/index.php\/wp-json\/wp\/v2\/types\/page"}],"author":[{"embeddable":true,"href":"https:\/\/4lo.kielce.eu\/index.php\/wp-json\/wp\/v2\/users\/34"}],"replies":[{"embeddable":true,"href":"https:\/\/4lo.kielce.eu\/index.php\/wp-json\/wp\/v2\/comments?post=2609"}],"version-history":[{"count":4,"href":"https:\/\/4lo.kielce.eu\/index.php\/wp-json\/wp\/v2\/pages\/2609\/revisions"}],"predecessor-version":[{"id":3272,"href":"https:\/\/4lo.kielce.eu\/index.php\/wp-json\/wp\/v2\/pages\/2609\/revisions\/3272"}],"wp:featuredmedia":[{"embeddable":true,"href":"https:\/\/4lo.kielce.eu\/index.php\/wp-json\/wp\/v2\/media\/2610"}],"wp:attachment":[{"href":"https:\/\/4lo.kielce.eu\/index.php\/wp-json\/wp\/v2\/media?parent=2609"}],"curies":[{"name":"wp","href":"https:\/\/api.w.org\/{rel}","templated":true}]}}