{"id":2547,"date":"2021-11-30T13:44:00","date_gmt":"2021-11-30T12:44:00","guid":{"rendered":"http:\/\/4lo.kielce.eu\/?page_id=2547"},"modified":"2021-12-09T22:33:30","modified_gmt":"2021-12-09T21:33:30","slug":"konkursy-olimpiady-i-projekty","status":"publish","type":"page","link":"https:\/\/4lo.kielce.eu\/index.php\/konkursy-olimpiady-i-projekty\/","title":{"rendered":"Konkursy i olimpiady"},"content":{"rendered":"\n<h2 class=\"wp-block-heading\">Miano \u201e<em>Szko\u0142y olimpijczyk\u00f3w&#8230;<\/em>\u201d z ponad 70-letni\u0105 tradycj\u0105 zobowi\u0105zuje. Informacje o konkursach, olimpiadach i projektach zrealizowanych w IV LO.<\/h2>\n\n\n\n<h2 class=\"wp-block-heading\"><!--more--><\/h2>\n\n\n\n<p>Szczeg\u00f3\u0142y znajduj\u0105 si\u0119 na stronach przedmiot\u00f3w.<\/p>\n\n\n\n<p><a href=\"http:\/\/4lo.kielce.eu\/index.php\/biologia-i-chemia\/\">Biologia i chemia<\/a><\/p>\n\n\n\n<p><a href=\"http:\/\/4lo.kielce.eu\/index.php\/informatyka\/\">Informatyka<\/a><\/p>\n\n\n\n<p>J\u0119zyk angielski<\/p>\n\n\n\n<p><a href=\"http:\/\/4lo.kielce.eu\/index.php\/jezyk-polski\/\">J\u0119zyk polski<\/a><\/p>\n\n\n\n<p><a href=\"http:\/\/4lo.kielce.eu\/index.php\/matematyka\/\">Matematyka<\/a><\/p>\n\n\n\n<p><\/p>\n\n\n\n<p><\/p>\n","protected":false},"excerpt":{"rendered":"<p>Miano \u201eSzko\u0142y olimpijczyk\u00f3w&#8230;\u201d z ponad 70-letni\u0105 tradycj\u0105 zobowi\u0105zuje. Informacje o konkursach, olimpiadach i projektach zrealizowanych w IV LO.<\/p>\n","protected":false},"author":1,"featured_media":2627,"parent":0,"menu_order":0,"comment_status":"closed","ping_status":"closed","template":"","meta":{"footnotes":""},"class_list":["post-2547","page","type-page","status-publish","has-post-thumbnail","hentry"],"_links":{"self":[{"href":"https:\/\/4lo.kielce.eu\/index.php\/wp-json\/wp\/v2\/pages\/2547","targetHints":{"allow":["GET"]}}],"collection":[{"href":"https:\/\/4lo.kielce.eu\/index.php\/wp-json\/wp\/v2\/pages"}],"about":[{"href":"https:\/\/4lo.kielce.eu\/index.php\/wp-json\/wp\/v2\/types\/page"}],"author":[{"embeddable":true,"href":"https:\/\/4lo.kielce.eu\/index.php\/wp-json\/wp\/v2\/users\/1"}],"replies":[{"embeddable":true,"href":"https:\/\/4lo.kielce.eu\/index.php\/wp-json\/wp\/v2\/comments?post=2547"}],"version-history":[{"count":27,"href":"https:\/\/4lo.kielce.eu\/index.php\/wp-json\/wp\/v2\/pages\/2547\/revisions"}],"predecessor-version":[{"id":2895,"href":"https:\/\/4lo.kielce.eu\/index.php\/wp-json\/wp\/v2\/pages\/2547\/revisions\/2895"}],"wp:featuredmedia":[{"embeddable":true,"href":"https:\/\/4lo.kielce.eu\/index.php\/wp-json\/wp\/v2\/media\/2627"}],"wp:attachment":[{"href":"https:\/\/4lo.kielce.eu\/index.php\/wp-json\/wp\/v2\/media?parent=2547"}],"curies":[{"name":"wp","href":"https:\/\/api.w.org\/{rel}","templated":true}]}}