{"id":2473,"date":"2021-09-27T09:53:52","date_gmt":"2021-09-27T07:53:52","guid":{"rendered":"http:\/\/4lo.kielce.eu\/?page_id=2473"},"modified":"2024-09-06T10:16:53","modified_gmt":"2024-09-06T08:16:53","slug":"moodle","status":"publish","type":"page","link":"https:\/\/4lo.kielce.eu\/index.php\/moodle\/","title":{"rendered":"Moodle"},"content":{"rendered":"<div class=\"wp-block-image\">\n<figure class=\"aligncenter size-large\"><img loading=\"lazy\" decoding=\"async\" width=\"1024\" height=\"557\" src=\"http:\/\/4lo.kielce.eu\/wp-content\/uploads\/2021\/10\/moodle-1024x557.jpg\" alt=\"\" class=\"wp-image-2518\" srcset=\"https:\/\/4lo.kielce.eu\/wp-content\/uploads\/2021\/10\/moodle-1024x557.jpg 1024w, https:\/\/4lo.kielce.eu\/wp-content\/uploads\/2021\/10\/moodle-300x163.jpg 300w, https:\/\/4lo.kielce.eu\/wp-content\/uploads\/2021\/10\/moodle-768x418.jpg 768w, https:\/\/4lo.kielce.eu\/wp-content\/uploads\/2021\/10\/moodle.jpg 1351w\" sizes=\"auto, (max-width: 1024px) 100vw, 1024px\" \/><\/figure><\/div>\n\n\n<p>Link do logowania &#8211; <a href=\"https:\/\/moodle.4lokielce.pl\/\" data-type=\"URL\" data-id=\"https:\/\/moodle.4lokielce.pl\/\">KLIKNIJ!<\/a><\/p>\n\n\n\n<p>Moodle \u2013 \u015brodowisko nauczania zdalnego za pomoc\u0105 sieci teleinformatycznych, dost\u0119pne przez przegl\u0105dark\u0119 internetow\u0105. Platforma e-learningowa Moodle zosta\u0142a stworzona w oparciu o Apache, PHP i MySQL lub PostgreSQL. Mo\u017cna j\u0105 uruchomi\u0107 w systemach operacyjnych Linux, MS Windows, Mac OS X, NetWare 6. (\u0179r\u00f3d\u0142o: Wikipedia)<\/p>\n","protected":false},"excerpt":{"rendered":"<p>Link do logowania &#8211; KLIKNIJ! Moodle \u2013 \u015brodowisko nauczania zdalnego za pomoc\u0105 sieci teleinformatycznych, dost\u0119pne przez przegl\u0105dark\u0119 internetow\u0105. Platforma e-learningowa Moodle zosta\u0142a stworzona w oparciu o Apache, PHP i MySQL&#8230; <\/p>\n","protected":false},"author":1,"featured_media":0,"parent":0,"menu_order":0,"comment_status":"closed","ping_status":"closed","template":"","meta":{"footnotes":""},"class_list":["post-2473","page","type-page","status-publish","hentry"],"_links":{"self":[{"href":"https:\/\/4lo.kielce.eu\/index.php\/wp-json\/wp\/v2\/pages\/2473","targetHints":{"allow":["GET"]}}],"collection":[{"href":"https:\/\/4lo.kielce.eu\/index.php\/wp-json\/wp\/v2\/pages"}],"about":[{"href":"https:\/\/4lo.kielce.eu\/index.php\/wp-json\/wp\/v2\/types\/page"}],"author":[{"embeddable":true,"href":"https:\/\/4lo.kielce.eu\/index.php\/wp-json\/wp\/v2\/users\/1"}],"replies":[{"embeddable":true,"href":"https:\/\/4lo.kielce.eu\/index.php\/wp-json\/wp\/v2\/comments?post=2473"}],"version-history":[{"count":4,"href":"https:\/\/4lo.kielce.eu\/index.php\/wp-json\/wp\/v2\/pages\/2473\/revisions"}],"predecessor-version":[{"id":7067,"href":"https:\/\/4lo.kielce.eu\/index.php\/wp-json\/wp\/v2\/pages\/2473\/revisions\/7067"}],"wp:attachment":[{"href":"https:\/\/4lo.kielce.eu\/index.php\/wp-json\/wp\/v2\/media?parent=2473"}],"curies":[{"name":"wp","href":"https:\/\/api.w.org\/{rel}","templated":true}]}}