{"id":2471,"date":"2021-09-27T09:53:52","date_gmt":"2021-09-27T07:53:52","guid":{"rendered":"http:\/\/4lo.kielce.eu\/?page_id=2471"},"modified":"2021-10-01T15:21:27","modified_gmt":"2021-10-01T13:21:27","slug":"teams","status":"publish","type":"page","link":"https:\/\/4lo.kielce.eu\/index.php\/teams\/","title":{"rendered":"TEAMS"},"content":{"rendered":"\n<div class=\"wp-block-image\"><figure class=\"aligncenter size-full is-resized\"><img loading=\"lazy\" decoding=\"async\" src=\"http:\/\/4lo.kielce.eu\/wp-content\/uploads\/2021\/10\/Microsoft_Office_Teams_2018\u2013present.svg_.png\" alt=\"\" class=\"wp-image-2515\" width=\"256\" height=\"238\" srcset=\"https:\/\/4lo.kielce.eu\/wp-content\/uploads\/2021\/10\/Microsoft_Office_Teams_2018\u2013present.svg_.png 1024w, https:\/\/4lo.kielce.eu\/wp-content\/uploads\/2021\/10\/Microsoft_Office_Teams_2018\u2013present.svg_-300x279.png 300w, https:\/\/4lo.kielce.eu\/wp-content\/uploads\/2021\/10\/Microsoft_Office_Teams_2018\u2013present.svg_-768x714.png 768w\" sizes=\"auto, (max-width: 256px) 100vw, 256px\" \/><\/figure><\/div>\n\n\n\n<p>Link do logowania : <a href=\"https:\/\/www.microsoft.com\/pl-pl\/microsoft-teams\/log-in\" data-type=\"URL\" data-id=\"https:\/\/www.microsoft.com\/pl-pl\/microsoft-teams\/log-in\" target=\"_blank\" rel=\"noreferrer noopener\">KLIKNIJ!<\/a><\/p>\n\n\n\n<p>Microsoft Teams \u2013 us\u0142uga internetowa oparta na chmurze zawieraj\u0105ca zestaw narz\u0119dzi i us\u0142ug s\u0142u\u017c\u0105cych wsp\u00f3\u0142pracy zespo\u0142owej. Us\u0142uga \u0142\u0105czy funkcjonalno\u015b\u0107 z innymi produktami Microsoftu, takimi jak Microsoft Office oraz Skype. Premiera oprogramowania mia\u0142a miejsce 14 marca 2017 po zapowiedzi tw\u00f3rcy w Nowym Jorku. (\u0179r\u00f3d\u0142o:Wikipedia)<\/p>\n","protected":false},"excerpt":{"rendered":"<p>Link do logowania : KLIKNIJ! Microsoft Teams \u2013 us\u0142uga internetowa oparta na chmurze zawieraj\u0105ca zestaw narz\u0119dzi i us\u0142ug s\u0142u\u017c\u0105cych wsp\u00f3\u0142pracy zespo\u0142owej. Us\u0142uga \u0142\u0105czy funkcjonalno\u015b\u0107 z innymi produktami Microsoftu, takimi jak&#8230; <\/p>\n","protected":false},"author":1,"featured_media":0,"parent":0,"menu_order":0,"comment_status":"closed","ping_status":"closed","template":"","meta":{"footnotes":""},"class_list":["post-2471","page","type-page","status-publish","hentry"],"_links":{"self":[{"href":"https:\/\/4lo.kielce.eu\/index.php\/wp-json\/wp\/v2\/pages\/2471","targetHints":{"allow":["GET"]}}],"collection":[{"href":"https:\/\/4lo.kielce.eu\/index.php\/wp-json\/wp\/v2\/pages"}],"about":[{"href":"https:\/\/4lo.kielce.eu\/index.php\/wp-json\/wp\/v2\/types\/page"}],"author":[{"embeddable":true,"href":"https:\/\/4lo.kielce.eu\/index.php\/wp-json\/wp\/v2\/users\/1"}],"replies":[{"embeddable":true,"href":"https:\/\/4lo.kielce.eu\/index.php\/wp-json\/wp\/v2\/comments?post=2471"}],"version-history":[{"count":3,"href":"https:\/\/4lo.kielce.eu\/index.php\/wp-json\/wp\/v2\/pages\/2471\/revisions"}],"predecessor-version":[{"id":2517,"href":"https:\/\/4lo.kielce.eu\/index.php\/wp-json\/wp\/v2\/pages\/2471\/revisions\/2517"}],"wp:attachment":[{"href":"https:\/\/4lo.kielce.eu\/index.php\/wp-json\/wp\/v2\/media?parent=2471"}],"curies":[{"name":"wp","href":"https:\/\/api.w.org\/{rel}","templated":true}]}}