{"id":2106,"date":"2021-02-20T10:49:42","date_gmt":"2021-02-20T09:49:42","guid":{"rendered":"http:\/\/4lo.kielce.eu\/?page_id=2106"},"modified":"2021-02-20T10:52:59","modified_gmt":"2021-02-20T09:52:59","slug":"rejestr-faktur-i-rachunkow-za-rok-2020","status":"publish","type":"page","link":"https:\/\/4lo.kielce.eu\/index.php\/rejestr-faktur-i-rachunkow\/rejestr-faktur-i-rachunkow-za-rok-2020\/","title":{"rendered":"Rejestr faktur i rachunk\u00f3w za rok 2020"},"content":{"rendered":"\n<p>Rok 2020<\/p>\n\n\n\n<p><a rel=\"noreferrer noopener\" href=\"http:\/\/4lo.kielce.eu\/wp-content\/uploads\/2021\/01\/Rejestr-faktur-i-rachunkow-12.2020.pdf\" target=\"_blank\">grudzie\u0144<\/a><br><a rel=\"noreferrer noopener\" href=\"http:\/\/4lo.kielce.eu\/wp-content\/uploads\/2020\/12\/Rejestr-faktur-i-rachunkow-11.2020.pdf\" target=\"_blank\">listopad<\/a><br><a rel=\"noreferrer noopener\" href=\"http:\/\/4lo.kielce.eu\/wp-content\/uploads\/2020\/11\/Rejestr-faktur-i-rachunkow-10.2020.pdf\" target=\"_blank\">pa\u017adziernik<\/a><br><a rel=\"noreferrer noopener\" href=\"http:\/\/4lo.kielce.eu\/wp-content\/uploads\/2020\/10\/Rejestr-faktur-i-rachunkow-09.2020.pdf\" target=\"_blank\">wrzesie\u0144<\/a><br><a rel=\"noreferrer noopener\" href=\"http:\/\/4lo.kielce.eu\/wp-content\/uploads\/2020\/09\/Rejestr-faktur-i-rachunk\u00f3w-08.2020.pdf\" target=\"_blank\">sierpie\u0144<\/a><br><a rel=\"noreferrer noopener\" href=\"http:\/\/4lo.kielce.eu\/wp-content\/uploads\/2020\/08\/Rejestr-faktur-i-rachunk\u00f3w-07.2020.pdf\" target=\"_blank\">lipiec<\/a><br><a rel=\"noreferrer noopener\" href=\"http:\/\/4lo.kielce.eu\/wp-content\/uploads\/2020\/07\/Rejestr-faktur-i-rachunk\u00f3w-06.2020.pdf\" target=\"_blank\">czerwiec<\/a><br><a rel=\"noreferrer noopener\" href=\"http:\/\/4lo.kielce.eu\/wp-content\/uploads\/2020\/06\/Rejestr-faktur-i-rachunk%C3%B3w-05.2020.pdf\" target=\"_blank\">maj<\/a><br><a rel=\"noreferrer noopener\" href=\"http:\/\/4lo.kielce.eu\/wp-content\/uploads\/2020\/05\/Rejestr-faktur-i-rachunk\u00f3w-04.2020.pdf\" target=\"_blank\">kwiecie\u0144<\/a><br><a rel=\"noreferrer noopener\" href=\"http:\/\/4lo.kielce.eu\/wp-content\/uploads\/2020\/04\/Rejestr-faktur-i-rachunk\u00f3w-03.2020.pdf\" target=\"_blank\">marzec<\/a><br><a rel=\"noreferrer noopener\" href=\"http:\/\/4lo.kielce.eu\/wp-content\/uploads\/2020\/03\/Rejestr-faktur-i-rachunk%C3%B3w-02.2020.pdf\" target=\"_blank\">luty<\/a><br><a rel=\"noreferrer noopener\" href=\"http:\/\/4lo.kielce.eu\/wp-content\/uploads\/2020\/02\/Rejestr-faktur-i-rachunk\u00f3w-01.2020.pdf\" target=\"_blank\">stycze\u0144<\/a><\/p>\n","protected":false},"excerpt":{"rendered":"<p>Rok 2020 grudzie\u0144listopadpa\u017adziernikwrzesie\u0144sierpie\u0144lipiecczerwiecmajkwiecie\u0144marzeclutystycze\u0144<\/p>\n","protected":false},"author":1,"featured_media":0,"parent":73,"menu_order":0,"comment_status":"closed","ping_status":"closed","template":"","meta":{"footnotes":""},"class_list":["post-2106","page","type-page","status-publish","hentry"],"_links":{"self":[{"href":"https:\/\/4lo.kielce.eu\/index.php\/wp-json\/wp\/v2\/pages\/2106","targetHints":{"allow":["GET"]}}],"collection":[{"href":"https:\/\/4lo.kielce.eu\/index.php\/wp-json\/wp\/v2\/pages"}],"about":[{"href":"https:\/\/4lo.kielce.eu\/index.php\/wp-json\/wp\/v2\/types\/page"}],"author":[{"embeddable":true,"href":"https:\/\/4lo.kielce.eu\/index.php\/wp-json\/wp\/v2\/users\/1"}],"replies":[{"embeddable":true,"href":"https:\/\/4lo.kielce.eu\/index.php\/wp-json\/wp\/v2\/comments?post=2106"}],"version-history":[{"count":3,"href":"https:\/\/4lo.kielce.eu\/index.php\/wp-json\/wp\/v2\/pages\/2106\/revisions"}],"predecessor-version":[{"id":2109,"href":"https:\/\/4lo.kielce.eu\/index.php\/wp-json\/wp\/v2\/pages\/2106\/revisions\/2109"}],"up":[{"embeddable":true,"href":"https:\/\/4lo.kielce.eu\/index.php\/wp-json\/wp\/v2\/pages\/73"}],"wp:attachment":[{"href":"https:\/\/4lo.kielce.eu\/index.php\/wp-json\/wp\/v2\/media?parent=2106"}],"curies":[{"name":"wp","href":"https:\/\/api.w.org\/{rel}","templated":true}]}}