{"id":20,"date":"2020-01-04T13:49:01","date_gmt":"2020-01-04T12:49:01","guid":{"rendered":"http:\/\/4lo.kielce.eu\/?page_id=20"},"modified":"2020-01-04T13:49:01","modified_gmt":"2020-01-04T12:49:01","slug":"rekrutacja","status":"publish","type":"page","link":"https:\/\/4lo.kielce.eu\/index.php\/rekrutacja\/","title":{"rendered":"Rekrutacja"},"content":{"rendered":"\n<p>Dlaczego IV LO?<\/p>\n\n\n\n<p>Zasady rekrutacji do IV Liceum Og\u00f3lnokszta\u0142c\u0105cego w Kielcach<br>\nna rok szkolny 2019\/2020<\/p>\n\n\n\n<p>Elektroniczny system naboru TUTAJ<\/p>\n","protected":false},"excerpt":{"rendered":"<p>Dlaczego IV LO? Zasady rekrutacji do IV Liceum Og\u00f3lnokszta\u0142c\u0105cego w Kielcach na rok szkolny 2019\/2020 Elektroniczny system naboru TUTAJ<\/p>\n","protected":false},"author":1,"featured_media":0,"parent":0,"menu_order":0,"comment_status":"closed","ping_status":"closed","template":"","meta":{"footnotes":""},"class_list":["post-20","page","type-page","status-publish","hentry"],"_links":{"self":[{"href":"https:\/\/4lo.kielce.eu\/index.php\/wp-json\/wp\/v2\/pages\/20","targetHints":{"allow":["GET"]}}],"collection":[{"href":"https:\/\/4lo.kielce.eu\/index.php\/wp-json\/wp\/v2\/pages"}],"about":[{"href":"https:\/\/4lo.kielce.eu\/index.php\/wp-json\/wp\/v2\/types\/page"}],"author":[{"embeddable":true,"href":"https:\/\/4lo.kielce.eu\/index.php\/wp-json\/wp\/v2\/users\/1"}],"replies":[{"embeddable":true,"href":"https:\/\/4lo.kielce.eu\/index.php\/wp-json\/wp\/v2\/comments?post=20"}],"version-history":[{"count":1,"href":"https:\/\/4lo.kielce.eu\/index.php\/wp-json\/wp\/v2\/pages\/20\/revisions"}],"predecessor-version":[{"id":21,"href":"https:\/\/4lo.kielce.eu\/index.php\/wp-json\/wp\/v2\/pages\/20\/revisions\/21"}],"wp:attachment":[{"href":"https:\/\/4lo.kielce.eu\/index.php\/wp-json\/wp\/v2\/media?parent=20"}],"curies":[{"name":"wp","href":"https:\/\/api.w.org\/{rel}","templated":true}]}}