{"id":1968,"date":"2020-11-26T11:54:57","date_gmt":"2020-11-26T10:54:57","guid":{"rendered":"http:\/\/4lo.kielce.eu\/?page_id=1968"},"modified":"2020-11-26T12:02:04","modified_gmt":"2020-11-26T11:02:04","slug":"zamowienia-publiczne","status":"publish","type":"page","link":"https:\/\/4lo.kielce.eu\/index.php\/zamowienia-publiczne\/","title":{"rendered":"Zam\u00f3wienia Publiczne"},"content":{"rendered":"\n<p class=\"has-black-color has-cyan-bluish-gray-background-color has-text-color has-background\">IV Liceum Og\u00f3lnokszta\u0142c\u0105ce w Kielcach, ul. Radiowa 1&nbsp;zwraca si\u0119 z pro\u015bb\u0105 o przedstawienie oferty na dostaw\u0119&nbsp;6 sztuk&nbsp;&nbsp;komputer\u00f3w przeno\u015bnych, zwanych dalej \u201elaptopami\u201d, wraz ze sprz\u0119tem umo\u017cliwiaj\u0105cym przetwarzanie wizerunku i g\u0142osu udost\u0119pnianego przez ucznia lub nauczyciela w czasie rzeczywistym za po\u015brednictwem transmisji audiowizualnej&nbsp;dla potrzeb realizacji&nbsp;Rz\u0105dowego programu rozwijania szkolnej infrastruktury oraz kompetencji uczni\u00f3w i nauczycieli w zakresie technologii informacyjno-komunikacyjnych na lata 2020-2024 \u2013 \u201eAktywna tablica\u201d. <\/p>\n\n\n\n<p class=\"has-black-color has-cyan-bluish-gray-background-color has-text-color has-background\">W za\u0142\u0105czeniu zapytanie ofertowe oraz formularz.<br>      &#8211; <a href=\"http:\/\/4lo.kielce.eu\/wp-content\/uploads\/2020\/11\/IV-LO-Kielce-Zapytanie-Aktywna-tablica-2020.pdf\" target=\"_blank\" rel=\"noreferrer noopener\">Zapytanie ofertowe<\/a><br>      &#8211; <a href=\"http:\/\/4lo.kielce.eu\/wp-content\/uploads\/2020\/11\/IV-LO-Kielce-Zalacznik-nr-1-do-zapytania-ofertowego.docx\" target=\"_blank\" rel=\"noreferrer noopener\">Za\u0142\u0105cznik nr 1 &#8211; Formularz ofertowy<\/a><\/p>\n\n\n\n<p><\/p>\n\n\n\n<p><\/p>\n","protected":false},"excerpt":{"rendered":"<p>IV Liceum Og\u00f3lnokszta\u0142c\u0105ce w Kielcach, ul. Radiowa 1&nbsp;zwraca si\u0119 z pro\u015bb\u0105 o przedstawienie oferty na dostaw\u0119&nbsp;6 sztuk&nbsp;&nbsp;komputer\u00f3w przeno\u015bnych, zwanych dalej \u201elaptopami\u201d, wraz ze sprz\u0119tem umo\u017cliwiaj\u0105cym przetwarzanie wizerunku i g\u0142osu udost\u0119pnianego&#8230; <\/p>\n","protected":false},"author":1,"featured_media":0,"parent":0,"menu_order":0,"comment_status":"closed","ping_status":"closed","template":"","meta":{"footnotes":""},"class_list":["post-1968","page","type-page","status-publish","hentry"],"_links":{"self":[{"href":"https:\/\/4lo.kielce.eu\/index.php\/wp-json\/wp\/v2\/pages\/1968","targetHints":{"allow":["GET"]}}],"collection":[{"href":"https:\/\/4lo.kielce.eu\/index.php\/wp-json\/wp\/v2\/pages"}],"about":[{"href":"https:\/\/4lo.kielce.eu\/index.php\/wp-json\/wp\/v2\/types\/page"}],"author":[{"embeddable":true,"href":"https:\/\/4lo.kielce.eu\/index.php\/wp-json\/wp\/v2\/users\/1"}],"replies":[{"embeddable":true,"href":"https:\/\/4lo.kielce.eu\/index.php\/wp-json\/wp\/v2\/comments?post=1968"}],"version-history":[{"count":2,"href":"https:\/\/4lo.kielce.eu\/index.php\/wp-json\/wp\/v2\/pages\/1968\/revisions"}],"predecessor-version":[{"id":1973,"href":"https:\/\/4lo.kielce.eu\/index.php\/wp-json\/wp\/v2\/pages\/1968\/revisions\/1973"}],"wp:attachment":[{"href":"https:\/\/4lo.kielce.eu\/index.php\/wp-json\/wp\/v2\/media?parent=1968"}],"curies":[{"name":"wp","href":"https:\/\/api.w.org\/{rel}","templated":true}]}}