{"id":1889,"date":"2020-10-13T11:40:33","date_gmt":"2020-10-13T09:40:33","guid":{"rendered":"http:\/\/4lo.kielce.eu\/?page_id=1889"},"modified":"2020-10-13T11:40:33","modified_gmt":"2020-10-13T09:40:33","slug":"zajecia-olimpijskiego-kola-informatycznego","status":"publish","type":"page","link":"https:\/\/4lo.kielce.eu\/index.php\/zajecia-olimpijskiego-kola-informatycznego\/","title":{"rendered":"Zaj\u0119cia Olimpijskiego Ko\u0142a Informatycznego"},"content":{"rendered":"\n<p><strong>Zdalne, bezp\u0142atne, od podstaw<\/strong> zaj\u0119cia Olimpijskiego Ko\u0142o Informatycznego <strong>ju\u017c we wtorek i w \u015brod\u0119<\/strong>:<br><br><strong>Programowanie od podstaw:<\/strong> <a href=\"https:\/\/mail.mailnews.pl\/c\/b72j0aq2e5\/x9dxqb7ebi\/\">https:\/\/youtu.be\/34qu4l2B5dI<\/a><br><em><strong>B\u0119dziemy programowa\u0107 gr\u0119!<\/strong><\/em><br><br><strong>Przygotowanie do Olimpiady od podstaw:<\/strong> <a href=\"https:\/\/mail.mailnews.pl\/c\/ed0jt8j4ev\/x9dxqb7ebi\/\">https:\/\/youtu.be\/dtJ55y8e5LI<\/a><br><em><strong>Zobaczymy jak proste s\u0105 zadania z Olimpiady Informatycznej<\/strong><\/em><\/p>\n\n\n\n<p>Uczymy programowania, przygotowujemy do konkurs\u00f3w informatycznych ka\u017cdego nastolatka w wieku 10 &#8211; 19 lat<br>* bezp\u0142atnie<br>* bez wzgl\u0119du na miejsce zamieszkania<br>* przez Internet<\/p>\n\n\n\n<p><strong>Fragment poprzednich zaj\u0119\u0107:<\/strong> <a href=\"https:\/\/mail.mailnews.pl\/c\/u2pu2nzc0e\/x9dxqb7ebi\/\">https:\/\/youtu.be\/zN3CApegsSY?t=952<\/a><br><br>Mo\u017cna jeszcze do\u0142\u0105czy\u0107!<br><a href=\"https:\/\/mail.mailnews.pl\/c\/wd2hu2ku6k\/x9dxqb7ebi\/\">https:\/\/oki.org.pl\/harmonogram-zajec\/<\/a><\/p>\n\n\n\n<p>Wystarczy zapisa\u0107 si\u0119 na newsletter by by\u0107 na bie\u017c\u0105co informowanym o zaj\u0119ciach:<br><a href=\"https:\/\/mail.mailnews.pl\/c\/m57w3966id\/x9dxqb7ebi\/\">https:\/\/oki.org.pl\/newsletter.php<\/a><\/p>\n","protected":false},"excerpt":{"rendered":"<p>Zdalne, bezp\u0142atne, od podstaw zaj\u0119cia Olimpijskiego Ko\u0142o Informatycznego ju\u017c we wtorek i w \u015brod\u0119: Programowanie od podstaw: https:\/\/youtu.be\/34qu4l2B5dIB\u0119dziemy programowa\u0107 gr\u0119! Przygotowanie do Olimpiady od podstaw: https:\/\/youtu.be\/dtJ55y8e5LIZobaczymy jak proste s\u0105 zadania&#8230; <\/p>\n","protected":false},"author":1,"featured_media":1890,"parent":0,"menu_order":0,"comment_status":"closed","ping_status":"closed","template":"","meta":{"footnotes":""},"class_list":["post-1889","page","type-page","status-publish","has-post-thumbnail","hentry"],"_links":{"self":[{"href":"https:\/\/4lo.kielce.eu\/index.php\/wp-json\/wp\/v2\/pages\/1889","targetHints":{"allow":["GET"]}}],"collection":[{"href":"https:\/\/4lo.kielce.eu\/index.php\/wp-json\/wp\/v2\/pages"}],"about":[{"href":"https:\/\/4lo.kielce.eu\/index.php\/wp-json\/wp\/v2\/types\/page"}],"author":[{"embeddable":true,"href":"https:\/\/4lo.kielce.eu\/index.php\/wp-json\/wp\/v2\/users\/1"}],"replies":[{"embeddable":true,"href":"https:\/\/4lo.kielce.eu\/index.php\/wp-json\/wp\/v2\/comments?post=1889"}],"version-history":[{"count":1,"href":"https:\/\/4lo.kielce.eu\/index.php\/wp-json\/wp\/v2\/pages\/1889\/revisions"}],"predecessor-version":[{"id":1891,"href":"https:\/\/4lo.kielce.eu\/index.php\/wp-json\/wp\/v2\/pages\/1889\/revisions\/1891"}],"wp:featuredmedia":[{"embeddable":true,"href":"https:\/\/4lo.kielce.eu\/index.php\/wp-json\/wp\/v2\/media\/1890"}],"wp:attachment":[{"href":"https:\/\/4lo.kielce.eu\/index.php\/wp-json\/wp\/v2\/media?parent=1889"}],"curies":[{"name":"wp","href":"https:\/\/api.w.org\/{rel}","templated":true}]}}