{"id":1700,"date":"2020-08-31T18:41:36","date_gmt":"2020-08-31T16:41:36","guid":{"rendered":"http:\/\/4lo.kielce.eu\/?page_id=1700"},"modified":"2020-09-28T11:57:32","modified_gmt":"2020-09-28T09:57:32","slug":"microsoft-office-365","status":"publish","type":"page","link":"https:\/\/4lo.kielce.eu\/index.php\/microsoft-office-365\/","title":{"rendered":"Microsoft Office 365+"},"content":{"rendered":"\n<p class=\"has-medium-font-size\"><a rel=\"noreferrer noopener\" href=\"https:\/\/www.office.com\/?omkt=pl-pl\" target=\"_blank\">Link do logowania:<\/a> <a rel=\"noreferrer noopener\" href=\"https:\/\/www.office.com\/?omkt=pl-pl\" target=\"_blank\">https:\/\/www.office.com\/?omkt=pl-pl<\/a><\/p>\n\n\n\n<figure class=\"wp-block-image size-large\"><img loading=\"lazy\" decoding=\"async\" width=\"800\" height=\"200\" src=\"http:\/\/4lo.kielce.eu\/wp-content\/uploads\/2020\/08\/office365.png\" alt=\"\" class=\"wp-image-1701\" srcset=\"https:\/\/4lo.kielce.eu\/wp-content\/uploads\/2020\/08\/office365.png 800w, https:\/\/4lo.kielce.eu\/wp-content\/uploads\/2020\/08\/office365-300x75.png 300w, https:\/\/4lo.kielce.eu\/wp-content\/uploads\/2020\/08\/office365-768x192.png 768w\" sizes=\"auto, (max-width: 800px) 100vw, 800px\" \/><figcaption><br><\/figcaption><\/figure>\n\n\n\n<p style=\"color:#222376\" class=\"has-text-color\">Uczniowie, studenci i pedagodzy kwalifikuj\u0105cych si\u0119 instytucji edukacyjnych mog\u0105 bezp\u0142atnie si\u0119 zarejestrowa\u0107 w us\u0142udze Office 365 Education, kt\u00f3ra obejmuje programy Word, Excel, PowerPoint, OneNote, a teraz tak\u017ce Microsoft Teams, oraz inne narz\u0119dzia.<\/p>\n\n\n\n<p><\/p>\n","protected":false},"excerpt":{"rendered":"<p>Link do logowania: https:\/\/www.office.com\/?omkt=pl-pl Uczniowie, studenci i pedagodzy kwalifikuj\u0105cych si\u0119 instytucji edukacyjnych mog\u0105 bezp\u0142atnie si\u0119 zarejestrowa\u0107 w us\u0142udze Office 365 Education, kt\u00f3ra obejmuje programy Word, Excel, PowerPoint, OneNote, a teraz&#8230; <\/p>\n","protected":false},"author":1,"featured_media":1702,"parent":0,"menu_order":0,"comment_status":"closed","ping_status":"closed","template":"","meta":{"footnotes":""},"class_list":["post-1700","page","type-page","status-publish","has-post-thumbnail","hentry"],"_links":{"self":[{"href":"https:\/\/4lo.kielce.eu\/index.php\/wp-json\/wp\/v2\/pages\/1700","targetHints":{"allow":["GET"]}}],"collection":[{"href":"https:\/\/4lo.kielce.eu\/index.php\/wp-json\/wp\/v2\/pages"}],"about":[{"href":"https:\/\/4lo.kielce.eu\/index.php\/wp-json\/wp\/v2\/types\/page"}],"author":[{"embeddable":true,"href":"https:\/\/4lo.kielce.eu\/index.php\/wp-json\/wp\/v2\/users\/1"}],"replies":[{"embeddable":true,"href":"https:\/\/4lo.kielce.eu\/index.php\/wp-json\/wp\/v2\/comments?post=1700"}],"version-history":[{"count":3,"href":"https:\/\/4lo.kielce.eu\/index.php\/wp-json\/wp\/v2\/pages\/1700\/revisions"}],"predecessor-version":[{"id":1868,"href":"https:\/\/4lo.kielce.eu\/index.php\/wp-json\/wp\/v2\/pages\/1700\/revisions\/1868"}],"wp:featuredmedia":[{"embeddable":true,"href":"https:\/\/4lo.kielce.eu\/index.php\/wp-json\/wp\/v2\/media\/1702"}],"wp:attachment":[{"href":"https:\/\/4lo.kielce.eu\/index.php\/wp-json\/wp\/v2\/media?parent=1700"}],"curies":[{"name":"wp","href":"https:\/\/api.w.org\/{rel}","templated":true}]}}