{"id":1681,"date":"2020-08-28T14:00:03","date_gmt":"2020-08-28T12:00:03","guid":{"rendered":"http:\/\/4lo.kielce.eu\/?page_id=1681"},"modified":"2021-12-14T08:39:37","modified_gmt":"2021-12-14T07:39:37","slug":"organizacja-pracy-szkoly","status":"publish","type":"page","link":"https:\/\/4lo.kielce.eu\/index.php\/organizacja-pracy-szkoly\/","title":{"rendered":"Organizacja pracy szko\u0142y"},"content":{"rendered":"\n<h2 class=\"wp-block-heading\">Informacje reguluj\u0105ce prac\u0119 szko\u0142y, ze szczeg\u00f3lnym uwzgl\u0119dnieniem zasad bezpiecze\u0144stwa sanitarnego. Pozosta\u0142e dokumenty znajduj\u0105 si\u0119 w zak\u0142adce Rodzice.<\/h2>\n\n\n\n<p><\/p>\n\n\n\n<h2 class=\"wp-block-heading\"><!--more--><\/h2>\n\n\n\n<p><a href=\"http:\/\/4lo.kielce.eu\/wp-content\/uploads\/2021\/12\/organizacja-ksztalcenia-na-odleglosc-w-IV-LO-2021-2022.pdf\">Organizacja kszta\u0142cenia na odleg\u0142o\u015b\u0107 w IV LO w 2021-2022<\/a><\/p>\n\n\n\n<p><a href=\"http:\/\/4lo.kielce.eu\/wp-content\/uploads\/2021\/09\/IV-LO-procedury-bezpieczenstwa.pdf\">Procedura bezpiecze\u0144stwa w IV Liceum Og\u00f3lnokszta\u0142c\u0105cym w Kielcach<\/a><\/p>\n\n\n\n<p><a href=\"http:\/\/4lo.kielce.eu\/wp-content\/uploads\/2021\/09\/Wytyczne_MEiN_MZ_i_GIS_wrzesien_2021.pdf\">Wytyczne MEiN, MZ i GIS-wrzesie\u0144 2021r.<\/a><\/p>\n\n\n\n<p><a href=\"http:\/\/4lo.kielce.eu\/wp-content\/uploads\/2021\/07\/karta-informacyjna-po-SP.pdf\">Karta informacyjna potwierdzaj\u0105ca przyj\u0119cie ucznia do szko\u0142y<\/a><\/p>\n\n\n\n<p><\/p>\n","protected":false},"excerpt":{"rendered":"<p>Informacje reguluj\u0105ce prac\u0119 szko\u0142y, ze szczeg\u00f3lnym uwzgl\u0119dnieniem zasad bezpiecze\u0144stwa sanitarnego. Pozosta\u0142e dokumenty znajduj\u0105 si\u0119 w zak\u0142adce Rodzice.<\/p>\n","protected":false},"author":1,"featured_media":122,"parent":0,"menu_order":0,"comment_status":"closed","ping_status":"closed","template":"","meta":{"footnotes":""},"class_list":["post-1681","page","type-page","status-publish","has-post-thumbnail","hentry"],"_links":{"self":[{"href":"https:\/\/4lo.kielce.eu\/index.php\/wp-json\/wp\/v2\/pages\/1681","targetHints":{"allow":["GET"]}}],"collection":[{"href":"https:\/\/4lo.kielce.eu\/index.php\/wp-json\/wp\/v2\/pages"}],"about":[{"href":"https:\/\/4lo.kielce.eu\/index.php\/wp-json\/wp\/v2\/types\/page"}],"author":[{"embeddable":true,"href":"https:\/\/4lo.kielce.eu\/index.php\/wp-json\/wp\/v2\/users\/1"}],"replies":[{"embeddable":true,"href":"https:\/\/4lo.kielce.eu\/index.php\/wp-json\/wp\/v2\/comments?post=1681"}],"version-history":[{"count":18,"href":"https:\/\/4lo.kielce.eu\/index.php\/wp-json\/wp\/v2\/pages\/1681\/revisions"}],"predecessor-version":[{"id":2980,"href":"https:\/\/4lo.kielce.eu\/index.php\/wp-json\/wp\/v2\/pages\/1681\/revisions\/2980"}],"wp:featuredmedia":[{"embeddable":true,"href":"https:\/\/4lo.kielce.eu\/index.php\/wp-json\/wp\/v2\/media\/122"}],"wp:attachment":[{"href":"https:\/\/4lo.kielce.eu\/index.php\/wp-json\/wp\/v2\/media?parent=1681"}],"curies":[{"name":"wp","href":"https:\/\/api.w.org\/{rel}","templated":true}]}}