{"id":16,"date":"2020-01-04T13:34:54","date_gmt":"2020-01-04T12:34:54","guid":{"rendered":"http:\/\/4lo.kielce.eu\/?page_id=16"},"modified":"2024-10-17T12:01:48","modified_gmt":"2024-10-17T10:01:48","slug":"pedagog","status":"publish","type":"page","link":"https:\/\/4lo.kielce.eu\/index.php\/pedagog\/","title":{"rendered":"Pedagog specjalny"},"content":{"rendered":"\n<p><\/p>\n\n\n\n<figure class=\"wp-block-image size-large\"><img loading=\"lazy\" decoding=\"async\" width=\"228\" height=\"221\" src=\"http:\/\/4lo.kielce.eu\/wp-content\/uploads\/2021\/05\/pobrane.jpg\" alt=\"\" class=\"wp-image-2222\"\/><\/figure>\n\n\n\n<h2 class=\"wp-block-heading\">Ewa Nogaj &#8211; pedagog specjalny<\/h2>\n\n\n\n<p><mark style=\"background-color:rgba(0, 0, 0, 0)\" class=\"has-inline-color has-vivid-cyan-blue-color\">telefon 41 367 65 05 wew. 33<\/mark><\/p>\n\n\n\n<p><em><strong><mark style=\"background-color:rgba(0, 0, 0, 0)\" class=\"has-inline-color has-vivid-green-cyan-color\">Harmonogram pracy<\/mark><\/strong><\/em><\/p>\n\n\n\n<p>Poniedzia\u0142ek:  7:30 -13:00<\/p>\n\n\n\n<p>Wtorek:        10:00 -15:00<\/p>\n\n\n\n<p>\u015aroda:          11: 00 &#8211; 16:30<\/p>\n\n\n\n<p>Czwartek:      7: 30 &#8211; 12:30<\/p>\n\n\n\n<p>Pi\u0105tek:           10:00 &#8211; 15:00 \/ 8:00-13:00<\/p>\n\n\n\n<p><\/p>\n\n\n\n<p><strong><u><mark style=\"background-color:rgba(0, 0, 0, 0)\" class=\"has-inline-color has-vivid-red-color\">Kilka porad dla Rodzic\u00f3w<\/mark><\/u><\/strong><\/p>\n\n\n\n<p><strong>\u201eNieumiej\u0119tno\u015b\u0107 udzielenia pomocy dziecku nie jest pora\u017ck\u0105 rodzica ani nauczyciela, a odpowiednio wczesna interwencja specjalisty mo\u017ce pom\u00f3c dziecku wr\u00f3ci\u0107 do normalnego funkcjonowania i unikn\u0105\u0107 problem\u00f3w w przysz\u0142o\u015bci\u2019\u2019<\/strong><\/p>\n\n\n\n<p><strong>&nbsp;&nbsp;&nbsp;&nbsp;&nbsp;&nbsp;&nbsp;&nbsp;&nbsp;&nbsp;&nbsp;&nbsp;&nbsp;&nbsp;&nbsp;&nbsp;&nbsp;&nbsp;&nbsp;&nbsp;&nbsp;&nbsp;&nbsp;&nbsp;&nbsp;&nbsp;&nbsp;&nbsp;&nbsp;&nbsp;&nbsp;&nbsp;&nbsp;&nbsp;&nbsp;&nbsp;&nbsp;&nbsp;&nbsp;&nbsp;&nbsp;&nbsp;&nbsp;&nbsp;&nbsp;&nbsp;&nbsp;&nbsp;&nbsp;&nbsp;&nbsp;&nbsp;&nbsp;&nbsp;&nbsp;&nbsp;&nbsp;&nbsp;&nbsp;&nbsp;&nbsp;&nbsp;&nbsp;&nbsp;&nbsp;&nbsp;&nbsp;&nbsp;&nbsp;&nbsp;&nbsp;&nbsp;&nbsp;&nbsp;&nbsp;&nbsp;&nbsp;&nbsp;&nbsp;&nbsp;&nbsp;&nbsp;&nbsp;&nbsp;&nbsp;&nbsp;&nbsp;&nbsp;&nbsp; &nbsp;&nbsp;&nbsp;&nbsp;&nbsp;&nbsp;&nbsp;&nbsp;&nbsp;&nbsp;&nbsp;&nbsp;&nbsp;&nbsp;&nbsp;&nbsp;&nbsp;&nbsp;&nbsp;&nbsp;&nbsp;&nbsp;&nbsp;&nbsp;&nbsp;&nbsp;&nbsp;(Greenston, Leviton 2004)<\/strong><\/p>\n\n\n\n<p>1. S\u0142uchaj cierpliwie, b\u0105d\u017a empatyczny i elastyczny w dzia\u0142aniu.<\/p>\n\n\n\n<p>2. Skoncentruj swoj\u0105 uwag\u0119 na dziecku i jego problemie.<\/p>\n\n\n\n<p>3. B\u0105d\u017a dost\u0119pny dla dziecka zawsze, kiedy b\u0119dzie potrzebowa\u0142o kontaktu.<\/p>\n\n\n\n<p>4. B\u0105d\u017a towarzyszem swojego dziecka, pozwalaj mu m\u00f3wi\u0107 tak du\u017co, jak tego potrzebuje. Stw\u00f3rz warunki do wyra\u017cania uczu\u0107 zgodnych z jego potrzebami.<\/p>\n\n\n\n<p>5. Unikaj nacisk\u00f3w, dawania rad i pouczania, nie ponaglaj w podejmowaniu decyzji.<\/p>\n\n\n\n<p>6. Nie obawiaj si\u0119 zwr\u00f3cenia si\u0119 po pomoc do specjalisty. Nie musisz i nie jeste\u015b w stanie sam wszystkiego zrobi\u0107.<\/p>\n\n\n\n<p>7. Utwierdzaj dziecko w przekonaniu, \u017ce jego emocje i zachowania s\u0105 normalne w tej trudnej sytuacji.<\/p>\n\n\n\n<p>8. Na pytania odpowiadaj jasno i dok\u0142adnie, b\u0105d\u017a uczciwy wobec swoich dzieci.<\/p>\n\n\n\n<p>9. M\u00f3w dzieciom o swoich uczuciach i zach\u0119caj je do wyra\u017cania w\u0142asnych- pomagaj\u0105c im nazywa\u0107 to co czuj\u0105.<\/p>\n\n\n\n<p>10. S\u0142uchaj tego , co i jak m\u00f3wi Wasze dziecko.<\/p>\n\n\n\n<p><strong>Dotyk jest wa\u017cny w czasie kryzysu. Przytulajcie swoje dzieci !!!!<\/strong><\/p>\n\n\n\n<h2 class=\"wp-block-heading\">Fonoholizm!!!!!!<\/h2>\n\n\n\n<p>Kiedy nasze dzieci uzale\u017cniaj\u0105 si\u0119 od telefon\u00f3w kom\u00f3rkowych?<a href=\"https:\/\/portal.librus.pl\/szkola\/artykuly\/fonoholizm-naduzywanie-smartfonow-przez-dzieci-najwazniejsze-symptomy\">https:\/\/portal.librus.pl\/szkola\/artykuly\/fonoholizm-naduzywanie-smartfonow-przez-dzieci-najwazniejsze-s<\/a><a href=\"https:\/\/portal.librus.pl\/szkola\/artykuly\/fonoholizm-naduzywanie-smartfonow-przez-dzieci-najwazniejsze-symptomy\" target=\"_blank\" rel=\"noreferrer noopener\" aria-label=\"ymptomy (otwiera si\u0119 na nowej zak\u0142adce)\">ymptomy<\/a><\/p>\n\n\n\n<h2 class=\"wp-block-heading\"><a href=\"http:\/\/zs2-stargard.edu.pl\/__r2013\/txt.php?news=349\" target=\"_blank\" rel=\"noreferrer noopener\" aria-label=\"Jak pom\u00f3c dziecku radzi\u0107 sobie ze stresem przed matur\u0105? (otwiera si\u0119 na nowej zak\u0142adce)\">Jak pom\u00f3c dziecku radzi\u0107 sobie ze stresem przed matur\u0105?<\/a><\/h2>\n\n\n\n<p><a href=\"https:\/\/pl.wikipedia.org\/wiki\/Zaburzenia_depresyjne\" target=\"_blank\" rel=\"noreferrer noopener\" aria-label=\"Depresja (otwiera si\u0119 na nowej zak\u0142adce)\">Depresja<\/a><\/p>\n\n\n<div class=\"wp-block-image\">\n<figure class=\"aligncenter size-large is-resized\"><a href=\"http:\/\/4lo.kielce.eu\/wp-content\/uploads\/2020\/02\/Test.pdf\" target=\"_blank\" rel=\"noreferrer noopener\"><img loading=\"lazy\" decoding=\"async\" width=\"1024\" height=\"1024\" src=\"http:\/\/4lo.kielce.eu\/wp-content\/uploads\/2020\/02\/1024px-Depressed_4649749639.jpg\" alt=\"\" class=\"wp-image-799\" style=\"width:274px;height:274px\" srcset=\"https:\/\/4lo.kielce.eu\/wp-content\/uploads\/2020\/02\/1024px-Depressed_4649749639.jpg 1024w, https:\/\/4lo.kielce.eu\/wp-content\/uploads\/2020\/02\/1024px-Depressed_4649749639-300x300.jpg 300w, https:\/\/4lo.kielce.eu\/wp-content\/uploads\/2020\/02\/1024px-Depressed_4649749639-150x150.jpg 150w, https:\/\/4lo.kielce.eu\/wp-content\/uploads\/2020\/02\/1024px-Depressed_4649749639-768x768.jpg 768w\" sizes=\"auto, (max-width: 1024px) 100vw, 1024px\" \/><\/a><\/figure><\/div>\n\n\n<p>NIE  JESTE\u015a  SAM!<\/p>\n\n\n\n<p><a href=\"https:\/\/psychoterapiacotam.pl\/jak-rozpoznac-ze-dziecko-siega-po-narkotyki\/\" data-type=\"URL\" target=\"_blank\" rel=\"noreferrer noopener\">Jak rozpozna\u0107 czy moje dziecko bierze narkotyki?<\/a><\/p>\n\n\n\n<p><a rel=\"noreferrer noopener\" aria-label=\"Jak mo\u017cna pom\u00f3c dziecku z dysleksj\u0105? (otwiera si\u0119 na nowej zak\u0142adce)\" href=\"http:\/\/4lo.kielce.eu\/wp-content\/uploads\/2020\/02\/Jak-rozpozna\u0107-czy-moje-dziecko-bierze-narkotyki.pdf\" target=\"_blank\">Ja<\/a><a rel=\"noreferrer noopener\" aria-label=\"k mo\u017cna pom\u00f3c dziecku z dysleksj\u0105? (otwiera si\u0119 na nowej zak\u0142adce)\" href=\"https:\/\/www.mjakmama24.pl\/edukacja\/problemy-ucznia\/dysleksja-u-dziecka-jak-pomoc-dziecku-z-dysleksja-aa-CGa8-sX3Q-B84b.html\" target=\"_blank\">k mo\u017cna pom\u00f3c dziecku z dysleksj\u0105?<\/a><\/p>\n\n\n\n<p><a href=\"http:\/\/www.ptd-lodz.pl\/archiwum-ptd\/co-wiemy-o-dysleksji.php.html\" target=\"_blank\" rel=\"noreferrer noopener\" aria-label=\"O dysleksji prawie wszystko\u2026 (otwiera si\u0119 na nowej zak\u0142adce)\">O dysleksji prawie wszystko\u2026<\/a><\/p>\n\n\n\n<p><a href=\"https:\/\/www.gov.pl\/web\/edukacja\/bezpieczny-wypoczynek-poradnik-men-dla-rodzicow-i-opiekunow-2\" target=\"_blank\" rel=\"noreferrer noopener\" aria-label=\"Poradnik bezpiecznego wypoczynku (otwiera si\u0119 na nowej zak\u0142adce)\">Poradnik bezpiecznego wypoczynku<\/a><\/p>\n\n\n\n<p><a href=\"http:\/\/4lo.kielce.eu\/wp-content\/uploads\/2020\/02\/KODEKS-DOBREGO-RODZICA.pdf\" target=\"_blank\" rel=\"noreferrer noopener\" aria-label=\"KODEKS  DOBREGO RODZICA (otwiera si\u0119 na nowej zak\u0142adce)\">KODEKS  DOBREGO RODZICA<\/a><\/p>\n\n\n\n<p><a href=\"http:\/\/4lo.kielce.eu\/wp-content\/upload\" target=\"_blank\" rel=\"noreferrer noopener\" aria-label=\"JAK POM\u00d3C DZIECKU RADZI\u0106 SOBIE Z HEJTEM W INTERNECIE (otwiera si\u0119 na nowej zak\u0142adce)\">JAK POM\u00d3C DZIECKU RADZI\u0106 SOBIE Z HEJTEM W INTERNECIE<\/a><\/p>\n\n\n\n<hr class=\"wp-block-separator has-css-opacity\"\/>\n","protected":false},"excerpt":{"rendered":"<p>Ewa Nogaj &#8211; pedagog specjalny telefon 41 367 65 05 wew. 33 Harmonogram pracy Poniedzia\u0142ek: 7:30 -13:00 Wtorek: 10:00 -15:00 \u015aroda: 11: 00 &#8211; 16:30 Czwartek: 7: 30 &#8211; 12:30&#8230; <\/p>\n","protected":false},"author":1,"featured_media":0,"parent":0,"menu_order":0,"comment_status":"closed","ping_status":"closed","template":"","meta":{"footnotes":""},"class_list":["post-16","page","type-page","status-publish","hentry"],"_links":{"self":[{"href":"https:\/\/4lo.kielce.eu\/index.php\/wp-json\/wp\/v2\/pages\/16","targetHints":{"allow":["GET"]}}],"collection":[{"href":"https:\/\/4lo.kielce.eu\/index.php\/wp-json\/wp\/v2\/pages"}],"about":[{"href":"https:\/\/4lo.kielce.eu\/index.php\/wp-json\/wp\/v2\/types\/page"}],"author":[{"embeddable":true,"href":"https:\/\/4lo.kielce.eu\/index.php\/wp-json\/wp\/v2\/users\/1"}],"replies":[{"embeddable":true,"href":"https:\/\/4lo.kielce.eu\/index.php\/wp-json\/wp\/v2\/comments?post=16"}],"version-history":[{"count":33,"href":"https:\/\/4lo.kielce.eu\/index.php\/wp-json\/wp\/v2\/pages\/16\/revisions"}],"predecessor-version":[{"id":9509,"href":"https:\/\/4lo.kielce.eu\/index.php\/wp-json\/wp\/v2\/pages\/16\/revisions\/9509"}],"wp:attachment":[{"href":"https:\/\/4lo.kielce.eu\/index.php\/wp-json\/wp\/v2\/media?parent=16"}],"curies":[{"name":"wp","href":"https:\/\/api.w.org\/{rel}","templated":true}]}}