{"id":137,"date":"2020-01-05T15:05:16","date_gmt":"2020-01-05T14:05:16","guid":{"rendered":"http:\/\/4lo.kielce.eu\/?page_id=137"},"modified":"2020-01-23T12:05:00","modified_gmt":"2020-01-23T11:05:00","slug":"aktualnosci","status":"publish","type":"page","link":"https:\/\/4lo.kielce.eu\/index.php\/aktualnosci\/","title":{"rendered":"Aktualno\u015bci"},"content":{"rendered":"\n<figure class=\"wp-block-image\"><img loading=\"lazy\" decoding=\"async\" width=\"960\" height=\"720\" src=\"http:\/\/4lo.kielce.eu\/wp-content\/uploads\/2020\/01\/nomlistki2.jpg\" alt=\"\" class=\"wp-image-138\" srcset=\"https:\/\/4lo.kielce.eu\/wp-content\/uploads\/2020\/01\/nomlistki2.jpg 960w, https:\/\/4lo.kielce.eu\/wp-content\/uploads\/2020\/01\/nomlistki2-300x225.jpg 300w, https:\/\/4lo.kielce.eu\/wp-content\/uploads\/2020\/01\/nomlistki2-768x576.jpg 768w, https:\/\/4lo.kielce.eu\/wp-content\/uploads\/2020\/01\/nomlistki2-240x180.jpg 240w\" sizes=\"auto, (max-width: 960px) 100vw, 960px\" \/><figcaption> Olga Tokarczuk z Literack\u0105 Nagrod\u0105 Nobla za 2018 rok!   <\/figcaption><\/figure>\n\n\n\n<p>Pisarka jest pi\u0105t\u0105 laureatk\u0105 Literackiej Nagrody Nobla z&nbsp;Polski.  <\/p>\n\n\n\n<p>Wcze\u015bniej t\u0119 najwa\u017cniejsz\u0105 dla pisarzy i&nbsp;poet\u00f3w nagrod\u0119 otrzymali:  \nHenryk Sienkiewicz (1905), W\u0142adys\u0142aw Stanis\u0142aw Reymont (1924), Czes\u0142aw  \nMi\u0142osz (1980) i Wis\u0142awa Szymborska (1996). Tokarczuk jest wi\u0119c tak\u017ce  \ndrug\u0105 Polk\u0105 z&nbsp;t\u0105 presti\u017cow\u0105 nagrod\u0105 \u015bwiatowej literatury.<\/p>\n\n\n\n<p>Literacka Nagroda<strong> Nobla za 2018 rok dla Olgi Tokarczuk<\/strong> \u2013 uzasadnienie<br>Olga  Tokarczuk otrzyma\u0142a Literack\u0105 Nagrod\u0119 Nobla \u201e<strong>za  narracyjn\u0105 wyobra\u017ani\u0119 po\u0142\u0105czon\u0105 z\u00a0encyklopedyczn\u0105 pasj\u0105, co sprawia, \u017ce prezentuje, \u017ce  przekraczanie granic jest form\u0105 \u017cycia<\/strong>\u201d \u2013 uzasadnia\u0142a Akademia Szwedzka.<\/p>\n","protected":false},"excerpt":{"rendered":"<p>Pisarka jest pi\u0105t\u0105 laureatk\u0105 Literackiej Nagrody Nobla z&nbsp;Polski. Wcze\u015bniej t\u0119 najwa\u017cniejsz\u0105 dla pisarzy i&nbsp;poet\u00f3w nagrod\u0119 otrzymali: Henryk Sienkiewicz (1905), W\u0142adys\u0142aw Stanis\u0142aw Reymont (1924), Czes\u0142aw Mi\u0142osz (1980) i Wis\u0142awa Szymborska (1996)&#8230;. <\/p>\n","protected":false},"author":1,"featured_media":128,"parent":0,"menu_order":0,"comment_status":"closed","ping_status":"closed","template":"","meta":{"footnotes":""},"class_list":["post-137","page","type-page","status-publish","has-post-thumbnail","hentry"],"_links":{"self":[{"href":"https:\/\/4lo.kielce.eu\/index.php\/wp-json\/wp\/v2\/pages\/137","targetHints":{"allow":["GET"]}}],"collection":[{"href":"https:\/\/4lo.kielce.eu\/index.php\/wp-json\/wp\/v2\/pages"}],"about":[{"href":"https:\/\/4lo.kielce.eu\/index.php\/wp-json\/wp\/v2\/types\/page"}],"author":[{"embeddable":true,"href":"https:\/\/4lo.kielce.eu\/index.php\/wp-json\/wp\/v2\/users\/1"}],"replies":[{"embeddable":true,"href":"https:\/\/4lo.kielce.eu\/index.php\/wp-json\/wp\/v2\/comments?post=137"}],"version-history":[{"count":3,"href":"https:\/\/4lo.kielce.eu\/index.php\/wp-json\/wp\/v2\/pages\/137\/revisions"}],"predecessor-version":[{"id":660,"href":"https:\/\/4lo.kielce.eu\/index.php\/wp-json\/wp\/v2\/pages\/137\/revisions\/660"}],"wp:featuredmedia":[{"embeddable":true,"href":"https:\/\/4lo.kielce.eu\/index.php\/wp-json\/wp\/v2\/media\/128"}],"wp:attachment":[{"href":"https:\/\/4lo.kielce.eu\/index.php\/wp-json\/wp\/v2\/media?parent=137"}],"curies":[{"name":"wp","href":"https:\/\/api.w.org\/{rel}","templated":true}]}}