{"id":124,"date":"2020-01-05T14:08:50","date_gmt":"2020-01-05T13:08:50","guid":{"rendered":"http:\/\/4lo.kielce.eu\/?page_id=124"},"modified":"2020-01-26T15:32:50","modified_gmt":"2020-01-26T14:32:50","slug":"wydarzenia","status":"publish","type":"page","link":"https:\/\/4lo.kielce.eu\/index.php\/wydarzenia\/","title":{"rendered":"Wydarzenia"},"content":{"rendered":"\n<figure class=\"wp-block-gallery aligncenter columns-3 is-cropped wp-block-gallery-1 is-layout-flex wp-block-gallery-is-layout-flex\"><ul class=\"blocks-gallery-grid\"><li class=\"blocks-gallery-item\"><figure><img loading=\"lazy\" decoding=\"async\" width=\"1024\" height=\"683\" src=\"http:\/\/4lo.kielce.eu\/wp-content\/uploads\/2020\/01\/83374614_3092906150934563_8987361599664685056_o-1024x683.jpg\" alt=\"\" data-id=\"698\" data-full-url=\"http:\/\/4lo.kielce.eu\/wp-content\/uploads\/2020\/01\/83374614_3092906150934563_8987361599664685056_o.jpg\" data-link=\"http:\/\/4lo.kielce.eu\/index.php\/wydarzenia\/83374614_3092906150934563_8987361599664685056_o\/\" class=\"wp-image-698\" srcset=\"https:\/\/4lo.kielce.eu\/wp-content\/uploads\/2020\/01\/83374614_3092906150934563_8987361599664685056_o-1024x683.jpg 1024w, https:\/\/4lo.kielce.eu\/wp-content\/uploads\/2020\/01\/83374614_3092906150934563_8987361599664685056_o-300x200.jpg 300w, https:\/\/4lo.kielce.eu\/wp-content\/uploads\/2020\/01\/83374614_3092906150934563_8987361599664685056_o-768x512.jpg 768w, https:\/\/4lo.kielce.eu\/wp-content\/uploads\/2020\/01\/83374614_3092906150934563_8987361599664685056_o-1536x1024.jpg 1536w, https:\/\/4lo.kielce.eu\/wp-content\/uploads\/2020\/01\/83374614_3092906150934563_8987361599664685056_o.jpg 2048w\" sizes=\"auto, (max-width: 1024px) 100vw, 1024px\" \/><\/figure><\/li><li class=\"blocks-gallery-item\"><figure><img loading=\"lazy\" decoding=\"async\" width=\"1024\" height=\"683\" src=\"http:\/\/4lo.kielce.eu\/wp-content\/uploads\/2020\/01\/82603165_3092905004268011_4614240549010931712_o-1024x683.jpg\" alt=\"\" data-id=\"694\" data-full-url=\"http:\/\/4lo.kielce.eu\/wp-content\/uploads\/2020\/01\/82603165_3092905004268011_4614240549010931712_o.jpg\" data-link=\"http:\/\/4lo.kielce.eu\/index.php\/wydarzenia\/82603165_3092905004268011_4614240549010931712_o\/\" class=\"wp-image-694\" srcset=\"https:\/\/4lo.kielce.eu\/wp-content\/uploads\/2020\/01\/82603165_3092905004268011_4614240549010931712_o-1024x683.jpg 1024w, https:\/\/4lo.kielce.eu\/wp-content\/uploads\/2020\/01\/82603165_3092905004268011_4614240549010931712_o-300x200.jpg 300w, https:\/\/4lo.kielce.eu\/wp-content\/uploads\/2020\/01\/82603165_3092905004268011_4614240549010931712_o-768x512.jpg 768w, https:\/\/4lo.kielce.eu\/wp-content\/uploads\/2020\/01\/82603165_3092905004268011_4614240549010931712_o-1536x1024.jpg 1536w, https:\/\/4lo.kielce.eu\/wp-content\/uploads\/2020\/01\/82603165_3092905004268011_4614240549010931712_o.jpg 2048w\" sizes=\"auto, (max-width: 1024px) 100vw, 1024px\" \/><\/figure><\/li><li class=\"blocks-gallery-item\"><figure><img loading=\"lazy\" decoding=\"async\" width=\"1024\" height=\"768\" src=\"http:\/\/4lo.kielce.eu\/wp-content\/uploads\/2020\/01\/82314051_3092932840931894_6090940465329209344_o-1024x768.jpg\" alt=\"\" data-id=\"691\" data-full-url=\"http:\/\/4lo.kielce.eu\/wp-content\/uploads\/2020\/01\/82314051_3092932840931894_6090940465329209344_o.jpg\" data-link=\"http:\/\/4lo.kielce.eu\/index.php\/wydarzenia\/82314051_3092932840931894_6090940465329209344_o\/\" class=\"wp-image-691\" srcset=\"https:\/\/4lo.kielce.eu\/wp-content\/uploads\/2020\/01\/82314051_3092932840931894_6090940465329209344_o-1024x768.jpg 1024w, https:\/\/4lo.kielce.eu\/wp-content\/uploads\/2020\/01\/82314051_3092932840931894_6090940465329209344_o-300x225.jpg 300w, https:\/\/4lo.kielce.eu\/wp-content\/uploads\/2020\/01\/82314051_3092932840931894_6090940465329209344_o-768x576.jpg 768w, https:\/\/4lo.kielce.eu\/wp-content\/uploads\/2020\/01\/82314051_3092932840931894_6090940465329209344_o-1536x1152.jpg 1536w, https:\/\/4lo.kielce.eu\/wp-content\/uploads\/2020\/01\/82314051_3092932840931894_6090940465329209344_o-240x180.jpg 240w, https:\/\/4lo.kielce.eu\/wp-content\/uploads\/2020\/01\/82314051_3092932840931894_6090940465329209344_o.jpg 2048w\" sizes=\"auto, (max-width: 1024px) 100vw, 1024px\" \/><\/figure><\/li><li class=\"blocks-gallery-item\"><figure><img loading=\"lazy\" decoding=\"async\" width=\"640\" height=\"960\" src=\"http:\/\/4lo.kielce.eu\/wp-content\/uploads\/2020\/01\/81865869_3092907710934407_8933377107749240832_o.jpg\" alt=\"\" data-id=\"685\" data-full-url=\"http:\/\/4lo.kielce.eu\/wp-content\/uploads\/2020\/01\/81865869_3092907710934407_8933377107749240832_o.jpg\" data-link=\"http:\/\/4lo.kielce.eu\/index.php\/wydarzenia\/81865869_3092907710934407_8933377107749240832_o\/\" class=\"wp-image-685\" srcset=\"https:\/\/4lo.kielce.eu\/wp-content\/uploads\/2020\/01\/81865869_3092907710934407_8933377107749240832_o.jpg 640w, https:\/\/4lo.kielce.eu\/wp-content\/uploads\/2020\/01\/81865869_3092907710934407_8933377107749240832_o-200x300.jpg 200w\" sizes=\"auto, (max-width: 640px) 100vw, 640px\" \/><\/figure><\/li><li class=\"blocks-gallery-item\"><figure><img loading=\"lazy\" decoding=\"async\" width=\"1024\" height=\"683\" src=\"http:\/\/4lo.kielce.eu\/wp-content\/uploads\/2020\/01\/82963884_3092905530934625_957511509229961216_o-1024x683.jpg\" alt=\"\" data-id=\"696\" data-full-url=\"http:\/\/4lo.kielce.eu\/wp-content\/uploads\/2020\/01\/82963884_3092905530934625_957511509229961216_o.jpg\" data-link=\"http:\/\/4lo.kielce.eu\/index.php\/wydarzenia\/82963884_3092905530934625_957511509229961216_o\/\" class=\"wp-image-696\" srcset=\"https:\/\/4lo.kielce.eu\/wp-content\/uploads\/2020\/01\/82963884_3092905530934625_957511509229961216_o-1024x683.jpg 1024w, https:\/\/4lo.kielce.eu\/wp-content\/uploads\/2020\/01\/82963884_3092905530934625_957511509229961216_o-300x200.jpg 300w, https:\/\/4lo.kielce.eu\/wp-content\/uploads\/2020\/01\/82963884_3092905530934625_957511509229961216_o-768x512.jpg 768w, https:\/\/4lo.kielce.eu\/wp-content\/uploads\/2020\/01\/82963884_3092905530934625_957511509229961216_o-1536x1024.jpg 1536w, https:\/\/4lo.kielce.eu\/wp-content\/uploads\/2020\/01\/82963884_3092905530934625_957511509229961216_o.jpg 2048w\" sizes=\"auto, (max-width: 1024px) 100vw, 1024px\" \/><\/figure><\/li><\/ul><\/figure>\n\n\n\n<p>W tym roku po raz 17-sty w naszej szkole zosta\u0142 zorganizowany\nsztab Wielkiej Orkiestry \u015awi\u0105tecznej Pomocy. Na prawie dwustu wolontariuszy tradycyjnie\nczeka\u0142y gor\u0105ca herbata, p\u0105czki, s\u0142ynne kr\u00f3wki oraz pyszna szarlotka p. prof. Magdy\nRolskiej.<\/p>\n\n\n\n<p>Nasi wolontariusze dzielnie grali z Orkiestr\u0105 od samego rana i w sumie uzbierali a\u017c  <span style=\"color:red;\"><strong>63 871,35 z\u0142<\/strong><\/span>! <\/p>\n\n\n\n<p>Dzi\u0119kujemy!<\/p>\n\n\n\n<hr class=\"wp-block-separator\"\/>\n\n\n\n<h2 class=\"wp-block-heading\">\u017byczenia<\/h2>\n\n\n\n<div class=\"wp-block-image\"><figure class=\"alignright is-resized\"><img loading=\"lazy\" decoding=\"async\" src=\"http:\/\/4lo.kielce.eu\/wp-content\/uploads\/2020\/01\/stroik.png\" alt=\"\" class=\"wp-image-133\" width=\"228\" height=\"179\"\/><\/figure><\/div>\n\n\n\n<p> <em>\u015awi\u0105t Bo\u017cego Narodzenia bia\u0142ych, pachn\u0105cych choink\u0105, <\/em><br><em>skrzypi\u0105cych \u015bniegiem pod butami,<\/em><br><em>sp\u0119dzonych w ciep\u0142ej, rodzinnej atmosferze,<\/em><br><em>pe\u0142nych niespodziewanych prezent\u00f3w.<\/em><br><em>\u015awi\u0105t daj\u0105cych rado\u015b\u0107 i odpoczynek,<\/em><br><em>oraz nadziej\u0119 na Nowy Rok,<\/em> <em>\u017bycz\u0105 Dyrekcja, Grono Pedagogiczne<\/em><br><em>oraz Uczniowie IV LO w Kielcach. <\/em><\/p>\n\n\n\n<p><em>\u017bycz\u0105: Dyrekcja, Grono Pedagogiczne oraz Uczniowie IV LO w Kielcach<\/em><\/p>\n","protected":false},"excerpt":{"rendered":"<p>W tym roku po raz 17-sty w naszej szkole zosta\u0142 zorganizowany sztab Wielkiej Orkiestry \u015awi\u0105tecznej Pomocy. Na prawie dwustu wolontariuszy tradycyjnie czeka\u0142y gor\u0105ca herbata, p\u0105czki, s\u0142ynne kr\u00f3wki oraz pyszna szarlotka&#8230; <\/p>\n","protected":false},"author":1,"featured_media":688,"parent":0,"menu_order":0,"comment_status":"closed","ping_status":"closed","template":"","meta":{"footnotes":""},"class_list":["post-124","page","type-page","status-publish","has-post-thumbnail","hentry"],"_links":{"self":[{"href":"https:\/\/4lo.kielce.eu\/index.php\/wp-json\/wp\/v2\/pages\/124","targetHints":{"allow":["GET"]}}],"collection":[{"href":"https:\/\/4lo.kielce.eu\/index.php\/wp-json\/wp\/v2\/pages"}],"about":[{"href":"https:\/\/4lo.kielce.eu\/index.php\/wp-json\/wp\/v2\/types\/page"}],"author":[{"embeddable":true,"href":"https:\/\/4lo.kielce.eu\/index.php\/wp-json\/wp\/v2\/users\/1"}],"replies":[{"embeddable":true,"href":"https:\/\/4lo.kielce.eu\/index.php\/wp-json\/wp\/v2\/comments?post=124"}],"version-history":[{"count":6,"href":"https:\/\/4lo.kielce.eu\/index.php\/wp-json\/wp\/v2\/pages\/124\/revisions"}],"predecessor-version":[{"id":699,"href":"https:\/\/4lo.kielce.eu\/index.php\/wp-json\/wp\/v2\/pages\/124\/revisions\/699"}],"wp:featuredmedia":[{"embeddable":true,"href":"https:\/\/4lo.kielce.eu\/index.php\/wp-json\/wp\/v2\/media\/688"}],"wp:attachment":[{"href":"https:\/\/4lo.kielce.eu\/index.php\/wp-json\/wp\/v2\/media?parent=124"}],"curies":[{"name":"wp","href":"https:\/\/api.w.org\/{rel}","templated":true}]}}