{"id":1232,"date":"2020-03-23T21:06:54","date_gmt":"2020-03-23T20:06:54","guid":{"rendered":"http:\/\/4lo.kielce.eu\/?page_id=1232"},"modified":"2025-04-21T12:11:16","modified_gmt":"2025-04-21T10:11:16","slug":"dlaczego-iv-lo","status":"publish","type":"page","link":"https:\/\/4lo.kielce.eu\/index.php\/dlaczego-iv-lo\/","title":{"rendered":"Dlaczego IV LO?"},"content":{"rendered":"<div class=\"wp-block-image\">\n<figure class=\"aligncenter size-large is-resized\"><img loading=\"lazy\" decoding=\"async\" width=\"960\" height=\"640\" src=\"http:\/\/4lo.kielce.eu\/wp-content\/uploads\/2020\/03\/lop1.jpg\" alt=\"\" class=\"wp-image-1233\" style=\"width:337px;height:225px\" srcset=\"https:\/\/4lo.kielce.eu\/wp-content\/uploads\/2020\/03\/lop1.jpg 960w, https:\/\/4lo.kielce.eu\/wp-content\/uploads\/2020\/03\/lop1-300x200.jpg 300w, https:\/\/4lo.kielce.eu\/wp-content\/uploads\/2020\/03\/lop1-768x512.jpg 768w\" sizes=\"auto, (max-width: 960px) 100vw, 960px\" \/><\/figure><\/div>\n\n\n<blockquote class=\"wp-block-quote is-layout-flow wp-block-quote-is-layout-flow\">\n<p>IV  Liceum Og\u00f3lnokszta\u0142c\u0105ce &#8230;.  tu wszystko mo\u017ce si\u0119 zdarzy\u0107 !<\/p>\n\n\n\n<p>W tych s\u0142owach zawarta jest ca\u0142a tajemnica jedynej i niepowtarzalnej atmosfery jaka panuje w naszej szkole. IV Liceum Og\u00f3lnokszta\u0142c\u0105ce to szko\u0142a z bogatymi tradycjami i sukcesami. Szko\u0142\u0119 tworzymy my, uczniowie, wzajemnie si\u0119 inspiruj\u0105cy i inspirowani przez Dyrekcj\u0119 i nauczycieli. <\/p>\n<\/blockquote>\n\n\n\n<h3 class=\"wp-block-heading has-text-align-center\">W IV LO ka\u017cdy dzie\u0144 jest wydarzeniem.<\/h3>\n\n\n\n<h3 class=\"wp-block-heading has-text-align-center\">Rok szkolny w IV<br>Liceum Og\u00f3lnokszta\u0142c\u0105cym w Kielcach w pigu\u0142ce <\/h3>\n\n\n\n<p class=\"has-text-align-center\"><a href=\"https:\/\/4lo.kielce.eu\/wp-content\/uploads\/2025\/04\/IV-LO-w-pigulce-2025-1v.pdf\"><strong>KLIKNIJ\/ZOBACZ WI\u0118CEJ!<br><\/strong><\/a><\/p>\n\n\n\n<p><\/p>\n","protected":false},"excerpt":{"rendered":"<p>IV Liceum Og\u00f3lnokszta\u0142c\u0105ce &#8230;. tu wszystko mo\u017ce si\u0119 zdarzy\u0107 ! W tych s\u0142owach zawarta jest ca\u0142a tajemnica jedynej i niepowtarzalnej atmosfery jaka panuje w naszej szkole. IV Liceum Og\u00f3lnokszta\u0142c\u0105ce to&#8230; <\/p>\n","protected":false},"author":1,"featured_media":1257,"parent":0,"menu_order":0,"comment_status":"closed","ping_status":"closed","template":"","meta":{"footnotes":""},"class_list":["post-1232","page","type-page","status-publish","has-post-thumbnail","hentry"],"_links":{"self":[{"href":"https:\/\/4lo.kielce.eu\/index.php\/wp-json\/wp\/v2\/pages\/1232","targetHints":{"allow":["GET"]}}],"collection":[{"href":"https:\/\/4lo.kielce.eu\/index.php\/wp-json\/wp\/v2\/pages"}],"about":[{"href":"https:\/\/4lo.kielce.eu\/index.php\/wp-json\/wp\/v2\/types\/page"}],"author":[{"embeddable":true,"href":"https:\/\/4lo.kielce.eu\/index.php\/wp-json\/wp\/v2\/users\/1"}],"replies":[{"embeddable":true,"href":"https:\/\/4lo.kielce.eu\/index.php\/wp-json\/wp\/v2\/comments?post=1232"}],"version-history":[{"count":15,"href":"https:\/\/4lo.kielce.eu\/index.php\/wp-json\/wp\/v2\/pages\/1232\/revisions"}],"predecessor-version":[{"id":8531,"href":"https:\/\/4lo.kielce.eu\/index.php\/wp-json\/wp\/v2\/pages\/1232\/revisions\/8531"}],"wp:featuredmedia":[{"embeddable":true,"href":"https:\/\/4lo.kielce.eu\/index.php\/wp-json\/wp\/v2\/media\/1257"}],"wp:attachment":[{"href":"https:\/\/4lo.kielce.eu\/index.php\/wp-json\/wp\/v2\/media?parent=1232"}],"curies":[{"name":"wp","href":"https:\/\/api.w.org\/{rel}","templated":true}]}}