{"id":121,"date":"2020-01-05T01:50:19","date_gmt":"2020-01-05T00:50:19","guid":{"rendered":"http:\/\/4lo.kielce.eu\/?page_id=121"},"modified":"2020-01-05T15:41:47","modified_gmt":"2020-01-05T14:41:47","slug":"szkola","status":"publish","type":"page","link":"https:\/\/4lo.kielce.eu\/index.php\/szkola\/","title":{"rendered":"Szko\u0142a"},"content":{"rendered":"\n<div class=\"wp-block-image\"><figure class=\"aligncenter\"><img loading=\"lazy\" decoding=\"async\" width=\"629\" height=\"287\" src=\"http:\/\/4lo.kielce.eu\/wp-content\/uploads\/2020\/01\/budynekSkoly.jpg\" alt=\"\" class=\"wp-image-122\" srcset=\"https:\/\/4lo.kielce.eu\/wp-content\/uploads\/2020\/01\/budynekSkoly.jpg 629w, https:\/\/4lo.kielce.eu\/wp-content\/uploads\/2020\/01\/budynekSkoly-300x137.jpg 300w\" sizes=\"auto, (max-width: 629px) 100vw, 629px\" \/><\/figure><\/div>\n\n\n\n<p>Mamy ponad sze\u015b\u0107dziesi\u0119cioletni\u0105 tradycj\u0119-szko\u0142a istnieje od 1950 roku.  Nasi absolwenci s\u0105 re\u017cyserami, dyrektorami instytucji,  prawnikami,lekarzami, informatykami, ekonomistami i in\u017cynierami.  <\/p>\n\n\n\n<p>Nale\u017cymy do &#8222;<strong>Towarzystwa Szk\u00f3\u0142 Tw\u00f3rczych<\/strong>&#8222;. Realizujemy Mi\u0119dzynarodowy  Program <strong>Socrates Comenius<\/strong>. Wsp\u00f3\u0142pracujemy ze szko\u0142ami z Niemiec, Anglii i  W\u0142och.<\/p>\n\n\n\n<p> W naszej szkole masz szans\u0119: &#8211; przygotowa\u0107 si\u0119 do podj\u0119cia  studi\u00f3w na wymarzonym kierunku &#8211; rozwija\u0107 swoje zainteresowania &#8211;  realizowa\u0107 si\u0119 w sporcie &#8211; uprawia\u0107 turystyk\u0119 g\u00f3rsk\u0105 &#8211; zosta\u0107 aktorem w  teatrze &#8222;Panika&#8221; &#8211; pozna\u0107 ciekawych ludzi &#8211; prezentowa\u0107 w\u0142asn\u0105  tw\u00f3rczo\u015b\u0107. <\/p>\n","protected":false},"excerpt":{"rendered":"<p>Mamy ponad sze\u015b\u0107dziesi\u0119cioletni\u0105 tradycj\u0119-szko\u0142a istnieje od 1950 roku. Nasi absolwenci s\u0105 re\u017cyserami, dyrektorami instytucji, prawnikami,lekarzami, informatykami, ekonomistami i in\u017cynierami. Nale\u017cymy do &#8222;Towarzystwa Szk\u00f3\u0142 Tw\u00f3rczych&#8222;. Realizujemy Mi\u0119dzynarodowy Program Socrates Comenius. Wsp\u00f3\u0142pracujemy&#8230; <\/p>\n","protected":false},"author":1,"featured_media":142,"parent":0,"menu_order":0,"comment_status":"closed","ping_status":"closed","template":"","meta":{"footnotes":""},"class_list":["post-121","page","type-page","status-publish","has-post-thumbnail","hentry"],"_links":{"self":[{"href":"https:\/\/4lo.kielce.eu\/index.php\/wp-json\/wp\/v2\/pages\/121","targetHints":{"allow":["GET"]}}],"collection":[{"href":"https:\/\/4lo.kielce.eu\/index.php\/wp-json\/wp\/v2\/pages"}],"about":[{"href":"https:\/\/4lo.kielce.eu\/index.php\/wp-json\/wp\/v2\/types\/page"}],"author":[{"embeddable":true,"href":"https:\/\/4lo.kielce.eu\/index.php\/wp-json\/wp\/v2\/users\/1"}],"replies":[{"embeddable":true,"href":"https:\/\/4lo.kielce.eu\/index.php\/wp-json\/wp\/v2\/comments?post=121"}],"version-history":[{"count":4,"href":"https:\/\/4lo.kielce.eu\/index.php\/wp-json\/wp\/v2\/pages\/121\/revisions"}],"predecessor-version":[{"id":144,"href":"https:\/\/4lo.kielce.eu\/index.php\/wp-json\/wp\/v2\/pages\/121\/revisions\/144"}],"wp:featuredmedia":[{"embeddable":true,"href":"https:\/\/4lo.kielce.eu\/index.php\/wp-json\/wp\/v2\/media\/142"}],"wp:attachment":[{"href":"https:\/\/4lo.kielce.eu\/index.php\/wp-json\/wp\/v2\/media?parent=121"}],"curies":[{"name":"wp","href":"https:\/\/api.w.org\/{rel}","templated":true}]}}