{"id":1202,"date":"2020-03-17T19:40:01","date_gmt":"2020-03-17T18:40:01","guid":{"rendered":"http:\/\/4lo.kielce.eu\/?page_id=1202"},"modified":"2025-03-26T05:57:56","modified_gmt":"2025-03-26T04:57:56","slug":"klasa-1f-z-rozszerzon-programem-nauczania-jezyka-polskiego-historii-i-wos-klasa-1g-wos-geografii-i-jezyka-angielskiego","status":"publish","type":"page","link":"https:\/\/4lo.kielce.eu\/index.php\/klasa-1f-z-rozszerzon-programem-nauczania-jezyka-polskiego-historii-i-wos-klasa-1g-wos-geografii-i-jezyka-angielskiego\/","title":{"rendered":"KLASA IE &#8211; POL-HIST-ANG"},"content":{"rendered":"\n<p>Humanista to cz\u0142owiek o wszechstronnych zainteresowaniach, otwarty na \u015bwiat i tolerancyjny. To w\u0142a\u015bnie Ty?! Wspaniale! Zatem zapraszamy do klasy o profilu humanistycznym. Dzi\u0119ki niej lepiej poznasz \u015bwiat teatru, wsp\u00f3\u0142pracujemy bowiem z Teatrem im. Stefana \u017beromskiego w Kielcach oraz Teatrem im. Jana Kochanowskiego w Radomiu. Poszerzysz r\u00f3wnie\u017c swoj\u0105 wiedz\u0119 o filmie \u2013 korzystamy z oferty ka\u017cdego kina w mie\u015bcie, organizuj\u0105c wyj\u015bcia na r\u00f3\u017cne seanse, tak\u017ce kina dokumentalnego (NURT).<\/p>\n\n\n<div class=\"wp-block-image\">\n<figure class=\"aligncenter size-large\"><img loading=\"lazy\" decoding=\"async\" width=\"1024\" height=\"22\" src=\"http:\/\/4lo.kielce.eu\/wp-content\/uploads\/2022\/03\/linia2-1024x22.jpg\" alt=\"\" class=\"wp-image-3401\" srcset=\"https:\/\/4lo.kielce.eu\/wp-content\/uploads\/2022\/03\/linia2-1024x22.jpg 1024w, https:\/\/4lo.kielce.eu\/wp-content\/uploads\/2022\/03\/linia2-300x6.jpg 300w, https:\/\/4lo.kielce.eu\/wp-content\/uploads\/2022\/03\/linia2-768x16.jpg 768w, https:\/\/4lo.kielce.eu\/wp-content\/uploads\/2022\/03\/linia2-1536x33.jpg 1536w, https:\/\/4lo.kielce.eu\/wp-content\/uploads\/2022\/03\/linia2.jpg 1592w\" sizes=\"auto, (max-width: 1024px) 100vw, 1024px\" \/><\/figure><\/div>\n\n\n<p><strong>Przedmioty realizowane w zakresie rozszerzonym: <\/strong><strong>&nbsp;<\/strong>j\u0119zyk polski, historia, j\u0119zyk angielski<strong>&nbsp;&nbsp; <\/strong><strong>&nbsp;<\/strong><\/p>\n\n\n\n<p><strong>Nauczane j\u0119zyki: <\/strong>I \u2013 j\u0119zyk angielski, II \u2013 j\u0119zyk hiszpa\u0144ski<\/p>\n\n\n\n<p><strong>Przedmioty punktowane: <\/strong>j\u0119zyk polski, matematyka, historia, j\u0119zyk angielski <strong>&nbsp;&nbsp;&nbsp;&nbsp;<\/strong><\/p>\n\n\n\n<p class=\"has-large-font-size\"><a href=\"https:\/\/4lo.kielce.eu\/wp-content\/uploads\/2025\/03\/1e-1.pdf\"><strong>Zobacz wi\u0119cej!!! Zobacz\/Pobierz informator<\/strong><\/a><\/p>\n\n\n\n<p><\/p>\n","protected":false},"excerpt":{"rendered":"<p>Humanista to cz\u0142owiek o wszechstronnych zainteresowaniach, otwarty na \u015bwiat i tolerancyjny. To w\u0142a\u015bnie Ty?! Wspaniale! Zatem zapraszamy do klasy o profilu humanistycznym. Dzi\u0119ki niej lepiej poznasz \u015bwiat teatru, wsp\u00f3\u0142pracujemy bowiem&#8230; <\/p>\n","protected":false},"author":1,"featured_media":8328,"parent":0,"menu_order":0,"comment_status":"closed","ping_status":"closed","template":"","meta":{"footnotes":""},"class_list":["post-1202","page","type-page","status-publish","has-post-thumbnail","hentry"],"_links":{"self":[{"href":"https:\/\/4lo.kielce.eu\/index.php\/wp-json\/wp\/v2\/pages\/1202","targetHints":{"allow":["GET"]}}],"collection":[{"href":"https:\/\/4lo.kielce.eu\/index.php\/wp-json\/wp\/v2\/pages"}],"about":[{"href":"https:\/\/4lo.kielce.eu\/index.php\/wp-json\/wp\/v2\/types\/page"}],"author":[{"embeddable":true,"href":"https:\/\/4lo.kielce.eu\/index.php\/wp-json\/wp\/v2\/users\/1"}],"replies":[{"embeddable":true,"href":"https:\/\/4lo.kielce.eu\/index.php\/wp-json\/wp\/v2\/comments?post=1202"}],"version-history":[{"count":23,"href":"https:\/\/4lo.kielce.eu\/index.php\/wp-json\/wp\/v2\/pages\/1202\/revisions"}],"predecessor-version":[{"id":8317,"href":"https:\/\/4lo.kielce.eu\/index.php\/wp-json\/wp\/v2\/pages\/1202\/revisions\/8317"}],"wp:featuredmedia":[{"embeddable":true,"href":"https:\/\/4lo.kielce.eu\/index.php\/wp-json\/wp\/v2\/media\/8328"}],"wp:attachment":[{"href":"https:\/\/4lo.kielce.eu\/index.php\/wp-json\/wp\/v2\/media?parent=1202"}],"curies":[{"name":"wp","href":"https:\/\/api.w.org\/{rel}","templated":true}]}}