{"id":1194,"date":"2020-03-17T19:27:21","date_gmt":"2020-03-17T18:27:21","guid":{"rendered":"http:\/\/4lo.kielce.eu\/?page_id=1194"},"modified":"2025-03-26T05:54:37","modified_gmt":"2025-03-26T04:54:37","slug":"klasy-1d-i-1e-z-rozszerzonym-programem-nauczania-biologii-i-chemii","status":"publish","type":"page","link":"https:\/\/4lo.kielce.eu\/index.php\/klasy-1d-i-1e-z-rozszerzonym-programem-nauczania-biologii-i-chemii\/","title":{"rendered":"KLASA 1D &#8211; BIOL-CHEM"},"content":{"rendered":"\n<p>Klasa biologiczno \u2013 chemiczna jest skierowana dla zafascynowanych \u015bwiatem biologii i chemii, do\u015bwiadczeniami i eksperymentami. Z nami w IV LO nigdy nie b\u0119dziesz si\u0119 nudzi\u0107. Dzi\u0119ki przyjaznym&nbsp; i \u017cyczliwym nauczycielom rozwiniesz swoje zainteresowania przyrodnicze, uczestnicz\u0105c w sesjach naukowych i zaj\u0119ciach laboratoryjnych organizowanych przez uczelnie i instytucje wsp\u00f3\u0142pracuj\u0105ce ze szko\u0142\u0105 \u2013 UJK i \u015aCO w Kielcach, UMCS i UM w Lublinie, we\u017amiesz udzia\u0142 w programach o tematyce prozdrowotnej, poznasz r\u00f3\u017cnorodno\u015b\u0107 flory i fauny podczas wycieczek i rajd\u00f3w po \u015awi\u0119tokrzyskim Parku Narodowym oraz w czasie zaj\u0119\u0107 w ogrodach botanicznych i zoologicznych Kielc, Lublina, Krakowa.<\/p>\n\n\n<div class=\"wp-block-image\">\n<figure class=\"aligncenter size-large\"><img loading=\"lazy\" decoding=\"async\" width=\"1024\" height=\"22\" src=\"http:\/\/4lo.kielce.eu\/wp-content\/uploads\/2022\/03\/linia2-1024x22.jpg\" alt=\"\" class=\"wp-image-3401\" srcset=\"https:\/\/4lo.kielce.eu\/wp-content\/uploads\/2022\/03\/linia2-1024x22.jpg 1024w, https:\/\/4lo.kielce.eu\/wp-content\/uploads\/2022\/03\/linia2-300x6.jpg 300w, https:\/\/4lo.kielce.eu\/wp-content\/uploads\/2022\/03\/linia2-768x16.jpg 768w, https:\/\/4lo.kielce.eu\/wp-content\/uploads\/2022\/03\/linia2-1536x33.jpg 1536w, https:\/\/4lo.kielce.eu\/wp-content\/uploads\/2022\/03\/linia2.jpg 1592w\" sizes=\"auto, (max-width: 1024px) 100vw, 1024px\" \/><\/figure><\/div>\n\n\n<p><strong>Przedmioty realizowane w zakresie rozszerzonym: <\/strong>biologia, chemia<strong>&nbsp; <\/strong><\/p>\n\n\n\n<p><strong>Nauczane j\u0119zyki: <\/strong>I \u2013 j\u0119zyk angielski, II \u2013 j\u0119zyk niemiecki<\/p>\n\n\n\n<p><strong>Przedmioty punktowane: <\/strong>j\u0119zyk polski, matematyka, biologia, chemia<\/p>\n\n\n\n<p class=\"has-large-font-size\"><a href=\"https:\/\/4lo.kielce.eu\/wp-content\/uploads\/2025\/03\/1d-1.pdf\"><strong>Zobacz wi\u0119cej!!! Zobacz\/Pobierz informator.<\/strong><\/a><\/p>\n\n\n\n<p><\/p>\n\n\n\n<p><\/p>\n","protected":false},"excerpt":{"rendered":"<p>Klasa biologiczno \u2013 chemiczna jest skierowana dla zafascynowanych \u015bwiatem biologii i chemii, do\u015bwiadczeniami i eksperymentami. Z nami w IV LO nigdy nie b\u0119dziesz si\u0119 nudzi\u0107. Dzi\u0119ki przyjaznym&nbsp; i \u017cyczliwym nauczycielom&#8230; <\/p>\n","protected":false},"author":1,"featured_media":8327,"parent":0,"menu_order":0,"comment_status":"closed","ping_status":"closed","template":"","meta":{"footnotes":""},"class_list":["post-1194","page","type-page","status-publish","has-post-thumbnail","hentry"],"_links":{"self":[{"href":"https:\/\/4lo.kielce.eu\/index.php\/wp-json\/wp\/v2\/pages\/1194","targetHints":{"allow":["GET"]}}],"collection":[{"href":"https:\/\/4lo.kielce.eu\/index.php\/wp-json\/wp\/v2\/pages"}],"about":[{"href":"https:\/\/4lo.kielce.eu\/index.php\/wp-json\/wp\/v2\/types\/page"}],"author":[{"embeddable":true,"href":"https:\/\/4lo.kielce.eu\/index.php\/wp-json\/wp\/v2\/users\/1"}],"replies":[{"embeddable":true,"href":"https:\/\/4lo.kielce.eu\/index.php\/wp-json\/wp\/v2\/comments?post=1194"}],"version-history":[{"count":22,"href":"https:\/\/4lo.kielce.eu\/index.php\/wp-json\/wp\/v2\/pages\/1194\/revisions"}],"predecessor-version":[{"id":8315,"href":"https:\/\/4lo.kielce.eu\/index.php\/wp-json\/wp\/v2\/pages\/1194\/revisions\/8315"}],"wp:featuredmedia":[{"embeddable":true,"href":"https:\/\/4lo.kielce.eu\/index.php\/wp-json\/wp\/v2\/media\/8327"}],"wp:attachment":[{"href":"https:\/\/4lo.kielce.eu\/index.php\/wp-json\/wp\/v2\/media?parent=1194"}],"curies":[{"name":"wp","href":"https:\/\/api.w.org\/{rel}","templated":true}]}}