{"id":1188,"date":"2020-03-17T19:10:17","date_gmt":"2020-03-17T18:10:17","guid":{"rendered":"http:\/\/4lo.kielce.eu\/?page_id=1188"},"modified":"2026-04-10T13:35:25","modified_gmt":"2026-04-10T11:35:25","slug":"klasa-1c-z-rozszerzonym-programem-nauczania-matematyki-fizyki-i-jezyka-angielskiego","status":"publish","type":"page","link":"https:\/\/4lo.kielce.eu\/index.php\/klasa-1c-z-rozszerzonym-programem-nauczania-matematyki-fizyki-i-jezyka-angielskiego\/","title":{"rendered":"KLASA 1C  &#8211; POL-BIOL-ANG"},"content":{"rendered":"\n<p>Jeste\u015b zainteresowany tajnikami ludzkiej duszy? Interesujesz si\u0119 motywami ludzkiego post\u0119powania? Pasjonuje Ci\u0119 pomoc drugiemu cz\u0142owiekowi? Je\u015bli odpowiedzia\u0142e\u015b twierdz\u0105co, to klasa 1C z pewno\u015bci\u0105 jest w\u0142a\u015bnie dla Ciebie. Je\u015bli wi\u0119c marzysz o studiach na kierunkach: biologia, biotechnologia, nauki medyczne, dietetyka, wychowanie fizyczne, logopedia, pedagogika, lingwistyka, filologia polska czy psychologia \u2013 w\u00f3wczas ta klasa b\u0119dzie najlepszym wyborem.&nbsp;<\/p>\n\n\n\n<p><\/p>\n\n\n<div class=\"wp-block-image\">\n<figure class=\"aligncenter size-large\"><img loading=\"lazy\" decoding=\"async\" width=\"1024\" height=\"22\" src=\"http:\/\/4lo.kielce.eu\/wp-content\/uploads\/2022\/03\/linia2-1024x22.jpg\" alt=\"\" class=\"wp-image-3401\" srcset=\"https:\/\/4lo.kielce.eu\/wp-content\/uploads\/2022\/03\/linia2-1024x22.jpg 1024w, https:\/\/4lo.kielce.eu\/wp-content\/uploads\/2022\/03\/linia2-300x6.jpg 300w, https:\/\/4lo.kielce.eu\/wp-content\/uploads\/2022\/03\/linia2-768x16.jpg 768w, https:\/\/4lo.kielce.eu\/wp-content\/uploads\/2022\/03\/linia2-1536x33.jpg 1536w, https:\/\/4lo.kielce.eu\/wp-content\/uploads\/2022\/03\/linia2.jpg 1592w\" sizes=\"auto, (max-width: 1024px) 100vw, 1024px\" \/><\/figure><\/div>\n\n\n<p><strong>Przedmioty realizowane w zakresie rozszerzonym: <\/strong>j\u0119zyk polski, biologia, j\u0119zyk angielski<strong>&nbsp;<\/strong><\/p>\n\n\n\n<p><strong>Nauczane j\u0119zyki: <\/strong>I \u2013 j\u0119zyk angielski, II \u2013 j\u0119zyk niemiecki<\/p>\n\n\n\n<p><strong>Przedmioty punktowane: <\/strong>j\u0119zyk polski, matematyka, biologia, j\u0119zyk angielski<\/p>\n\n\n\n<p class=\"has-large-font-size\"><a href=\"https:\/\/4lo.kielce.eu\/wp-content\/uploads\/2026\/04\/1c-1.pdf\"><strong>Zobacz wi\u0119cej!!! Zobacz\/Pobierz informator<\/strong><\/a><\/p>\n\n\n\n<p><\/p>\n","protected":false},"excerpt":{"rendered":"<p>Jeste\u015b zainteresowany tajnikami ludzkiej duszy? Interesujesz si\u0119 motywami ludzkiego post\u0119powania? Pasjonuje Ci\u0119 pomoc drugiemu cz\u0142owiekowi? Je\u015bli odpowiedzia\u0142e\u015b twierdz\u0105co, to klasa 1C z pewno\u015bci\u0105 jest w\u0142a\u015bnie dla Ciebie. Je\u015bli wi\u0119c marzysz&#8230; <\/p>\n","protected":false},"author":1,"featured_media":8302,"parent":0,"menu_order":0,"comment_status":"closed","ping_status":"closed","template":"","meta":{"footnotes":""},"class_list":["post-1188","page","type-page","status-publish","has-post-thumbnail","hentry"],"_links":{"self":[{"href":"https:\/\/4lo.kielce.eu\/index.php\/wp-json\/wp\/v2\/pages\/1188","targetHints":{"allow":["GET"]}}],"collection":[{"href":"https:\/\/4lo.kielce.eu\/index.php\/wp-json\/wp\/v2\/pages"}],"about":[{"href":"https:\/\/4lo.kielce.eu\/index.php\/wp-json\/wp\/v2\/types\/page"}],"author":[{"embeddable":true,"href":"https:\/\/4lo.kielce.eu\/index.php\/wp-json\/wp\/v2\/users\/1"}],"replies":[{"embeddable":true,"href":"https:\/\/4lo.kielce.eu\/index.php\/wp-json\/wp\/v2\/comments?post=1188"}],"version-history":[{"count":27,"href":"https:\/\/4lo.kielce.eu\/index.php\/wp-json\/wp\/v2\/pages\/1188\/revisions"}],"predecessor-version":[{"id":9723,"href":"https:\/\/4lo.kielce.eu\/index.php\/wp-json\/wp\/v2\/pages\/1188\/revisions\/9723"}],"wp:featuredmedia":[{"embeddable":true,"href":"https:\/\/4lo.kielce.eu\/index.php\/wp-json\/wp\/v2\/media\/8302"}],"wp:attachment":[{"href":"https:\/\/4lo.kielce.eu\/index.php\/wp-json\/wp\/v2\/media?parent=1188"}],"curies":[{"name":"wp","href":"https:\/\/api.w.org\/{rel}","templated":true}]}}