{"id":1181,"date":"2020-03-17T16:20:19","date_gmt":"2020-03-17T15:20:19","guid":{"rendered":"http:\/\/4lo.kielce.eu\/?page_id=1181"},"modified":"2025-03-26T05:44:55","modified_gmt":"2025-03-26T04:44:55","slug":"klasa-1a-z-rozszerzonym-programem-nauczania-matematyki-fizyki-i-informatyki-klasa-1b-matematyki-geografii-i-jezyka-angielskiego","status":"publish","type":"page","link":"https:\/\/4lo.kielce.eu\/index.php\/klasa-1a-z-rozszerzonym-programem-nauczania-matematyki-fizyki-i-informatyki-klasa-1b-matematyki-geografii-i-jezyka-angielskiego\/","title":{"rendered":"KL 1A &#8211; MAT- FIZ- INF \/\/ KL 1B &#8211; MAT-GEO-ANG"},"content":{"rendered":"\n<p>Wiadomo, \u017ce matematyka to klucz i wrota do wszystkich nauk. Je\u015bli wi\u0119c marzysz o studiach matematycznych, fizycznych czy informatycznych to klasa matematyczno \u2013 fizyczno \u2013&nbsp; informatyczna jest w\u0142a\u015bnie dla Ciebie.<\/p>\n\n\n\n<p>Dzi\u0119ki tym przedmiotom nauczanym na poziomie rozszerzonym mo\u017cesz studiowa\u0107 transport morski lub l\u0105dowy, architektur\u0119 czy budownictwo, automatyk\u0119, robotyk\u0119, elektrotechnik\u0119, mechanik\u0119, biofizyk\u0119, in\u017cynieri\u0119 materia\u0142ow\u0105,&nbsp; a nawet astronomi\u0119.<\/p>\n\n\n<div class=\"wp-block-image\">\n<figure class=\"aligncenter size-large\"><img loading=\"lazy\" decoding=\"async\" width=\"1024\" height=\"22\" src=\"http:\/\/4lo.kielce.eu\/wp-content\/uploads\/2022\/03\/linia2-1024x22.jpg\" alt=\"\" class=\"wp-image-3401\" srcset=\"https:\/\/4lo.kielce.eu\/wp-content\/uploads\/2022\/03\/linia2-1024x22.jpg 1024w, https:\/\/4lo.kielce.eu\/wp-content\/uploads\/2022\/03\/linia2-300x6.jpg 300w, https:\/\/4lo.kielce.eu\/wp-content\/uploads\/2022\/03\/linia2-768x16.jpg 768w, https:\/\/4lo.kielce.eu\/wp-content\/uploads\/2022\/03\/linia2-1536x33.jpg 1536w, https:\/\/4lo.kielce.eu\/wp-content\/uploads\/2022\/03\/linia2.jpg 1592w\" sizes=\"auto, (max-width: 1024px) 100vw, 1024px\" \/><\/figure><\/div>\n\n\n<p class=\"has-medium-font-size\"><strong>KLASA IA MAT-FIZ-INF<\/strong><\/p>\n\n\n\n<p><strong>Przedmioty realizowane w zakresie rozszerzonym: <\/strong>matematyka, fizyka, informatyka<strong>&nbsp;<\/strong><\/p>\n\n\n\n<p><strong>Nauczane j\u0119zyki: <\/strong>I \u2013 j\u0119zyk angielski, II \u2013 j\u0119zyk niemiecki<\/p>\n\n\n\n<p><strong>Przedmioty punktowane: <\/strong>j\u0119zyk polski, matematyka, fizyka, informatyka<\/p>\n\n\n\n<p class=\"has-large-font-size\"><a href=\"https:\/\/4lo.kielce.eu\/wp-content\/uploads\/2025\/03\/1a-1.pdf\"><strong>Zobacz wi\u0119cej!!! Zobacz\/Pobierz informator<\/strong><\/a><\/p>\n\n\n\n<h2 class=\"wp-block-heading has-medium-font-size\"><strong>KLASA IB MAT-GEO-ANG<\/strong><\/h2>\n\n\n\n<p><strong>Przedmioty realizowane w zakresie rozszerzonym: <\/strong>matematyka, geografia, j\u0119zyk angielski<strong>&nbsp;<\/strong><\/p>\n\n\n\n<p><strong>Nauczane j\u0119zyki: <\/strong>I \u2013 j\u0119zyk angielski, II \u2013 j\u0119zyk niemiecki<\/p>\n\n\n\n<p><strong>Przedmioty punktowane: <\/strong>j\u0119zyk polski, matematyka, j\u0119zyk angielski, geografia<\/p>\n\n\n\n<p class=\"has-large-font-size\"><a href=\"https:\/\/4lo.kielce.eu\/wp-content\/uploads\/2025\/03\/1b-1.pdf\"><strong>Zobacz wi\u0119cej!!! Zobacz\/Pobierz informator<\/strong><\/a><\/p>\n\n\n\n<p><\/p>\n","protected":false},"excerpt":{"rendered":"<p>Wiadomo, \u017ce matematyka to klucz i wrota do wszystkich nauk. Je\u015bli wi\u0119c marzysz o studiach matematycznych, fizycznych czy informatycznych to klasa matematyczno \u2013 fizyczno \u2013&nbsp; informatyczna jest w\u0142a\u015bnie dla Ciebie&#8230;. <\/p>\n","protected":false},"author":1,"featured_media":8290,"parent":0,"menu_order":0,"comment_status":"closed","ping_status":"closed","template":"","meta":{"footnotes":""},"class_list":["post-1181","page","type-page","status-publish","has-post-thumbnail","hentry"],"_links":{"self":[{"href":"https:\/\/4lo.kielce.eu\/index.php\/wp-json\/wp\/v2\/pages\/1181","targetHints":{"allow":["GET"]}}],"collection":[{"href":"https:\/\/4lo.kielce.eu\/index.php\/wp-json\/wp\/v2\/pages"}],"about":[{"href":"https:\/\/4lo.kielce.eu\/index.php\/wp-json\/wp\/v2\/types\/page"}],"author":[{"embeddable":true,"href":"https:\/\/4lo.kielce.eu\/index.php\/wp-json\/wp\/v2\/users\/1"}],"replies":[{"embeddable":true,"href":"https:\/\/4lo.kielce.eu\/index.php\/wp-json\/wp\/v2\/comments?post=1181"}],"version-history":[{"count":32,"href":"https:\/\/4lo.kielce.eu\/index.php\/wp-json\/wp\/v2\/pages\/1181\/revisions"}],"predecessor-version":[{"id":8326,"href":"https:\/\/4lo.kielce.eu\/index.php\/wp-json\/wp\/v2\/pages\/1181\/revisions\/8326"}],"wp:featuredmedia":[{"embeddable":true,"href":"https:\/\/4lo.kielce.eu\/index.php\/wp-json\/wp\/v2\/media\/8290"}],"wp:attachment":[{"href":"https:\/\/4lo.kielce.eu\/index.php\/wp-json\/wp\/v2\/media?parent=1181"}],"curies":[{"name":"wp","href":"https:\/\/api.w.org\/{rel}","templated":true}]}}