{"id":1135,"date":"2020-03-10T20:38:29","date_gmt":"2020-03-10T19:38:29","guid":{"rendered":"http:\/\/4lo.kielce.eu\/?page_id=1135"},"modified":"2024-09-26T13:07:23","modified_gmt":"2024-09-26T11:07:23","slug":"wazne-linki","status":"publish","type":"page","link":"https:\/\/4lo.kielce.eu\/index.php\/wazne-linki\/","title":{"rendered":"Wa\u017cne linki"},"content":{"rendered":"\n<figure class=\"wp-block-image size-full\"><img loading=\"lazy\" decoding=\"async\" width=\"360\" height=\"291\" src=\"http:\/\/4lo.kielce.eu\/wp-content\/uploads\/2024\/09\/RESQL-25-lat-03.jpg\" alt=\"\" class=\"wp-image-7185\" srcset=\"https:\/\/4lo.kielce.eu\/wp-content\/uploads\/2024\/09\/RESQL-25-lat-03.jpg 360w, https:\/\/4lo.kielce.eu\/wp-content\/uploads\/2024\/09\/RESQL-25-lat-03-300x243.jpg 300w\" sizes=\"auto, (max-width: 360px) 100vw, 360px\" \/><\/figure>\n\n\n\n<p class=\"has-text-align-center has-very-dark-gray-color has-text-color\"><a href=\"https:\/\/resql.pl\/o-nas\/\" data-type=\"URL\" data-id=\"https:\/\/resql.pl\/o-nas\/\" target=\"_blank\" rel=\"noreferrer noopener\"><strong><mark style=\"background-color:#ffffff\" class=\"has-inline-color has-vivid-green-cyan-color\">RESQL &#8211; projekt wspieraj\u0105cy szko\u0142\u0119 w rozwi\u0105zywaniu problem\u00f3w przemocy r\u00f3wie\u015bniczej<\/mark><\/strong><\/a><\/p>\n\n\n\n<figure class=\"wp-block-image size-large\"><img loading=\"lazy\" decoding=\"async\" width=\"1024\" height=\"681\" src=\"http:\/\/4lo.kielce.eu\/wp-content\/uploads\/2024\/09\/RESQL-1-1024x681.jpg\" alt=\"\" class=\"wp-image-7183\" srcset=\"https:\/\/4lo.kielce.eu\/wp-content\/uploads\/2024\/09\/RESQL-1-1024x681.jpg 1024w, https:\/\/4lo.kielce.eu\/wp-content\/uploads\/2024\/09\/RESQL-1-300x200.jpg 300w, https:\/\/4lo.kielce.eu\/wp-content\/uploads\/2024\/09\/RESQL-1-768x511.jpg 768w, https:\/\/4lo.kielce.eu\/wp-content\/uploads\/2024\/09\/RESQL-1-1536x1022.jpg 1536w, https:\/\/4lo.kielce.eu\/wp-content\/uploads\/2024\/09\/RESQL-1-2048x1362.jpg 2048w\" sizes=\"auto, (max-width: 1024px) 100vw, 1024px\" \/><figcaption class=\"wp-element-caption\">RESQL &#8211; Oko\u0142o 35 proc. uczni\u00f3w w\u00a0Polsce do\u015bwiadczy\u0142o lub do\u015bwiadcza przemocy ze strony r\u00f3wie\u015bnik\u00f3w \u2013\u00a0skala zjawiska jest wi\u0119c ogromna. W\u00a0szko\u0142ach dochodzi do agresji fizycznej i\u00a0przemocy psychicznej. Bardzo niebezpiecznym zjawiskiem jest cyberprzemoc, niezwykle trudna do zauwa\u017cenia przez doros\u0142ych. Tylko oko\u0142o 20 proc. m\u0142odzie\u017cy w\u00a0wieku 14\u201318 lat m\u00f3wi o\u00a0sytuacjach przemocowych, jakich do\u015bwiadcza w\u00a0roli ofiary lub \u015bwiadka. Wiele szk\u00f3\u0142 nie ma dobrej kultury zg\u0142aszania problem\u00f3w. \u015awiadkowie nie wiedz\u0105, jak informowa\u0107 o\u00a0tym pedagog\u00f3w, a\u00a0tak\u017ce boj\u0105 si\u0119 odwetu ze strony sprawcy. <br>RESQL to aplikacja mobilna\u00a0umo\u017cliwiaj\u0105ca anonimowe powiadomienie o\u00a0incydencie przemocy przez ucznia. Wystarczy, \u017ce zg\u0142osi on incydent w\u00a0aplikacji, wybieraj\u0105c kategori\u0119 przemocy, jaka mia\u0142a miejsce. Podanie swoich danych jest dobrowolne \u2013 ucze\u0144 mo\u017ce zachowa\u0107 anonimowo\u015b\u0107 albo ujawni\u0107 imi\u0119 czy klas\u0119, do kt\u00f3rej chodzi. Zg\u0142oszenie trafia do nauczyciela interwenta, kt\u00f3ry wsp\u00f3lnie z\u00a0innymi pedagogami analizuje problem i\u00a0podejmuje odpowiednie dzia\u0142ania. Ka\u017cdy z\u00a0nauczycieli interwent\u00f3w ma dost\u0119p do panelu interwenta, w\u00a0kt\u00f3rym znajduj\u0105 si\u0119 wszystkie potrzebne informacje oraz nap\u0142ywaj\u0105ce zg\u0142oszenia. Program umo\u017cliwia dyrekcji monitorowanie problemu przemocy w\u00a0szkole, przygotowywanie raport\u00f3w w\u00a0formie zestawie\u0144 i\u00a0analizowanie zdiagnozowanych problem\u00f3w wsp\u00f3lnie z\u00a0rad\u0105 pedagogiczn\u0105.<\/figcaption><\/figure>\n\n\n\n<figure class=\"wp-block-image size-large\"><img loading=\"lazy\" decoding=\"async\" width=\"1024\" height=\"681\" src=\"http:\/\/4lo.kielce.eu\/wp-content\/uploads\/2024\/09\/54008360920_d58ab9caaf_o-1024x681.jpg\" alt=\"\" class=\"wp-image-7181\" srcset=\"https:\/\/4lo.kielce.eu\/wp-content\/uploads\/2024\/09\/54008360920_d58ab9caaf_o-1024x681.jpg 1024w, https:\/\/4lo.kielce.eu\/wp-content\/uploads\/2024\/09\/54008360920_d58ab9caaf_o-300x200.jpg 300w, https:\/\/4lo.kielce.eu\/wp-content\/uploads\/2024\/09\/54008360920_d58ab9caaf_o-768x511.jpg 768w, https:\/\/4lo.kielce.eu\/wp-content\/uploads\/2024\/09\/54008360920_d58ab9caaf_o-1536x1022.jpg 1536w, https:\/\/4lo.kielce.eu\/wp-content\/uploads\/2024\/09\/54008360920_d58ab9caaf_o-2048x1362.jpg 2048w\" sizes=\"auto, (max-width: 1024px) 100vw, 1024px\" \/><\/figure>\n","protected":false},"excerpt":{"rendered":"<p>RESQL &#8211; projekt wspieraj\u0105cy szko\u0142\u0119 w rozwi\u0105zywaniu problem\u00f3w przemocy r\u00f3wie\u015bniczej<\/p>\n","protected":false},"author":1,"featured_media":0,"parent":0,"menu_order":0,"comment_status":"closed","ping_status":"closed","template":"","meta":{"footnotes":""},"class_list":["post-1135","page","type-page","status-publish","hentry"],"_links":{"self":[{"href":"https:\/\/4lo.kielce.eu\/index.php\/wp-json\/wp\/v2\/pages\/1135","targetHints":{"allow":["GET"]}}],"collection":[{"href":"https:\/\/4lo.kielce.eu\/index.php\/wp-json\/wp\/v2\/pages"}],"about":[{"href":"https:\/\/4lo.kielce.eu\/index.php\/wp-json\/wp\/v2\/types\/page"}],"author":[{"embeddable":true,"href":"https:\/\/4lo.kielce.eu\/index.php\/wp-json\/wp\/v2\/users\/1"}],"replies":[{"embeddable":true,"href":"https:\/\/4lo.kielce.eu\/index.php\/wp-json\/wp\/v2\/comments?post=1135"}],"version-history":[{"count":4,"href":"https:\/\/4lo.kielce.eu\/index.php\/wp-json\/wp\/v2\/pages\/1135\/revisions"}],"predecessor-version":[{"id":7225,"href":"https:\/\/4lo.kielce.eu\/index.php\/wp-json\/wp\/v2\/pages\/1135\/revisions\/7225"}],"wp:attachment":[{"href":"https:\/\/4lo.kielce.eu\/index.php\/wp-json\/wp\/v2\/media?parent=1135"}],"curies":[{"name":"wp","href":"https:\/\/api.w.org\/{rel}","templated":true}]}}