{"id":104,"date":"2020-01-04T23:44:03","date_gmt":"2020-01-04T22:44:03","guid":{"rendered":"http:\/\/4lo.kielce.eu\/?page_id=104"},"modified":"2020-01-23T12:14:58","modified_gmt":"2020-01-23T11:14:58","slug":"erasmus-plus-w-ramach-akcji-ka1-mobilnosc-kadry-edukacji-szkolnej","status":"publish","type":"page","link":"https:\/\/4lo.kielce.eu\/index.php\/erasmus-plus-w-ramach-akcji-ka1-mobilnosc-kadry-edukacji-szkolnej\/","title":{"rendered":"Erasmus Plus w ramach akcji KA1 \u2013 mobilno\u015b\u0107 kadry edukacji szkolnej"},"content":{"rendered":"\n<p><strong>Prezentacje z realizacji projektu:<\/strong><\/p>\n\n\n\n<p><strong><a href=\"http:\/\/4lo.edu.pl\/..\/art\/Erazmus\/Kurs_szkoleniowy_Erasmus.pdf\" target=\"_blank\" rel=\"noreferrer noopener\">Kurs szkoleniowy Erasmus + Teaching Advanced Students of English w&nbsp;Cantenbury 17-30 lipca 2016r.<\/a><\/strong><\/p>\n\n\n\n<p><a href=\"http:\/\/4lo.edu.pl\/..\/art\/Erazmus\/erazmus_wieden.pdf\" target=\"_blank\" rel=\"noreferrer noopener\"><strong>Kurs Metodyczny dla nauczycieli j\u0119zyka niemieckiego w&nbsp;Wiedniu w&nbsp;sierpniu 2016 roku<\/strong><\/a><\/p>\n\n\n\n<p>&nbsp;&nbsp;  Od 1&nbsp;czerwca 2016 roku Zesp\u00f3\u0142 Szk\u00f3\u0142 Ponadpodstawowych Nr&nbsp;2 w&nbsp;Kielcach realizuje projekt programu Erasmus Plus w ramach akcji KA1 \u2013 mobilno\u015b\u0107 kadry edukacji szkolnej. Tytu\u0142 projektu to<strong> \u201eDoskonalenie kompetencji zawodowych nauczycieli IV LO w&nbsp;Kielcach gwarancj\u0105 wysokiej jako\u015bci edukacji m\u0142odzie\u017cy\u201d<\/strong> Projekt b\u0119dzie realizowany do ko\u0144ca stycznia 2018 roku. <\/p>\n\n\n\n<p><br>&nbsp;&nbsp; Projekty realizowane w ramach akcji KA1 \u201eMobilno\u015b\u0107 kadry edukacji szkolnej\u201d w&nbsp;obszarze edukacji szkolnej maj\u0105 na celu <strong>popraw\u0119\n jako\u015bci pracy plac\u00f3wki o\u015bwiatowej osi\u0105gan\u0105 przez udzia\u0142 jej pracownik\u00f3w\n w&nbsp;mobilno\u015bciach zagranicznych takich jak kursy i szkolenia, w trakcie \nkt\u00f3rych podnosz\u0105 oni w\u0142asne kompetencje zawodowe.<\/strong><\/p>\n\n\n\n<p><br>&nbsp;&nbsp;\n Pracownicy szko\u0142y maj\u0105 mo\u017cliwo\u015b\u0107 poznawania nowoczesnych i \ninnowacyjnych metod nauczania co pozwoli na osi\u0105gni\u0119cie g\u0142\u00f3wnego celu \nprojektu jakim jest poprawa jako\u015bci pracy plac\u00f3wki w okre\u015blonych przez \nni\u0105 obszarach wymagaj\u0105cych zmian oraz pog\u0142\u0119bienie wsp\u00f3\u0142pracy \nmi\u0119dzynarodowej.<\/p>\n\n\n\n<p><strong>G\u0142\u00f3wnymi celami projektu realizowanego w ZSP Nr 2 w Kielcach s\u0105: <\/strong><\/p>\n\n\n\n<ul class=\"wp-block-list\"><li>wzrost motywacji do nauki w\u015br\u00f3d uczni\u00f3w;&nbsp;&nbsp;&nbsp;&nbsp;&nbsp;&nbsp;&nbsp;&nbsp;&nbsp;&nbsp;&nbsp;&nbsp;&nbsp;&nbsp;&nbsp;&nbsp;&nbsp;&nbsp;&nbsp;&nbsp;&nbsp;&nbsp;&nbsp;&nbsp;&nbsp;&nbsp;&nbsp;&nbsp;&nbsp;&nbsp;&nbsp;&nbsp;&nbsp;&nbsp;&nbsp;&nbsp;&nbsp;&nbsp;&nbsp;&nbsp;&nbsp;&nbsp;&nbsp;&nbsp;&nbsp;&nbsp;&nbsp;&nbsp;&nbsp;&nbsp;&nbsp;&nbsp;&nbsp;&nbsp;&nbsp;&nbsp;&nbsp;&nbsp;&nbsp;&nbsp;&nbsp;&nbsp;&nbsp;&nbsp;&nbsp;&nbsp;&nbsp;&nbsp;&nbsp;&nbsp;&nbsp;&nbsp;&nbsp;&nbsp;&nbsp;&nbsp;&nbsp;&nbsp;&nbsp;&nbsp;&nbsp;&nbsp;&nbsp;&nbsp;&nbsp;&nbsp;&nbsp;&nbsp;&nbsp;&nbsp;&nbsp;&nbsp;&nbsp;&nbsp;&nbsp;&nbsp;&nbsp;&nbsp;  <\/li><li>wzmacnianie kreatywno\u015bci i innowacyjno\u015bci nauczycieli;<\/li><li>wprowadzenie  element\u00f3w j\u0119zyka angielskiego na zaj\u0119ciach z fizyki, chemii, biologii,  informatyki; d\u0105\u017cenie do dwuj\u0119zyczno\u015bci (nauczanie przedmiotu w&nbsp;j\u0119zyku  polskim i obcym);<\/li><li>popularyzacja nowoczesnego nauczania przedmiot\u00f3w \u015bcis\u0142ych;<\/li><li>wzrost zaanga\u017cowania nauczycieli i uczni\u00f3w w europejskie programy mobilno\u015bciowe; <\/li><li>podniesienie umiej\u0119tno\u015bci j\u0119zykowych nauczycieli; <\/li><li>zwi\u0119kszenie umiej\u0119tno\u015bci korzystania z technologii informacyjno &#8211; komunikacyjnych w nauczaniu,<\/li><li>poznanie nowych, skutecznych metod i narz\u0119dzi wykorzystywanych zar\u00f3wno w&nbsp;nauczaniu jak i samodoskonaleniu si\u0119,<\/li><li>poszerzenie wiedzy na temat r\u00f3\u017cnorodnych system\u00f3w edukacji w Europie, <\/li><li>wymiana do\u015bwiadcze\u0144 z nauczycielami z innych kraj\u00f3w europejskich oraz&nbsp;kadr\u0105 zarz\u0105dzaj\u0105c\u0105, <\/li><li>nawi\u0105zanie kontakt\u00f3w mi\u0119dzynarodowych<\/li><li>rozwini\u0119cie kompetencji interpersonalnych uczestnik\u00f3w projektu.<br><br><strong>Wy\u017cej wymienione cele&nbsp; s\u0105 zgodne z Europejskim Planem Rozwoju Szko\u0142y. <\/strong><br><br>W  trakcie realizacji projektu 9 nauczycieli ZSP Nr 2 w Kielcach we\u017amie  udzia\u0142 w kursach metodycznych w&nbsp;Austrii i Wielkiej Brytanii.&nbsp; Dzi\u0119ki  kursom b\u0119d\u0105 mieli mo\u017cliwo\u015b\u0107:&nbsp; od\u015bwie\u017cenia wiedzy nauczycieli dotycz\u0105cej  j\u0119zyka angielskiego i&nbsp; niemieckiego, zapoznania si\u0119&nbsp; z nowymi metodami  i&nbsp;narz\u0119dziami s\u0142u\u017c\u0105cymi nauczaniu, wykorzystania metod komunikacyjnych  w&nbsp;nauczaniu,&nbsp; wykorzystania TIK w nauczaniu, uczenia si\u0119 poprzez  obserwacje lekcji innych nauczycieli, zdobycia wiedzy realioznawczej  dotycz\u0105cej Austrii i&nbsp;Wielkiej Brytanii.<br><br>Wi\u0119cej informacji na temat programu Erasmus+ na stronie: <a href=\"http:\/\/erasmusplus.org.pl\/\">www.erasmusplus.org.pl<\/a><br><br>Koordynator projektu: Monika Sokalska,<\/li><\/ul>\n","protected":false},"excerpt":{"rendered":"<p>Prezentacje z realizacji projektu: Kurs szkoleniowy Erasmus + Teaching Advanced Students of English w&nbsp;Cantenbury 17-30 lipca 2016r. Kurs Metodyczny dla nauczycieli j\u0119zyka niemieckiego w&nbsp;Wiedniu w&nbsp;sierpniu 2016 roku &nbsp;&nbsp; Od 1&nbsp;czerwca&#8230; <\/p>\n","protected":false},"author":1,"featured_media":0,"parent":0,"menu_order":0,"comment_status":"closed","ping_status":"closed","template":"","meta":{"footnotes":""},"class_list":["post-104","page","type-page","status-publish","hentry"],"_links":{"self":[{"href":"https:\/\/4lo.kielce.eu\/index.php\/wp-json\/wp\/v2\/pages\/104","targetHints":{"allow":["GET"]}}],"collection":[{"href":"https:\/\/4lo.kielce.eu\/index.php\/wp-json\/wp\/v2\/pages"}],"about":[{"href":"https:\/\/4lo.kielce.eu\/index.php\/wp-json\/wp\/v2\/types\/page"}],"author":[{"embeddable":true,"href":"https:\/\/4lo.kielce.eu\/index.php\/wp-json\/wp\/v2\/users\/1"}],"replies":[{"embeddable":true,"href":"https:\/\/4lo.kielce.eu\/index.php\/wp-json\/wp\/v2\/comments?post=104"}],"version-history":[{"count":2,"href":"https:\/\/4lo.kielce.eu\/index.php\/wp-json\/wp\/v2\/pages\/104\/revisions"}],"predecessor-version":[{"id":664,"href":"https:\/\/4lo.kielce.eu\/index.php\/wp-json\/wp\/v2\/pages\/104\/revisions\/664"}],"wp:attachment":[{"href":"https:\/\/4lo.kielce.eu\/index.php\/wp-json\/wp\/v2\/media?parent=104"}],"curies":[{"name":"wp","href":"https:\/\/api.w.org\/{rel}","templated":true}]}}