{"id":102,"date":"2020-01-04T23:42:36","date_gmt":"2020-01-04T22:42:36","guid":{"rendered":"http:\/\/4lo.kielce.eu\/?page_id=102"},"modified":"2020-01-04T23:42:36","modified_gmt":"2020-01-04T22:42:36","slug":"projekt-erasmus-wspolpracy-szkol","status":"publish","type":"page","link":"https:\/\/4lo.kielce.eu\/index.php\/projekt-erasmus-wspolpracy-szkol\/","title":{"rendered":"Projekt Erasmus+ wsp\u00f3\u0142pracy szk\u00f3\u0142"},"content":{"rendered":"\n<p><\/p>\n\n\n\n<p><strong>Projekt Erasmus+<\/strong>wsp\u00f3\u0142pracy szk\u00f3\u0142 (akcja KA229) <strong>\u201eTell me your role model, let me know who you are\u201d <\/strong>polega  na wsp\u00f3\u0142dzia\u0142aniu szk\u00f3\u0142 z czterech\u00a0 kraj\u00f3w (Polski, Anglii, W\u0142och i  Turcji) nad wsp\u00f3lnym tematem. Tematem g\u0142\u00f3wnym projektu s\u0105 autorytety a  tak\u017ce warto\u015b\u0107 demokracji, tolerancji i pokoju. Projekt ten\u00a0 ma wzmacnia\u0107  potencja\u0142 szko\u0142y do wsp\u00f3\u0142pracy mi\u0119dzynarodowej, pozyskiwania wiedzy i  umiej\u0119tno\u015bci oraz stawiania czo\u0142a nowym wyzwaniom. Dzia\u0142ania przynios\u0105  mo\u017cliwie trwa\u0142e rezultaty nie tylko dla os\u00f3b bezpo\u015brednio bior\u0105cych  udzia\u0142 w dzia\u0142aniach, lecz tak\u017ce w postaci poprawy jako\u015bci i  skuteczno\u015bci pracy szk\u00f3\u0142 partnerskich. <\/p>\n\n\n\n<p>Projekty  b\u0119dzie trwa\u0142 dwa lata od 1 pa\u017adziernika 2018 do 30 wrze\u015bnia 2020 i  \u00a0wspiera mi\u0119dzynarodowe wymiany grup uczni\u00f3w w celu promowania warto\u015bci  zwi\u0105zanych z tolerancj\u0105 i w\u0142\u0105czeniem spo\u0142ecznym. Opr\u00f3cz planowanych  tygodniowych wyjazd\u00f3w uczni\u00f3w IV Liceum Og\u00f3lnokszta\u0142c\u0105cego w Kielcach do  kraj\u00f3w partnerskich, w maju 2019 uczniowie ze szk\u00f3\u0142 wsp\u00f3\u0142pracuj\u0105cych  przy projekcie wezm\u0105 udzia\u0142 w wizycie roboczej w Kielcach.<\/p>\n\n\n\n<p> Uczniowie  ze wszystkich szk\u00f3\u0142 partnerskich b\u0119d\u0105 wsp\u00f3lnie brali udzia\u0142 w  dzia\u0142aniach projektowych takich jak mi\u0119dzy innymi: przygotowanie logo  projektu,\u00a0 projekt etwinning, wsp\u00f3lne przedstawienie dotycz\u0105ce tematu  projektu, przygotowanie bloga. Poznaj\u0105 te\u017c kultur\u0119 kraj\u00f3w partnerskich,  rozwin\u0105 swoje umiej\u0119tno\u015bci w zakresie znajomo\u015bci j\u0119zyka angielskiego  oraz nowoczesnych technologii informacyjno-komputerowych. <\/p>\n\n\n\n<p>Za\u0142\u0105czniki: <br><a rel=\"noreferrer noopener\" href=\"http:\/\/4lo.edu.pl\/..\/dane\/Erazmus\/Regulamin%20Erasmus%20.pdf\" target=\"_blank\">REGULAMIN REKRUTACJI I UCZESTNICTWA W PROJEKCIE<\/a><\/p>\n\n\n\n<p><a rel=\"noreferrer noopener\" href=\"http:\/\/4lo.edu.pl\/..\/dane\/Erazmus\/za%C5%82%C4%85cznik%201.pdf\" target=\"_blank\">Za\u0142\u0105cznik 1<\/a><\/p>\n\n\n\n<p><a rel=\"noreferrer noopener\" href=\"http:\/\/4lo.edu.pl\/..\/dane\/Erazmus\/za%C5%82%C4%85cznik2.pdf\" target=\"_blank\">Za\u0142\u0105cznik 2<\/a><br><a rel=\"noreferrer noopener\" href=\"http:\/\/4lo.edu.pl\/..\/dane\/Erazmus\/za%C5%82%C4%85cznik%203.pdf\" target=\"_blank\">Za\u0142\u0105cznik 3<\/a><br><a rel=\"noreferrer noopener\" href=\"http:\/\/4lo.edu.pl\/..\/dane\/Erazmus\/Za%C5%82%C4%85cznik%204.pdf\" target=\"_blank\">Za\u0142\u0105cznik 4<\/a><br><a rel=\"noreferrer noopener\" href=\"http:\/\/4lo.edu.pl\/..\/dane\/Erazmus\/Za%C5%82%C4%85cznik%205.pdf\" target=\"_blank\">Za\u0142\u0105cznik 5<\/a><br><a href=\"http:\/\/4lo.edu.pl\/..\/dane\/Erazmus\/Za%C5%82%C4%85cznik%206.pdf\">Za\u0142\u0105cznik 6<\/a><br><\/p>\n","protected":false},"excerpt":{"rendered":"<p>Projekt Erasmus+wsp\u00f3\u0142pracy szk\u00f3\u0142 (akcja KA229) \u201eTell me your role model, let me know who you are\u201d polega na wsp\u00f3\u0142dzia\u0142aniu szk\u00f3\u0142 z czterech\u00a0 kraj\u00f3w (Polski, Anglii, W\u0142och i Turcji) nad wsp\u00f3lnym&#8230; <\/p>\n","protected":false},"author":1,"featured_media":0,"parent":0,"menu_order":0,"comment_status":"closed","ping_status":"closed","template":"","meta":{"footnotes":""},"class_list":["post-102","page","type-page","status-publish","hentry"],"_links":{"self":[{"href":"https:\/\/4lo.kielce.eu\/index.php\/wp-json\/wp\/v2\/pages\/102","targetHints":{"allow":["GET"]}}],"collection":[{"href":"https:\/\/4lo.kielce.eu\/index.php\/wp-json\/wp\/v2\/pages"}],"about":[{"href":"https:\/\/4lo.kielce.eu\/index.php\/wp-json\/wp\/v2\/types\/page"}],"author":[{"embeddable":true,"href":"https:\/\/4lo.kielce.eu\/index.php\/wp-json\/wp\/v2\/users\/1"}],"replies":[{"embeddable":true,"href":"https:\/\/4lo.kielce.eu\/index.php\/wp-json\/wp\/v2\/comments?post=102"}],"version-history":[{"count":1,"href":"https:\/\/4lo.kielce.eu\/index.php\/wp-json\/wp\/v2\/pages\/102\/revisions"}],"predecessor-version":[{"id":103,"href":"https:\/\/4lo.kielce.eu\/index.php\/wp-json\/wp\/v2\/pages\/102\/revisions\/103"}],"wp:attachment":[{"href":"https:\/\/4lo.kielce.eu\/index.php\/wp-json\/wp\/v2\/media?parent=102"}],"curies":[{"name":"wp","href":"https:\/\/api.w.org\/{rel}","templated":true}]}}