{"id":1007,"date":"2020-03-05T18:59:41","date_gmt":"2020-03-05T17:59:41","guid":{"rendered":"http:\/\/4lo.kielce.eu\/?page_id=1007"},"modified":"2020-08-15T14:33:56","modified_gmt":"2020-08-15T12:33:56","slug":"kolo-fotograficzne","status":"publish","type":"page","link":"https:\/\/4lo.kielce.eu\/index.php\/kolo-fotograficzne\/","title":{"rendered":"Ko\u0142o fotograficzne"},"content":{"rendered":"\n<p><\/p>\n\n\n\n<p><strong><span class=\"has-inline-color has-vivid-red-color\">WAKACYJNY KONKURS FOTOGRAFICZNY &#8211;<\/span> <a rel=\"noreferrer noopener\" href=\"https:\/\/www.facebook.com\/media\/set\/?set=a.3289890104569499&amp;type=3&amp;__tn__=-UC-R\" target=\"_blank\">ZOBACZ!<\/a><\/strong> (<em>wybierz zdj\u0119cia i oddaj g\u0142os w postaci lajka<\/em>).<br><br>  Czym jest fotografia? Dos\u0142ownie t\u0142umacz\u0105c &#8211; fotografia jest  to rysowanie \u015bwiat\u0142em. Dla wielu ludzi wykonanie zdj\u0119cia b\u0119dzie prost\u0105 czynno\u015bci\u0105, nie wymagaj\u0105cej wi\u0119kszego zastanowienia\u2026pstryk.. i ju\u017c gotowe! <br>Dla innych fotografowanie, to poszukiwanie i celebracja trudno uchwytnych moment\u00f3w, kt\u00f3re b\u0119d\u0105  tw\u00f3rczo\u015bci\u0105 aspiruj\u0105c\u0105 do rangi sztuki.  Dla nich tworzenie zdj\u0119\u0107 polega na umiej\u0119tnym patrzeniu, kadrowaniu, szukaniu odpowiedniego \u015bwiat\u0142a i co najwa\u017cniejsze&#8230;.. ukazywaniu rzeczywisto\u015bci tak, aby uchwycony obraz nie tylko dokumentowa\u0142 wa\u017cne wydarzenia, ale wyra\u017ca\u0142 uczucia, emocje oraz specyficzne (autorskie) spojrzenie na \u015bwiat.<br>Dla takich w\u0142a\u015bnie ludzi zosta\u0142o stworzone w II semestrze roku szkolnego 2019\/2020 &#8211; <strong>Szkolne Ko\u0142o Fotograficzne &#8222;Horyzont&#8221;<\/strong>(strona SKF-<strong><a rel=\"noreferrer noopener\" href=\"https:\/\/pl-pl.facebook.com\/SKFhoryzont\/\" target=\"_blank\">kliknij!<\/a><\/strong>, blog SKF &#8211; <a rel=\"noreferrer noopener\" href=\"https:\/\/skf4lo.blogspot.com\/\" target=\"_blank\">kliknij!<\/a>). <br>Zaj\u0119cia mia\u0142y si\u0119 odbywa\u0107 w formie stacjonarnej (na terenie szko\u0142y i w plenerze) od wiosny 2020 roku. Pandemia \u00a0<em>SARS<\/em>&#8211;<em>CoV<\/em>&#8211;<em>2<\/em> i obostrzenia z ni\u0105 zwi\u0105zane spowodowa\u0142y op\u00f3\u017anienia w realizacji plan\u00f3w i przeniesienia dzia\u0142alno\u015bci do internetu. W po\u0142owie czerwca 2020 roku ruszy\u0142y zaj\u0119cia online na <a rel=\"noreferrer noopener\" aria-label=\"szkolnej platformie edukacyjnej (otwiera si\u0119 na nowej zak\u0142adce)\" href=\"https:\/\/moodle.4lokielce.pl\/\" target=\"_blank\">szkolnej platformie edukacyjnej<\/a>. <\/p>\n\n\n\n<p><\/p>\n","protected":false},"excerpt":{"rendered":"<p>WAKACYJNY KONKURS FOTOGRAFICZNY &#8211; ZOBACZ! (wybierz zdj\u0119cia i oddaj g\u0142os w postaci lajka). Czym jest fotografia? Dos\u0142ownie t\u0142umacz\u0105c &#8211; fotografia jest to rysowanie \u015bwiat\u0142em. Dla wielu ludzi wykonanie zdj\u0119cia b\u0119dzie&#8230; <\/p>\n","protected":false},"author":9,"featured_media":0,"parent":0,"menu_order":0,"comment_status":"closed","ping_status":"closed","template":"","meta":{"footnotes":""},"class_list":["post-1007","page","type-page","status-publish","hentry"],"_links":{"self":[{"href":"https:\/\/4lo.kielce.eu\/index.php\/wp-json\/wp\/v2\/pages\/1007","targetHints":{"allow":["GET"]}}],"collection":[{"href":"https:\/\/4lo.kielce.eu\/index.php\/wp-json\/wp\/v2\/pages"}],"about":[{"href":"https:\/\/4lo.kielce.eu\/index.php\/wp-json\/wp\/v2\/types\/page"}],"author":[{"embeddable":true,"href":"https:\/\/4lo.kielce.eu\/index.php\/wp-json\/wp\/v2\/users\/9"}],"replies":[{"embeddable":true,"href":"https:\/\/4lo.kielce.eu\/index.php\/wp-json\/wp\/v2\/comments?post=1007"}],"version-history":[{"count":9,"href":"https:\/\/4lo.kielce.eu\/index.php\/wp-json\/wp\/v2\/pages\/1007\/revisions"}],"predecessor-version":[{"id":1667,"href":"https:\/\/4lo.kielce.eu\/index.php\/wp-json\/wp\/v2\/pages\/1007\/revisions\/1667"}],"wp:attachment":[{"href":"https:\/\/4lo.kielce.eu\/index.php\/wp-json\/wp\/v2\/media?parent=1007"}],"curies":[{"name":"wp","href":"https:\/\/api.w.org\/{rel}","templated":true}]}}